{"id":5521,"date":"2016-03-17T12:09:14","date_gmt":"2016-03-17T10:09:14","guid":{"rendered":"https:\/\/sites.ac-nancy-metz.fr\/cachecachemicro\/?page_id=5521"},"modified":"2018-01-31T16:26:01","modified_gmt":"2018-01-31T14:26:01","slug":"declic-hebdo","status":"publish","type":"page","link":"https:\/\/sites.ac-nancy-metz.fr\/cachecachemicro\/declic-hebdo\/","title":{"rendered":"D\u00e9clic Hebdo"},"content":{"rendered":"<h2 style=\"text-align: justify;\"><span style=\"font-size: 14pt;\">Pendant la semaine de la presse, <span style=\"color: #800000;\">Pierrick<\/span>, dessinateur de presse, \u00e0 cr\u00e9\u00e9 un journal r\u00e9alis\u00e9 \u00e0 partir des dessins fait par les enfants :<\/span><\/h2>\n<p><span style=\"color: #008080;\"><strong>En 2015<\/strong><\/span><\/p>\n<p>[gview file=\u00a0\u00bbhttps:\/\/sites.ac-nancy-metz.fr\/cachecachemicro\/wp-content\/uploads\/2012\/03\/DECLICHEBDO-2015-DEF.pdf\u00a0\u00bb save=\u00a0\u00bb1&Prime;]<\/p>\n<p style=\"text-align: center;\">\n","protected":false},"excerpt":{"rendered":"<p>Pendant la semaine de la presse, Pierrick, dessinateur de presse, \u00e0 cr\u00e9\u00e9 un journal r\u00e9alis\u00e9 \u00e0 partir des dessins fait par les enfants : En 2015 [gview file=\u00a0\u00bbhttps:\/\/sites.ac-nancy-metz.fr\/cachecachemicro\/wp-content\/uploads\/2012\/03\/DECLICHEBDO-2015-DEF.pdf\u00a0\u00bb save=\u00a0\u00bb1&Prime;]<\/p>\n","protected":false},"author":1,"featured_media":0,"parent":0,"menu_order":0,"comment_status":"closed","ping_status":"closed","template":"","meta":{"footnotes":""},"_links":{"self":[{"href":"https:\/\/sites.ac-nancy-metz.fr\/cachecachemicro\/wp-json\/wp\/v2\/pages\/5521"}],"collection":[{"href":"https:\/\/sites.ac-nancy-metz.fr\/cachecachemicro\/wp-json\/wp\/v2\/pages"}],"about":[{"href":"https:\/\/sites.ac-nancy-metz.fr\/cachecachemicro\/wp-json\/wp\/v2\/types\/page"}],"author":[{"embeddable":true,"href":"https:\/\/sites.ac-nancy-metz.fr\/cachecachemicro\/wp-json\/wp\/v2\/users\/1"}],"replies":[{"embeddable":true,"href":"https:\/\/sites.ac-nancy-metz.fr\/cachecachemicro\/wp-json\/wp\/v2\/comments?post=5521"}],"version-history":[{"count":6,"href":"https:\/\/sites.ac-nancy-metz.fr\/cachecachemicro\/wp-json\/wp\/v2\/pages\/5521\/revisions"}],"predecessor-version":[{"id":7525,"href":"https:\/\/sites.ac-nancy-metz.fr\/cachecachemicro\/wp-json\/wp\/v2\/pages\/5521\/revisions\/7525"}],"wp:attachment":[{"href":"https:\/\/sites.ac-nancy-metz.fr\/cachecachemicro\/wp-json\/wp\/v2\/media?parent=5521"}],"curies":[{"name":"wp","href":"https:\/\/api.w.org\/{rel}","templated":true}]}}