{"id":7078,"date":"2017-10-13T14:52:32","date_gmt":"2017-10-13T12:52:32","guid":{"rendered":"https:\/\/sites.ac-nancy-metz.fr\/cachecachemicro\/?page_id=7078"},"modified":"2018-06-25T02:40:41","modified_gmt":"2018-06-25T00:40:41","slug":"fraternissonsc3","status":"publish","type":"page","link":"https:\/\/sites.ac-nancy-metz.fr\/cachecachemicro\/fraternissonsc3\/","title":{"rendered":"Fraternis&rsquo;Sons Cycle3"},"content":{"rendered":"<p><span style=\"font-family: verdana, geneva, sans-serif; font-size: 24pt;\">Fraternis&rsquo;Sons<\/span><\/p>\n<p><span style=\"font-family: verdana, geneva, sans-serif; font-size: 18pt;\">Travail sur le th\u00e8me de la fraternit\u00e9.<\/span><\/p>\n<p style=\"text-align: center;\"><span style=\"font-size: 14pt;\"><strong><span style=\"font-family: verdana, geneva, sans-serif;\">5 livres choisis pour les enfants du cycle 3<\/span><\/strong><\/span><\/p>\n<p><span style=\"font-size: 14pt;\"><strong><span style=\"color: #ff6600;\">&#8211; \u00ab\u00a0Frigo vide\u00a0\u00bb<\/span> de Ga\u00ebtan Doremus<\/strong><\/span><\/p>\n<p><span style=\"font-size: 14pt;\"><strong><span style=\"color: #ff6600;\">&#8211; \u00ab\u00a0Le pacificateur\u00a0\u00bb<\/span> de Thierry Dedieu<\/strong><\/span><\/p>\n<p><span style=\"font-size: 14pt;\"><strong><span style=\"color: #ff6600;\">&#8211; \u00ab\u00a0Fatale spirale\u00a0\u00bb<\/span> de Fabrice Vigne et Jean-Baptiste Bourgois<\/strong><\/span><\/p>\n<p><span style=\"font-size: 14pt;\"><strong><span style=\"color: #ff6600;\">&#8211; \u00ab\u00a0L&rsquo;histoire de Clara\u00a0\u00bb<\/span> de Vincent Cuvellier<\/strong><\/span><\/p>\n<p><span style=\"font-size: 14pt;\"><strong><span style=\"color: #ff6600;\">&#8211; \u00ab\u00a0Moi, Dieu Merci, qui vis ici\u00a0\u00bb<\/span> de Thierry Lenain et Olivier Balez<\/strong><\/span><\/p>\n<p>&nbsp;<\/p>\n<p><img decoding=\"async\" loading=\"lazy\" class=\"wp-image-7311 alignleft\" src=\"https:\/\/sites.ac-nancy-metz.fr\/cachecachemicro\/wp-content\/uploads\/2017\/10\/LIvre-Frigo-vide-181x300.jpg\" alt=\"\" width=\"135\" height=\"224\" srcset=\"https:\/\/sites.ac-nancy-metz.fr\/cachecachemicro\/wp-content\/uploads\/2017\/10\/LIvre-Frigo-vide-181x300.jpg 181w, https:\/\/sites.ac-nancy-metz.fr\/cachecachemicro\/wp-content\/uploads\/2017\/10\/LIvre-Frigo-vide-309x512.jpg 309w, https:\/\/sites.ac-nancy-metz.fr\/cachecachemicro\/wp-content\/uploads\/2017\/10\/LIvre-Frigo-vide.jpg 362w\" sizes=\"(max-width: 135px) 100vw, 135px\" \/><\/p>\n<p style=\"text-align: center;\"><span style=\"font-size: 14pt;\"><strong><span style=\"font-size: 18pt;\">Frigo vide<\/span> <\/strong><\/span><\/p>\n<p style=\"text-align: center;\"><span style=\"font-size: 14pt;\"><strong>de Ga\u00ebtan Dor\u00e9mus. <\/strong><\/span><\/p>\n<p style=\"text-align: center;\"><span style=\"font-size: 14pt;\"><span style=\"font-size: 12pt;\">Seuil<\/span><\/span><\/p>\n<p><em>Trop occup\u00e9 par sa journ\u00e9e, personne n&rsquo;a pens\u00e9 \u00e0 acheter \u00e0 manger. <\/em><em>Plus un seul paquet de nouilles dans les placards, plus un seul poireau dans le frigo !<\/em><em>Bref, c&rsquo;est la catastrophe ! <\/em><em>Mais peut \u00eatre que le voisin du dessus aurait un petit quelque chose \u00e0 grignoter&#8230;<\/em><\/p>\n<p><span style=\"font-size: 14pt;\"><strong><span style=\"color: #ff6600;\">Vous pouvez t\u00e9l\u00e9charger:<\/span><\/strong><\/span><\/p>\n<ul>\n<li><strong><span style=\"color: #800080;\"><a style=\"color: #800080;\" href=\"https:\/\/sites.ac-nancy-metz.fr\/cachecachemicro\/wp-content\/uploads\/2017\/10\/Frigo-vide-texte.pdf\">Le texte<\/a><\/span><\/strong><\/li>\n<li><strong><span style=\"color: #800080;\"><a style=\"color: #800080;\" href=\"https:\/\/sites.ac-nancy-metz.fr\/cachecachemicro\/wp-content\/uploads\/2017\/10\/Frigo-vide-illustrations-et-texte.pdf\">Le texte avec les illustrations<\/a><\/span><\/strong><\/li>\n<\/ul>\n<div>\n<div>\n<div><span style=\"color: #800080;\"><strong>Le 21\/06\/18<\/strong><\/span><\/div>\n<div>Les enfants de CP de l&rsquo;\u00e9cole P et M Curie de Toul ont r\u00e9alis\u00e9 une \u00e9mission Fraternis&rsquo;sons.<\/div>\n<div>Ils ont souhait\u00e9 nous parler des personnes qui vivent dans la rue, les SDF, Sans Domicile Fixe &#8230;<\/div>\n<\/div>\n<div><\/div>\n<div>\n<!--[if lt IE 9]><script>document.createElement('audio');<\/script><![endif]-->\n<audio class=\"wp-audio-shortcode\" id=\"audio-7078-1\" preload=\"none\" style=\"width: 100%;\" controls=\"controls\"><source type=\"audio\/mpeg\" src=\"https:\/\/sites.ac-nancy-metz.fr\/cachecachemicro\/wp-content\/uploads\/2018\/06\/Fraternissons-CP-Curie-Toul.mp3?_=1\" \/><a href=\"https:\/\/sites.ac-nancy-metz.fr\/cachecachemicro\/wp-content\/uploads\/2018\/06\/Fraternissons-CP-Curie-Toul.mp3\">https:\/\/sites.ac-nancy-metz.fr\/cachecachemicro\/wp-content\/uploads\/2018\/06\/Fraternissons-CP-Curie-Toul.mp3<\/a><\/audio>\n<\/div>\n<div>\n<div><\/div>\n<\/div>\n<p><span style=\"color: #800080;\"><strong>Le 14\/06\/18<\/strong><\/span><\/div>\n<div>Les enfants de CP\/CE1 de l&rsquo;\u00e9cole P et M Curie de Toul ont imagin\u00e9 une histoire \u00e0 partir des illustrations du livre&#8230;.<\/div>\n<div>Les personnages parlent, la vie s&rsquo;installe &#8230;.avec la f\u00eate des voisins, c&rsquo;est la fraternit\u00e9 !<\/div>\n<div><\/div>\n<div><\/div>\n<div>\n<audio class=\"wp-audio-shortcode\" id=\"audio-7078-2\" preload=\"none\" style=\"width: 100%;\" controls=\"controls\"><source type=\"audio\/mpeg\" src=\"https:\/\/sites.ac-nancy-metz.fr\/cachecachemicro\/wp-content\/uploads\/2018\/06\/CCM-CPCE1-Curie-Toul-Frigo-vide-.mp3?_=2\" \/><a href=\"https:\/\/sites.ac-nancy-metz.fr\/cachecachemicro\/wp-content\/uploads\/2018\/06\/CCM-CPCE1-Curie-Toul-Frigo-vide-.mp3\">https:\/\/sites.ac-nancy-metz.fr\/cachecachemicro\/wp-content\/uploads\/2018\/06\/CCM-CPCE1-Curie-Toul-Frigo-vide-.mp3<\/a><\/audio>\n<\/div>\n<p style=\"text-align: center;\"><span style=\"font-size: 14pt;\"><strong>***********************************************************************<\/strong><\/span><\/p>\n<p><img decoding=\"async\" loading=\"lazy\" class=\"alignleft\" title=\"Le Pacificateur par Thierry Dedieu\" src=\"https:\/\/www.babelio.com\/couv\/6399_aj_m_5584.pjpeg\" alt=\"Le Pacificateur par Dedieu\" width=\"170\" height=\"239\" \/><\/p>\n<p style=\"text-align: center;\"><span style=\"font-size: 18pt;\"><strong>Le pacificateur <\/strong><\/span><\/p>\n<p style=\"text-align: center;\"><span style=\"font-size: 14pt;\">de Thierry Dedieu<\/span><\/p>\n<p style=\"text-align: center;\">Seuil<\/p>\n<p><em>Un petit gar\u00e7on esp\u00e8re recevoir pour No\u00ebl un robot destructeur, mais surprise ! En ouvrant la bo\u00eete, c&rsquo;est un nounours. Il le d\u00e9laisse sur une \u00e9tag\u00e8re et ses autres jouets se font la guerre. Pour Nours, cette vision est un cauchemar, il demande aux autres jouets d&rsquo;arr\u00eater de s&rsquo;\u00e9triper mais ils continuent et l&rsquo;enr\u00f4lent dans leur\u00a0\u00a0\u00a0\u00a0 arm\u00e9e. Nours n&rsquo;en peut plus et d\u00e9serte.<\/em><\/p>\n<p>&nbsp;<\/p>\n<p><a href=\"https:\/\/sites.ac-nancy-metz.fr\/cachecachemicro\/wp-content\/uploads\/2018\/02\/LE_PACIFICATEUR_TEXTE.pdf\"><span style=\"color: #993366;\"><strong>Le texte<\/strong><\/span><\/a><\/p>\n<p style=\"text-align: center;\"><span style=\"font-size: 14pt;\"><strong>***********************************************************************<\/strong><\/span><\/p>\n<p><img decoding=\"async\" class=\"alignleft\" title=\"Fatale spirale par Fabrice Vigne\" src=\"https:\/\/images-na.ssl-images-amazon.com\/images\/I\/51ZcO5Hs3mL._SX195_.jpg\" alt=\"Fatale spirale par Vigne\" \/><\/p>\n<p style=\"text-align: center;\"><span style=\"font-size: 18pt;\"><strong>Fatale spirale <\/strong><\/span><\/p>\n<p style=\"text-align: center;\"><span style=\"font-size: 14pt;\">de Fabrice Vigne<\/span><\/p>\n<p style=\"text-align: center;\">Sarbacane<\/p>\n<p><em>7H21 immeuble Les Oliviers III. Khader O. vient de sortir son pitbull et s&rsquo;appr\u00eate \u00e0 remonter chez lui. Bertrand P, morose, part au travail. Mais quand les portes de l&rsquo;ascenseur s&rsquo;\u00e9cartent, les deux hommes, au lieu de se bousculer&#8230; se sourient ! C&rsquo;est le d\u00e9but de la catastrophe. Tr\u00e8s vite, le mal se r\u00e9pand : dans la cit\u00e9 enti\u00e8re, on \u00e9change des paroles aimables, on s&rsquo;entraide. Et le pire, c&rsquo;est que l&rsquo;effroyable spirale semble impossible \u00e0 enrayer&#8230;<\/em><\/p>\n<p style=\"text-align: center;\"><span style=\"font-size: 14pt;\"><strong>***********************************************************************<\/strong><\/span><\/p>\n<p><img decoding=\"async\" class=\"alignleft\" title=\"L'histoire de Clara par Vincent Cuvellier\" src=\"https:\/\/www.babelio.com\/couv\/cvt_Lhistoire-de-Clara_1943.jpeg\" alt=\"L'histoire de Clara par Cuvellier\" \/><\/p>\n<p style=\"text-align: center;\"><span style=\"font-size: 18pt;\"><strong>L&rsquo;histoire de Clara<\/strong><\/span><\/p>\n<p style=\"text-align: center;\"><span style=\"font-size: 14pt;\">de Vincent Cuvellier<\/span><\/p>\n<p style=\"text-align: center;\">Gallimard Jeunesse<\/p>\n<p><em>Clara est une petite fille juive de 6 mois. En France, d\u00e8s le d\u00e9but de la Seconde Guerre mondiale, les Juifs subissent de nombreuses restrictions mises en place par les Allemands. Malgr\u00e9 cela, les parents de Clara et leurs trois autres enfants vont se d\u00e9tendre au parc d&rsquo;acclimatation. Mais en rentrant chez eux, le soir, ils sont surpris par la police allemande. La m\u00e8re de Clara a juste le temps de placer le couffin du b\u00e9b\u00e9 dans l&rsquo;ascenseur de l&rsquo;immeuble. Le reste de la famille est aussit\u00f4t arr\u00eat\u00e9.<\/em><br \/>\n<em> C&rsquo;est une voisine \u00e2g\u00e9e qui d\u00e9couvre le b\u00e9b\u00e9. Aussit\u00f4t, elle le prend chez elle mais ne peut le garder. D\u00e8s lors, la petite Clara passe de main en main pour \u00e9chapper encore et toujours aux Allemands.<\/em><\/p>\n<p style=\"text-align: center;\"><span style=\"font-size: 14pt;\"><strong>***********************************************************************<\/strong><\/span><\/p>\n<p style=\"text-align: center;\"><img decoding=\"async\" loading=\"lazy\" class=\"f-productVisuals-mainMedia js-ProductVisuals-imagePreview xzoom alignleft\" src=\"https:\/\/static.fnac-static.com\/multimedia\/FR\/Images_Produits\/FR\/fnac.com\/Visual_Principal_340\/0\/1\/8\/9782226177810\/tsp20120921184012\/Moi-Dieu-merci-qui-vis-ici.jpg\" alt=\"Moi , dieu merci qui vis ici\" width=\"245\" height=\"245\" \/><\/p>\n<p style=\"text-align: center;\"><span style=\"font-size: 18pt;\"><strong>Moi, Dieu merci, qui vis ici<\/strong><\/span><\/p>\n<p style=\"text-align: center;\"><span style=\"font-size: 14pt;\">de Thierry Lenain et Olivier Balez<\/span><\/p>\n<p style=\"text-align: center;\">Albin Michel Jeunesse<\/p>\n<p><em>Je m&rsquo;appelle Dieu Merci et je n&rsquo;ai pas toujours \u00e9t\u00e9 ici. Je suis n\u00e9 l\u00e0-bas, dans ce pays que je n&rsquo;oublie pas.<\/em><\/p>\n<p><em> Mais un jour j&rsquo;ai fui, et aujourd&rsquo;hui je suis ici en vie, Dieu Merci.<\/em><\/p>\n<p>&nbsp;<\/p>\n<p><a href=\"https:\/\/sites.ac-nancy-metz.fr\/cachecachemicro\/wp-content\/uploads\/2018\/02\/Moi_Dieu_Merci_texte.pdf\"><span style=\"color: #993366;\"><strong>Le texte<\/strong><\/span><\/a><\/p>\n<p style=\"text-align: center;\"><span style=\"font-size: 14pt;\"><strong>***********************************************************************<\/strong><\/span><\/p>\n<p>&nbsp;<\/p>\n<p>&nbsp;<\/p>\n<p>&nbsp;<\/p>\n<p>&nbsp;<\/p>\n<p>&nbsp;<\/p>\n<p>&nbsp;<\/p>\n<p>&nbsp;<\/p>\n<p>&nbsp;<\/p>\n<p><span style=\"font-family: verdana,geneva,sans-serif;\">En compl\u00e9tant ce formulaire, vous pouvez vous inscrire ou vous d\u00e9sinscrire de la liste de discussion<\/span><\/p>\n<p><span style=\"font-family: verdana,geneva,sans-serif;\"><strong>fraternissons_ C3@cachecachemedias.net<br \/>\n<\/strong><\/span><\/p>\n<p><span style=\"text-decoration: underline; font-family: verdana,geneva,sans-serif;\">&#8211; L&rsquo;inscription vous permet:<\/span><\/p>\n<ul>\n<li><span style=\"font-family: verdana,geneva,sans-serif;\">de recevoir sur votre bo\u00eete mail les messages adress\u00e9s \u00e0 la liste de discussion<\/span><\/li>\n<li><span style=\"font-family: verdana,geneva,sans-serif;\">d&rsquo;envoyer des messages \u00e0 la liste de diffusion<\/span><\/li>\n<\/ul>\n<p><span style=\"text-decoration: underline; font-family: verdana,geneva,sans-serif;\">&#8211; La d\u00e9sinscription supprime votre adresse mail de la liste.<\/span><\/p>\n<p>&nbsp;<\/p>\n<hr \/>\n<form action=\"http:\/\/kundenserver.de\/cgi-bin\/mailinglist.cgi\" method=\"POST\" target=\"_BLANK\"><span style=\"font-family: verdana,geneva,sans-serif;\"><span style=\"font-size: 14pt;\"><input checked=\"checked\" name=\"subscribe_r\" type=\"RADIO\" value=\"subscribe\" \/><\/span><span style=\"font-size: 12pt;\">Je souhaite m&rsquo; <strong>INSCRIRE<\/strong> \u00e0 la liste de discussion<\/span><\/span><br \/>\n<span style=\"font-family: verdana,geneva,sans-serif; font-size: 12pt;\"> <input name=\"subscribe_r\" type=\"RADIO\" value=\"unsubscribe\" \/>Je souhaite me <strong>D\u00c9SINSCRIRE<\/strong> de la liste de discussion<\/span><span style=\"font-size: 12pt; font-family: verdana,geneva,sans-serif;\">Veuillez indiquer votre adresse email:<\/span><br \/>\n<span style=\"font-size: 12pt; font-family: verdana,geneva,sans-serif;\"> <input maxlength=\"51\" name=\"mailaccount_r\" size=\"51\" type=\"TEXT\" \/><\/span><span style=\"font-size: 12pt; font-family: verdana,geneva,sans-serif;\">Veuillez indiquer \u00e0 nouveau votre adresse email:<\/span><br \/>\n<span style=\"font-size: 14pt; font-family: verdana,geneva,sans-serif;\"> <input maxlength=\"51\" name=\"mailaccount2_r\" size=\"51\" type=\"TEXT\" \/><\/span><input type=\"SUBMIT\" value=\"Envoyer\" \/><\/form>\n<hr \/>\n<p><input name=\"FBMLNAME\" type=\"HIDDEN\" value=\"fraternissons_c3@cachecachemedias.net\" \/><input name=\"FBLANG\" type=\"HIDDEN\" value=\"fr\" \/><input name=\"FBURLERROR_L\" type=\"HIDDEN\" value=\"http:\/\/kundenserver.de\/mailinglist\/error.fr.html\" \/><input name=\"FBURLSUBSCRIBE_L\" type=\"HIDDEN\" value=\"http:\/\/kundenserver.de\/mailinglist\/subscribe.fr.html\" \/><input name=\"FBURLUNSUBSCRIBE_L\" type=\"HIDDEN\" value=\"http:\/\/kundenserver.de\/mailinglist\/unsubscribe.fr.html\" \/><input name=\"FBURLINVALID_L\" type=\"HIDDEN\" value=\"http:\/\/kundenserver.de\/mailinglist\/invalid.fr.html\" \/><\/p>\n","protected":false},"excerpt":{"rendered":"<p>Fraternis&rsquo;Sons Travail sur le th\u00e8me de la fraternit\u00e9. 5 livres choisis pour les enfants du cycle 3 &#8211; \u00ab\u00a0Frigo vide\u00a0\u00bb de Ga\u00ebtan Doremus &#8211; \u00ab\u00a0Le pacificateur\u00a0\u00bb de Thierry Dedieu &#8211; \u00ab\u00a0Fatale spirale\u00a0\u00bb de Fabrice Vigne et Jean-Baptiste Bourgois &#8211; \u00ab\u00a0L&rsquo;histoire de Clara\u00a0\u00bb de Vincent Cuvellier &#8211; \u00ab\u00a0Moi, Dieu Merci, qui vis ici\u00a0\u00bb de Thierry Lenain [&hellip;]<\/p>\n","protected":false},"author":1,"featured_media":0,"parent":0,"menu_order":0,"comment_status":"closed","ping_status":"closed","template":"","meta":{"footnotes":""},"_links":{"self":[{"href":"https:\/\/sites.ac-nancy-metz.fr\/cachecachemicro\/wp-json\/wp\/v2\/pages\/7078"}],"collection":[{"href":"https:\/\/sites.ac-nancy-metz.fr\/cachecachemicro\/wp-json\/wp\/v2\/pages"}],"about":[{"href":"https:\/\/sites.ac-nancy-metz.fr\/cachecachemicro\/wp-json\/wp\/v2\/types\/page"}],"author":[{"embeddable":true,"href":"https:\/\/sites.ac-nancy-metz.fr\/cachecachemicro\/wp-json\/wp\/v2\/users\/1"}],"replies":[{"embeddable":true,"href":"https:\/\/sites.ac-nancy-metz.fr\/cachecachemicro\/wp-json\/wp\/v2\/comments?post=7078"}],"version-history":[{"count":18,"href":"https:\/\/sites.ac-nancy-metz.fr\/cachecachemicro\/wp-json\/wp\/v2\/pages\/7078\/revisions"}],"predecessor-version":[{"id":7962,"href":"https:\/\/sites.ac-nancy-metz.fr\/cachecachemicro\/wp-json\/wp\/v2\/pages\/7078\/revisions\/7962"}],"wp:attachment":[{"href":"https:\/\/sites.ac-nancy-metz.fr\/cachecachemicro\/wp-json\/wp\/v2\/media?parent=7078"}],"curies":[{"name":"wp","href":"https:\/\/api.w.org\/{rel}","templated":true}]}}