{"id":7259,"date":"2017-12-15T12:16:14","date_gmt":"2017-12-15T10:16:14","guid":{"rendered":"https:\/\/sites.ac-nancy-metz.fr\/cachecachemicro\/?page_id=7259"},"modified":"2018-06-05T14:42:22","modified_gmt":"2018-06-05T12:42:22","slug":"fraternissons-tous-cycles","status":"publish","type":"page","link":"https:\/\/sites.ac-nancy-metz.fr\/cachecachemicro\/fraternissons-tous-cycles\/","title":{"rendered":"Fraternis&rsquo;Sons tous cycles"},"content":{"rendered":"<p>Ici vous pourrez d\u00e9couvrir: interviews, micros-trottoirs, histoires, bobinos, chansons&#8230;.\u00a0\u00a0\u00a0\u00a0\u00a0\u00a0\u00a0\u00a0\u00a0\u00a0\u00a0\u00a0\u00a0\u00a0\u00a0\u00a0\u00a0\u00a0\u00a0\u00a0\u00a0\u00a0\u00a0\u00a0 tous en lien avec le th\u00e8me de la fraternit\u00e9.<\/p>\n<p><span style=\"font-size: 24pt;\"><strong>La Fraternit\u00e9, c&rsquo;est&#8230;<\/strong><\/span><\/p>\n<!--[if lt IE 9]><script>document.createElement('audio');<\/script><![endif]-->\n<audio class=\"wp-audio-shortcode\" id=\"audio-7259-1\" preload=\"none\" style=\"width: 100%;\" controls=\"controls\"><source type=\"audio\/mpeg\" src=\"https:\/\/sites.ac-nancy-metz.fr\/cachecachemicro\/wp-content\/uploads\/2017\/11\/la_fraternit\u00e9_c_est_pad.mp3?_=1\" \/><a href=\"https:\/\/sites.ac-nancy-metz.fr\/cachecachemicro\/wp-content\/uploads\/2017\/11\/la_fraternit\u00e9_c_est_pad.mp3\">https:\/\/sites.ac-nancy-metz.fr\/cachecachemicro\/wp-content\/uploads\/2017\/11\/la_fraternit\u00e9_c_est_pad.mp3<\/a><\/audio>\n<p>&nbsp;<\/p>\n<p><span style=\"font-size: 36pt; color: #800000; font-family: impact, sans-serif;\">G\u00e9n\u00e9riques et virgules pour construire vos \u00e9missions et autres bobinos fraternis&rsquo;sonesques :<\/span><\/p>\n<audio class=\"wp-audio-shortcode\" id=\"audio-7259-2\" preload=\"none\" style=\"width: 100%;\" controls=\"controls\"><source type=\"audio\/mpeg\" src=\"https:\/\/sites.ac-nancy-metz.fr\/cachecachemicro\/wp-content\/uploads\/2018\/02\/fraternissons-virgule-1.mp3?_=2\" \/><a href=\"https:\/\/sites.ac-nancy-metz.fr\/cachecachemicro\/wp-content\/uploads\/2018\/02\/fraternissons-virgule-1.mp3\">https:\/\/sites.ac-nancy-metz.fr\/cachecachemicro\/wp-content\/uploads\/2018\/02\/fraternissons-virgule-1.mp3<\/a><\/audio>\n<audio class=\"wp-audio-shortcode\" id=\"audio-7259-3\" preload=\"none\" style=\"width: 100%;\" controls=\"controls\"><source type=\"audio\/mpeg\" src=\"https:\/\/sites.ac-nancy-metz.fr\/cachecachemicro\/wp-content\/uploads\/2018\/02\/fraternissons-virgule-2.mp3?_=3\" \/><a href=\"https:\/\/sites.ac-nancy-metz.fr\/cachecachemicro\/wp-content\/uploads\/2018\/02\/fraternissons-virgule-2.mp3\">https:\/\/sites.ac-nancy-metz.fr\/cachecachemicro\/wp-content\/uploads\/2018\/02\/fraternissons-virgule-2.mp3<\/a><\/audio>\n<audio class=\"wp-audio-shortcode\" id=\"audio-7259-4\" preload=\"none\" style=\"width: 100%;\" controls=\"controls\"><source type=\"audio\/wav\" src=\"https:\/\/sites.ac-nancy-metz.fr\/cachecachemicro\/wp-content\/uploads\/2018\/02\/g\u00e9n\u00e9rique2-fraternissons.wav?_=4\" \/><a href=\"https:\/\/sites.ac-nancy-metz.fr\/cachecachemicro\/wp-content\/uploads\/2018\/02\/g\u00e9n\u00e9rique2-fraternissons.wav\">https:\/\/sites.ac-nancy-metz.fr\/cachecachemicro\/wp-content\/uploads\/2018\/02\/g\u00e9n\u00e9rique2-fraternissons.wav<\/a><\/audio>\n<audio class=\"wp-audio-shortcode\" id=\"audio-7259-5\" preload=\"none\" style=\"width: 100%;\" controls=\"controls\"><source type=\"audio\/mpeg\" src=\"https:\/\/sites.ac-nancy-metz.fr\/cachecachemicro\/wp-content\/uploads\/2018\/02\/grand-g\u00e9n\u00e9rique-fraternissons.mp3?_=5\" \/><a href=\"https:\/\/sites.ac-nancy-metz.fr\/cachecachemicro\/wp-content\/uploads\/2018\/02\/grand-g\u00e9n\u00e9rique-fraternissons.mp3\">https:\/\/sites.ac-nancy-metz.fr\/cachecachemicro\/wp-content\/uploads\/2018\/02\/grand-g\u00e9n\u00e9rique-fraternissons.mp3<\/a><\/audio>\n<audio class=\"wp-audio-shortcode\" id=\"audio-7259-6\" preload=\"none\" style=\"width: 100%;\" controls=\"controls\"><source type=\"audio\/mpeg\" src=\"https:\/\/sites.ac-nancy-metz.fr\/cachecachemicro\/wp-content\/uploads\/2018\/02\/petit-generique-fraternissons-.mp3?_=6\" \/><a href=\"https:\/\/sites.ac-nancy-metz.fr\/cachecachemicro\/wp-content\/uploads\/2018\/02\/petit-generique-fraternissons-.mp3\">https:\/\/sites.ac-nancy-metz.fr\/cachecachemicro\/wp-content\/uploads\/2018\/02\/petit-generique-fraternissons-.mp3<\/a><\/audio>\n<p>&nbsp;<\/p>\n<p>&nbsp;<\/p>\n<p><span style=\"font-size: 24pt;\"><strong>Interviews<\/strong><\/span><\/p>\n<p><strong>le 14\/12\/17<\/strong><\/p>\n<p><strong>Interview de Michel Brunner<\/strong><\/p>\n<p>Fraternit\u00e9 en actes &#8211; Association Michel Dinet &#8211;<\/p>\n<audio class=\"wp-audio-shortcode\" id=\"audio-7259-7\" preload=\"none\" style=\"width: 100%;\" controls=\"controls\"><source type=\"audio\/mpeg\" src=\"https:\/\/sites.ac-nancy-metz.fr\/cachecachemicro\/wp-content\/uploads\/2017\/12\/Interview-Michel-Brunner-Fraternite\u0301-en-actes-ADM.mp3?_=7\" \/><a href=\"https:\/\/sites.ac-nancy-metz.fr\/cachecachemicro\/wp-content\/uploads\/2017\/12\/Interview-Michel-Brunner-Fraternite\u0301-en-actes-ADM.mp3\">https:\/\/sites.ac-nancy-metz.fr\/cachecachemicro\/wp-content\/uploads\/2017\/12\/Interview-Michel-Brunner-Fraternite\u0301-en-actes-ADM.mp3<\/a><\/audio>\n<ul>\n<li style=\"text-align: left;\"><span style=\"font-size: 24pt;\"><strong>Micros-trottoirs<\/strong><\/span><\/li>\n<\/ul>\n<p>Le 14\/12\/17<\/p>\n<audio class=\"wp-audio-shortcode\" id=\"audio-7259-8\" preload=\"none\" style=\"width: 100%;\" controls=\"controls\"><source type=\"audio\/mpeg\" src=\"https:\/\/sites.ac-nancy-metz.fr\/cachecachemicro\/wp-content\/uploads\/2017\/12\/micro-ttrottoir-fraternissons-Allamps-cycle-3-liberte\u0301-egalite\u0301-fraternite\u0301-.mp3?_=8\" \/><a href=\"https:\/\/sites.ac-nancy-metz.fr\/cachecachemicro\/wp-content\/uploads\/2017\/12\/micro-ttrottoir-fraternissons-Allamps-cycle-3-liberte\u0301-egalite\u0301-fraternite\u0301-.mp3\">https:\/\/sites.ac-nancy-metz.fr\/cachecachemicro\/wp-content\/uploads\/2017\/12\/micro-ttrottoir-fraternissons-Allamps-cycle-3-liberte\u0301-egalite\u0301-fraternite\u0301-.mp3<\/a><\/audio>\n<audio class=\"wp-audio-shortcode\" id=\"audio-7259-9\" preload=\"none\" style=\"width: 100%;\" controls=\"controls\"><source type=\"audio\/mpeg\" src=\"https:\/\/sites.ac-nancy-metz.fr\/cachecachemicro\/wp-content\/uploads\/2017\/12\/micro-ttrottoir-fraternissons-Allamps-cycle-3-fraternite\u0301-charite\u0301-.mp3?_=9\" \/><a href=\"https:\/\/sites.ac-nancy-metz.fr\/cachecachemicro\/wp-content\/uploads\/2017\/12\/micro-ttrottoir-fraternissons-Allamps-cycle-3-fraternite\u0301-charite\u0301-.mp3\">https:\/\/sites.ac-nancy-metz.fr\/cachecachemicro\/wp-content\/uploads\/2017\/12\/micro-ttrottoir-fraternissons-Allamps-cycle-3-fraternite\u0301-charite\u0301-.mp3<\/a><\/audio>\n<p>Le 01\/12\/17<\/p>\n<audio class=\"wp-audio-shortcode\" id=\"audio-7259-10\" preload=\"none\" style=\"width: 100%;\" controls=\"controls\"><source type=\"audio\/mpeg\" src=\"https:\/\/sites.ac-nancy-metz.fr\/cachecachemicro\/wp-content\/uploads\/2017\/12\/microttrottoir-fraternissons-neuves-maisons-ce1-on-est-beaux-on-est-tous-e\u0301gaux-011217.mp3?_=10\" \/><a href=\"https:\/\/sites.ac-nancy-metz.fr\/cachecachemicro\/wp-content\/uploads\/2017\/12\/microttrottoir-fraternissons-neuves-maisons-ce1-on-est-beaux-on-est-tous-e\u0301gaux-011217.mp3\">https:\/\/sites.ac-nancy-metz.fr\/cachecachemicro\/wp-content\/uploads\/2017\/12\/microttrottoir-fraternissons-neuves-maisons-ce1-on-est-beaux-on-est-tous-e\u0301gaux-011217.mp3<\/a><\/audio>\n<audio class=\"wp-audio-shortcode\" id=\"audio-7259-11\" preload=\"none\" style=\"width: 100%;\" controls=\"controls\"><source type=\"audio\/mpeg\" src=\"https:\/\/sites.ac-nancy-metz.fr\/cachecachemicro\/wp-content\/uploads\/2017\/12\/microttrottoir-fraternissons-neuves-maisons-ce1-qui-aimes-tu-dans-ta-famille-pourquoi-011217.mp3?_=11\" \/><a href=\"https:\/\/sites.ac-nancy-metz.fr\/cachecachemicro\/wp-content\/uploads\/2017\/12\/microttrottoir-fraternissons-neuves-maisons-ce1-qui-aimes-tu-dans-ta-famille-pourquoi-011217.mp3\">https:\/\/sites.ac-nancy-metz.fr\/cachecachemicro\/wp-content\/uploads\/2017\/12\/microttrottoir-fraternissons-neuves-maisons-ce1-qui-aimes-tu-dans-ta-famille-pourquoi-011217.mp3<\/a><\/audio>\n<p>le 10\/11\/17<\/p>\n<audio class=\"wp-audio-shortcode\" id=\"audio-7259-12\" preload=\"none\" style=\"width: 100%;\" controls=\"controls\"><source type=\"audio\/mpeg\" src=\"https:\/\/sites.ac-nancy-metz.fr\/cachecachemicro\/wp-content\/uploads\/2017\/11\/microtrottoir_fraternit\u00e9_pad.mp3?_=12\" \/><a href=\"https:\/\/sites.ac-nancy-metz.fr\/cachecachemicro\/wp-content\/uploads\/2017\/11\/microtrottoir_fraternit\u00e9_pad.mp3\">https:\/\/sites.ac-nancy-metz.fr\/cachecachemicro\/wp-content\/uploads\/2017\/11\/microtrottoir_fraternit\u00e9_pad.mp3<\/a><\/audio>\n<p><span style=\"font-size: 24pt;\"><strong>Bobinos<\/strong><\/span><\/p>\n<p><span style=\"font-size: 18pt;\">S\u00e9koidsa<\/span><\/p>\n<p>le 14\/12\/17- S\u00e9koidsa &#8211; Allamps cycle 3<\/p>\n<audio class=\"wp-audio-shortcode\" id=\"audio-7259-13\" preload=\"none\" style=\"width: 100%;\" controls=\"controls\"><source type=\"audio\/mpeg\" src=\"https:\/\/sites.ac-nancy-metz.fr\/cachecachemicro\/wp-content\/uploads\/2017\/12\/sekoidsa-fraternissons-altruisme-cycle-3-Allamps.mp3?_=13\" \/><a href=\"https:\/\/sites.ac-nancy-metz.fr\/cachecachemicro\/wp-content\/uploads\/2017\/12\/sekoidsa-fraternissons-altruisme-cycle-3-Allamps.mp3\">https:\/\/sites.ac-nancy-metz.fr\/cachecachemicro\/wp-content\/uploads\/2017\/12\/sekoidsa-fraternissons-altruisme-cycle-3-Allamps.mp3<\/a><\/audio>\n<p>le 10\/11\/17-S\u00e9koidsa-Neuves Maisons CE1<\/p>\n<audio class=\"wp-audio-shortcode\" id=\"audio-7259-14\" preload=\"none\" style=\"width: 100%;\" controls=\"controls\"><source type=\"audio\/mpeg\" src=\"https:\/\/sites.ac-nancy-metz.fr\/cachecachemicro\/wp-content\/uploads\/2017\/11\/cekoidsa_fraternite_pad.mp3?_=14\" \/><a href=\"https:\/\/sites.ac-nancy-metz.fr\/cachecachemicro\/wp-content\/uploads\/2017\/11\/cekoidsa_fraternite_pad.mp3\">https:\/\/sites.ac-nancy-metz.fr\/cachecachemicro\/wp-content\/uploads\/2017\/11\/cekoidsa_fraternite_pad.mp3<\/a><\/audio>\n<p><span style=\"font-size: 18pt;\">Musicotop <\/span><\/p>\n<p>le 10\/11\/17<\/p>\n<p><strong>Musicotop<\/strong> par les enfants de CE1 de l&rsquo;\u00e9cole Louise Michel Neuves Maisons<\/p>\n<audio class=\"wp-audio-shortcode\" id=\"audio-7259-15\" preload=\"none\" style=\"width: 100%;\" controls=\"controls\"><source type=\"audio\/mpeg\" src=\"https:\/\/sites.ac-nancy-metz.fr\/cachecachemicro\/wp-content\/uploads\/2017\/11\/musicotop_fraternite_pad.mp3?_=15\" \/><a href=\"https:\/\/sites.ac-nancy-metz.fr\/cachecachemicro\/wp-content\/uploads\/2017\/11\/musicotop_fraternite_pad.mp3\">https:\/\/sites.ac-nancy-metz.fr\/cachecachemicro\/wp-content\/uploads\/2017\/11\/musicotop_fraternite_pad.mp3<\/a><\/audio>\n<p><strong>Nous sommes vivants<\/strong> par les enfants de CE1 de l&rsquo;\u00e9cole Louise Michel Neuves Maisons<\/p>\n<audio class=\"wp-audio-shortcode\" id=\"audio-7259-16\" preload=\"none\" style=\"width: 100%;\" controls=\"controls\"><source type=\"audio\/mpeg\" src=\"https:\/\/sites.ac-nancy-metz.fr\/cachecachemicro\/wp-content\/uploads\/2017\/11\/nous_sommes_vivants_pad.mp3?_=16\" \/><a href=\"https:\/\/sites.ac-nancy-metz.fr\/cachecachemicro\/wp-content\/uploads\/2017\/11\/nous_sommes_vivants_pad.mp3\">https:\/\/sites.ac-nancy-metz.fr\/cachecachemicro\/wp-content\/uploads\/2017\/11\/nous_sommes_vivants_pad.mp3<\/a><\/audio>\n<p><strong>Petite chanson des amoureux<\/strong> par les enfants de CE1 de l&rsquo;\u00e9cole Louise Michel Neuves Maisons<\/p>\n<audio class=\"wp-audio-shortcode\" id=\"audio-7259-17\" preload=\"none\" style=\"width: 100%;\" controls=\"controls\"><source type=\"audio\/mpeg\" src=\"https:\/\/sites.ac-nancy-metz.fr\/cachecachemicro\/wp-content\/uploads\/2017\/11\/petite_chanson_des_amoureux_pad.mp3?_=17\" \/><a href=\"https:\/\/sites.ac-nancy-metz.fr\/cachecachemicro\/wp-content\/uploads\/2017\/11\/petite_chanson_des_amoureux_pad.mp3\">https:\/\/sites.ac-nancy-metz.fr\/cachecachemicro\/wp-content\/uploads\/2017\/11\/petite_chanson_des_amoureux_pad.mp3<\/a><\/audio>\n<p><span style=\"font-size: 18pt;\">Po\u00e8mes<\/span><\/p>\n<p>le 01\/12\/17 &#8211; \u00ab\u00a0Ce n&rsquo;est pas une fable\u00a0\u00bb un po\u00e8me de Fran\u00e7ois David &#8211; Ecole Neuves Maisons<\/p>\n<audio class=\"wp-audio-shortcode\" id=\"audio-7259-18\" preload=\"none\" style=\"width: 100%;\" controls=\"controls\"><source type=\"audio\/mpeg\" src=\"https:\/\/sites.ac-nancy-metz.fr\/cachecachemicro\/wp-content\/uploads\/2017\/12\/poesie_fraternissons_neuves-maisons-ce1_ce_n_est_pas_une_fable_de_franc\u0327ois_david.mp3?_=18\" \/><a href=\"https:\/\/sites.ac-nancy-metz.fr\/cachecachemicro\/wp-content\/uploads\/2017\/12\/poesie_fraternissons_neuves-maisons-ce1_ce_n_est_pas_une_fable_de_franc\u0327ois_david.mp3\">https:\/\/sites.ac-nancy-metz.fr\/cachecachemicro\/wp-content\/uploads\/2017\/12\/poesie_fraternissons_neuves-maisons-ce1_ce_n_est_pas_une_fable_de_franc\u0327ois_david.mp3<\/a><\/audio>\n<p><span style=\"font-size: 18pt;\">P&rsquo;tit dico<\/span><\/p>\n<p>le 14\/12\/17-D\u00e9but d&rsquo;un petit dic fraternissons<\/p>\n<audio class=\"wp-audio-shortcode\" id=\"audio-7259-19\" preload=\"none\" style=\"width: 100%;\" controls=\"controls\"><source type=\"audio\/mpeg\" src=\"https:\/\/sites.ac-nancy-metz.fr\/cachecachemicro\/wp-content\/uploads\/2017\/12\/fraternissons-debut-dun-dico-rigolo-Allamps-cycle-3-.mp3?_=19\" \/><a href=\"https:\/\/sites.ac-nancy-metz.fr\/cachecachemicro\/wp-content\/uploads\/2017\/12\/fraternissons-debut-dun-dico-rigolo-Allamps-cycle-3-.mp3\">https:\/\/sites.ac-nancy-metz.fr\/cachecachemicro\/wp-content\/uploads\/2017\/12\/fraternissons-debut-dun-dico-rigolo-Allamps-cycle-3-.mp3<\/a><\/audio>\n<p><span style=\"font-size: 24pt;\"><strong>Emissions Cache-Cache Micro<\/strong><\/span><\/p>\n<p><span style=\"color: #800080;\"><strong>le 15\/05\/18<\/strong><\/span><\/p>\n<p>Une \u00e9mission CCM des enfants de CM2 de l&rsquo;\u00e9cole de Pagney derri\u00e8re Barine sur l&rsquo;abolition de l&rsquo;esclavage et le souhait de r\u00e9habiliter Victor Schoelcher.<\/p>\n<audio class=\"wp-audio-shortcode\" id=\"audio-7259-20\" preload=\"none\" style=\"width: 100%;\" controls=\"controls\"><source type=\"audio\/mpeg\" src=\"https:\/\/sites.ac-nancy-metz.fr\/cachecachemicro\/wp-content\/uploads\/2018\/06\/Fraternis-sons-Abolition-de-lesclavage..mp3?_=20\" \/><a href=\"https:\/\/sites.ac-nancy-metz.fr\/cachecachemicro\/wp-content\/uploads\/2018\/06\/Fraternis-sons-Abolition-de-lesclavage..mp3\">https:\/\/sites.ac-nancy-metz.fr\/cachecachemicro\/wp-content\/uploads\/2018\/06\/Fraternis-sons-Abolition-de-lesclavage..mp3<\/a><\/audio>\n<p><strong><span style=\"font-size: 14pt; color: #800080;\">le 09\/01\/18<\/span><\/strong><\/p>\n<p>Une \u00e9mission CCM des enfants de CM2 de l&rsquo;\u00e9cole de Pagney derri\u00e8re Barine .<\/p>\n<p>Echanges \u00e0 partir de quelques philo-fables de Michel Piquemal.<\/p>\n<audio class=\"wp-audio-shortcode\" id=\"audio-7259-21\" preload=\"none\" style=\"width: 100%;\" controls=\"controls\"><source type=\"audio\/mpeg\" src=\"https:\/\/sites.ac-nancy-metz.fr\/cachecachemicro\/wp-content\/uploads\/2018\/06\/Fraternissons-Philo-fables-Pagney-derrie\u0300re-Barine-.mp3?_=21\" \/><a href=\"https:\/\/sites.ac-nancy-metz.fr\/cachecachemicro\/wp-content\/uploads\/2018\/06\/Fraternissons-Philo-fables-Pagney-derrie\u0300re-Barine-.mp3\">https:\/\/sites.ac-nancy-metz.fr\/cachecachemicro\/wp-content\/uploads\/2018\/06\/Fraternissons-Philo-fables-Pagney-derrie\u0300re-Barine-.mp3<\/a><\/audio>\n<p><span style=\"font-size: 14pt;\"><strong><span style=\"color: #800080;\">le 05\/12\/17<\/span><\/strong><\/span><\/p>\n<p>Une \u00e9mission CCM des enfants de CM de l&rsquo;\u00e9cole de Bicqueley<\/p>\n<p>Qu&rsquo;est-ce que la fraternit\u00e9 ? Libert\u00e9 Egalit\u00e9 Fraternit\u00e9<\/p>\n<audio class=\"wp-audio-shortcode\" id=\"audio-7259-22\" preload=\"none\" style=\"width: 100%;\" controls=\"controls\"><source type=\"audio\/mpeg\" src=\"https:\/\/sites.ac-nancy-metz.fr\/cachecachemicro\/wp-content\/uploads\/2017\/12\/Emission-CCM-Fraternisons-Ecole-Bicqueley-cycle-3-.mp3?_=22\" \/><a href=\"https:\/\/sites.ac-nancy-metz.fr\/cachecachemicro\/wp-content\/uploads\/2017\/12\/Emission-CCM-Fraternisons-Ecole-Bicqueley-cycle-3-.mp3\">https:\/\/sites.ac-nancy-metz.fr\/cachecachemicro\/wp-content\/uploads\/2017\/12\/Emission-CCM-Fraternisons-Ecole-Bicqueley-cycle-3-.mp3<\/a><\/audio>\n<p><span style=\"font-size: 24pt;\"><strong>Histoires<\/strong><\/span><\/p>\n<p>le 14\/12\/17- Mon ami Jim &#8211; de Kitty Crowther &#8211; Ecole des Loisirs-<\/p>\n<p>Histoire pr\u00e9sent\u00e9e par les enfants de l&rsquo;\u00e9cole d&rsquo;Allamps- cycle 3<\/p>\n<audio class=\"wp-audio-shortcode\" id=\"audio-7259-23\" preload=\"none\" style=\"width: 100%;\" controls=\"controls\"><source type=\"audio\/mpeg\" src=\"https:\/\/sites.ac-nancy-metz.fr\/cachecachemicro\/wp-content\/uploads\/2017\/12\/Mon-ami-jim-cycle-3-Allamps.mp3?_=23\" \/><a href=\"https:\/\/sites.ac-nancy-metz.fr\/cachecachemicro\/wp-content\/uploads\/2017\/12\/Mon-ami-jim-cycle-3-Allamps.mp3\">https:\/\/sites.ac-nancy-metz.fr\/cachecachemicro\/wp-content\/uploads\/2017\/12\/Mon-ami-jim-cycle-3-Allamps.mp3<\/a><\/audio>\n","protected":false},"excerpt":{"rendered":"<p>Ici vous pourrez d\u00e9couvrir: interviews, micros-trottoirs, histoires, bobinos, chansons&#8230;.\u00a0\u00a0\u00a0\u00a0\u00a0\u00a0\u00a0\u00a0\u00a0\u00a0\u00a0\u00a0\u00a0\u00a0\u00a0\u00a0\u00a0\u00a0\u00a0\u00a0\u00a0\u00a0\u00a0\u00a0 tous en lien avec le th\u00e8me de la fraternit\u00e9. La Fraternit\u00e9, c&rsquo;est&#8230; &nbsp; G\u00e9n\u00e9riques et virgules pour construire vos \u00e9missions et autres bobinos fraternis&rsquo;sonesques : &nbsp; &nbsp; Interviews le 14\/12\/17 Interview de Michel Brunner Fraternit\u00e9 en actes &#8211; Association Michel Dinet &#8211; Micros-trottoirs Le 14\/12\/17 Le [&hellip;]<\/p>\n","protected":false},"author":1,"featured_media":0,"parent":0,"menu_order":0,"comment_status":"closed","ping_status":"closed","template":"","meta":{"footnotes":""},"_links":{"self":[{"href":"https:\/\/sites.ac-nancy-metz.fr\/cachecachemicro\/wp-json\/wp\/v2\/pages\/7259"}],"collection":[{"href":"https:\/\/sites.ac-nancy-metz.fr\/cachecachemicro\/wp-json\/wp\/v2\/pages"}],"about":[{"href":"https:\/\/sites.ac-nancy-metz.fr\/cachecachemicro\/wp-json\/wp\/v2\/types\/page"}],"author":[{"embeddable":true,"href":"https:\/\/sites.ac-nancy-metz.fr\/cachecachemicro\/wp-json\/wp\/v2\/users\/1"}],"replies":[{"embeddable":true,"href":"https:\/\/sites.ac-nancy-metz.fr\/cachecachemicro\/wp-json\/wp\/v2\/comments?post=7259"}],"version-history":[{"count":36,"href":"https:\/\/sites.ac-nancy-metz.fr\/cachecachemicro\/wp-json\/wp\/v2\/pages\/7259\/revisions"}],"predecessor-version":[{"id":7950,"href":"https:\/\/sites.ac-nancy-metz.fr\/cachecachemicro\/wp-json\/wp\/v2\/pages\/7259\/revisions\/7950"}],"wp:attachment":[{"href":"https:\/\/sites.ac-nancy-metz.fr\/cachecachemicro\/wp-json\/wp\/v2\/media?parent=7259"}],"curies":[{"name":"wp","href":"https:\/\/api.w.org\/{rel}","templated":true}]}}