{"id":8181,"date":"2019-02-05T12:17:31","date_gmt":"2019-02-05T10:17:31","guid":{"rendered":"https:\/\/sites.ac-nancy-metz.fr\/cachecachemicro\/?page_id=8181"},"modified":"2024-10-25T11:49:57","modified_gmt":"2024-10-25T09:49:57","slug":"coucou-magazine","status":"publish","type":"page","link":"https:\/\/sites.ac-nancy-metz.fr\/cachecachemicro\/coucou-magazine\/","title":{"rendered":"Les diff\u00e9rentes \u00e9missions"},"content":{"rendered":"\n<p><strong>\u00c9missions Cache-Cache Micro<\/strong><\/p>\n\n\n\n<p>Une classe r\u00e9alise une \u00e9mission sur le th\u00e8me de son choix, avec si besoin l&rsquo;aide de <a href=\"https:\/\/sites.ac-nancy-metz.fr\/cachecachemicro\/contact\/\">Jean-Pierre<\/a>. Ne pas oublier de contacter<a href=\"https:\/\/sites.ac-nancy-metz.fr\/cachecachemicro\/contact\/\"> Aur\u00e9lien<\/a> pour l&rsquo;inscription dans les plannings de diffusion !<\/p>\n\n\n\n<p><strong>Les \u00e9missions collectives <\/strong><\/p>\n\n\n\n<p>Un th\u00e8me mensuel est choisi, vous pouvez envoyer vos bobinos le mercredi avant la diffusion \u00e0 <a href=\"https:\/\/sites.ac-nancy-metz.fr\/cachecachemicro\/contact\/\">H\u00e9l\u00e8ne<\/a>.<\/p>\n\n\n\n<p>17 Octobre 2024 : Le Harc\u00e8lement <\/p>\n\n\n\n<p>28 novembre 2024 : Roald Dahl<\/p>\n\n\n\n<p>19 d\u00e9cembre 2024 : Les faits marquants de 2024 <\/p>\n\n\n\n<p>30 janvier 2025 : Le jour o\u00f9&#8230;<\/p>\n\n\n\n<p>27 mars 2025 : les quatre \u00e9l\u00e8ments <\/p>\n\n\n\n<p>24 avril 2025 : les virelangues <\/p>\n\n\n\n<p>22 mai 2025 : Le jaune<\/p>\n\n\n\n<p>26 juin 2025 : Changer de classe<\/p>\n\n\n\n<p><strong>Coucou Magazine<\/strong><\/p>\n\n\n\n<p>Coucou Magazine est une \u00e9mission Cache-Cache-Micro (CCM) un peu particuli\u00e8re.<\/p>\n\n\n\n<p>Contrairement aux autres \u00e9missions CCM, elle est r\u00e9alis\u00e9e plusieurs  semaines de suite par la m\u00eame classe. En g\u00e9n\u00e9ral 4 ou 5 fois. L\u2019\u00e9mission  est au format magazine et comporte plusieurs rubriques. On peut y  retrouver des rubriques sport, cuisine, sciences, cin\u00e9ma, etc\u2026. mais  aussi une partie actualit\u00e9. Si cette derni\u00e8re est pr\u00e9par\u00e9e et construite  par la classe en charge du Coucou Mag\u2019, les autres rubriques peuvent, en totalit\u00e9 ou  en partie, \u00eatre pr\u00e9par\u00e9es par d\u2019autres classes du territoire.<\/p>\n\n\n\n<p>Ce projet permet donc, en plus de plonger significativement les  \u00e9l\u00e8ves d\u2019une classe dans le monde des m\u00e9dias, une collaboration  interclasse souvent riche. La r\u00e9alisation de Coucou Mag&rsquo; peut \u00eatre port\u00e9e par plusieurs classes. Ne pas oublier de s&rsquo;inscrire aupr\u00e8s de <a href=\"https:\/\/sites.ac-nancy-metz.fr\/cachecachemicro\/contact\/\">Aur\u00e9lien<\/a> !<\/p>\n\n\n\n<p>Retrouvez \u201cCoucou Magazine\u201d tous les vendredis (hors vacances scolaires) aux horaires habituels des \u00e9missions Cache-Cache-Micro.<\/p>\n\n\n\n<p>Diffusion FM \u00e0 13h35, rediffusion le m\u00eame jour \u00e0 19h et le lundi suivant<strong> \u00e0 9h45.<\/strong><\/p>\n\n\n\n<p><strong>Les \u00c9missions en direct<\/strong><\/p>\n\n\n\n<p>Les \u00e9missions sont \u00e9crites par la classe en amont et envoy\u00e9es \u00e0 l&rsquo;<a href=\"https:\/\/sites.ac-nancy-metz.fr\/cachecachemicro\/contact\/\" data-type=\"link\" data-id=\"https:\/\/sites.ac-nancy-metz.fr\/cachecachemicro\/contact\/\">animateur de la radio <\/a>qui lira les relances propos\u00e9es par la  classe.  L&rsquo;\u00e9change se fait par t\u00e9l\u00e9phone, il n&rsquo;y a pas de montage \u00e0 r\u00e9aliser puisque la diffusion est instantan\u00e9e !<\/p>\n","protected":false},"excerpt":{"rendered":"<p>\u00c9missions Cache-Cache Micro Une classe r\u00e9alise une \u00e9mission sur le th\u00e8me de son choix, avec si besoin l&rsquo;aide de Jean-Pierre. Ne pas oublier de contacter Aur\u00e9lien pour l&rsquo;inscription dans les plannings de diffusion ! Les \u00e9missions collectives Un th\u00e8me mensuel est choisi, vous pouvez envoyer vos bobinos le mercredi avant la diffusion \u00e0 H\u00e9l\u00e8ne. 17 [&hellip;]<\/p>\n","protected":false},"author":1,"featured_media":0,"parent":0,"menu_order":0,"comment_status":"closed","ping_status":"closed","template":"","meta":{"footnotes":""},"_links":{"self":[{"href":"https:\/\/sites.ac-nancy-metz.fr\/cachecachemicro\/wp-json\/wp\/v2\/pages\/8181"}],"collection":[{"href":"https:\/\/sites.ac-nancy-metz.fr\/cachecachemicro\/wp-json\/wp\/v2\/pages"}],"about":[{"href":"https:\/\/sites.ac-nancy-metz.fr\/cachecachemicro\/wp-json\/wp\/v2\/types\/page"}],"author":[{"embeddable":true,"href":"https:\/\/sites.ac-nancy-metz.fr\/cachecachemicro\/wp-json\/wp\/v2\/users\/1"}],"replies":[{"embeddable":true,"href":"https:\/\/sites.ac-nancy-metz.fr\/cachecachemicro\/wp-json\/wp\/v2\/comments?post=8181"}],"version-history":[{"count":5,"href":"https:\/\/sites.ac-nancy-metz.fr\/cachecachemicro\/wp-json\/wp\/v2\/pages\/8181\/revisions"}],"predecessor-version":[{"id":10332,"href":"https:\/\/sites.ac-nancy-metz.fr\/cachecachemicro\/wp-json\/wp\/v2\/pages\/8181\/revisions\/10332"}],"wp:attachment":[{"href":"https:\/\/sites.ac-nancy-metz.fr\/cachecachemicro\/wp-json\/wp\/v2\/media?parent=8181"}],"curies":[{"name":"wp","href":"https:\/\/api.w.org\/{rel}","templated":true}]}}