{"id":3911,"date":"2024-04-17T09:47:16","date_gmt":"2024-04-17T08:47:16","guid":{"rendered":"https:\/\/sites.ac-nancy-metz.fr\/ciras\/?page_id=3911"},"modified":"2025-12-17T10:44:40","modified_gmt":"2025-12-17T09:44:40","slug":"textes-reference","status":"publish","type":"page","link":"https:\/\/sites.ac-nancy-metz.fr\/ciras\/textes-reference\/","title":{"rendered":"Textes de r\u00e9f\u00e9rence"},"content":{"rendered":"\n<figure class=\"wp-block-image alignfull size-large\"><img loading=\"lazy\" decoding=\"async\" width=\"1024\" height=\"134\" src=\"https:\/\/sites.ac-nancy-metz.fr\/ciras\/wp-content\/uploads\/bandeau-bo-1024x134.jpg\" alt=\"\" class=\"wp-image-4465\" srcset=\"https:\/\/sites.ac-nancy-metz.fr\/ciras\/wp-content\/uploads\/bandeau-bo-1024x134.jpg 1024w, https:\/\/sites.ac-nancy-metz.fr\/ciras\/wp-content\/uploads\/bandeau-bo-300x39.jpg 300w, https:\/\/sites.ac-nancy-metz.fr\/ciras\/wp-content\/uploads\/bandeau-bo-768x100.jpg 768w, https:\/\/sites.ac-nancy-metz.fr\/ciras\/wp-content\/uploads\/bandeau-bo-1536x201.jpg 1536w, https:\/\/sites.ac-nancy-metz.fr\/ciras\/wp-content\/uploads\/bandeau-bo.jpg 1920w\" sizes=\"(max-width: 1024px) 100vw, 1024px\" \/><\/figure>\n\n\n\n<div class=\"wp-block-columns is-layout-flex wp-container-core-columns-is-layout-1 wp-block-columns-is-layout-flex\">\n<div class=\"wp-block-column is-layout-flow wp-block-column-is-layout-flow\">\n<p class=\"has-text-align-center has-white-color has-vivid-cyan-blue-background-color has-text-color has-background has-link-color wp-elements-31bac5d4369879e5ec630d148a883c75\"><strong>Programmes<\/strong><\/p>\n\n\n\n<p class=\"has-text-align-center\"><a href=\"http:\/\/eduscol.education.fr\/sti\/sites\/eduscol.education.fr.sti\/files\/textes\/formations-tout-niveau-brevet-dinitiation-aeronautique-bia\/5951-caea-programme.pdf\" target=\"_blank\" rel=\"noreferrer noopener\">Programme de l\u2019\u00e9preuve d\u2019admissibilit\u00e9 de l\u2019examen du CAEA<\/a><\/p>\n\n\n\n<p class=\"has-text-align-center\"><a href=\"http:\/\/eduscol.education.fr\/sti\/sites\/eduscol.education.fr.sti\/files\/textes\/formations-tout-niveau-brevet-dinitiation-aeronautique-bia\/5950-bia-programme.pdf\" target=\"_blank\" rel=\"noreferrer noopener\">Programme et niveau de connaissances de l&rsquo;examen du brevet d&rsquo;initiation a\u00e9ronautique ( BIA)<\/a><\/p>\n\n\n\n<p><\/p>\n<\/div>\n\n\n\n<div class=\"wp-block-column is-layout-flow wp-block-column-is-layout-flow\">\n<p class=\"has-text-align-center has-white-color has-vivid-cyan-blue-background-color has-text-color has-background has-link-color wp-elements-ae6156d145734484b3853e90fdf13111\"><strong>Arr\u00eat\u00e9s<\/strong><\/p>\n\n\n\n<p class=\"has-text-align-center\"><a href=\"http:\/\/eduscol.education.fr\/sti\/sites\/eduscol.education.fr.sti\/files\/textes\/formations-tout-niveau-brevet-dinitiation-aeronautique-bia\/5949-arrete-caea-19-fevrier-2015.pdf\" target=\"_blank\" rel=\"noreferrer noopener\">Arr\u00eat\u00e9 du 19 f\u00e9vrier 2015 relatif au CAEA<\/a><\/p>\n<\/div>\n\n\n\n<div class=\"wp-block-column is-layout-flow wp-block-column-is-layout-flow\">\n<p class=\"has-text-align-center has-white-color has-vivid-cyan-blue-background-color has-text-color has-background has-link-color wp-elements-1eb6fb6110c2284b76e0cb1310927db6\"><strong>Annexes<\/strong><\/p>\n\n\n\n<p class=\"has-text-align-center\"><a href=\"http:\/\/eduscol.education.fr\/sti\/sites\/eduscol.education.fr.sti\/files\/textes\/formations-tout-niveau-brevet-dinitiation-aeronautique-bia\/5953-listes-des-titres-et-qualifications-pour-les-dispenses-au-caea.pdf\" target=\"_blank\" rel=\"noreferrer noopener\">Liste des titres et qualifications permettant la dispense d\u2019\u00e9preuves du CAEA<\/a><\/p>\n\n\n\n<p class=\"has-text-align-center\"><a href=\"http:\/\/www.education.gouv.fr\/pid285\/bulletin_officiel.html?cid_bo=109633\" target=\"_blank\" rel=\"noreferrer noopener\">Les dispenses d&rsquo;\u00e9preuves pour le CAEA (arr\u00eat\u00e9 modificatif du 1er d\u00e9cembre 2016)<\/a><\/p>\n<\/div>\n\n\n\n<div class=\"wp-block-column is-layout-flow wp-block-column-is-layout-flow\">\n<p class=\"has-text-align-center has-white-color has-vivid-cyan-blue-background-color has-text-color has-background has-link-color wp-elements-ef348d7baef1a8f603906b0548ea9093\"><strong>Bulletin Officiel<\/strong><\/p>\n\n\n\n<p class=\"has-text-align-center\"><a href=\"http:\/\/www.education.gouv.fr\/pid25535\/bulletin_officiel.html?pid_bo=31881\" target=\"_blank\" rel=\"noreferrer noopener\">Bulletin officiel n\u00b011 du 12 mars 2015<\/a><\/p>\n<\/div>\n<\/div>\n\n\n\n<div class=\"wp-block-columns is-layout-flex wp-container-core-columns-is-layout-2 wp-block-columns-is-layout-flex\">\n<div class=\"wp-block-column is-layout-flow wp-block-column-is-layout-flow\">\n<p class=\"has-text-align-center has-pale-cyan-blue-background-color has-background\"><strong>Conventions<\/strong><\/p>\n\n\n\n<p class=\"has-text-align-center\"><a href=\"http:\/\/eduscol.education.fr\/sti\/sites\/eduscol.education.fr.sti\/files\/textes\/formations-tout-niveau-brevet-dinitiation-aeronautique-bia\/6188-boen-25juin2015-convention-men-ggac-cnfas.pdf\" target=\"_blank\" rel=\"noreferrer noopener\">Convention BIA &#8211; \u00c9ducation nationale du 18\/05\/2015<\/a><\/p>\n\n\n\n<p class=\"has-text-align-center\"><a href=\"http:\/\/eduscol.education.fr\/sti\/sites\/eduscol.education.fr.sti\/files\/textes\/formations-tout-niveau-brevet-dinitiation-aeronautique-bia\/5952-convention-nationale-bia-18mai2015.pdf\" target=\"_blank\" rel=\"noreferrer noopener\">Convention nationale &#8211; \u00c9ducation nationale &#8211; DGAC &#8211; CNFAS<\/a><\/p>\n<\/div>\n\n\n\n<div class=\"wp-block-column is-layout-flow wp-block-column-is-layout-flow\">\n<p class=\"has-text-align-center has-pale-cyan-blue-background-color has-background\"><strong>Formulaires utiles<\/strong><\/p>\n\n\n\n<p class=\"has-text-align-center\"><a href=\"..\/convention%20etablissement%20aeroclub.pdf\" target=\"_blank\" rel=\"noreferrer noopener\">Mod\u00e8le de convention a\u00e9roclub\/\u00e9tablissement scolaire<\/a><\/p>\n\n\n\n<p class=\"has-text-align-center\"><a href=\"..\/Convention%20ffplum.pdf\" target=\"_blank\" rel=\"noreferrer noopener\">Mod\u00e8le de convention FFPLUM<\/a><\/p>\n\n\n\n<p class=\"has-text-align-center\"><a href=\"..\/autorisation%20parentale.pdf\" target=\"_blank\" rel=\"noreferrer noopener\">Mod\u00e8le d&rsquo;autorisation parentale<\/a><\/p>\n<\/div>\n<\/div>\n\n\n\n<div style=\"height:48px\" aria-hidden=\"true\" class=\"wp-block-spacer\"><\/div>\n\n\n\n<figure class=\"wp-block-gallery has-nested-images columns-default is-cropped wp-block-gallery-1 is-layout-flex wp-block-gallery-is-layout-flex\">\n<figure class=\"wp-block-image size-large wp-duotone-grayscale\"><img loading=\"lazy\" decoding=\"async\" width=\"1024\" height=\"683\" data-id=\"4474\" src=\"https:\/\/sites.ac-nancy-metz.fr\/ciras\/wp-content\/uploads\/vintage-propeller-airplane-sky-1024x683.jpg\" alt=\"\" class=\"wp-image-4474\" srcset=\"https:\/\/sites.ac-nancy-metz.fr\/ciras\/wp-content\/uploads\/vintage-propeller-airplane-sky-1024x683.jpg 1024w, https:\/\/sites.ac-nancy-metz.fr\/ciras\/wp-content\/uploads\/vintage-propeller-airplane-sky-300x200.jpg 300w, https:\/\/sites.ac-nancy-metz.fr\/ciras\/wp-content\/uploads\/vintage-propeller-airplane-sky-768x512.jpg 768w, https:\/\/sites.ac-nancy-metz.fr\/ciras\/wp-content\/uploads\/vintage-propeller-airplane-sky-1536x1024.jpg 1536w, https:\/\/sites.ac-nancy-metz.fr\/ciras\/wp-content\/uploads\/vintage-propeller-airplane-sky-2048x1365.jpg 2048w\" sizes=\"(max-width: 1024px) 100vw, 1024px\" \/><\/figure>\n\n\n\n<figure class=\"wp-block-image size-large wp-duotone-midnight\"><img loading=\"lazy\" decoding=\"async\" width=\"1024\" height=\"683\" data-id=\"4475\" src=\"https:\/\/sites.ac-nancy-metz.fr\/ciras\/wp-content\/uploads\/monument-fighter-aircraft-1024x683.jpg\" alt=\"\" class=\"wp-image-4475\" srcset=\"https:\/\/sites.ac-nancy-metz.fr\/ciras\/wp-content\/uploads\/monument-fighter-aircraft-1024x683.jpg 1024w, https:\/\/sites.ac-nancy-metz.fr\/ciras\/wp-content\/uploads\/monument-fighter-aircraft-300x200.jpg 300w, https:\/\/sites.ac-nancy-metz.fr\/ciras\/wp-content\/uploads\/monument-fighter-aircraft-768x512.jpg 768w, https:\/\/sites.ac-nancy-metz.fr\/ciras\/wp-content\/uploads\/monument-fighter-aircraft-1536x1024.jpg 1536w, https:\/\/sites.ac-nancy-metz.fr\/ciras\/wp-content\/uploads\/monument-fighter-aircraft-2048x1365.jpg 2048w\" sizes=\"(max-width: 1024px) 100vw, 1024px\" \/><\/figure>\n\n\n\n<figure class=\"wp-block-image size-large wp-duotone-magenta-yellow\"><img loading=\"lazy\" decoding=\"async\" width=\"1024\" height=\"683\" data-id=\"4476\" src=\"https:\/\/sites.ac-nancy-metz.fr\/ciras\/wp-content\/uploads\/airplane-jet-fly-high-sky-journey-through-clouds-sunny-glare-1024x683.jpg\" alt=\"\" class=\"wp-image-4476\" srcset=\"https:\/\/sites.ac-nancy-metz.fr\/ciras\/wp-content\/uploads\/airplane-jet-fly-high-sky-journey-through-clouds-sunny-glare-1024x683.jpg 1024w, https:\/\/sites.ac-nancy-metz.fr\/ciras\/wp-content\/uploads\/airplane-jet-fly-high-sky-journey-through-clouds-sunny-glare-300x200.jpg 300w, https:\/\/sites.ac-nancy-metz.fr\/ciras\/wp-content\/uploads\/airplane-jet-fly-high-sky-journey-through-clouds-sunny-glare-768x512.jpg 768w, https:\/\/sites.ac-nancy-metz.fr\/ciras\/wp-content\/uploads\/airplane-jet-fly-high-sky-journey-through-clouds-sunny-glare-1536x1024.jpg 1536w, https:\/\/sites.ac-nancy-metz.fr\/ciras\/wp-content\/uploads\/airplane-jet-fly-high-sky-journey-through-clouds-sunny-glare-2048x1366.jpg 2048w\" sizes=\"(max-width: 1024px) 100vw, 1024px\" \/><\/figure>\n<\/figure>\n","protected":false},"excerpt":{"rendered":"<p>Programmes Programme de l\u2019\u00e9preuve d\u2019admissibilit\u00e9 de l\u2019examen du CAEA Programme et niveau de connaissances de l&rsquo;examen du brevet d&rsquo;initiation a\u00e9ronautique ( BIA) Arr\u00eat\u00e9s Arr\u00eat\u00e9 du 19&#8230;<\/p>\n","protected":false},"author":1,"featured_media":0,"parent":0,"menu_order":0,"comment_status":"closed","ping_status":"closed","template":"","meta":{"footnotes":""},"class_list":["post-3911","page","type-page","status-publish","hentry"],"_links":{"self":[{"href":"https:\/\/sites.ac-nancy-metz.fr\/ciras\/wp-json\/wp\/v2\/pages\/3911"}],"collection":[{"href":"https:\/\/sites.ac-nancy-metz.fr\/ciras\/wp-json\/wp\/v2\/pages"}],"about":[{"href":"https:\/\/sites.ac-nancy-metz.fr\/ciras\/wp-json\/wp\/v2\/types\/page"}],"author":[{"embeddable":true,"href":"https:\/\/sites.ac-nancy-metz.fr\/ciras\/wp-json\/wp\/v2\/users\/1"}],"replies":[{"embeddable":true,"href":"https:\/\/sites.ac-nancy-metz.fr\/ciras\/wp-json\/wp\/v2\/comments?post=3911"}],"version-history":[{"count":12,"href":"https:\/\/sites.ac-nancy-metz.fr\/ciras\/wp-json\/wp\/v2\/pages\/3911\/revisions"}],"predecessor-version":[{"id":4477,"href":"https:\/\/sites.ac-nancy-metz.fr\/ciras\/wp-json\/wp\/v2\/pages\/3911\/revisions\/4477"}],"wp:attachment":[{"href":"https:\/\/sites.ac-nancy-metz.fr\/ciras\/wp-json\/wp\/v2\/media?parent=3911"}],"curies":[{"name":"wp","href":"https:\/\/api.w.org\/{rel}","templated":true}]}}