{"id":3947,"date":"2024-04-17T10:00:16","date_gmt":"2024-04-17T09:00:16","guid":{"rendered":"https:\/\/sites.ac-nancy-metz.fr\/ciras\/?page_id=3947"},"modified":"2024-10-24T21:18:28","modified_gmt":"2024-10-24T20:18:28","slug":"nous-contacter","status":"publish","type":"page","link":"https:\/\/sites.ac-nancy-metz.fr\/ciras\/nous-contacter\/","title":{"rendered":"Nous contacter"},"content":{"rendered":"\n<figure class=\"wp-block-image alignfull size-large\"><img loading=\"lazy\" decoding=\"async\" width=\"1024\" height=\"134\" src=\"https:\/\/sites.ac-nancy-metz.fr\/ciras\/wp-content\/uploads\/bandeau-contact-1024x134.jpg\" alt=\"\" class=\"wp-image-4503\" srcset=\"https:\/\/sites.ac-nancy-metz.fr\/ciras\/wp-content\/uploads\/bandeau-contact-1024x134.jpg 1024w, https:\/\/sites.ac-nancy-metz.fr\/ciras\/wp-content\/uploads\/bandeau-contact-300x39.jpg 300w, https:\/\/sites.ac-nancy-metz.fr\/ciras\/wp-content\/uploads\/bandeau-contact-768x100.jpg 768w, https:\/\/sites.ac-nancy-metz.fr\/ciras\/wp-content\/uploads\/bandeau-contact-1536x201.jpg 1536w, https:\/\/sites.ac-nancy-metz.fr\/ciras\/wp-content\/uploads\/bandeau-contact.jpg 1920w\" sizes=\"(max-width: 1024px) 100vw, 1024px\" \/><\/figure>\n\n\n\n<p>Le CIRAS de l&rsquo;acad\u00e9mie de Nancy-Metz est au service de l&rsquo;ensemble de la communaut\u00e9 \u00e9ducative. Pour toute question notre \u00e9quipe est \u00e0 votre \u00e9coute. Nous r\u00e9pondrons du mieux possible \u00e0 vos besoins !<\/p>\n\n\n\n<hr class=\"wp-block-separator has-alpha-channel-opacity\"\/>\n\n\n\n<div class=\"wp-block-columns is-layout-flex wp-container-core-columns-is-layout-1 wp-block-columns-is-layout-flex\">\n<div class=\"wp-block-column is-layout-flow wp-block-column-is-layout-flow\">\n<p class=\"has-text-align-center has-white-color has-vivid-cyan-blue-background-color has-text-color has-background has-link-color wp-elements-a47384960266b9194ffc548cc5ca56e7\"><strong>Courrier \u00e9lectronique <\/strong><\/p>\n\n\n\n<p class=\"has-text-align-center has-medium-font-size\"><a href=\"mailto:clemi@ac-nancy-metz.fr\">ciras@ac-nancy-metz.fr<\/a><\/p>\n<\/div>\n\n\n\n<div class=\"wp-block-column is-layout-flow wp-block-column-is-layout-flow\">\n<p class=\"has-text-align-center has-white-color has-vivid-cyan-blue-background-color has-text-color has-background has-link-color wp-elements-d4c62e6f4054e9354608727e9c73e8a3\"><strong>T\u00e9l\u00e9phone<\/strong><\/p>\n\n\n\n<p class=\"has-text-align-center has-medium-font-size\">03 83 86 24 78 \/ 06 22 52 10 55<\/p>\n<\/div>\n\n\n\n<div class=\"wp-block-column is-layout-flow wp-block-column-is-layout-flow\">\n<p class=\"has-text-align-center has-white-color has-vivid-cyan-blue-background-color has-text-color has-background has-link-color wp-elements-982b07b182fb999b1644e9bd81cf8502\"><strong>Au rectorat<\/strong><\/p>\n\n\n\n<p class=\"has-text-align-center has-medium-font-size\">9, rue des Brice &#8211; Rond-point Marguerite &#8211; 54035 Nancy Cedex<\/p>\n<\/div>\n<\/div>\n\n\n\n<div style=\"height:66px\" aria-hidden=\"true\" class=\"wp-block-spacer\"><\/div>\n\n\n\n<figure class=\"wp-block-gallery has-nested-images columns-default is-cropped wp-block-gallery-1 is-layout-flex wp-block-gallery-is-layout-flex\">\n<figure class=\"wp-block-image size-large\"><img loading=\"lazy\" decoding=\"async\" width=\"1024\" height=\"683\" data-id=\"4508\" src=\"https:\/\/sites.ac-nancy-metz.fr\/ciras\/wp-content\/uploads\/airplane-jet-fly-high-sky-journey-through-clouds-sunny-glare-1-1024x683.jpg\" alt=\"\" class=\"wp-image-4508\" srcset=\"https:\/\/sites.ac-nancy-metz.fr\/ciras\/wp-content\/uploads\/airplane-jet-fly-high-sky-journey-through-clouds-sunny-glare-1-1024x683.jpg 1024w, https:\/\/sites.ac-nancy-metz.fr\/ciras\/wp-content\/uploads\/airplane-jet-fly-high-sky-journey-through-clouds-sunny-glare-1-300x200.jpg 300w, https:\/\/sites.ac-nancy-metz.fr\/ciras\/wp-content\/uploads\/airplane-jet-fly-high-sky-journey-through-clouds-sunny-glare-1-768x512.jpg 768w, https:\/\/sites.ac-nancy-metz.fr\/ciras\/wp-content\/uploads\/airplane-jet-fly-high-sky-journey-through-clouds-sunny-glare-1-1536x1024.jpg 1536w, https:\/\/sites.ac-nancy-metz.fr\/ciras\/wp-content\/uploads\/airplane-jet-fly-high-sky-journey-through-clouds-sunny-glare-1-2048x1366.jpg 2048w\" sizes=\"(max-width: 1024px) 100vw, 1024px\" \/><\/figure>\n\n\n\n<figure class=\"wp-block-image size-large\"><img loading=\"lazy\" decoding=\"async\" width=\"1024\" height=\"683\" data-id=\"4509\" src=\"https:\/\/sites.ac-nancy-metz.fr\/ciras\/wp-content\/uploads\/contrails-white-lines-against-blue-sky-1024x683.jpg\" alt=\"\" class=\"wp-image-4509\" srcset=\"https:\/\/sites.ac-nancy-metz.fr\/ciras\/wp-content\/uploads\/contrails-white-lines-against-blue-sky-1024x683.jpg 1024w, https:\/\/sites.ac-nancy-metz.fr\/ciras\/wp-content\/uploads\/contrails-white-lines-against-blue-sky-300x200.jpg 300w, https:\/\/sites.ac-nancy-metz.fr\/ciras\/wp-content\/uploads\/contrails-white-lines-against-blue-sky-768x512.jpg 768w, https:\/\/sites.ac-nancy-metz.fr\/ciras\/wp-content\/uploads\/contrails-white-lines-against-blue-sky-1536x1024.jpg 1536w, https:\/\/sites.ac-nancy-metz.fr\/ciras\/wp-content\/uploads\/contrails-white-lines-against-blue-sky-2048x1365.jpg 2048w\" sizes=\"(max-width: 1024px) 100vw, 1024px\" \/><\/figure>\n\n\n\n<figure class=\"wp-block-image size-large\"><img loading=\"lazy\" decoding=\"async\" width=\"1024\" height=\"683\" data-id=\"4510\" src=\"https:\/\/sites.ac-nancy-metz.fr\/ciras\/wp-content\/uploads\/sunset-white-clouds-blue-sky-from-airplane-window-view-colorful-cloudscape-background-1024x683.jpg\" alt=\"\" class=\"wp-image-4510\" srcset=\"https:\/\/sites.ac-nancy-metz.fr\/ciras\/wp-content\/uploads\/sunset-white-clouds-blue-sky-from-airplane-window-view-colorful-cloudscape-background-1024x683.jpg 1024w, https:\/\/sites.ac-nancy-metz.fr\/ciras\/wp-content\/uploads\/sunset-white-clouds-blue-sky-from-airplane-window-view-colorful-cloudscape-background-300x200.jpg 300w, https:\/\/sites.ac-nancy-metz.fr\/ciras\/wp-content\/uploads\/sunset-white-clouds-blue-sky-from-airplane-window-view-colorful-cloudscape-background-768x512.jpg 768w, https:\/\/sites.ac-nancy-metz.fr\/ciras\/wp-content\/uploads\/sunset-white-clouds-blue-sky-from-airplane-window-view-colorful-cloudscape-background-1536x1024.jpg 1536w, https:\/\/sites.ac-nancy-metz.fr\/ciras\/wp-content\/uploads\/sunset-white-clouds-blue-sky-from-airplane-window-view-colorful-cloudscape-background-2048x1365.jpg 2048w\" sizes=\"(max-width: 1024px) 100vw, 1024px\" \/><\/figure>\n<\/figure>\n","protected":false},"excerpt":{"rendered":"<p>Le CIRAS de l&rsquo;acad\u00e9mie de Nancy-Metz est au service de l&rsquo;ensemble de la communaut\u00e9 \u00e9ducative. Pour toute question notre \u00e9quipe est \u00e0 votre \u00e9coute. Nous r\u00e9pondrons&#8230;<\/p>\n","protected":false},"author":1,"featured_media":0,"parent":0,"menu_order":0,"comment_status":"closed","ping_status":"closed","template":"","meta":{"footnotes":""},"class_list":["post-3947","page","type-page","status-publish","hentry"],"_links":{"self":[{"href":"https:\/\/sites.ac-nancy-metz.fr\/ciras\/wp-json\/wp\/v2\/pages\/3947"}],"collection":[{"href":"https:\/\/sites.ac-nancy-metz.fr\/ciras\/wp-json\/wp\/v2\/pages"}],"about":[{"href":"https:\/\/sites.ac-nancy-metz.fr\/ciras\/wp-json\/wp\/v2\/types\/page"}],"author":[{"embeddable":true,"href":"https:\/\/sites.ac-nancy-metz.fr\/ciras\/wp-json\/wp\/v2\/users\/1"}],"replies":[{"embeddable":true,"href":"https:\/\/sites.ac-nancy-metz.fr\/ciras\/wp-json\/wp\/v2\/comments?post=3947"}],"version-history":[{"count":13,"href":"https:\/\/sites.ac-nancy-metz.fr\/ciras\/wp-json\/wp\/v2\/pages\/3947\/revisions"}],"predecessor-version":[{"id":4513,"href":"https:\/\/sites.ac-nancy-metz.fr\/ciras\/wp-json\/wp\/v2\/pages\/3947\/revisions\/4513"}],"wp:attachment":[{"href":"https:\/\/sites.ac-nancy-metz.fr\/ciras\/wp-json\/wp\/v2\/media?parent=3947"}],"curies":[{"name":"wp","href":"https:\/\/api.w.org\/{rel}","templated":true}]}}