{"id":4329,"date":"2024-10-24T09:09:50","date_gmt":"2024-10-24T08:09:50","guid":{"rendered":"https:\/\/sites.ac-nancy-metz.fr\/ciras\/?page_id=4329"},"modified":"2024-10-24T20:33:23","modified_gmt":"2024-10-24T19:33:23","slug":"presentation","status":"publish","type":"page","link":"https:\/\/sites.ac-nancy-metz.fr\/ciras\/presentation\/","title":{"rendered":"Pr\u00e9sentation"},"content":{"rendered":"\n<figure class=\"wp-block-image alignfull size-large\"><img loading=\"lazy\" decoding=\"async\" width=\"1024\" height=\"134\" src=\"https:\/\/sites.ac-nancy-metz.fr\/ciras\/wp-content\/uploads\/bandeau-avion-1024x134.jpg\" alt=\"\" class=\"wp-image-4458\" srcset=\"https:\/\/sites.ac-nancy-metz.fr\/ciras\/wp-content\/uploads\/bandeau-avion-1024x134.jpg 1024w, https:\/\/sites.ac-nancy-metz.fr\/ciras\/wp-content\/uploads\/bandeau-avion-300x39.jpg 300w, https:\/\/sites.ac-nancy-metz.fr\/ciras\/wp-content\/uploads\/bandeau-avion-768x100.jpg 768w, https:\/\/sites.ac-nancy-metz.fr\/ciras\/wp-content\/uploads\/bandeau-avion-1536x201.jpg 1536w, https:\/\/sites.ac-nancy-metz.fr\/ciras\/wp-content\/uploads\/bandeau-avion.jpg 1920w\" sizes=\"(max-width: 1024px) 100vw, 1024px\" \/><\/figure>\n\n\n\n<p>Le <strong>C<\/strong>omit\u00e9 d&rsquo;<strong>I<\/strong>nitiation <strong>R<\/strong>\u00e9gional \u00e0 l&rsquo;<strong>A<\/strong>\u00e9ronautique et au <strong>S<\/strong>patial (<strong>CIRAS<\/strong>) de l&rsquo;<a href=\"https:\/\/www.ac-nancy-metz.fr\">acad\u00e9mie de Nancy-Metz<\/a> a pour mission de promouvoir l&rsquo;enseignement a\u00e9ronautique aupr\u00e8s des \u00e9l\u00e8ves, des \u00e9tudiants, des personnels enseignants ainsi que l&rsquo;ensemble des activit\u00e9s du domaine a\u00e9ronautique.<\/p>\n\n\n\n<p><strong>Le CIRAS est compos\u00e9 :<\/strong><\/p>\n\n\n\n<ul class=\"wp-block-list\">\n<li>du recteur ou de son repr\u00e9sentant ;<\/li>\n\n\n\n<li>du coordonnateur acad\u00e9mique pour le CIRAS ;<\/li>\n\n\n\n<li>d\u2019un repr\u00e9sentant r\u00e9gional de la DGAC ;<\/li>\n\n\n\n<li>d\u2019un formateur de l\u2019acad\u00e9mie titulaire du CAEA, d\u00e9sign\u00e9 par le recteur ;<\/li>\n\n\n\n<li>de quatre repr\u00e9sentants au maximum des pr\u00e9sidents des comit\u00e9s r\u00e9gionaux des f\u00e9d\u00e9rations a\u00e9ronautiques et sportives.<\/li>\n<\/ul>\n\n\n\n<hr class=\"wp-block-separator has-alpha-channel-opacity\"\/>\n\n\n\n<h2 class=\"wp-block-heading\">Les missions du CIRAS<\/h2>\n\n\n\n<ul class=\"wp-block-list\">\n<li>Sensibiliser les \u00e9l\u00e8ves d\u00e8s le coll\u00e8ge : aux m\u00e9tiers de l\u2019aviation (le m\u00e9tier de pilote, mais aussi tous les m\u00e9tiers en rapport avec l\u2019aviation : contr\u00f4leur, m\u00e9t\u00e9orologiste, m\u00e9caniciens,&#8230;), aux m\u00e9tiers de l\u2019espace, \u00e0 l\u2019aviation de loisir, \u00e0 l\u2019a\u00e9romod\u00e9lisme.<\/li>\n\n\n\n<li>Coordonner et appr\u00e9cier les activit\u00e9s a\u00e9ronautiques et spatiales \u00e0 caract\u00e8re \u00e9ducatif s\u2019exer\u00e7ant ou pr\u00e9vues dans l\u2019acad\u00e9mie.<\/li>\n\n\n\n<li>Initialiser des op\u00e9rations qui pourraient s\u2019effectuer dans un \u00e9tablissement ou un groupe d\u2019\u00e9tablissements, dans un a\u00e9ro-club, aupr\u00e8s d\u2019un industriel, dans une universit\u00e9.<\/li>\n\n\n\n<li>Permettre de d\u00e9velopper les enseignements pr\u00e9parant au <strong>B<\/strong>revet d\u2019<strong>I<\/strong>nitiation <strong>A<\/strong>\u00e9ronautique (BIA) et au <strong>C<\/strong>ertificat d\u2019<strong>A<\/strong>ptitude \u00e0 l\u2019<strong>E<\/strong>nseignement <strong>A<\/strong>\u00e9ronautique (CAEA).<\/li>\n\n\n\n<li>Organiser au niveau acad\u00e9mique les \u00e9preuves de ces examens.<\/li>\n<\/ul>\n\n\n\n<hr class=\"wp-block-separator has-alpha-channel-opacity\"\/>\n\n\n\n<div class=\"wp-block-buttons is-layout-flex wp-block-buttons-is-layout-flex\">\n<div class=\"wp-block-button has-custom-width wp-block-button__width-100 is-style-outline is-style-outline--34e76489a021f92fbf6c8dcbe119ab0b\"><a class=\"wp-block-button__link wp-element-button\" href=\"https:\/\/www.ac-nancy-metz.fr\/les-autres-examens-122444\">Plus d&rsquo;informations sur les examens<\/a><\/div>\n<\/div>\n\n\n\n<div style=\"height:42px\" aria-hidden=\"true\" class=\"wp-block-spacer\"><\/div>\n\n\n\n<figure class=\"wp-block-image size-full is-resized wp-duotone-midnight\"><img loading=\"lazy\" decoding=\"async\" width=\"2560\" height=\"960\" src=\"https:\/\/sites.ac-nancy-metz.fr\/ciras\/wp-content\/uploads\/travel-scaled.jpg\" alt=\"\" class=\"wp-image-4463\" style=\"width:1140px;height:auto\" srcset=\"https:\/\/sites.ac-nancy-metz.fr\/ciras\/wp-content\/uploads\/travel-scaled.jpg 2560w, https:\/\/sites.ac-nancy-metz.fr\/ciras\/wp-content\/uploads\/travel-300x113.jpg 300w, https:\/\/sites.ac-nancy-metz.fr\/ciras\/wp-content\/uploads\/travel-1024x384.jpg 1024w, https:\/\/sites.ac-nancy-metz.fr\/ciras\/wp-content\/uploads\/travel-768x288.jpg 768w, https:\/\/sites.ac-nancy-metz.fr\/ciras\/wp-content\/uploads\/travel-1536x576.jpg 1536w, https:\/\/sites.ac-nancy-metz.fr\/ciras\/wp-content\/uploads\/travel-2048x768.jpg 2048w\" sizes=\"(max-width: 2560px) 100vw, 2560px\" \/><\/figure>\n","protected":false},"excerpt":{"rendered":"<p>Le Comit\u00e9 d&rsquo;Initiation R\u00e9gional \u00e0 l&rsquo;A\u00e9ronautique et au Spatial (CIRAS) de l&rsquo;acad\u00e9mie de Nancy-Metz a pour mission de promouvoir l&rsquo;enseignement a\u00e9ronautique aupr\u00e8s des \u00e9l\u00e8ves, des \u00e9tudiants,&#8230;<\/p>\n","protected":false},"author":1,"featured_media":0,"parent":0,"menu_order":0,"comment_status":"closed","ping_status":"closed","template":"","meta":{"footnotes":""},"class_list":["post-4329","page","type-page","status-publish","hentry"],"_links":{"self":[{"href":"https:\/\/sites.ac-nancy-metz.fr\/ciras\/wp-json\/wp\/v2\/pages\/4329"}],"collection":[{"href":"https:\/\/sites.ac-nancy-metz.fr\/ciras\/wp-json\/wp\/v2\/pages"}],"about":[{"href":"https:\/\/sites.ac-nancy-metz.fr\/ciras\/wp-json\/wp\/v2\/types\/page"}],"author":[{"embeddable":true,"href":"https:\/\/sites.ac-nancy-metz.fr\/ciras\/wp-json\/wp\/v2\/users\/1"}],"replies":[{"embeddable":true,"href":"https:\/\/sites.ac-nancy-metz.fr\/ciras\/wp-json\/wp\/v2\/comments?post=4329"}],"version-history":[{"count":4,"href":"https:\/\/sites.ac-nancy-metz.fr\/ciras\/wp-json\/wp\/v2\/pages\/4329\/revisions"}],"predecessor-version":[{"id":4464,"href":"https:\/\/sites.ac-nancy-metz.fr\/ciras\/wp-json\/wp\/v2\/pages\/4329\/revisions\/4464"}],"wp:attachment":[{"href":"https:\/\/sites.ac-nancy-metz.fr\/ciras\/wp-json\/wp\/v2\/media?parent=4329"}],"curies":[{"name":"wp","href":"https:\/\/api.w.org\/{rel}","templated":true}]}}