{"id":4332,"date":"2024-10-24T09:34:57","date_gmt":"2024-10-24T08:34:57","guid":{"rendered":"https:\/\/sites.ac-nancy-metz.fr\/ciras\/?page_id=4332"},"modified":"2025-12-17T10:43:55","modified_gmt":"2025-12-17T09:43:55","slug":"le-bia-brevet-dinitiation-aeronautique","status":"publish","type":"page","link":"https:\/\/sites.ac-nancy-metz.fr\/ciras\/le-bia-brevet-dinitiation-aeronautique\/","title":{"rendered":"Le BIA (Brevet d&rsquo;Initiation A\u00e9ronautique)"},"content":{"rendered":"\n<figure class=\"wp-block-image alignfull size-large\"><img loading=\"lazy\" decoding=\"async\" width=\"1024\" height=\"134\" src=\"https:\/\/sites.ac-nancy-metz.fr\/ciras\/wp-content\/uploads\/bandeau-bia-1024x134.jpg\" alt=\"\" class=\"wp-image-4517\" srcset=\"https:\/\/sites.ac-nancy-metz.fr\/ciras\/wp-content\/uploads\/bandeau-bia-1024x134.jpg 1024w, https:\/\/sites.ac-nancy-metz.fr\/ciras\/wp-content\/uploads\/bandeau-bia-300x39.jpg 300w, https:\/\/sites.ac-nancy-metz.fr\/ciras\/wp-content\/uploads\/bandeau-bia-768x100.jpg 768w, https:\/\/sites.ac-nancy-metz.fr\/ciras\/wp-content\/uploads\/bandeau-bia-1536x201.jpg 1536w, https:\/\/sites.ac-nancy-metz.fr\/ciras\/wp-content\/uploads\/bandeau-bia.jpg 1920w\" sizes=\"(max-width: 1024px) 100vw, 1024px\" \/><\/figure>\n\n\n\n<p>Le <strong>Brevet d&rsquo;Initiation A\u00e9ronautique (BIA)<\/strong> est un dipl\u00f4me qui certifie une culture g\u00e9n\u00e9rale dans le domaine a\u00e9ronautique. <\/p>\n\n\n\n<p>C\u2019est un dipl\u00f4me qui atteste de la possession de solides connaissances th\u00e9oriques sur tout ce qui vole.<\/p>\n\n\n\n<p>En outre il peut \u00eatre un moyen d\u2019information privil\u00e9gi\u00e9 pour une future orientation vers les m\u00e9tiers de l\u2019a\u00e9ronautique, secteur d\u2019avenir \u00e9conomique et porteur d\u2019emplois.<\/p>\n\n\n\n<hr class=\"wp-block-separator has-alpha-channel-opacity\"\/>\n\n\n\n<h2 class=\"wp-block-heading\">L&rsquo;examen<\/h2>\n\n\n\n<div class=\"wp-block-media-text is-stacked-on-mobile\" style=\"grid-template-columns:23% auto\"><figure class=\"wp-block-media-text__media\"><img loading=\"lazy\" decoding=\"async\" width=\"279\" height=\"395\" src=\"https:\/\/sites.ac-nancy-metz.fr\/ciras\/wp-content\/uploads\/7143-doc-reponses-qcm-au-bia_m.gif\" alt=\"\" class=\"wp-image-4389 size-full\"\/><\/figure><div class=\"wp-block-media-text__content\">\n<p>L\u2019examen est sous la forme d&rsquo;un QCM, donc vous n\u2019aurez qu\u2019\u00e0 cocher les bonnes cases du document r\u00e9ponse.<\/p>\n\n\n\n<p>La note z\u00e9ro est \u00e9liminatoire, sauf pour l&rsquo;\u00e9preuve facultative. Chaque question vaut 1 point. Une r\u00e9ponse fausse n&rsquo;apporte pas de points. Les cinq th\u00e8mes ont tous le coefficient 1. <\/p>\n\n\n\n<p>Seuls les points au-dessus de 10 sont pris en compte pour l&rsquo;\u00e9preuve facultative. <\/p>\n\n\n\n<p>L&rsquo;ensemble des \u00e9preuves obligatoires dure 2 h 30 min. Un total de 50 points sur 100 est exig\u00e9 pour obtenir l&rsquo;examen.<\/p>\n<\/div><\/div>\n\n\n\n<hr class=\"wp-block-separator has-alpha-channel-opacity\"\/>\n\n\n\n<h2 class=\"wp-block-heading\">Sujet et corrig\u00e9s<\/h2>\n\n\n\n<div class=\"wp-block-columns is-layout-flex wp-container-core-columns-is-layout-1 wp-block-columns-is-layout-flex\">\n<div class=\"wp-block-column is-layout-flow wp-block-column-is-layout-flow\">\n<p class=\"has-text-align-center has-medium-font-size\">Sujets<\/p>\n\n\n\n<p class=\"has-text-align-center has-white-color has-cyan-bluish-gray-background-color has-text-color has-background has-link-color wp-elements-adf8b01c26444cccaaf42cf4925c99f7\"><a href=\"https:\/\/sites.ac-nancy-metz.fr\/ciras\/wp-content\/uploads\/bia-2015.pdf\">2015<\/a><\/p>\n\n\n\n<p class=\"has-text-align-center has-white-color has-cyan-bluish-gray-background-color has-text-color has-background has-link-color wp-elements-55fc601fe40d1584f54e4fc4c64b1be3\"><a href=\"https:\/\/sites.ac-nancy-metz.fr\/ciras\/wp-content\/uploads\/bia_2016.pdf\">2016<\/a><\/p>\n\n\n\n<p class=\"has-text-align-center has-white-color has-cyan-bluish-gray-background-color has-text-color has-background has-link-color wp-elements-e63d7d2d46e0915e19b1335eb78e469c\"><a href=\"https:\/\/sites.ac-nancy-metz.fr\/ciras\/wp-content\/uploads\/bia_anglais_2016.pdf\">2016 (Anglais)<\/a><\/p>\n\n\n\n<p class=\"has-text-align-center has-white-color has-cyan-bluish-gray-background-color has-text-color has-background has-link-color wp-elements-294e35972d8608a43ad3842d05b03d58\"><a href=\"https:\/\/sites.ac-nancy-metz.fr\/ciras\/wp-content\/uploads\/bia_2017.pdf\">2017<\/a><\/p>\n\n\n\n<p class=\"has-text-align-center has-white-color has-cyan-bluish-gray-background-color has-text-color has-background has-link-color wp-elements-f936c5cb81de718a9da90a2d72dc3d8b\"><a href=\"https:\/\/sites.ac-nancy-metz.fr\/ciras\/wp-content\/uploads\/bia_2018.pdf\">2018<\/a><\/p>\n\n\n\n<p class=\"has-text-align-center has-white-color has-cyan-bluish-gray-background-color has-text-color has-background has-link-color wp-elements-1b9f9ed55e9da4b88f8a5ae64b698f67\"><a href=\"https:\/\/sites.ac-nancy-metz.fr\/ciras\/wp-content\/uploads\/bia_anglais_2018.pdf\">2018 (Anglais)<\/a><\/p>\n\n\n\n<p class=\"has-text-align-center has-white-color has-cyan-bluish-gray-background-color has-text-color has-background has-link-color wp-elements-3f8d1a80572aba2decc21fa837b5873e\"><a href=\"https:\/\/sites.ac-nancy-metz.fr\/ciras\/wp-content\/uploads\/bia_2019.pdf\">2019<\/a><\/p>\n\n\n\n<p class=\"has-text-align-center has-white-color has-cyan-bluish-gray-background-color has-text-color has-background has-link-color wp-elements-c1fa467f254beb40b8c2ffa8600c8cbe\"><a href=\"https:\/\/sites.ac-nancy-metz.fr\/ciras\/wp-content\/uploads\/bia2021.pdf\">2021<\/a><\/p>\n\n\n\n<p class=\"has-text-align-center has-white-color has-cyan-bluish-gray-background-color has-text-color has-background has-link-color wp-elements-32041d444f4adcf16f68dea02f7bd325\"><a href=\"https:\/\/sites.ac-nancy-metz.fr\/ciras\/wp-content\/uploads\/bia2022.pdf\">2022<\/a><\/p>\n<\/div>\n\n\n\n<div class=\"wp-block-column is-layout-flow wp-block-column-is-layout-flow\">\n<p class=\"has-text-align-center has-medium-font-size\">Corrections<\/p>\n\n\n\n<p class=\"has-text-align-center has-white-color has-pale-cyan-blue-background-color has-text-color has-background has-link-color wp-elements-3533d6640994bf9b3c66cecf1520490b\"><a href=\"https:\/\/sites.ac-nancy-metz.fr\/ciras\/wp-content\/uploads\/corrige_2015.pdf\">Corrig\u00e9 2015<\/a><\/p>\n\n\n\n<p class=\"has-text-align-center has-white-color has-pale-cyan-blue-background-color has-text-color has-background has-link-color wp-elements-e03100269439557eac2eef5911eb8b13\"><a href=\"https:\/\/sites.ac-nancy-metz.fr\/ciras\/wp-content\/uploads\/corrige_2016.pdf\">Corrig\u00e9 2016<\/a><\/p>\n\n\n\n<p class=\"has-white-color has-white-background-color has-text-color has-background has-link-color wp-elements-efec8387b661c7c8ffe22217941b7781\">Corrig\u00e9<\/p>\n\n\n\n<p class=\"has-text-align-center has-white-color has-pale-cyan-blue-background-color has-text-color has-background has-link-color wp-elements-7378f637b8a4172e76830a74282b251a\"><a href=\"https:\/\/sites.ac-nancy-metz.fr\/ciras\/wp-content\/uploads\/corrige_2017.pdf\">Corrig\u00e9 2017<\/a><\/p>\n\n\n\n<p class=\"has-text-align-center has-white-color has-pale-cyan-blue-background-color has-text-color has-background has-link-color wp-elements-07eb6b153a857194f6bf62394e8d1521\"><a href=\"https:\/\/sites.ac-nancy-metz.fr\/ciras\/wp-content\/uploads\/corrige2018.pdf\">Corrig\u00e9 2018<\/a><\/p>\n\n\n\n<p class=\"has-white-color has-white-background-color has-text-color has-background has-link-color wp-elements-5f7d2cb5e509d3640fa0cbc37f27bb8e\">corrig\u00e9<\/p>\n\n\n\n<p class=\"has-text-align-center has-white-color has-pale-cyan-blue-background-color has-text-color has-background has-link-color wp-elements-d8e3c71bb0c2be8fe6ef7b650263afb3\"><a href=\"https:\/\/sites.ac-nancy-metz.fr\/ciras\/wp-content\/uploads\/corrigebia2019.pdf\">Corrig\u00e9 2019<\/a><\/p>\n\n\n\n<p class=\"has-text-align-center has-white-color has-pale-cyan-blue-background-color has-text-color has-background has-link-color wp-elements-d40d319d140843ff7aa8d34e74e34a9e\">Corrig\u00e9 2021<\/p>\n<\/div>\n<\/div>\n\n\n\n<hr class=\"wp-block-separator has-alpha-channel-opacity\"\/>\n\n\n\n<h2 class=\"wp-block-heading\">Foire aux questions (FAQ)<\/h2>\n\n\n\n<p class=\"has-medium-font-size\"><strong style=\"caret-color: rgb(0, 0, 0); color: rgb(0, 0, 0); white-space: normal;\">Qu\u2019est-ce que le BIA&nbsp;?<\/strong><\/p>\n\n\n\n<p>Le Brevet d&rsquo;initiation a\u00e9ronautique ou B.I.A est une formation organis\u00e9e par l&rsquo;Education nationale avec divers partenaires : l&rsquo;Arm\u00e9e de l&rsquo;air, les f\u00e9d\u00e9rations de sports a\u00e9riens et la Direction g\u00e9n\u00e9rale de l&rsquo;aviation civile (DGAC).<\/p>\n\n\n\n<p class=\"has-medium-font-size\"><strong>O\u00f9 pr\u00e9parer le B.I.A ?\u00a0<\/strong><\/p>\n\n\n\n<p>Le BIA propos\u00e9 dans&nbsp;&nbsp;les \u00e9tablissements scolaires (Coll\u00e8ges-Lyc\u00e9es) o\u00f9 un professeur poss\u00e8de le Certificat d\u2019Aptitudes \u00e0 l&rsquo;Enseignement A\u00e9ronautique (CAEA)&nbsp;ou dans certains a\u00e9ro-club o\u00f9 est pr\u00e9sent un instructeur CAEA.<\/p>\n\n\n\n<p class=\"has-medium-font-size\"><strong>La formation conduisant au B.I.A. est-elle payante ?<\/strong><\/p>\n\n\n\n<p>Non. Dans les \u00e9tablissements publics o\u00f9 la formation est organis\u00e9e, la formation est gratuite.<\/p>\n\n\n\n<p class=\"has-medium-font-size\"><strong>Je veux devenir pilote. Le B.I.A. peut-il m&rsquo;y aider ?\u00a0<\/strong><\/p>\n\n\n\n<p>Oui ! Le B.I.A. apporte une culture g\u00e9n\u00e9rale sur le milieu a\u00e9ronautique dans son ensemble. De plus, il apporte de solides connaissances dans les domaines de l&rsquo;a\u00e9rodynamique, la m\u00e9canique du vol, la navigation a\u00e9rienne&#8230;qui sont autant de domaines \u00e9tudi\u00e9s lors de la pr\u00e9paration des examens th\u00e9oriques de pilote d&rsquo;a\u00e9ronef. Enfin, sur un CV, l&rsquo;obtention du B.I.A. atteste de la motivation du candidat.&nbsp;<br><\/p>\n\n\n\n<p class=\"has-medium-font-size\"><strong>Qu\u2019apprend-t-on dans ces cours ?&nbsp;<\/strong><\/p>\n\n\n\n<p>Il s&rsquo;agit d&rsquo;un brevet de \u00ab\u00a0culture a\u00e9ronautique\u00a0\u00bb \u00e0 mi-chemin entre loisirs et \u00e9tudes. Le programme est d\u00e9fini par le minist\u00e8re de l\u2019\u00e9ducation nationale qui l&rsquo;a r\u00e9nov\u00e9 en 2015. Il aborde 5 th\u00e9matiques obligatoires :<\/p>\n\n\n\n<ul class=\"wp-block-list\">\n<li>M\u00e9t\u00e9orologie et a\u00e9rologie<\/li>\n\n\n\n<li>A\u00e9rodynamique, a\u00e9rostatique et principe de vols<\/li>\n\n\n\n<li>\u00c9tude des a\u00e9ronefs et des engins spatiaux<\/li>\n\n\n\n<li>Navigation, r\u00e9glementation, s\u00e9curit\u00e9 des vols<\/li>\n\n\n\n<li>Histoire et culture de l\u2019a\u00e9ronautique et du spatial<\/li>\n<\/ul>\n\n\n\n<p>Une initiation \u00e0 l&rsquo;anglais a\u00e9ronautique sera \u00e9ventuellement propos\u00e9e dans le but de r\u00e9pondre \u00e0 l&rsquo;option anglais a\u00e9ronautique. Cela n&rsquo;exige aucune connaissance pr\u00e9alable. <\/p>\n\n\n\n<p class=\"has-medium-font-size\"><strong>Faut-il \u00eatre bon en maths-physique ?<\/strong><\/p>\n\n\n\n<p>Non, c\u2019est la passion et\/ou la curiosit\u00e9 scientifique qui prime. Les \u00e9l\u00e8ves filles ou gar\u00e7ons de 13 \u00e0 24 ans de toutes fili\u00e8res peuvent postuler toutefois, des notions de maths et de physique d\u2019un niveau de niveau 3\u00e8me ou seconde sont un plus.<br><\/p>\n\n\n\n<p class=\"has-medium-font-size\"><strong>L&rsquo;aviation est-elle dangereuse ?&nbsp;<\/strong><\/p>\n\n\n\n<p>Les accidents a\u00e9ronautiques sont toujours tr\u00e8s m\u00e9diatis\u00e9s, mais le transport a\u00e9rien reste le moyen le plus s\u00fbr, les derni\u00e8res statistiques de <em>\u00ab\u00a0European Transport Safety Council\u00a0\u00bb<\/em>. nous donne les donn\u00e9es suivantes.<\/p>\n\n\n\n<figure class=\"wp-block-table\"><table class=\"has-fixed-layout\"><tbody><tr><td class=\"has-text-align-center\" data-align=\"center\"><strong>&nbsp;Moyen de transport<\/strong><\/td><td class=\"has-text-align-center\" data-align=\"center\"><strong>&nbsp;Tu\u00e9s\/ 100 millions de passagers-kilom\u00e8tres<\/strong><\/td><\/tr><tr><td class=\"has-text-align-center\" data-align=\"center\">&nbsp;Air (aviation civile)<\/td><td class=\"has-text-align-center\" data-align=\"center\">&nbsp; 0,035<\/td><\/tr><tr><td class=\"has-text-align-center\" data-align=\"center\">&nbsp;Train<\/td><td class=\"has-text-align-center\" data-align=\"center\">&nbsp; 0,050<\/td><\/tr><tr><td class=\"has-text-align-center\" data-align=\"center\">&nbsp;Autobus et autocar<\/td><td class=\"has-text-align-center\" data-align=\"center\">&nbsp; 0,070<\/td><\/tr><tr><td class=\"has-text-align-center\" data-align=\"center\">&nbsp;Navire transbordeur<\/td><td class=\"has-text-align-center\" data-align=\"center\">&nbsp; 0,250<\/td><\/tr><tr><td class=\"has-text-align-center\" data-align=\"center\">&nbsp;Voiture<\/td><td class=\"has-text-align-center\" data-align=\"center\">&nbsp; 0,700<\/td><\/tr><tr><td class=\"has-text-align-center\" data-align=\"center\">&nbsp;Bicyclette<\/td><td class=\"has-text-align-center\" data-align=\"center\">&nbsp; 5,400<\/td><\/tr><tr><td class=\"has-text-align-center\" data-align=\"center\">&nbsp;D\u00e9placement p\u00e9destre<\/td><td class=\"has-text-align-center\" data-align=\"center\">&nbsp; 6,400<\/td><\/tr><tr><td class=\"has-text-align-center\" data-align=\"center\">&nbsp;Motocyclette\/cyclomoteur<\/td><td class=\"has-text-align-center\" data-align=\"center\">&nbsp;13,800<\/td><\/tr><\/tbody><\/table><\/figure>\n\n\n\n<p>Un d\u00e9placement en cyclomoteur est donc environ 400 fois plus risqu\u00e9 que le m\u00eame d\u00e9placement en avion.<br><\/p>\n\n\n\n<p class=\"has-medium-font-size\"><strong>Qui donne les cours ?&nbsp;<\/strong><\/p>\n\n\n\n<p>Beaucoup de personnes du moment qu\u2019elles sont qualifi\u00e9es dans le domaine professeurs de l&rsquo;Education nationale mais aussi des professionnels ,ing\u00e9nieurs a\u00e9ro, m\u00e9caniciens, contr\u00f4leurs a\u00e9riens, instructeurs, des pilotes, civils ou militaires.&nbsp;<a href=\"https:\/\/www.facebook.com\/pages\/BA-133\/154934941260406\" target=\"_blank\" rel=\"noreferrer noopener\">La base a\u00e9rienne 133 Nancy-Ochey \u00ab\u00a0Henri Jeandet<\/a>\u00a0\u00bb de l&rsquo;Arm\u00e9e de l&rsquo;air fran\u00e7aise coop\u00e8re en effet au BIA suite \u00e0 la convention sign\u00e9e en juin 2015 entre l&rsquo;Arm\u00e9e et l&rsquo;Education nationale.<br><\/p>\n\n\n\n<p class=\"has-medium-font-size\"><strong>Est-ce seulement de la th\u00e9orie ?&nbsp;<\/strong><\/p>\n\n\n\n<p>La formation est pour partie th\u00e9orique, mais peut aussi comporter des temps de simulateur de vol, des pr\u00e9parations de voyages, des visites d\u2019installations a\u00e9ronautiques, voir des vols d\u2019initiation. Au cours de l&rsquo;ann\u00e9e, une ou plusieurs visites peuvent \u00eatre organis\u00e9es : dans une entreprise, un a\u00e9ro-club, une base a\u00e9rienne avec l\u2019autorisation des parents.<br><\/p>\n\n\n\n<p class=\"has-medium-font-size\"><strong>Un vol est-il pr\u00e9vu dans le cursus ?&nbsp;<\/strong><\/p>\n\n\n\n<p>Ce n&rsquo;est pas syst\u00e9matique mais tr\u00e8s souvent, un vol d&rsquo;initiation au pilotage est propos\u00e9 aux \u00e9l\u00e8ves au cours de l&rsquo;ann\u00e9e car les \u00e9tablissements scolaires peuvent nouer un partenariat avec un a\u00e9ro-club local.<br><\/p>\n\n\n\n<p class=\"has-medium-font-size\"><strong>Faut-il passer un examen pour avoir son BIA ?&nbsp;<\/strong><\/p>\n\n\n\n<p>Oui, une session a lieu vers la mi-mai.<br><\/p>\n\n\n\n<p class=\"has-medium-font-size\"><strong>Comment s\u2019inscrire \u00e0 l\u2019examen ?&nbsp;<\/strong><\/p>\n\n\n\n<p>Les inscriptions pour le dipl\u00f4me du BIA sont ouvertes du <strong>mercredi 28 janvier au mercredi 11 mars 2026 \u00e0 23 h 59.<br>Les \u00e9l\u00e8ves scolaris\u00e9s en coll\u00e8ges ou lyc\u00e9es sont inscrits par leur \u00e9tablissement via Cyclades (ind\u00e9pendamment de toute formation).<\/strong><br>Pour les candidats non scolaris\u00e9s, l&rsquo;inscription s&rsquo;effectue via Cyclades uniquement apr\u00e8s cr\u00e9ation d&rsquo;un compte candidat.<br>Les r\u00e9capitulatifs d&rsquo;inscription v\u00e9rifi\u00e9s et sign\u00e9s sont \u00e0 retourner \u00e0 votre \u00e9tablissement pour le <strong>18 mars 2026 au plus tard.<\/strong><br>Les confirmation d&rsquo;inscription pour les individuels sont \u00e0 t\u00e9l\u00e9verser pour le <strong>18 mars 2026 au plus tard.<\/strong><br><\/p>\n\n\n\n<p class=\"has-medium-font-size\"><strong>Comment se passe l&rsquo;examen ?&nbsp;<\/strong><\/p>\n\n\n\n<p>L&rsquo;examen, est organis\u00e9 par l\u2019acad\u00e9mie de Nancy-Metz, vers la mi-mai dans plusieurs centres d\u2019examens, dont l\u2019un sera surement pas trop loin de chez vous. Il se d\u00e9roule sous la forme d&rsquo;un QCM de 100 questions qui portent sur cinq th\u00e8mes (20 points par th\u00e8me) :<\/p>\n\n\n\n<ul class=\"wp-block-list\">\n<li>Etude des a\u00e9ronefs et des engins spatiaux<\/li>\n\n\n\n<li>A\u00e9rodynamique, a\u00e9rostatique et principes du vol<\/li>\n\n\n\n<li>M\u00e9t\u00e9orologie et a\u00e9rologie<\/li>\n\n\n\n<li>Navigation, r\u00e9glementation, s\u00e9curit\u00e9 des vols<\/li>\n\n\n\n<li>Histoire et culture de l&rsquo;a\u00e9ronautique et du spatial<\/li>\n<\/ul>\n\n\n\n<p class=\"has-medium-font-size\"><br><strong>Ai-je des avantages pratiques en passant le BIA ?&nbsp;<\/strong><\/p>\n\n\n\n<p>L&rsquo;obtention du BIA apporte<\/p>\n\n\n\n<ul class=\"wp-block-list\">\n<li>Une exp\u00e9rience pratique gr\u00e2ce aux diff\u00e9rentes activit\u00e9s pratiqu\u00e9es dans le cadre de la formation au cours de l&rsquo;ann\u00e9e<\/li>\n\n\n\n<li>une bourse allou\u00e9e par chaque f\u00e9d\u00e9ration.<\/li>\n<\/ul>\n\n\n\n<p>Retrouvez plus d&rsquo;informations sur les sites des f\u00e9d\u00e9ration.<\/p>\n\n\n\n<div class=\"wp-block-columns is-layout-flex wp-container-core-columns-is-layout-2 wp-block-columns-is-layout-flex\">\n<div class=\"wp-block-column is-layout-flow wp-block-column-is-layout-flow\">\n<p class=\"has-text-align-center has-white-color has-vivid-red-background-color has-text-color has-background has-link-color wp-elements-034e20f4a9c479646fcd2f41fd38e489\"><strong><a href=\"https:\/\/www.ffa-aero.fr\/FR\/Federation_Aeronautique.awp\">FFA<\/a><\/strong><\/p>\n<\/div>\n\n\n\n<div class=\"wp-block-column is-layout-flow wp-block-column-is-layout-flow\">\n<p class=\"has-text-align-center has-white-color has-vivid-green-cyan-background-color has-text-color has-background has-link-color wp-elements-a77ed6ecce5454ec2dcf142e4d966431\"><strong><a href=\"https:\/\/www.ffvp.fr\">FFVV<\/a><\/strong><\/p>\n<\/div>\n\n\n\n<div class=\"wp-block-column is-layout-flow wp-block-column-is-layout-flow\">\n<p class=\"has-text-align-center has-white-color has-vivid-cyan-blue-background-color has-text-color has-background has-link-color wp-elements-771ad3e8414f81334d6e1d6f044e3cee\"><strong><a href=\"https:\/\/ffplum.fr\">FFPLUM<\/a><\/strong><\/p>\n<\/div>\n<\/div>\n\n\n\n<p><\/p>\n\n\n\n<p><strong>J&rsquo;ai d&rsquo;autres questions, \u00e0 qui les poser ?&nbsp;<\/strong><\/p>\n\n\n\n<p>Votre interlocuteur privil\u00e9gi\u00e9 est votre professeur ou votre instructeur, il vous donnera une r\u00e9ponse imm\u00e9diate et pertinente. <\/p>\n\n\n\n<div style=\"height:39px\" aria-hidden=\"true\" class=\"wp-block-spacer\"><\/div>\n\n\n\n<figure class=\"wp-block-gallery has-nested-images columns-default is-cropped wp-block-gallery-1 is-layout-flex wp-block-gallery-is-layout-flex\">\n<figure class=\"wp-block-image size-large wp-duotone-midnight\"><img loading=\"lazy\" decoding=\"async\" width=\"1024\" height=\"768\" data-id=\"4523\" src=\"https:\/\/sites.ac-nancy-metz.fr\/ciras\/wp-content\/uploads\/nov-5-2021-shell-pastaza-ecuador-light-aircraft-flying-taken-from-1024x768.jpg\" alt=\"\" class=\"wp-image-4523\" srcset=\"https:\/\/sites.ac-nancy-metz.fr\/ciras\/wp-content\/uploads\/nov-5-2021-shell-pastaza-ecuador-light-aircraft-flying-taken-from-1024x768.jpg 1024w, https:\/\/sites.ac-nancy-metz.fr\/ciras\/wp-content\/uploads\/nov-5-2021-shell-pastaza-ecuador-light-aircraft-flying-taken-from-300x225.jpg 300w, https:\/\/sites.ac-nancy-metz.fr\/ciras\/wp-content\/uploads\/nov-5-2021-shell-pastaza-ecuador-light-aircraft-flying-taken-from-768x576.jpg 768w, https:\/\/sites.ac-nancy-metz.fr\/ciras\/wp-content\/uploads\/nov-5-2021-shell-pastaza-ecuador-light-aircraft-flying-taken-from-1536x1152.jpg 1536w, https:\/\/sites.ac-nancy-metz.fr\/ciras\/wp-content\/uploads\/nov-5-2021-shell-pastaza-ecuador-light-aircraft-flying-taken-from-2048x1536.jpg 2048w\" sizes=\"(max-width: 1024px) 100vw, 1024px\" \/><\/figure>\n\n\n\n<figure class=\"wp-block-image size-large wp-duotone-purple-yellow\"><img loading=\"lazy\" decoding=\"async\" width=\"1024\" height=\"683\" data-id=\"4510\" src=\"https:\/\/sites.ac-nancy-metz.fr\/ciras\/wp-content\/uploads\/sunset-white-clouds-blue-sky-from-airplane-window-view-colorful-cloudscape-background-1024x683.jpg\" alt=\"\" class=\"wp-image-4510\" srcset=\"https:\/\/sites.ac-nancy-metz.fr\/ciras\/wp-content\/uploads\/sunset-white-clouds-blue-sky-from-airplane-window-view-colorful-cloudscape-background-1024x683.jpg 1024w, https:\/\/sites.ac-nancy-metz.fr\/ciras\/wp-content\/uploads\/sunset-white-clouds-blue-sky-from-airplane-window-view-colorful-cloudscape-background-300x200.jpg 300w, https:\/\/sites.ac-nancy-metz.fr\/ciras\/wp-content\/uploads\/sunset-white-clouds-blue-sky-from-airplane-window-view-colorful-cloudscape-background-768x512.jpg 768w, https:\/\/sites.ac-nancy-metz.fr\/ciras\/wp-content\/uploads\/sunset-white-clouds-blue-sky-from-airplane-window-view-colorful-cloudscape-background-1536x1024.jpg 1536w, https:\/\/sites.ac-nancy-metz.fr\/ciras\/wp-content\/uploads\/sunset-white-clouds-blue-sky-from-airplane-window-view-colorful-cloudscape-background-2048x1365.jpg 2048w\" sizes=\"(max-width: 1024px) 100vw, 1024px\" \/><\/figure>\n\n\n\n<figure class=\"wp-block-image size-large wp-duotone-blue-red\"><img loading=\"lazy\" decoding=\"async\" width=\"1024\" height=\"576\" data-id=\"4311\" src=\"https:\/\/sites.ac-nancy-metz.fr\/ciras\/wp-content\/uploads\/article-1024x576.jpg\" alt=\"\" class=\"wp-image-4311\" srcset=\"https:\/\/sites.ac-nancy-metz.fr\/ciras\/wp-content\/uploads\/article-1024x576.jpg 1024w, https:\/\/sites.ac-nancy-metz.fr\/ciras\/wp-content\/uploads\/article-300x169.jpg 300w, https:\/\/sites.ac-nancy-metz.fr\/ciras\/wp-content\/uploads\/article-768x432.jpg 768w, https:\/\/sites.ac-nancy-metz.fr\/ciras\/wp-content\/uploads\/article-1536x864.jpg 1536w, https:\/\/sites.ac-nancy-metz.fr\/ciras\/wp-content\/uploads\/article.jpg 1920w\" sizes=\"(max-width: 1024px) 100vw, 1024px\" \/><\/figure>\n<\/figure>\n","protected":false},"excerpt":{"rendered":"<p>Le Brevet d&rsquo;Initiation A\u00e9ronautique (BIA) est un dipl\u00f4me qui certifie une culture g\u00e9n\u00e9rale dans le domaine a\u00e9ronautique. C\u2019est un dipl\u00f4me qui atteste de la possession de&#8230;<\/p>\n","protected":false},"author":1,"featured_media":0,"parent":0,"menu_order":0,"comment_status":"closed","ping_status":"closed","template":"","meta":{"footnotes":""},"class_list":["post-4332","page","type-page","status-publish","hentry"],"_links":{"self":[{"href":"https:\/\/sites.ac-nancy-metz.fr\/ciras\/wp-json\/wp\/v2\/pages\/4332"}],"collection":[{"href":"https:\/\/sites.ac-nancy-metz.fr\/ciras\/wp-json\/wp\/v2\/pages"}],"about":[{"href":"https:\/\/sites.ac-nancy-metz.fr\/ciras\/wp-json\/wp\/v2\/types\/page"}],"author":[{"embeddable":true,"href":"https:\/\/sites.ac-nancy-metz.fr\/ciras\/wp-json\/wp\/v2\/users\/1"}],"replies":[{"embeddable":true,"href":"https:\/\/sites.ac-nancy-metz.fr\/ciras\/wp-json\/wp\/v2\/comments?post=4332"}],"version-history":[{"count":17,"href":"https:\/\/sites.ac-nancy-metz.fr\/ciras\/wp-json\/wp\/v2\/pages\/4332\/revisions"}],"predecessor-version":[{"id":4951,"href":"https:\/\/sites.ac-nancy-metz.fr\/ciras\/wp-json\/wp\/v2\/pages\/4332\/revisions\/4951"}],"wp:attachment":[{"href":"https:\/\/sites.ac-nancy-metz.fr\/ciras\/wp-json\/wp\/v2\/media?parent=4332"}],"curies":[{"name":"wp","href":"https:\/\/api.w.org\/{rel}","templated":true}]}}