{"id":4335,"date":"2024-10-24T09:40:18","date_gmt":"2024-10-24T08:40:18","guid":{"rendered":"https:\/\/sites.ac-nancy-metz.fr\/ciras\/?page_id=4335"},"modified":"2024-10-24T22:21:27","modified_gmt":"2024-10-24T21:21:27","slug":"caea","status":"publish","type":"page","link":"https:\/\/sites.ac-nancy-metz.fr\/ciras\/caea\/","title":{"rendered":"Le CAEA (Certificat d&rsquo;Aptitude \u00e0 l&rsquo;Enseignement A\u00e9ronautique)"},"content":{"rendered":"\n<figure class=\"wp-block-image alignfull size-large\"><img loading=\"lazy\" decoding=\"async\" width=\"1024\" height=\"134\" src=\"https:\/\/sites.ac-nancy-metz.fr\/ciras\/wp-content\/uploads\/bandeau-caea-1024x134.jpg\" alt=\"\" class=\"wp-image-4554\" srcset=\"https:\/\/sites.ac-nancy-metz.fr\/ciras\/wp-content\/uploads\/bandeau-caea-1024x134.jpg 1024w, https:\/\/sites.ac-nancy-metz.fr\/ciras\/wp-content\/uploads\/bandeau-caea-300x39.jpg 300w, https:\/\/sites.ac-nancy-metz.fr\/ciras\/wp-content\/uploads\/bandeau-caea-768x100.jpg 768w, https:\/\/sites.ac-nancy-metz.fr\/ciras\/wp-content\/uploads\/bandeau-caea-1536x201.jpg 1536w, https:\/\/sites.ac-nancy-metz.fr\/ciras\/wp-content\/uploads\/bandeau-caea.jpg 1920w\" sizes=\"(max-width: 1024px) 100vw, 1024px\" \/><\/figure>\n\n\n\n<p class=\"has-background\" style=\"background-color:#abb7c224\"><strong>Le certificat d&rsquo;aptitude \u00e0 l&rsquo;enseignement a\u00e9ronautique<\/strong>, est un dipl\u00f4me qui s\u2019obtient apr\u00e8s un examen dont les modalit\u00e9s sont d\u00e9finies par <a href=\"https:\/\/www.education.gouv.fr\/bo\/15\/Hebdo11\/MENE1500690A.htm\">l\u2019arr\u00eat\u00e9 du 19-2-2015 &#8211; J.O. du 21-2-2015\u00a0<\/a>dont les modalit\u00e9s sont expliqu\u00e9es ci-apr\u00e8s.\u00a0<\/p>\n\n\n\n<p>&nbsp;Mais d\u2019autres possibilit\u00e9s existent en fonction de votre situation.<\/p>\n\n\n\n<p><strong>Vous \u00eates instructeur titulaire d\u2019un\u00a0titre autorisant la formation initiale \u00e0 la pratique d\u2019activit\u00e9s a\u00e9ronautiques<\/strong> : vous \u00eates dispens\u00e9 de l\u2019\u00e9preuve d\u2019admissibilit\u00e9 portant sur les connaissances a\u00e9ronautiques, vous ne passez que l\u2019\u00e9preuve orale d\u2019admission.<\/p>\n\n\n\n<p><strong>Vous \u00eates enseignant<\/strong> : vous \u00eates dispens\u00e9 de l\u2019\u00e9preuve orale d\u2019admission, vous ne passez que l\u2019\u00e9preuve d\u2019admissibilit\u00e9 portant sur les connaissances a\u00e9ronautiques.<\/p>\n\n\n\n<p><strong>Vous \u00eates enseignant\u00a0ET\u00a0vous \u00eates titulaire d\u2019une qualification ou titre a\u00e9ronautique reconnu<\/strong> : vous \u00eates dispens\u00e9 des 2 \u00e9preuves admissibilit\u00e9 et admission, pour obtenir le C.A.E.A, il suffit de vous inscrire \u00e0 l\u2019examen et de produire vos titres.\u00a0<\/p>\n\n\n\n<p>Vous trouverez la liste des titres et qualifications donnant droit \u00e0 dispense\u00a0<a href=\"http:\/\/eduscol.education.fr\/sti\/sites\/eduscol.education.fr.sti\/files\/textes\/formations-tout-niveau-brevet-dinitiation-aeronautique-bia\/8124-listes-des-titres-et-qualifictions-pour-les-dispenses-au-caea-2017.pdf\" target=\"_blank\" rel=\"noreferrer noopener\">ici<\/a>.<\/p>\n\n\n\n<hr class=\"wp-block-separator has-alpha-channel-opacity\"\/>\n\n\n\n<h2 class=\"wp-block-heading\"><br>Modalit\u00e9s de l\u2019examen C.A.E.A<\/h2>\n\n\n\n<p><br><em><strong>Article 1 &#8211; <\/strong>Une session d&rsquo;examen du certificat d&rsquo;aptitude \u00e0 l&rsquo;enseignement a\u00e9ronautique est organis\u00e9e chaque ann\u00e9e, sur le territoire m\u00e9tropolitain et dans les d\u00e9partements et collectivit\u00e9s d&rsquo;outre-mer, aux dates et selon des modalit\u00e9s d\u00e9finies par le ministre charg\u00e9 de l&rsquo;\u00e9ducation nationale.<br><br>La liste des centres d&rsquo;examens et les modalit\u00e9s d&rsquo;inscriptions sont arr\u00eat\u00e9es par les recteurs d&rsquo;acad\u00e9mie.<br><br>Les candidats doivent se pr\u00e9senter dans l&rsquo;acad\u00e9mie dans laquelle se situe leur r\u00e9sidence.<br><br><strong>Article 2 &#8211; <\/strong>Le certificat d&rsquo;aptitude \u00e0 l&rsquo;enseignement a\u00e9ronautique comprend une \u00e9preuve \u00e9crite d&rsquo;admissibilit\u00e9 de 3 heures, corrig\u00e9e sous couvert de l&rsquo;anonymat, et une \u00e9preuve orale d&rsquo;admission. Chacune des deux \u00e9preuves est not\u00e9e de 0 \u00e0 20, en points entiers.<br><br>Seuls les candidats ayant obtenu une note sup\u00e9rieure ou \u00e9gale \u00e0 15 \u00e0 l&rsquo;\u00e9preuve d&rsquo;admissibilit\u00e9 peuvent se pr\u00e9senter \u00e0 l&rsquo;\u00e9preuve orale d&rsquo;admission.<br><br>L&rsquo;\u00e9preuve orale d&rsquo;admission se compose de deux parties :<br><br>&#8211; 1re partie : pr\u00e9sentation d&rsquo;une s\u00e9ance d&rsquo;enseignement pr\u00e9parant au brevet d&rsquo;initiation a\u00e9ronautique \u00e0 partir d&rsquo;un sujet propos\u00e9 par le jury (60 minutes de pr\u00e9paration et 30 minutes de pr\u00e9sentation). Durant cette partie, le candidat peut disposer de tous documents, notes ou mat\u00e9riels personnels ;<br><br>&#8211; 2e partie (dur\u00e9e 30 minutes) : entretien avec le jury qui permet d&rsquo;approfondir les points qu&rsquo;il juge utiles. Il permet, en outre, d&rsquo;appr\u00e9cier la capacit\u00e9 du candidat \u00e0 se repr\u00e9senter la diversit\u00e9 des conditions d&rsquo;exercice et les obligations incombant \u00e0 un enseignant responsable de la formation pr\u00e9parant au brevet d&rsquo;initiation a\u00e9ronautique.<br><br>Chaque partie de l&rsquo;\u00e9preuve orale est not\u00e9e de 0 \u00e0 20, en points entiers. La note obtenue \u00e0 l&rsquo;\u00e9preuve orale d&rsquo;admission est la moyenne des deux notes obtenues.<br><br>Une note inf\u00e9rieure \u00e0 10 \u00e0 l&rsquo;une des parties de l&rsquo;\u00e9preuve orale est \u00e9liminatoire.<br><br>Sont d\u00e9clar\u00e9s admis les candidats admissibles qui ont obtenu une moyenne au moins \u00e9gale \u00e0 10 \u00e0 l&rsquo;\u00e9preuve orale d&rsquo;admission sans avoir obtenu de note \u00e9liminatoire \u00e0 l&rsquo;une des deux parties de l&rsquo;\u00e9preuve orale.<br><br><strong>Article 3 <\/strong>&#8211; Les sujets de l&rsquo;\u00e9preuve d&rsquo;admissibilit\u00e9 sont nationaux.<br><br>Un inspecteur g\u00e9n\u00e9ral de l&rsquo;\u00e9ducation nationale pr\u00e9side la commission d&rsquo;\u00e9laboration des sujets, il valide les sujets et les corrig\u00e9s pr\u00e9par\u00e9s par la commission. Il peut, le cas \u00e9ch\u00e9ant et de fa\u00e7on explicite, \u00eatre suppl\u00e9\u00e9 par un inspecteur d&rsquo;acad\u00e9mie &#8211; inspecteur p\u00e9dagogique r\u00e9gional.<br><br><strong>Article 4 <\/strong>&#8211; Les membres du jury d&rsquo;examen sont d\u00e9sign\u00e9s par le recteur d&rsquo;acad\u00e9mie. Chaque recteur d&rsquo;acad\u00e9mie d\u00e9cide du nombre de jurys \u00e0 constituer en fonction du nombre de candidats.<br>Il se compose, pour l&rsquo;\u00e9preuve d&rsquo;admission, de deux personnes au minimum et de trois personnes au maximum. Les membres du jury sont titulaires du certificat d&rsquo;aptitude \u00e0 l&rsquo;enseignement a\u00e9ronautique et l&rsquo;un d&rsquo;entre eux est enseignant titulaire du minist\u00e8re charg\u00e9 de l&rsquo;\u00e9ducation nationale.<br><br>La d\u00e9livrance de l&rsquo;examen du certificat d&rsquo;aptitude \u00e0 l&rsquo;enseignement a\u00e9ronautique r\u00e9sulte de la d\u00e9lib\u00e9ration du jury qui est souverain.<\/em><\/p>\n\n\n\n<hr class=\"wp-block-separator has-alpha-channel-opacity\"\/>\n\n\n\n<h2 class=\"wp-block-heading\">L&rsquo;examen<\/h2>\n\n\n\n<p>Le CAEA est un dipl\u00f4me d\u00e9livr\u00e9 par l&rsquo;Education Nationale de formation g\u00e9n\u00e9rale. (<a href=\"https:\/\/www.education.gouv.fr\/botexte\/bo991111\/MENE9902415A.htm\">NOR : MENE9902415A \/ RLR 549-9 \/ Arr\u00eat\u00e9 du 4 novembre 1999 \/ MEN \/ DESCO A 9<\/a>)\u00a0<\/p>\n\n\n\n<p>Seul le responsable de la formation doit \u00eatre titulaire du CAEA, et non pas l\u2019ensemble des intervenants.<\/p>\n\n\n\n<p><strong>Extrait du d\u00e9cret du 19 f\u00e9vrier 2015 d\u00e9finissant BIA &amp; CAEA<\/strong> <em>\u00ab Art. D. 338-47 &#8211; La formation au brevet d&rsquo;initiation a\u00e9ronautique est assur\u00e9e par une personne titulaire du certificat d&rsquo;aptitude \u00e0 l&rsquo;enseignement a\u00e9ronautique. En tant que de besoin, cette derni\u00e8re peut se faire assister, avec l&rsquo;accord du chef de l&rsquo;\u00e9tablissement o\u00f9 se d\u00e9roule la formation, par toute personne qualifi\u00e9e dans le domaine des sciences et techniques a\u00e9ronautiques et spatiales. \u00bb<\/em><\/p>\n\n\n\n<hr class=\"wp-block-separator has-alpha-channel-opacity\"\/>\n\n\n\n<h3 class=\"wp-block-heading\">Archives des examens<\/h3>\n\n\n\n<p class=\"has-text-align-center has-background\" style=\"background-color:#abb7c221\"><a href=\"..\/Sujet_CAEA_2015.pdf\" target=\"_blank\" rel=\"noreferrer noopener\">Enonc\u00e9 \u00e9preuve 2015<\/a>&nbsp;&nbsp;&nbsp;&nbsp;&nbsp;&nbsp;&nbsp;&nbsp;&nbsp;&nbsp;&nbsp;&nbsp;&nbsp;&nbsp;&nbsp;&nbsp;&nbsp;&nbsp;&nbsp;&nbsp;<a href=\"..\/corrigecaea2015.html\" target=\"_blank\" rel=\"noreferrer noopener\">Corrig\u00e9 2015<\/a><\/p>\n\n\n\n<p class=\"has-text-align-center has-background\" style=\"background-color:#abb7c221\">&nbsp;<a href=\"..\/CAEA%20Epreuve2016.pdf\" target=\"_blank\" rel=\"noreferrer noopener\">Enonc\u00e9 \u00e9preuve 2016<\/a>&nbsp;&nbsp;&nbsp;&nbsp;&nbsp;&nbsp;&nbsp;&nbsp;&nbsp;&nbsp;&nbsp;&nbsp;&nbsp;&nbsp;&nbsp;&nbsp;&nbsp;&nbsp;&nbsp;&nbsp;<a href=\"..\/corrigecaea2016.html\" target=\"_blank\" rel=\"noreferrer noopener\">Corrige 2016<\/a><\/p>\n\n\n\n<p class=\"has-text-align-center has-background\" style=\"background-color:#abb7c221\">&nbsp;<a href=\"..\/CAEA%20Epreuve2017.pdf\" target=\"_blank\" rel=\"noreferrer noopener\">Enonc\u00e9 \u00e9preuve 2017<\/a>&nbsp;&nbsp;&nbsp;&nbsp;&nbsp;&nbsp;&nbsp;&nbsp;&nbsp;&nbsp;&nbsp;&nbsp;&nbsp;&nbsp;&nbsp;&nbsp;&nbsp;&nbsp;&nbsp;&nbsp;<a href=\"..\/corrigecaea2017.htm\" target=\"_blank\" rel=\"noreferrer noopener\">Corrige 2017<\/a><\/p>\n\n\n\n<p class=\"has-text-align-center has-background\" style=\"background-color:#abb7c221\">&nbsp;<a href=\"..\/CAEA%20Epreuve2018.pdf\" target=\"_blank\" rel=\"noreferrer noopener\">Enonc\u00e9 \u00e9preuve 2018<\/a>&nbsp;&nbsp;&nbsp;&nbsp;&nbsp;&nbsp;&nbsp;&nbsp;&nbsp;&nbsp;&nbsp;&nbsp;&nbsp;&nbsp;&nbsp;&nbsp;&nbsp;&nbsp;&nbsp;&nbsp;<a href=\"..\/corrigecaea2018.pdf\" target=\"_blank\" rel=\"noreferrer noopener\">Corrige 2018<\/a><\/p>\n\n\n\n<p class=\"has-text-align-center has-background\" style=\"background-color:#abb7c221\"><a href=\"..\/caea2021.pdf\">Enonc\u00e9 \u00e9preuve 2021<\/a>\u00a0\u00a0\u00a0\u00a0\u00a0\u00a0\u00a0\u00a0\u00a0\u00a0\u00a0\u00a0\u00a0\u00a0\u00a0\u00a0\u00a0\u00a0\u00a0\u00a0\u00a0<a href=\"..\/corrigecaea2021.pdf\">Corrig\u00e9 2021<\/a><\/p>\n\n\n\n<p class=\"has-text-align-center has-background\" style=\"background-color:#abb7c221\"><a href=\"..\/caea2022.pdf\">Enonc\u00e9 et corrig\u00e9 \u00e9preuve 2022<\/a><\/p>\n\n\n\n<div style=\"height:100px\" aria-hidden=\"true\" class=\"wp-block-spacer\"><\/div>\n\n\n\n<figure class=\"wp-block-gallery has-nested-images columns-default is-cropped wp-block-gallery-1 is-layout-flex wp-block-gallery-is-layout-flex\">\n<figure class=\"wp-block-image size-large wp-duotone-blue-orange\"><img loading=\"lazy\" decoding=\"async\" width=\"1024\" height=\"683\" data-id=\"4524\" src=\"https:\/\/sites.ac-nancy-metz.fr\/ciras\/wp-content\/uploads\/silhouette-airplane-take-off-colorful-dramatic-sky-with-cloud-sunset-background-1024x683.jpg\" alt=\"\" class=\"wp-image-4524\" srcset=\"https:\/\/sites.ac-nancy-metz.fr\/ciras\/wp-content\/uploads\/silhouette-airplane-take-off-colorful-dramatic-sky-with-cloud-sunset-background-1024x683.jpg 1024w, https:\/\/sites.ac-nancy-metz.fr\/ciras\/wp-content\/uploads\/silhouette-airplane-take-off-colorful-dramatic-sky-with-cloud-sunset-background-300x200.jpg 300w, https:\/\/sites.ac-nancy-metz.fr\/ciras\/wp-content\/uploads\/silhouette-airplane-take-off-colorful-dramatic-sky-with-cloud-sunset-background-768x512.jpg 768w, https:\/\/sites.ac-nancy-metz.fr\/ciras\/wp-content\/uploads\/silhouette-airplane-take-off-colorful-dramatic-sky-with-cloud-sunset-background-1536x1024.jpg 1536w, https:\/\/sites.ac-nancy-metz.fr\/ciras\/wp-content\/uploads\/silhouette-airplane-take-off-colorful-dramatic-sky-with-cloud-sunset-background-2048x1365.jpg 2048w\" sizes=\"(max-width: 1024px) 100vw, 1024px\" \/><\/figure>\n\n\n\n<figure class=\"wp-block-image size-large wp-duotone-midnight\"><img loading=\"lazy\" decoding=\"async\" width=\"1024\" height=\"640\" data-id=\"4452\" src=\"https:\/\/sites.ac-nancy-metz.fr\/ciras\/wp-content\/uploads\/av3-1024x640.jpg\" alt=\"\" class=\"wp-image-4452\" srcset=\"https:\/\/sites.ac-nancy-metz.fr\/ciras\/wp-content\/uploads\/av3-1024x640.jpg 1024w, https:\/\/sites.ac-nancy-metz.fr\/ciras\/wp-content\/uploads\/av3-300x188.jpg 300w, https:\/\/sites.ac-nancy-metz.fr\/ciras\/wp-content\/uploads\/av3-768x480.jpg 768w, https:\/\/sites.ac-nancy-metz.fr\/ciras\/wp-content\/uploads\/av3-1536x960.jpg 1536w, https:\/\/sites.ac-nancy-metz.fr\/ciras\/wp-content\/uploads\/av3-2048x1280.jpg 2048w\" sizes=\"(max-width: 1024px) 100vw, 1024px\" \/><\/figure>\n\n\n\n<figure class=\"wp-block-image size-large wp-duotone-purple-yellow\"><img loading=\"lazy\" decoding=\"async\" width=\"1024\" height=\"134\" data-id=\"4529\" src=\"https:\/\/sites.ac-nancy-metz.fr\/ciras\/wp-content\/uploads\/bandeau-cahier-1024x134.jpg\" alt=\"\" class=\"wp-image-4529\" srcset=\"https:\/\/sites.ac-nancy-metz.fr\/ciras\/wp-content\/uploads\/bandeau-cahier-1024x134.jpg 1024w, https:\/\/sites.ac-nancy-metz.fr\/ciras\/wp-content\/uploads\/bandeau-cahier-300x39.jpg 300w, https:\/\/sites.ac-nancy-metz.fr\/ciras\/wp-content\/uploads\/bandeau-cahier-768x100.jpg 768w, https:\/\/sites.ac-nancy-metz.fr\/ciras\/wp-content\/uploads\/bandeau-cahier-1536x201.jpg 1536w, https:\/\/sites.ac-nancy-metz.fr\/ciras\/wp-content\/uploads\/bandeau-cahier.jpg 1920w\" sizes=\"(max-width: 1024px) 100vw, 1024px\" \/><\/figure>\n<\/figure>\n","protected":false},"excerpt":{"rendered":"<p>Le certificat d&rsquo;aptitude \u00e0 l&rsquo;enseignement a\u00e9ronautique, est un dipl\u00f4me qui s\u2019obtient apr\u00e8s un examen dont les modalit\u00e9s sont d\u00e9finies par l\u2019arr\u00eat\u00e9 du 19-2-2015 &#8211; J.O. du&#8230;<\/p>\n","protected":false},"author":1,"featured_media":0,"parent":0,"menu_order":0,"comment_status":"closed","ping_status":"closed","template":"","meta":{"footnotes":""},"class_list":["post-4335","page","type-page","status-publish","hentry"],"_links":{"self":[{"href":"https:\/\/sites.ac-nancy-metz.fr\/ciras\/wp-json\/wp\/v2\/pages\/4335"}],"collection":[{"href":"https:\/\/sites.ac-nancy-metz.fr\/ciras\/wp-json\/wp\/v2\/pages"}],"about":[{"href":"https:\/\/sites.ac-nancy-metz.fr\/ciras\/wp-json\/wp\/v2\/types\/page"}],"author":[{"embeddable":true,"href":"https:\/\/sites.ac-nancy-metz.fr\/ciras\/wp-json\/wp\/v2\/users\/1"}],"replies":[{"embeddable":true,"href":"https:\/\/sites.ac-nancy-metz.fr\/ciras\/wp-json\/wp\/v2\/comments?post=4335"}],"version-history":[{"count":3,"href":"https:\/\/sites.ac-nancy-metz.fr\/ciras\/wp-json\/wp\/v2\/pages\/4335\/revisions"}],"predecessor-version":[{"id":4555,"href":"https:\/\/sites.ac-nancy-metz.fr\/ciras\/wp-json\/wp\/v2\/pages\/4335\/revisions\/4555"}],"wp:attachment":[{"href":"https:\/\/sites.ac-nancy-metz.fr\/ciras\/wp-json\/wp\/v2\/media?parent=4335"}],"curies":[{"name":"wp","href":"https:\/\/api.w.org\/{rel}","templated":true}]}}