{"id":4341,"date":"2024-10-24T09:46:12","date_gmt":"2024-10-24T08:46:12","guid":{"rendered":"https:\/\/sites.ac-nancy-metz.fr\/ciras\/?page_id=4341"},"modified":"2024-10-24T21:47:12","modified_gmt":"2024-10-24T20:47:12","slug":"cahiers-bia","status":"publish","type":"page","link":"https:\/\/sites.ac-nancy-metz.fr\/ciras\/cahiers-bia\/","title":{"rendered":"Les cahiers du BIA"},"content":{"rendered":"\n<figure class=\"wp-block-image alignfull size-large\"><img loading=\"lazy\" decoding=\"async\" width=\"1024\" height=\"134\" src=\"https:\/\/sites.ac-nancy-metz.fr\/ciras\/wp-content\/uploads\/bandeau-cahier-1024x134.jpg\" alt=\"\" class=\"wp-image-4529\" srcset=\"https:\/\/sites.ac-nancy-metz.fr\/ciras\/wp-content\/uploads\/bandeau-cahier-1024x134.jpg 1024w, https:\/\/sites.ac-nancy-metz.fr\/ciras\/wp-content\/uploads\/bandeau-cahier-300x39.jpg 300w, https:\/\/sites.ac-nancy-metz.fr\/ciras\/wp-content\/uploads\/bandeau-cahier-768x100.jpg 768w, https:\/\/sites.ac-nancy-metz.fr\/ciras\/wp-content\/uploads\/bandeau-cahier-1536x201.jpg 1536w, https:\/\/sites.ac-nancy-metz.fr\/ciras\/wp-content\/uploads\/bandeau-cahier.jpg 1920w\" sizes=\"(max-width: 1024px) 100vw, 1024px\" \/><\/figure>\n\n\n\n<div class=\"wp-block-columns is-layout-flex wp-container-core-columns-is-layout-1 wp-block-columns-is-layout-flex\">\n<div class=\"wp-block-column is-layout-flow wp-block-column-is-layout-flow\">\n<p class=\"has-text-align-center has-white-color has-text-color has-background has-link-color wp-elements-42cadc1ba837319bb2ea962e6e5e423f\" style=\"background-color:#000863\"><strong>M\u00e9t\u00e9orologie et a\u00e9rologie<\/strong><\/p>\n\n\n\n<p class=\"has-text-align-center\"><a href=\"https:\/\/sites.ac-nancy-metz.fr\/ciras\/cahierdubia\/mto1\/atmosphere.html\">L&rsquo;atmosph\u00e8re<\/a><\/p>\n\n\n\n<p class=\"has-text-align-center\"><a href=\"https:\/\/sites.ac-nancy-metz.fr\/ciras\/cahierdubia\/mto2\/ventsetmassesdair.html\">Vents et masses d&rsquo;air<\/a><\/p>\n\n\n\n<p class=\"has-text-align-center\"><a href=\"https:\/\/sites.ac-nancy-metz.fr\/ciras\/cahierdubia\/mto3\/nuagesetprecipitation.html\">Nuages et pr\u00e9cipitations<\/a><\/p>\n\n\n\n<p class=\"has-text-align-center\"><a href=\"https:\/\/sites.ac-nancy-metz.fr\/ciras\/cahierdubia\/mto4\/fronts.html\">Les fronts<\/a><\/p>\n\n\n\n<p class=\"has-text-align-center\"><a href=\"https:\/\/sites.ac-nancy-metz.fr\/ciras\/cahierdubia\/mto5\/phenomenes_dangereux.html\">Les ph\u00e9nom\u00e8nes m\u00e9t\u00e9orologiques dangereux<\/a><\/p>\n<\/div>\n\n\n\n<div class=\"wp-block-column is-layout-flow wp-block-column-is-layout-flow\">\n<p class=\"has-text-align-center has-white-color has-text-color has-background has-link-color wp-elements-68128143dc8552b4929b16eabe0eeecc\" style=\"background-color:#000863\"><strong>A\u00e9rodynamique, a\u00e9rostatique et principes de vol<\/strong><\/p>\n\n\n\n<p class=\"has-text-align-center\"><a href=\"https:\/\/sites.ac-nancy-metz.fr\/ciras\/cahierdubia\/vole\/comment_un_avion_peut_il_voler.html\">Comment un avion peut-il voler ?<\/a><\/p>\n\n\n\n<p class=\"has-text-align-center\"><a href=\"https:\/\/sites.ac-nancy-metz.fr\/ciras\/cahierdubia\/aerodynamique\/notions.html\">Notion d&rsquo;a\u00e9rodynamique<\/a><\/p>\n\n\n\n<p class=\"has-text-align-center\"><a href=\"https:\/\/sites.ac-nancy-metz.fr\/ciras\/cahierdubia\/soufflerie\/souffleries.html\">Les souffleries<\/a><\/p>\n\n\n\n<p class=\"has-text-align-center\"><a href=\"https:\/\/sites.ac-nancy-metz.fr\/ciras\/cahierdubia\/inter\/interaction.html\">Interactions a\u00e9ronef \/ atmosph\u00e8re<\/a><\/p>\n\n\n\n<p class=\"has-text-align-center\"><a href=\"https:\/\/sites.ac-nancy-metz.fr\/ciras\/cahierdubia\/mesurepression\/Mesuredelapression.html\">Mesure de la pression d&rsquo;un gaz<\/a><\/p>\n\n\n\n<p class=\"has-text-align-center\"><a href=\"https:\/\/sites.ac-nancy-metz.fr\/ciras\/cahierdubia\/mesurevitesse\/mesuredelavitesse.html\">Mesure de la vitesse d&rsquo;un gaz<\/a><\/p>\n<\/div>\n\n\n\n<div class=\"wp-block-column is-layout-flow wp-block-column-is-layout-flow\">\n<p class=\"has-text-align-center has-white-color has-text-color has-background has-link-color wp-elements-a859a92e42e03b6edf2314a2d44ff9d8\" style=\"background-color:#000863\"><strong>Etude des a\u00e9ronefs et engins spatiaux<\/strong><\/p>\n\n\n\n<p class=\"has-text-align-center\"><a href=\"..\/cahierdubia\/typeaeronefs.html\" target=\"_blank\" rel=\"noreferrer noopener\">Les diff\u00e9rents types d&rsquo;a\u00e9ronefs<\/a><\/p>\n\n\n\n<p class=\"has-text-align-center\"><a href=\"..\/cahierdubia\/aerostation\/aerostation.html\" target=\"_blank\" rel=\"noreferrer noopener\">Les ballons et montgolfi\u00e8res<\/a><\/p>\n\n\n\n<p class=\"has-text-align-center\"><a href=\"..\/cahierdubia\/drone\/drones.html\" target=\"_blank\" rel=\"noreferrer noopener\">Les drones<\/a><\/p>\n\n\n\n<p class=\"has-text-align-center\"><a href=\"..\/cahierdubia\/parachute\/parachute.html\" target=\"_blank\" rel=\"noreferrer noopener\">Le parachute<\/a><\/p>\n\n\n\n<p class=\"has-text-align-center\"><a href=\"..\/cahierdubia\/parapente\/Parapente.html\" target=\"_blank\" rel=\"noreferrer noopener\">Le parapente<\/a><\/p>\n\n\n\n<p class=\"has-text-align-center\"><a href=\"..\/cahierdubia\/rogallo\/rogallo.html\" target=\"_blank\" rel=\"noreferrer noopener\">Pendulaire delta-plane, a\u00e9ronefs \u00e0 profil Rogallo<\/a><\/p>\n\n\n\n<p class=\"has-text-align-center\"><a href=\"..\/cahierdubia\/voiluretournante\/voiluretournante.html\" target=\"_blank\" rel=\"noreferrer noopener\">A\u00e9ronefs \u00e0 voilure tournante 1<\/a><\/p>\n\n\n\n<p class=\"has-text-align-center\"><a href=\"..\/cahierdubia\/voiluretournante\/voilurestournantes2.html\" target=\"_blank\" rel=\"noreferrer noopener\">A\u00e9ronefs \u00e0 voilure tournante 2<\/a><\/p>\n\n\n\n<p class=\"has-text-align-center\"><a href=\"..\/cahierdubia\/helice\/helice.html\" target=\"_blank\" rel=\"noreferrer noopener\">Technologie des h\u00e9lices<\/a><\/p>\n\n\n\n<p class=\"has-text-align-center\"><a href=\"..\/cahierdubia\/moteur_pistons\/moteur_pistons.html\" target=\"_blank\" rel=\"noreferrer noopener\">Les moteurs \u00e0 pistons<\/a><\/p>\n\n\n\n<p class=\"has-text-align-center\"><a href=\"..\/cahierdubia\/turbo_reacteurs\/turbo_reacteurs.html\" target=\"_blank\" rel=\"noreferrer noopener\">Les moteurs \u00e0 r\u00e9action<\/a><\/p>\n\n\n\n<p class=\"has-text-align-center\"><a href=\"..\/cahierdubia\/GTR\/groupe_turbo_reacteur.html\" target=\"_blank\" rel=\"noreferrer noopener\">Les groupes turbor\u00e9acteurs (GTR)<\/a><\/p>\n\n\n\n<p class=\"has-text-align-center\"><a href=\"..\/cahierdubia\/espace\/espace_engins_spatiaux.html\" target=\"_blank\" rel=\"noreferrer noopener\">Espace et engins spatiaux<\/a><\/p>\n\n\n\n<p class=\"has-text-align-center\"><a href=\"..\/cahierdubia\/givragecarbu\/givragecarbu.html\" target=\"_blank\" rel=\"noreferrer noopener\">Givrage du carburateur<\/a><\/p>\n\n\n\n<p class=\"has-text-align-center\"><a href=\"..\/cahierdubia\/volets\/dispositifs_hypersustentateurs.html\" target=\"_blank\" rel=\"noreferrer noopener\">Dispositifs hypersustentateurs<\/a><\/p>\n\n\n\n<p class=\"has-text-align-center\"><a href=\"..\/cahierdubia\/instrumentsdebord\/instruments.html\" target=\"_blank\" rel=\"noreferrer noopener\">Les instruments de bord<\/a><\/p>\n\n\n\n<p class=\"has-text-align-center\"><a href=\"..\/cahierdubia\/carburant\/carburantsetcircuit.html\" target=\"_blank\" rel=\"noreferrer noopener\">Carburant et circuit de carburant<\/a><\/p>\n\n\n\n<p class=\"has-text-align-center\"><a href=\"..\/cahierdubia\/structuremateriaux\/structureaeronef.html\" target=\"_blank\" rel=\"noreferrer noopener\">Structure des a\u00e9ronefs<\/a><\/p>\n\n\n\n<p class=\"has-text-align-center\"><a href=\"..\/cahierdubia\/\/mecanique_spatiale\/mecanique_spatial.html\" target=\"_blank\" rel=\"noreferrer noopener\">M\u00e9canique spatiale<\/a><\/p>\n<\/div>\n\n\n\n<div class=\"wp-block-column is-layout-flow wp-block-column-is-layout-flow\">\n<p class=\"has-text-align-center has-white-color has-text-color has-background has-link-color wp-elements-fb4b136ffb345fea85b02185d11dac06\" style=\"background-color:#000863\"><strong>Navigation, r\u00e9glementation, s\u00e9curit\u00e9 des vols<\/strong><\/p>\n\n\n\n<p class=\"has-text-align-center\"><a href=\"..\/cahierdubia\/basenavigation.html\" target=\"_blank\" rel=\"noreferrer noopener\">Bases de la navigation a\u00e9rienne<\/a><\/p>\n\n\n\n<p class=\"has-text-align-center\"><a href=\"..\/cahierdubia\/NRS_navigation_instruments\/navigation_instruments.html\" target=\"_blank\" rel=\"noreferrer noopener\">Navigation a\u00e9rienne aux instruments IFR<\/a><\/p>\n\n\n\n<p class=\"has-text-align-center\"><a href=\"..\/cahierdubia\/NRS_circulation_aerienne\/service_controle_aerien.html\" target=\"_blank\" rel=\"noreferrer noopener\">Services de contr\u00f4le a\u00e9rien<\/a><\/p>\n\n\n\n<p class=\"has-text-align-center\"><a href=\"..\/cahierdubia\/NRS_espace_aerien\/NRS_espace_aerien_francais.html\n\" target=\"_blank\" rel=\"noreferrer noopener\">L&rsquo;espace a\u00e9rien fran\u00e7ais<\/a><\/p>\n\n\n\n<p class=\"has-text-align-center\"><a href=\"..\/cahierdubia\/NRS_maintenance\/maintenance.html\" target=\"_blank\" rel=\"noreferrer noopener\">Maintenance a\u00e9ronautique<\/a><\/p>\n\n\n\n<p class=\"has-text-align-center\"><a href=\"..\/cahierdubia\/NRS_preparation_vol\/preparation_du_vol.html\" target=\"_blank\" rel=\"noreferrer noopener\">Pr\u00e9paration du vol<\/a><\/p>\n\n\n\n<p class=\"has-text-align-center\"><a href=\"..\/cahierdubia\/NRS_VFR\/NRS_VFR.html\" target=\"_blank\" rel=\"noreferrer noopener\">Le vol VFR<\/a><\/p>\n\n\n\n<p class=\"has-text-align-center\"><a href=\"..\/cahierdubia\/NRS_risques_rex\/situations_a_risque_rex.html\" target=\"_blank\" rel=\"noreferrer noopener\">REX et situations \u00e0 risques<\/a><\/p>\n\n\n\n<p class=\"has-text-align-center\"><a href=\"..\/cahierdubia\/volerenhiver\/Volerenhiver.html\" target=\"_blank\" rel=\"noreferrer noopener\">Pr\u00e9parer son vol en hiver<\/a><\/p>\n\n\n\n<p class=\"has-text-align-center\"><a href=\"..\/cahierdubia\/codes_alphabets\/code_et_alphabet.html\" target=\"_blank\" rel=\"noreferrer noopener\">Codes et alphabets<\/a><\/p>\n\n\n\n<p class=\"has-text-align-center\"><a href=\"..\/cahierdubia\/navigation_spatiale\/navigation_spatiale.html\" target=\"_blank\" rel=\"noreferrer noopener\">Navigation spatiale<\/a><\/p>\n\n\n\n<p class=\"has-text-align-center\"><a href=\"..\/cahierdubia\/NRS_laerodrome\/aerodromes.html\" target=\"_blank\" rel=\"noreferrer noopener\">Les a\u00e9rodromes<\/a><\/p>\n\n\n\n<p class=\"has-text-align-center\"><a href=\"..\/cahierdubia\/NRS_organisations\/organisation_aviation.html\" target=\"_blank\" rel=\"noreferrer noopener\">Les Organisations de l&rsquo;aviation civile<\/a><\/p>\n<\/div>\n<\/div>\n\n\n\n<div class=\"wp-block-columns is-layout-flex wp-container-core-columns-is-layout-2 wp-block-columns-is-layout-flex\">\n<div class=\"wp-block-column is-layout-flow wp-block-column-is-layout-flow\">\n<p class=\"has-text-align-center has-white-color has-text-color has-background has-link-color wp-elements-08c2a5d523f829a8400d17be25dfc830\" style=\"background-color:#000863\"><strong>Histoire et culture de l&rsquo;a\u00e9ronautique et du spatial<\/strong><\/p>\n\n\n\n<p class=\"has-text-align-center\"><a href=\"..\/cahierdubia\/histoiredubia.html\" target=\"_blank\" rel=\"noreferrer noopener\">Histoire du BIA<\/a><\/p>\n\n\n\n<p class=\"has-text-align-center\"><a href=\"..\/cahierdubia\/avantXX\/avant_XX.html \" target=\"_blank\" rel=\"noreferrer noopener\">R\u00eaves mythologie et balbutiements<\/a><\/p>\n\n\n\n<p class=\"has-text-align-center\"><a href=\"..\/cahierdubia\/1900_1909\/1900_1909.html\" target=\"_blank\" rel=\"noreferrer noopener\">Histoire de l&rsquo;a\u00e9ronautique 1900-1910<\/a><\/p>\n\n\n\n<p class=\"has-text-align-center\"><a href=\"..\/cahierdubia\/1910_1920partie1\/1910_1920partie1.html\" target=\"_blank\" rel=\"noreferrer noopener\">Histoire de l&rsquo;a\u00e9ronautique 1910-1915<\/a><\/p>\n\n\n\n<p class=\"has-text-align-center\"><a href=\"..\/cahierdubia\/1910_1920partie2\/1910_1920partie2.html \" target=\"_blank\" rel=\"noreferrer noopener\">Histoire de l&rsquo;a\u00e9ronautique 1915-1920<\/a><\/p>\n\n\n\n<p class=\"has-text-align-center\"><a href=\"..\/cahierdubia\/1920_1930\/1920_1930.html\" target=\"_blank\" rel=\"noreferrer noopener\">Histoire de l&rsquo;a\u00e9ronautique 1920-1930<\/a><\/p>\n\n\n\n<p class=\"has-text-align-center\"><a href=\"..\/cahierdubia\/1930_1940\/1930_1940.html\" target=\"_blank\" rel=\"noreferrer noopener\">Histoire de l&rsquo;a\u00e9ronautique 1930-1940<\/a><\/p>\n\n\n\n<p class=\"has-text-align-center\"><a href=\"..\/cahierdubia\/1940_1950partie1\/1940.html\" target=\"_blank\" rel=\"noreferrer noopener\">Histoire de l&rsquo;a\u00e9ronautique 1940-1945<\/a><\/p>\n\n\n\n<p class=\"has-text-align-center\"><a href=\"..\/cahierdubia\/1940_1950_partie2\/1940_1950partie2.html\" target=\"_blank\" rel=\"noreferrer noopener\">Histoire de l&rsquo;a\u00e9ronautique 1945-1950<\/a><\/p>\n\n\n\n<p class=\"has-text-align-center\"><a href=\"..\/cahierdubia\/1950_1960\/1951.html\" target=\"_blank\" rel=\"noreferrer noopener\">Histoire de l&rsquo;a\u00e9ronautique 1950-1960<\/a><\/p>\n\n\n\n<p class=\"has-text-align-center\"><a href=\"..\/cahierdubia\/1960_1970\/1960.html\" target=\"_blank\" rel=\"noreferrer noopener\">Histoire de l&rsquo;a\u00e9ronautique 1960-1970<\/a><\/p>\n\n\n\n<p class=\"has-text-align-center\"><a href=\"..\/cahierdubia\/1970_1990\/1970_1990.html\" target=\"_blank\" rel=\"noreferrer noopener\">Histoire de l&rsquo;a\u00e9ronautique 1970-1990<\/a><\/p>\n<\/div>\n\n\n\n<div class=\"wp-block-column is-layout-flow wp-block-column-is-layout-flow\">\n<p class=\"has-text-align-center has-white-color has-text-color has-background has-link-color wp-elements-ed54aa14e75309fe3c6628c30f55e1d1\" style=\"background-color:#000863\"><strong>Anglais<\/strong><\/p>\n\n\n\n<p class=\"has-text-align-center\"><a href=\"https:\/\/sites.ac-nancy-metz.fr\/ciras\/cahierdubia\/navigation_spatiale\/navigation_spatiale_english.html\">Space navigation<\/a><\/p>\n\n\n\n<p class=\"has-text-align-center\"><a href=\"https:\/\/sites.ac-nancy-metz.fr\/ciras\/cahierdubia\/anglais_nuages\/Cloud_types.html\">Cloud types<\/a><\/p>\n\n\n\n<p class=\"has-text-align-center\"><a href=\"https:\/\/sites.ac-nancy-metz.fr\/ciras\/cahierdubia\/parts_of_airplane\/basic_parts_of_an_airplane.html\">Parts of an airplane<\/a><\/p>\n\n\n\n<p class=\"has-text-align-center\"><a href=\"https:\/\/sites.ac-nancy-metz.fr\/ciras\/cahierdubia\/circuit_engl\/traffic_pattern.html\">Traffic pattern<\/a><\/p>\n<\/div>\n\n\n\n<div class=\"wp-block-column is-layout-flow wp-block-column-is-layout-flow\">\n<p class=\"has-text-align-center has-white-color has-text-color has-background has-link-color wp-elements-fc6c8ca69425583d124348fcb417635b\" style=\"background-color:#000863\">F<strong>acteurs humains<\/strong><\/p>\n\n\n\n<p class=\"has-text-align-center\"><a href=\"https:\/\/sites.ac-nancy-metz.fr\/ciras\/cahierdubia\/facteurshumains\/facteurshumain1.html\">Facteurs humains physiologiques en a\u00e9ronautique<\/a><\/p>\n\n\n\n<p class=\"has-text-align-center\"><a href=\"https:\/\/sites.ac-nancy-metz.fr\/ciras\/cahierdubia\/prisededecision\/les_facteurs_humains2.html\">Fonctionnement mental<\/a><\/p>\n<\/div>\n\n\n\n<div class=\"wp-block-column is-layout-flow wp-block-column-is-layout-flow\">\n<p class=\"has-text-align-center has-white-color has-text-color has-background has-link-color wp-elements-7c469a29ef162bcfbf058f944513a02e\" style=\"background-color:#000863\"><strong>Divers<\/strong><\/p>\n\n\n\n<p class=\"has-text-align-center\"><a href=\"https:\/\/sites.ac-nancy-metz.fr\/ciras\/cahierdubia\/formules\/formulaire.html\">Formulaire et unit\u00e9s physiques<\/a><\/p>\n<\/div>\n<\/div>\n\n\n\n<div style=\"height:67px\" aria-hidden=\"true\" class=\"wp-block-spacer\"><\/div>\n\n\n\n<figure class=\"wp-block-gallery has-nested-images columns-default is-cropped wp-block-gallery-1 is-layout-flex wp-block-gallery-is-layout-flex\">\n<figure class=\"wp-block-image size-large\"><img loading=\"lazy\" decoding=\"async\" width=\"1024\" height=\"683\" data-id=\"4524\" src=\"https:\/\/sites.ac-nancy-metz.fr\/ciras\/wp-content\/uploads\/silhouette-airplane-take-off-colorful-dramatic-sky-with-cloud-sunset-background-1024x683.jpg\" alt=\"\" class=\"wp-image-4524\" srcset=\"https:\/\/sites.ac-nancy-metz.fr\/ciras\/wp-content\/uploads\/silhouette-airplane-take-off-colorful-dramatic-sky-with-cloud-sunset-background-1024x683.jpg 1024w, https:\/\/sites.ac-nancy-metz.fr\/ciras\/wp-content\/uploads\/silhouette-airplane-take-off-colorful-dramatic-sky-with-cloud-sunset-background-300x200.jpg 300w, https:\/\/sites.ac-nancy-metz.fr\/ciras\/wp-content\/uploads\/silhouette-airplane-take-off-colorful-dramatic-sky-with-cloud-sunset-background-768x512.jpg 768w, https:\/\/sites.ac-nancy-metz.fr\/ciras\/wp-content\/uploads\/silhouette-airplane-take-off-colorful-dramatic-sky-with-cloud-sunset-background-1536x1024.jpg 1536w, https:\/\/sites.ac-nancy-metz.fr\/ciras\/wp-content\/uploads\/silhouette-airplane-take-off-colorful-dramatic-sky-with-cloud-sunset-background-2048x1365.jpg 2048w\" sizes=\"(max-width: 1024px) 100vw, 1024px\" \/><\/figure>\n\n\n\n<figure class=\"wp-block-image size-large\"><img loading=\"lazy\" decoding=\"async\" width=\"1024\" height=\"683\" data-id=\"4474\" src=\"https:\/\/sites.ac-nancy-metz.fr\/ciras\/wp-content\/uploads\/vintage-propeller-airplane-sky-1024x683.jpg\" alt=\"\" class=\"wp-image-4474\" srcset=\"https:\/\/sites.ac-nancy-metz.fr\/ciras\/wp-content\/uploads\/vintage-propeller-airplane-sky-1024x683.jpg 1024w, https:\/\/sites.ac-nancy-metz.fr\/ciras\/wp-content\/uploads\/vintage-propeller-airplane-sky-300x200.jpg 300w, https:\/\/sites.ac-nancy-metz.fr\/ciras\/wp-content\/uploads\/vintage-propeller-airplane-sky-768x512.jpg 768w, https:\/\/sites.ac-nancy-metz.fr\/ciras\/wp-content\/uploads\/vintage-propeller-airplane-sky-1536x1024.jpg 1536w, https:\/\/sites.ac-nancy-metz.fr\/ciras\/wp-content\/uploads\/vintage-propeller-airplane-sky-2048x1365.jpg 2048w\" sizes=\"(max-width: 1024px) 100vw, 1024px\" \/><\/figure>\n\n\n\n<figure class=\"wp-block-image size-large\"><img loading=\"lazy\" decoding=\"async\" width=\"1024\" height=\"684\" data-id=\"4453\" src=\"https:\/\/sites.ac-nancy-metz.fr\/ciras\/wp-content\/uploads\/av2-1024x684.jpg\" alt=\"\" class=\"wp-image-4453\" srcset=\"https:\/\/sites.ac-nancy-metz.fr\/ciras\/wp-content\/uploads\/av2-1024x684.jpg 1024w, https:\/\/sites.ac-nancy-metz.fr\/ciras\/wp-content\/uploads\/av2-300x200.jpg 300w, https:\/\/sites.ac-nancy-metz.fr\/ciras\/wp-content\/uploads\/av2-768x513.jpg 768w, https:\/\/sites.ac-nancy-metz.fr\/ciras\/wp-content\/uploads\/av2-1536x1025.jpg 1536w, https:\/\/sites.ac-nancy-metz.fr\/ciras\/wp-content\/uploads\/av2-2048x1367.jpg 2048w\" sizes=\"(max-width: 1024px) 100vw, 1024px\" \/><\/figure>\n<\/figure>\n","protected":false},"excerpt":{"rendered":"<p>M\u00e9t\u00e9orologie et a\u00e9rologie L&rsquo;atmosph\u00e8re Vents et masses d&rsquo;air Nuages et pr\u00e9cipitations Les fronts Les ph\u00e9nom\u00e8nes m\u00e9t\u00e9orologiques dangereux A\u00e9rodynamique, a\u00e9rostatique et principes de vol Comment un avion&#8230;<\/p>\n","protected":false},"author":1,"featured_media":0,"parent":0,"menu_order":0,"comment_status":"closed","ping_status":"closed","template":"","meta":{"footnotes":""},"class_list":["post-4341","page","type-page","status-publish","hentry"],"_links":{"self":[{"href":"https:\/\/sites.ac-nancy-metz.fr\/ciras\/wp-json\/wp\/v2\/pages\/4341"}],"collection":[{"href":"https:\/\/sites.ac-nancy-metz.fr\/ciras\/wp-json\/wp\/v2\/pages"}],"about":[{"href":"https:\/\/sites.ac-nancy-metz.fr\/ciras\/wp-json\/wp\/v2\/types\/page"}],"author":[{"embeddable":true,"href":"https:\/\/sites.ac-nancy-metz.fr\/ciras\/wp-json\/wp\/v2\/users\/1"}],"replies":[{"embeddable":true,"href":"https:\/\/sites.ac-nancy-metz.fr\/ciras\/wp-json\/wp\/v2\/comments?post=4341"}],"version-history":[{"count":16,"href":"https:\/\/sites.ac-nancy-metz.fr\/ciras\/wp-json\/wp\/v2\/pages\/4341\/revisions"}],"predecessor-version":[{"id":4533,"href":"https:\/\/sites.ac-nancy-metz.fr\/ciras\/wp-json\/wp\/v2\/pages\/4341\/revisions\/4533"}],"wp:attachment":[{"href":"https:\/\/sites.ac-nancy-metz.fr\/ciras\/wp-json\/wp\/v2\/media?parent=4341"}],"curies":[{"name":"wp","href":"https:\/\/api.w.org\/{rel}","templated":true}]}}