{"id":4343,"date":"2024-10-24T09:46:30","date_gmt":"2024-10-24T08:46:30","guid":{"rendered":"https:\/\/sites.ac-nancy-metz.fr\/ciras\/?page_id=4343"},"modified":"2024-10-24T22:05:17","modified_gmt":"2024-10-24T21:05:17","slug":"du-bia-vers-un-metier","status":"publish","type":"page","link":"https:\/\/sites.ac-nancy-metz.fr\/ciras\/du-bia-vers-un-metier\/","title":{"rendered":"Du BIA vers un m\u00e9tier"},"content":{"rendered":"\n<figure class=\"wp-block-image alignfull size-large\"><img loading=\"lazy\" decoding=\"async\" width=\"1024\" height=\"134\" src=\"https:\/\/sites.ac-nancy-metz.fr\/ciras\/wp-content\/uploads\/bandeau-metier-1024x134.jpg\" alt=\"\" class=\"wp-image-4534\" srcset=\"https:\/\/sites.ac-nancy-metz.fr\/ciras\/wp-content\/uploads\/bandeau-metier-1024x134.jpg 1024w, https:\/\/sites.ac-nancy-metz.fr\/ciras\/wp-content\/uploads\/bandeau-metier-300x39.jpg 300w, https:\/\/sites.ac-nancy-metz.fr\/ciras\/wp-content\/uploads\/bandeau-metier-768x100.jpg 768w, https:\/\/sites.ac-nancy-metz.fr\/ciras\/wp-content\/uploads\/bandeau-metier-1536x201.jpg 1536w, https:\/\/sites.ac-nancy-metz.fr\/ciras\/wp-content\/uploads\/bandeau-metier.jpg 1920w\" sizes=\"(max-width: 1024px) 100vw, 1024px\" \/><\/figure>\n\n\n\n<p class=\"has-background\" style=\"background-color:#abb7c22e\">Les m\u00e9tiers de l\u2019a\u00e9ronautique, de l\u2019espace et de l\u2019a\u00e9rien sont nombreux ils proviennent de divers secteurs professionnels et font appel \u00e0 des savoir-faire et des connaissances issues des sciences et des technologies, du commerce, du droit, de l\u2019\u00e9conomie. Les formations qui y conduisent vont du CAP et au-del\u00e0 de bac + 5. Une partie de ces formations sont accessibles dans l\u2019acad\u00e9mie Nancy-Metz.<\/p>\n\n\n\n<hr class=\"wp-block-separator has-alpha-channel-opacity\"\/>\n\n\n\n<h2 class=\"wp-block-heading\">M\u00e9tiers de la recherche<\/h2>\n\n\n\n<div class=\"wp-block-media-text is-stacked-on-mobile is-image-fill\" style=\"grid-template-columns:22% auto\"><figure class=\"wp-block-media-text__media\" style=\"background-image:url(https:\/\/sites.ac-nancy-metz.fr\/ciras\/wp-content\/uploads\/airplane-jet-fly-high-sky-journey-through-clouds-sunny-glare-1024x683.jpg);background-position:50% 50%\"><img loading=\"lazy\" decoding=\"async\" width=\"1024\" height=\"683\" src=\"https:\/\/sites.ac-nancy-metz.fr\/ciras\/wp-content\/uploads\/airplane-jet-fly-high-sky-journey-through-clouds-sunny-glare-1024x683.jpg\" alt=\"\" class=\"wp-image-4476 size-large\" srcset=\"https:\/\/sites.ac-nancy-metz.fr\/ciras\/wp-content\/uploads\/airplane-jet-fly-high-sky-journey-through-clouds-sunny-glare-1024x683.jpg 1024w, https:\/\/sites.ac-nancy-metz.fr\/ciras\/wp-content\/uploads\/airplane-jet-fly-high-sky-journey-through-clouds-sunny-glare-300x200.jpg 300w, https:\/\/sites.ac-nancy-metz.fr\/ciras\/wp-content\/uploads\/airplane-jet-fly-high-sky-journey-through-clouds-sunny-glare-768x512.jpg 768w, https:\/\/sites.ac-nancy-metz.fr\/ciras\/wp-content\/uploads\/airplane-jet-fly-high-sky-journey-through-clouds-sunny-glare-1536x1024.jpg 1536w, https:\/\/sites.ac-nancy-metz.fr\/ciras\/wp-content\/uploads\/airplane-jet-fly-high-sky-journey-through-clouds-sunny-glare-2048x1366.jpg 2048w\" sizes=\"(max-width: 1024px) 100vw, 1024px\" \/><\/figure><div class=\"wp-block-media-text__content\">\n<p><strong>Ing\u00e9nieur d\u00e9veloppement logiciel :<\/strong> Il con\u00e7oit les logiciels des syst\u00e8mes de pilotages \u00e9lectriques, de visualisation par exemple, les planches de bord des avions.&nbsp;<\/p>\n\n\n\n<p><strong>Chercheur en sciences chimiques :<\/strong> Il met au point de nouveaux mat\u00e9riaux comme le carbure de silicium, la fibre de carbone \u2026<\/p>\n\n\n\n<p><strong>Ing\u00e9nieur en recherche et d\u00e9veloppement sur des structures avion :<\/strong> Il recherche des solutions techniques pour all\u00e9ger le poids d\u2019un avion, r\u00e9duire le co\u00fbt de fabrication et de maintenance.<\/p>\n\n\n\n<p><strong>Ing\u00e9nieur conception m\u00e9canique :<\/strong> Il con\u00e7oit, d\u00e9veloppe des pi\u00e8ces qui vont constituer la structure de l\u2019avion.<\/p>\n\n\n\n<p><strong>Ing\u00e9nieur bureau d\u2019\u00e9tudes :<\/strong> Il con\u00e7oit, d\u00e9veloppe des syst\u00e8mes \u00e9lectriques, \u00e9lectroniques, hydrauliques et m\u00e9caniques.<\/p>\n\n\n\n<p><strong>A\u00e9rodynamicien :<\/strong> Il \u00e9tudie l\u2019\u00e9coulement de l\u2019air autour d\u2019un avion en vol.<\/p>\n\n\n\n<p><strong>Ing\u00e9nieur a\u00e9ronautique <\/strong>: Il con\u00e7oit, met au point des technologies propres aux domaines de l\u2019aviation et de l\u2019espace.<\/p>\n<\/div><\/div>\n\n\n\n<hr class=\"wp-block-separator has-alpha-channel-opacity\"\/>\n\n\n\n<h2 class=\"wp-block-heading\">M\u00e9tiers test et validation de l&rsquo;a\u00e9ronef<\/h2>\n\n\n\n<div class=\"wp-block-media-text is-stacked-on-mobile is-image-fill\" style=\"grid-template-columns:22% auto\"><figure class=\"wp-block-media-text__media\" style=\"background-image:url(https:\/\/sites.ac-nancy-metz.fr\/ciras\/wp-content\/uploads\/silhouette-airplane-take-off-colorful-dramatic-sky-with-cloud-sunset-background-1024x683.jpg);background-position:50% 50%\"><img loading=\"lazy\" decoding=\"async\" width=\"1024\" height=\"683\" src=\"https:\/\/sites.ac-nancy-metz.fr\/ciras\/wp-content\/uploads\/silhouette-airplane-take-off-colorful-dramatic-sky-with-cloud-sunset-background-1024x683.jpg\" alt=\"\" class=\"wp-image-4524 size-full\" srcset=\"https:\/\/sites.ac-nancy-metz.fr\/ciras\/wp-content\/uploads\/silhouette-airplane-take-off-colorful-dramatic-sky-with-cloud-sunset-background-1024x683.jpg 1024w, https:\/\/sites.ac-nancy-metz.fr\/ciras\/wp-content\/uploads\/silhouette-airplane-take-off-colorful-dramatic-sky-with-cloud-sunset-background-300x200.jpg 300w, https:\/\/sites.ac-nancy-metz.fr\/ciras\/wp-content\/uploads\/silhouette-airplane-take-off-colorful-dramatic-sky-with-cloud-sunset-background-768x512.jpg 768w, https:\/\/sites.ac-nancy-metz.fr\/ciras\/wp-content\/uploads\/silhouette-airplane-take-off-colorful-dramatic-sky-with-cloud-sunset-background-1536x1024.jpg 1536w, https:\/\/sites.ac-nancy-metz.fr\/ciras\/wp-content\/uploads\/silhouette-airplane-take-off-colorful-dramatic-sky-with-cloud-sunset-background-2048x1365.jpg 2048w\" sizes=\"(max-width: 1024px) 100vw, 1024px\" \/><\/figure><div class=\"wp-block-media-text__content\">\n<p><strong>Ing\u00e9nieur de piste aux essais en vol :<\/strong> Il pr\u00e9pare un avion pour un vol d\u2019essai.<\/p>\n\n\n\n<p><strong>Technicien d\u2019essais :<\/strong> Il met au point et v\u00e9rifie le fonctionnement des syst\u00e8mes d\u2019un avion : syst\u00e8mes de combustion, de freinage, d\u2019atterrissage, de commandes de vol\u2026<\/p>\n\n\n\n<p><strong>Ing\u00e9nieur int\u00e9gration satellite :<\/strong> Il organise et coordonne les activit\u00e9s d\u2019int\u00e9gration, d\u2019assemblage et des tests associ\u00e9s d\u2019un satellite<\/p>\n<\/div><\/div>\n\n\n\n<hr class=\"wp-block-separator has-alpha-channel-opacity\"\/>\n\n\n\n<h2 class=\"wp-block-heading\">M\u00e9tiers de la production<\/h2>\n\n\n\n<div class=\"wp-block-media-text is-stacked-on-mobile is-image-fill\" style=\"grid-template-columns:22% auto\"><figure class=\"wp-block-media-text__media\" style=\"background-image:url(https:\/\/sites.ac-nancy-metz.fr\/ciras\/wp-content\/uploads\/sunset-white-clouds-blue-sky-from-airplane-window-view-colorful-cloudscape-background-1024x683.jpg);background-position:50% 50%\"><img loading=\"lazy\" decoding=\"async\" width=\"1024\" height=\"683\" src=\"https:\/\/sites.ac-nancy-metz.fr\/ciras\/wp-content\/uploads\/sunset-white-clouds-blue-sky-from-airplane-window-view-colorful-cloudscape-background-1024x683.jpg\" alt=\"\" class=\"wp-image-4510 size-full\" srcset=\"https:\/\/sites.ac-nancy-metz.fr\/ciras\/wp-content\/uploads\/sunset-white-clouds-blue-sky-from-airplane-window-view-colorful-cloudscape-background-1024x683.jpg 1024w, https:\/\/sites.ac-nancy-metz.fr\/ciras\/wp-content\/uploads\/sunset-white-clouds-blue-sky-from-airplane-window-view-colorful-cloudscape-background-300x200.jpg 300w, https:\/\/sites.ac-nancy-metz.fr\/ciras\/wp-content\/uploads\/sunset-white-clouds-blue-sky-from-airplane-window-view-colorful-cloudscape-background-768x512.jpg 768w, https:\/\/sites.ac-nancy-metz.fr\/ciras\/wp-content\/uploads\/sunset-white-clouds-blue-sky-from-airplane-window-view-colorful-cloudscape-background-1536x1024.jpg 1536w, https:\/\/sites.ac-nancy-metz.fr\/ciras\/wp-content\/uploads\/sunset-white-clouds-blue-sky-from-airplane-window-view-colorful-cloudscape-background-2048x1365.jpg 2048w\" sizes=\"(max-width: 1024px) 100vw, 1024px\" \/><\/figure><div class=\"wp-block-media-text__content\">\n<p>Ces m\u00e9tiers consistent \u00e0 mettre au point des m\u00e9thodes de production, fabriquer, assembler des syst\u00e8mes \u00e9lectroniques (syst\u00e8mes d\u2019aide \u00e0 la navigation, syst\u00e8me de conditionnement de l\u2019air)<br><br><strong>Technicien en \u00e9lectronique analogique<\/strong> : Il r\u00e9pare, installe ou fabrique de nombreux produits : appareils audio-vid\u00e9o, instruments de mesure, syst\u00e8mes de navigation&#8230;<br><br><strong>Technicien avionique<\/strong> : Il R\u00e9alise le c\u00e2blage des \u00e9quipements \u00e9lectriques et \u00e9lectroniques (instruments de bord, radionavigation, pilotage automatique, syst\u00e8me radar).<br><br><strong>Monteur c\u00e2bleur<\/strong> : Il r\u00e9alise l\u2019installation et la v\u00e9rification des fils conducteurs reliant les diff\u00e9rents mat\u00e9riels \u00e9lectroniques et \u00e9lectrom\u00e9caniques qui constituent le c\u00e2blage de l\u2019a\u00e9ronef.<\/p>\n\n\n\n<p><strong>Chaudronnier<\/strong> : Il fa\u00e7onne le fuselage des a\u00e9ronefs, les ailes, les rev\u00eatements de carlingue<\/p>\n\n\n\n<p><strong>Soudeur<\/strong> : Il r\u00e9alise l&rsquo;assemblage par soudure de pr\u00e9cision pour l&rsquo;industrie a\u00e9ronautique.<\/p>\n<\/div><\/div>\n\n\n\n<hr class=\"wp-block-separator has-alpha-channel-opacity\"\/>\n\n\n\n<h2 class=\"wp-block-heading\">M\u00e9tiers des services g\u00e9n\u00e9raux<\/h2>\n\n\n\n<div class=\"wp-block-media-text is-stacked-on-mobile is-image-fill\" style=\"grid-template-columns:22% auto\"><figure class=\"wp-block-media-text__media\" style=\"background-image:url(https:\/\/sites.ac-nancy-metz.fr\/ciras\/wp-content\/uploads\/av3-1024x640.jpg);background-position:50% 50%\"><img loading=\"lazy\" decoding=\"async\" width=\"1024\" height=\"640\" src=\"https:\/\/sites.ac-nancy-metz.fr\/ciras\/wp-content\/uploads\/av3-1024x640.jpg\" alt=\"\" class=\"wp-image-4452 size-full\" srcset=\"https:\/\/sites.ac-nancy-metz.fr\/ciras\/wp-content\/uploads\/av3-1024x640.jpg 1024w, https:\/\/sites.ac-nancy-metz.fr\/ciras\/wp-content\/uploads\/av3-300x188.jpg 300w, https:\/\/sites.ac-nancy-metz.fr\/ciras\/wp-content\/uploads\/av3-768x480.jpg 768w, https:\/\/sites.ac-nancy-metz.fr\/ciras\/wp-content\/uploads\/av3-1536x960.jpg 1536w, https:\/\/sites.ac-nancy-metz.fr\/ciras\/wp-content\/uploads\/av3-2048x1280.jpg 2048w\" sizes=\"(max-width: 1024px) 100vw, 1024px\" \/><\/figure><div class=\"wp-block-media-text__content\">\n<p><strong>Technico commercial pour march\u00e9s de haute technologie : <\/strong>Il prospecte une client\u00e8le de professionnels, propose des solutions techniques selon les besoins du client et n\u00e9gocie les conditions commerciales de la vente.<br><br><strong>Acheteur :<\/strong> Il n\u00e9gocie l\u2019achat de pi\u00e8ces, d\u2019\u00e9quipements ou de prestations de services a\u00e9ronautiques selon de cahier des charges.<br><br><strong>Technicien support client :<\/strong> Il fait la liaison entre le client et ateliers de r\u00e9paration.<br><br><strong>Ing\u00e9nieur charg\u00e9 d\u2019affaires :<\/strong> Il d\u00e9veloppe les ventes dans le domaine a\u00e9ronautique.<\/p>\n<\/div><\/div>\n\n\n\n<hr class=\"wp-block-separator has-alpha-channel-opacity\"\/>\n\n\n\n<h2 class=\"wp-block-heading\">M\u00e9tiers de la maintenance<\/h2>\n\n\n\n<div class=\"wp-block-media-text is-stacked-on-mobile is-image-fill\" style=\"grid-template-columns:22% auto\"><figure class=\"wp-block-media-text__media\" style=\"background-image:url(https:\/\/sites.ac-nancy-metz.fr\/ciras\/wp-content\/uploads\/contrails-white-lines-against-blue-sky-1024x683.jpg);background-position:50% 50%\"><img loading=\"lazy\" decoding=\"async\" width=\"1024\" height=\"683\" src=\"https:\/\/sites.ac-nancy-metz.fr\/ciras\/wp-content\/uploads\/contrails-white-lines-against-blue-sky-1024x683.jpg\" alt=\"\" class=\"wp-image-4509 size-full\" srcset=\"https:\/\/sites.ac-nancy-metz.fr\/ciras\/wp-content\/uploads\/contrails-white-lines-against-blue-sky-1024x683.jpg 1024w, https:\/\/sites.ac-nancy-metz.fr\/ciras\/wp-content\/uploads\/contrails-white-lines-against-blue-sky-300x200.jpg 300w, https:\/\/sites.ac-nancy-metz.fr\/ciras\/wp-content\/uploads\/contrails-white-lines-against-blue-sky-768x512.jpg 768w, https:\/\/sites.ac-nancy-metz.fr\/ciras\/wp-content\/uploads\/contrails-white-lines-against-blue-sky-1536x1024.jpg 1536w, https:\/\/sites.ac-nancy-metz.fr\/ciras\/wp-content\/uploads\/contrails-white-lines-against-blue-sky-2048x1365.jpg 2048w\" sizes=\"(max-width: 1024px) 100vw, 1024px\" \/><\/figure><div class=\"wp-block-media-text__content\">\n<p><strong>Ing\u00e9nieur maintenance moteur d\u2019avions :<\/strong> Il r\u00e9vise, expertise, d\u00e9panne, r\u00e9sout les probl\u00e8mes techniques<br><br><strong>Technicien avionique :<\/strong> Il Inspecte, monte et d\u00e9monte, entretient, r\u00e9pare les syst\u00e8mes \u00e9lectroniques et \u00e9lectriques d\u2019un avion (instruments de bord, radionavigation, pilotage automatique, syst\u00e8me radar)<br><br><strong>Monteur d\u2019\u00e9quipements a\u00e9ronautiques :<\/strong> Il monte, d\u00e9monte les \u00e9quipements, diagnostique, r\u00e9pare<\/p>\n\n\n\n<p><strong>M\u00e9canicien avion :<\/strong> Il entretient les avions, r\u00e9pare, fait des contr\u00f4les techniques, certifie les r\u00e9parations.<\/p>\n\n\n\n<p><strong>M\u00e9canicien d\u2019entretien d\u2019avion : <\/strong>Il d\u00e9tecte des anomalies sur les avions, effectue des contr\u00f4les<\/p>\n\n\n\n<p><strong>Sous-officier m\u00e9canicien a\u00e9ronef : <\/strong>Il effectue dans le domaine militaire les m\u00eames op\u00e9rations que les m\u00e9caniciens avion civils<\/p>\n<\/div><\/div>\n\n\n\n<hr class=\"wp-block-separator has-alpha-channel-opacity\"\/>\n\n\n\n<h2 class=\"wp-block-heading\">M\u00e9tiers de l&rsquo;exploitation a\u00e9rienne<\/h2>\n\n\n\n<div class=\"wp-block-media-text is-stacked-on-mobile is-image-fill\" style=\"grid-template-columns:22% auto\"><figure class=\"wp-block-media-text__media\" style=\"background-image:url(https:\/\/sites.ac-nancy-metz.fr\/ciras\/wp-content\/uploads\/vintage-propeller-airplane-sky-1024x683.jpg);background-position:50% 50%\"><img loading=\"lazy\" decoding=\"async\" width=\"1024\" height=\"683\" src=\"https:\/\/sites.ac-nancy-metz.fr\/ciras\/wp-content\/uploads\/vintage-propeller-airplane-sky-1024x683.jpg\" alt=\"\" class=\"wp-image-4474 size-full\" srcset=\"https:\/\/sites.ac-nancy-metz.fr\/ciras\/wp-content\/uploads\/vintage-propeller-airplane-sky-1024x683.jpg 1024w, https:\/\/sites.ac-nancy-metz.fr\/ciras\/wp-content\/uploads\/vintage-propeller-airplane-sky-300x200.jpg 300w, https:\/\/sites.ac-nancy-metz.fr\/ciras\/wp-content\/uploads\/vintage-propeller-airplane-sky-768x512.jpg 768w, https:\/\/sites.ac-nancy-metz.fr\/ciras\/wp-content\/uploads\/vintage-propeller-airplane-sky-1536x1024.jpg 1536w, https:\/\/sites.ac-nancy-metz.fr\/ciras\/wp-content\/uploads\/vintage-propeller-airplane-sky-2048x1365.jpg 2048w\" sizes=\"(max-width: 1024px) 100vw, 1024px\" \/><\/figure><div class=\"wp-block-media-text__content\">\n<p><strong>Agent d\u2019escale<\/strong> : Il accueille et renseigne les passagers et proc\u00e8de aux op\u00e9rations d&#8217;embarquement et d\u00e9barquement, enregistrer les passagers et leurs bagages de soute, assister les passagers \u00e0 particularit\u00e9s (enfants non accompagn\u00e9s, passagers handicap\u00e9s etc&#8230;),<\/p>\n\n\n\n<p><strong>Technicien de coordination centrali<\/strong>s\u00e9e : Il Coordonne le nettoyage, l\u2019approvisionnement, le chargement \/ d\u00e9chargement des bagages et du fret<\/p>\n\n\n\n<p><strong>Agent de piste<\/strong> : Il Pr\u00e9pare le mat\u00e9riel avant l\u2019arriv\u00e9e de l\u2019avion, le guide dans ses man\u0153uvres au sol, d\u00e9charge les bagages et le fret.<\/p>\n\n\n\n<p><strong>Pilote de chasse<\/strong> : Il pilote, prot\u00e8ge le territoire.<\/p>\n\n\n\n<p><strong>Navigateur Officier Syst\u00e8me d\u2019Arme<\/strong> : En collaboration avec le pilote de chasse, il prot\u00e8ge le territoire<\/p>\n\n\n\n<p><strong>Pilote professionnel, pilote de ligne (avion, h\u00e9licopt\u00e8re)<\/strong> : Il Travaille surtout en vol, mais aussi au sol : pr\u00e9paration de vol, briefing de l\u2019\u00e9quipage&#8230;<\/p>\n\n\n\n<p><strong>H\u00f4tesse de l\u2019air steward<\/strong> : Elle\/il Assure la s\u00e9curit\u00e9 et le confort des passagers<\/p>\n\n\n\n<p><strong>Analyste de vols revenue management<\/strong> : Rechercher le meilleur \u00e9quilibre possible entre le taux de remplissage des avions et les tarifs pratiqu\u00e9s.<\/p>\n\n\n\n<p><strong>Agent de nettoyage avion<\/strong> : Il est charg\u00e9 du nettoyage de l\u2019avion et du r\u00e9approvisionnement en produit de toilette.<\/p>\n\n\n\n<p><strong>Bagagiste tractoriste<\/strong> : Il s\u2019occupe des bagages, les trie, les r\u00e9cup\u00e9re apr\u00e8s contr\u00f4le, les transporte et assure leur livraison \u00e0 l\u2019avion<\/p>\n<\/div><\/div>\n\n\n\n<p><\/p>\n\n\n\n<hr class=\"wp-block-separator has-alpha-channel-opacity\"\/>\n\n\n\n<h2 class=\"wp-block-heading\">M\u00e9tiers de la s\u00e9curit\u00e9 au sol et de l&rsquo;espace a\u00e9rien<\/h2>\n\n\n\n<div class=\"wp-block-media-text is-stacked-on-mobile is-image-fill\" style=\"grid-template-columns:22% auto\"><figure class=\"wp-block-media-text__media\" style=\"background-image:url(https:\/\/sites.ac-nancy-metz.fr\/ciras\/wp-content\/uploads\/monument-fighter-aircraft-1024x683.jpg);background-position:50% 50%\"><img loading=\"lazy\" decoding=\"async\" width=\"1024\" height=\"683\" src=\"https:\/\/sites.ac-nancy-metz.fr\/ciras\/wp-content\/uploads\/monument-fighter-aircraft-1024x683.jpg\" alt=\"\" class=\"wp-image-4475 size-full\" srcset=\"https:\/\/sites.ac-nancy-metz.fr\/ciras\/wp-content\/uploads\/monument-fighter-aircraft-1024x683.jpg 1024w, https:\/\/sites.ac-nancy-metz.fr\/ciras\/wp-content\/uploads\/monument-fighter-aircraft-300x200.jpg 300w, https:\/\/sites.ac-nancy-metz.fr\/ciras\/wp-content\/uploads\/monument-fighter-aircraft-768x512.jpg 768w, https:\/\/sites.ac-nancy-metz.fr\/ciras\/wp-content\/uploads\/monument-fighter-aircraft-1536x1024.jpg 1536w, https:\/\/sites.ac-nancy-metz.fr\/ciras\/wp-content\/uploads\/monument-fighter-aircraft-2048x1365.jpg 2048w\" sizes=\"(max-width: 1024px) 100vw, 1024px\" \/><\/figure><div class=\"wp-block-media-text__content\">\n<p><strong>Agent de s\u00fbret\u00e9 a\u00e9roportuaire :<\/strong> Il assure les meilleures garanties de s\u00fbret\u00e9 sur l\u2019a\u00e9roport et dans les airs, v\u00e9rifie le contenu des bagages, contr\u00f4le les passagers.<\/p>\n\n\n\n<p><strong>Commando de l\u2019air :<\/strong> Il prot\u00e8ge les bases a\u00e9riennes, r\u00e9cup\u00e8re les pilotes en terrain hostile<\/p>\n\n\n\n<p><strong>Gendarmerie de l\u2019air<\/strong><\/p>\n\n\n\n<p><strong>Police de l\u2019air et des fronti\u00e8res<\/strong><\/p>\n\n\n\n<p><strong>Ing\u00e9nieur du Contr\u00f4le de la Navigation A\u00e9rienne : <\/strong>Il guide les pilotes en vol pour que les avions circulent en toute s\u00e9curit\u00e9 par tous les temps et en tous lieux.<br><br><strong>Sous-officier contr\u00f4leur a\u00e9rien :<\/strong> Il effectue dans le domaine militaire les m\u00eames t\u00e2ches que le contr\u00f4leur de navigation a\u00e9rienne.<\/p>\n\n\n\n<p><strong>Ma\u00eetre-chien :<\/strong> Il assure la s\u00e9curit\u00e9, contr\u00f4le, surveille, d\u00e9piste\u2026<\/p>\n\n\n\n<p><strong>Sapeur-pompier : <\/strong>Il assure la s\u00e9curit\u00e9 incendie et secours.<\/p>\n<\/div><\/div>\n\n\n\n<div style=\"height:100px\" aria-hidden=\"true\" class=\"wp-block-spacer\"><\/div>\n\n\n\n<figure class=\"wp-block-gallery has-nested-images columns-default is-cropped wp-block-gallery-1 is-layout-flex wp-block-gallery-is-layout-flex\">\n<figure class=\"wp-block-image size-large wp-duotone-grayscale\"><img loading=\"lazy\" decoding=\"async\" width=\"1024\" height=\"640\" data-id=\"4452\" src=\"https:\/\/sites.ac-nancy-metz.fr\/ciras\/wp-content\/uploads\/av3-1024x640.jpg\" alt=\"\" class=\"wp-image-4452\" srcset=\"https:\/\/sites.ac-nancy-metz.fr\/ciras\/wp-content\/uploads\/av3-1024x640.jpg 1024w, https:\/\/sites.ac-nancy-metz.fr\/ciras\/wp-content\/uploads\/av3-300x188.jpg 300w, https:\/\/sites.ac-nancy-metz.fr\/ciras\/wp-content\/uploads\/av3-768x480.jpg 768w, https:\/\/sites.ac-nancy-metz.fr\/ciras\/wp-content\/uploads\/av3-1536x960.jpg 1536w, https:\/\/sites.ac-nancy-metz.fr\/ciras\/wp-content\/uploads\/av3-2048x1280.jpg 2048w\" sizes=\"(max-width: 1024px) 100vw, 1024px\" \/><\/figure>\n\n\n\n<figure class=\"wp-block-image size-large wp-duotone-grayscale\"><img loading=\"lazy\" decoding=\"async\" width=\"1024\" height=\"680\" data-id=\"4454\" src=\"https:\/\/sites.ac-nancy-metz.fr\/ciras\/wp-content\/uploads\/av1-1024x680.jpg\" alt=\"\" class=\"wp-image-4454\" srcset=\"https:\/\/sites.ac-nancy-metz.fr\/ciras\/wp-content\/uploads\/av1-1024x680.jpg 1024w, https:\/\/sites.ac-nancy-metz.fr\/ciras\/wp-content\/uploads\/av1-300x199.jpg 300w, https:\/\/sites.ac-nancy-metz.fr\/ciras\/wp-content\/uploads\/av1-768x510.jpg 768w, https:\/\/sites.ac-nancy-metz.fr\/ciras\/wp-content\/uploads\/av1-1536x1020.jpg 1536w, https:\/\/sites.ac-nancy-metz.fr\/ciras\/wp-content\/uploads\/av1-2048x1360.jpg 2048w\" sizes=\"(max-width: 1024px) 100vw, 1024px\" \/><\/figure>\n\n\n\n<figure class=\"wp-block-image size-large wp-duotone-grayscale\"><img loading=\"lazy\" decoding=\"async\" width=\"1024\" height=\"683\" data-id=\"4510\" src=\"https:\/\/sites.ac-nancy-metz.fr\/ciras\/wp-content\/uploads\/sunset-white-clouds-blue-sky-from-airplane-window-view-colorful-cloudscape-background-1024x683.jpg\" alt=\"\" class=\"wp-image-4510\" srcset=\"https:\/\/sites.ac-nancy-metz.fr\/ciras\/wp-content\/uploads\/sunset-white-clouds-blue-sky-from-airplane-window-view-colorful-cloudscape-background-1024x683.jpg 1024w, https:\/\/sites.ac-nancy-metz.fr\/ciras\/wp-content\/uploads\/sunset-white-clouds-blue-sky-from-airplane-window-view-colorful-cloudscape-background-300x200.jpg 300w, https:\/\/sites.ac-nancy-metz.fr\/ciras\/wp-content\/uploads\/sunset-white-clouds-blue-sky-from-airplane-window-view-colorful-cloudscape-background-768x512.jpg 768w, https:\/\/sites.ac-nancy-metz.fr\/ciras\/wp-content\/uploads\/sunset-white-clouds-blue-sky-from-airplane-window-view-colorful-cloudscape-background-1536x1024.jpg 1536w, https:\/\/sites.ac-nancy-metz.fr\/ciras\/wp-content\/uploads\/sunset-white-clouds-blue-sky-from-airplane-window-view-colorful-cloudscape-background-2048x1365.jpg 2048w\" sizes=\"(max-width: 1024px) 100vw, 1024px\" \/><\/figure>\n<\/figure>\n\n\n\n<p><\/p>\n","protected":false},"excerpt":{"rendered":"<p>Les m\u00e9tiers de l\u2019a\u00e9ronautique, de l\u2019espace et de l\u2019a\u00e9rien sont nombreux ils proviennent de divers secteurs professionnels et font appel \u00e0 des savoir-faire et des connaissances&#8230;<\/p>\n","protected":false},"author":1,"featured_media":0,"parent":0,"menu_order":0,"comment_status":"closed","ping_status":"closed","template":"","meta":{"footnotes":""},"class_list":["post-4343","page","type-page","status-publish","hentry"],"_links":{"self":[{"href":"https:\/\/sites.ac-nancy-metz.fr\/ciras\/wp-json\/wp\/v2\/pages\/4343"}],"collection":[{"href":"https:\/\/sites.ac-nancy-metz.fr\/ciras\/wp-json\/wp\/v2\/pages"}],"about":[{"href":"https:\/\/sites.ac-nancy-metz.fr\/ciras\/wp-json\/wp\/v2\/types\/page"}],"author":[{"embeddable":true,"href":"https:\/\/sites.ac-nancy-metz.fr\/ciras\/wp-json\/wp\/v2\/users\/1"}],"replies":[{"embeddable":true,"href":"https:\/\/sites.ac-nancy-metz.fr\/ciras\/wp-json\/wp\/v2\/comments?post=4343"}],"version-history":[{"count":9,"href":"https:\/\/sites.ac-nancy-metz.fr\/ciras\/wp-json\/wp\/v2\/pages\/4343\/revisions"}],"predecessor-version":[{"id":4546,"href":"https:\/\/sites.ac-nancy-metz.fr\/ciras\/wp-json\/wp\/v2\/pages\/4343\/revisions\/4546"}],"wp:attachment":[{"href":"https:\/\/sites.ac-nancy-metz.fr\/ciras\/wp-json\/wp\/v2\/media?parent=4343"}],"curies":[{"name":"wp","href":"https:\/\/api.w.org\/{rel}","templated":true}]}}