{"id":4345,"date":"2024-10-24T09:47:15","date_gmt":"2024-10-24T08:47:15","guid":{"rendered":"https:\/\/sites.ac-nancy-metz.fr\/ciras\/?page_id=4345"},"modified":"2024-10-24T22:14:16","modified_gmt":"2024-10-24T21:14:16","slug":"le-bia-au-feminin","status":"publish","type":"page","link":"https:\/\/sites.ac-nancy-metz.fr\/ciras\/le-bia-au-feminin\/","title":{"rendered":"Le BIA au f\u00e9minin"},"content":{"rendered":"\n<figure class=\"wp-block-image alignfull size-large\"><img loading=\"lazy\" decoding=\"async\" width=\"1024\" height=\"134\" src=\"https:\/\/sites.ac-nancy-metz.fr\/ciras\/wp-content\/uploads\/bandeau-femme-1024x134.jpg\" alt=\"\" class=\"wp-image-4547\" srcset=\"https:\/\/sites.ac-nancy-metz.fr\/ciras\/wp-content\/uploads\/bandeau-femme-1024x134.jpg 1024w, https:\/\/sites.ac-nancy-metz.fr\/ciras\/wp-content\/uploads\/bandeau-femme-300x39.jpg 300w, https:\/\/sites.ac-nancy-metz.fr\/ciras\/wp-content\/uploads\/bandeau-femme-768x100.jpg 768w, https:\/\/sites.ac-nancy-metz.fr\/ciras\/wp-content\/uploads\/bandeau-femme-1536x201.jpg 1536w, https:\/\/sites.ac-nancy-metz.fr\/ciras\/wp-content\/uploads\/bandeau-femme.jpg 1920w\" sizes=\"(max-width: 1024px) 100vw, 1024px\" \/><\/figure>\n\n\n\n<p class=\"has-background\" style=\"background-color:#abb7c242\">L\u2019a\u00e9ronautique et l\u2019a\u00e9rien restent des milieux plut\u00f4t masculins. Cependant, d\u00e8s l\u2019origine de l\u2019aviation, de nombreuses femmes s\u2019y sont distingu\u00e9es, mais ce n&rsquo;est seulement dans les ann\u00e9es 80 qu&rsquo;elles se sont \u00e9tablies en tant que pilotes professionnelles.<\/p>\n\n\n\n<p><strong>Secteur a\u00e9ronautique<\/strong><br><br>Aujourd&rsquo;hui, le secteur a\u00e9ronautique compte \u00e0 peine 21% de femmes, et seulement 15 % sont recens\u00e9es parmi les effectifs techniques.<br>Pourtant, s&rsquo;inscrivant dans le d\u00e9veloppement de la mixit\u00e9 des m\u00e9tiers, les employeurs du secteur souhaitent r\u00e9\u00e9quilibrer cette tendance et embaucher d&rsquo;avantage de femmes dans une grande vari\u00e9t\u00e9 de m\u00e9tiers, de la conception \u00e0 la commercialisation. Dans la production notamment, un volume significatif d&#8217;embauches est attendu dans les ann\u00e9es \u00e0 venir. Mais le personnel f\u00e9minin est encore souvent frein\u00e9 par la vision d&rsquo;un \u00ab monde d&rsquo;hommes \u00bb, ce qui n\u2019est pas une vision r\u00e9aliste.<br>Cependant, de grands groupes comme Dassault Aviation, Thales, Safran ou encore EADS \u0153uvrent pour la f\u00e9minisation des emplois. Car dans l&rsquo;a\u00e9ronautique, on compte certes 61 % de femmes dans les fonctions administratives comme la gestion, la comptabilit\u00e9, les ressources humaines. Mais elles ne sont plus que 14 % dans les fonctions de techniciens.<br><br><strong>Secteur du transport a\u00e9rien<\/strong><br><br>La place de femmes progresse dans le transport a\u00e9rien o\u00f9 elles repr\u00e9sentent d\u00e9sormais 42% des salari\u00e9s, selon la FNAM qui note cependant une tr\u00e8s forte disparit\u00e9 selon les m\u00e9tiers<br>Une profession dans laquelle exercent principalement des femmes, c&rsquo;est la profession d&rsquo;agent de bord ou elles repr\u00e9sentent 80% des effectifs<br>Les emplois commerciaux dans le transport a\u00e9rien, est un autre domaine ou les femmes sont bien repr\u00e9sent\u00e9es avec environ 60% des effectifs.<br>La pr\u00e9sence des femmes dans l&rsquo;aviation est malgr\u00e9 tout une longue histoire.<br>Aujourd&rsquo;hui comme hier, peu de femmes travaillent comme femmes pilotes ou contr\u00f4leuses du trafic a\u00e9rien, mais c\u2019est un domaine qui les int\u00e9resse de plus en plus, d\u2019ailleurs de nombreuses pionni\u00e8res on ouvert la voie. La FNAM (F\u00e9d\u00e9ration Nationale de l&rsquo;Aviation Marchande) pr\u00e9cise d\u2019ailleurs que le nombre de femmes pilotes et de m\u00e9caniciennes augmente lentement mais r\u00e9guli\u00e8rement\u00a0\u00bb.&nbsp;<\/p>\n\n\n<div class=\"wp-block-image\">\n<figure class=\"aligncenter size-full is-resized\"><img loading=\"lazy\" decoding=\"async\" width=\"748\" height=\"390\" src=\"https:\/\/sites.ac-nancy-metz.fr\/ciras\/wp-content\/uploads\/pourcentage.png\" alt=\"\" class=\"wp-image-4378\" style=\"width:676px;height:auto\" srcset=\"https:\/\/sites.ac-nancy-metz.fr\/ciras\/wp-content\/uploads\/pourcentage.png 748w, https:\/\/sites.ac-nancy-metz.fr\/ciras\/wp-content\/uploads\/pourcentage-300x156.png 300w\" sizes=\"(max-width: 748px) 100vw, 748px\" \/><\/figure><\/div>\n\n\n<p class=\"has-text-align-center\"><em>R\u00e9partition des emplois hommes\/ femmes en %<\/em><\/p>\n\n\n\n<hr class=\"wp-block-separator has-alpha-channel-opacity\"\/>\n\n\n\n<h2 class=\"wp-block-heading\">Les pionni\u00e8res de l&rsquo;aviation<\/h2>\n\n\n\n<p>Les d\u00e9buts dans l\u2019a\u00e9ronautique et l&rsquo;astronautique ne furent pas toujours faciles pour les femmes, elles eurent n\u00e9anmoins certains succ\u00e8s.&nbsp;Chaque fois que les femmes ont franchi une nouvelle \u00e9tape dans l&rsquo;aviation, l&rsquo;attention des m\u00e9dias \u00e9tait \u00e9norme et elles \u00e9taient v\u00e9n\u00e9r\u00e9es comme des h\u00e9ro\u00efnes. La petite liste non exhaustive suivante nous donne un petit aper\u00e7u des femmes qui ont marqu\u00e9 l&rsquo;histoire de l&rsquo;aviation et de l&rsquo;astronautique.<br><br><\/p>\n\n\n\n<div class=\"wp-block-media-text is-stacked-on-mobile is-image-fill\" style=\"grid-template-columns:21% auto\"><figure class=\"wp-block-media-text__media\" style=\"background-image:url(https:\/\/sites.ac-nancy-metz.fr\/ciras\/wp-content\/uploads\/garnerin-150x150.png);background-position:50% 50%\"><img loading=\"lazy\" decoding=\"async\" width=\"150\" height=\"150\" src=\"https:\/\/sites.ac-nancy-metz.fr\/ciras\/wp-content\/uploads\/garnerin-150x150.png\" alt=\"\" class=\"wp-image-4372 size-thumbnail\"\/><\/figure><div class=\"wp-block-media-text__content\">\n<p><strong>Jeanne-Genevi\u00e8ve Labrosse<\/strong> a \u00e9t\u00e9 la premi\u00e8re navigatrice a\u00e9ronautique professionnelle en 1798. Elle \u00e9tait l&rsquo;\u00e9pouse d&rsquo;Andr\u00e9-Jacques Garnerin, l&rsquo;inventeur du parachute.<\/p>\n<\/div><\/div>\n\n\n\n<hr class=\"wp-block-separator has-alpha-channel-opacity\"\/>\n\n\n\n<div class=\"wp-block-media-text is-stacked-on-mobile is-image-fill\" style=\"grid-template-columns:21% auto\"><figure class=\"wp-block-media-text__media\" style=\"background-image:url(https:\/\/sites.ac-nancy-metz.fr\/ciras\/wp-content\/uploads\/raymonde-de-la-roche.jpg);background-position:50% 50%\"><img loading=\"lazy\" decoding=\"async\" width=\"900\" height=\"600\" src=\"https:\/\/sites.ac-nancy-metz.fr\/ciras\/wp-content\/uploads\/raymonde-de-la-roche.jpg\" alt=\"\" class=\"wp-image-4375 size-thumbnail\" srcset=\"https:\/\/sites.ac-nancy-metz.fr\/ciras\/wp-content\/uploads\/raymonde-de-la-roche.jpg 900w, https:\/\/sites.ac-nancy-metz.fr\/ciras\/wp-content\/uploads\/raymonde-de-la-roche-300x200.jpg 300w, https:\/\/sites.ac-nancy-metz.fr\/ciras\/wp-content\/uploads\/raymonde-de-la-roche-768x512.jpg 768w\" sizes=\"(max-width: 900px) 100vw, 900px\" \/><\/figure><div class=\"wp-block-media-text__content\">\n<p><strong>Elise Deroche<\/strong><br>A\u00e9ronaute confirm\u00e9e et pionni\u00e8re de l&rsquo;aviation, plus connue sous le nom de \u00ab\u00a0baronne\u00a0\u00bb de Laroche, elle fut la premi\u00e8re \u00e0 voler en solo en octobre 1909. Elle se tua au cours des essais d&rsquo;un nouvel a\u00e9roplane.&nbsp;<\/p>\n<\/div><\/div>\n\n\n\n<hr class=\"wp-block-separator has-alpha-channel-opacity\"\/>\n\n\n\n<div class=\"wp-block-media-text is-stacked-on-mobile is-image-fill\" style=\"grid-template-columns:21% auto\"><figure class=\"wp-block-media-text__media\" style=\"background-image:url(https:\/\/sites.ac-nancy-metz.fr\/ciras\/wp-content\/uploads\/quimby.jpg);background-position:50% 50%\"><img loading=\"lazy\" decoding=\"async\" width=\"768\" height=\"597\" src=\"https:\/\/sites.ac-nancy-metz.fr\/ciras\/wp-content\/uploads\/quimby.jpg\" alt=\"\" class=\"wp-image-4373 size-thumbnail\" srcset=\"https:\/\/sites.ac-nancy-metz.fr\/ciras\/wp-content\/uploads\/quimby.jpg 768w, https:\/\/sites.ac-nancy-metz.fr\/ciras\/wp-content\/uploads\/quimby-300x233.jpg 300w\" sizes=\"(max-width: 768px) 100vw, 768px\" \/><\/figure><div class=\"wp-block-media-text__content\">\n<p><strong>Harriet Quimby<\/strong><br>La plus renomm\u00e9e des pionni\u00e8res am\u00e9ricaines. Elle apprit \u00e0 piloter \u00e0 l&rsquo;\u00e9cole d&rsquo;aviation Moisant \u00e0 Hampstead. Elle fut la premi\u00e8re femme \u00e0 obtenir son brevet de pilote aux USA.<br>Surnomm\u00e9e \u00ab\u00a0l&rsquo;Aviatrice en porcelaine de Saxe\u00a0\u00bb, elle traversa la Manche le 16 avril 1912.<br>Elle se tua le 1er juillet 1912 lors du meeting de Harvard-Boston.<\/p>\n<\/div><\/div>\n\n\n\n<hr class=\"wp-block-separator has-alpha-channel-opacity\"\/>\n\n\n\n<div class=\"wp-block-media-text is-stacked-on-mobile is-image-fill\" style=\"grid-template-columns:21% auto\"><figure class=\"wp-block-media-text__media\" style=\"background-image:url(https:\/\/sites.ac-nancy-metz.fr\/ciras\/wp-content\/uploads\/erhart.png);background-position:50% 50%\"><img loading=\"lazy\" decoding=\"async\" width=\"450\" height=\"450\" src=\"https:\/\/sites.ac-nancy-metz.fr\/ciras\/wp-content\/uploads\/erhart.png\" alt=\"\" class=\"wp-image-4371 size-thumbnail\" srcset=\"https:\/\/sites.ac-nancy-metz.fr\/ciras\/wp-content\/uploads\/erhart.png 450w, https:\/\/sites.ac-nancy-metz.fr\/ciras\/wp-content\/uploads\/erhart-300x300.png 300w, https:\/\/sites.ac-nancy-metz.fr\/ciras\/wp-content\/uploads\/erhart-150x150.png 150w\" sizes=\"(max-width: 450px) 100vw, 450px\" \/><\/figure><div class=\"wp-block-media-text__content\">\n<p><strong>Amelia Erhart (1898 &#8211; 1937)<\/strong><br>Elle est la premi\u00e8re femme \u00e0 traverser l&rsquo;Atlantique, en 1932. Surnomm\u00e9e \u00ab\u00a0Miss Lindy\u00a0\u00bb, par Charles Lindbergh, elle continuera \u00e0 explorer les routes du ciel autour du monde et dispara\u00eetra dans le Pacifique en 1937.<\/p>\n<\/div><\/div>\n\n\n\n<hr class=\"wp-block-separator has-alpha-channel-opacity\"\/>\n\n\n\n<div class=\"wp-block-media-text is-stacked-on-mobile is-image-fill\" style=\"grid-template-columns:21% auto\"><figure class=\"wp-block-media-text__media\" style=\"background-image:url(https:\/\/sites.ac-nancy-metz.fr\/ciras\/wp-content\/uploads\/bolland.png);background-position:50% 50%\"><img loading=\"lazy\" decoding=\"async\" width=\"450\" height=\"417\" src=\"https:\/\/sites.ac-nancy-metz.fr\/ciras\/wp-content\/uploads\/bolland.png\" alt=\"\" class=\"wp-image-4365 size-thumbnail\" srcset=\"https:\/\/sites.ac-nancy-metz.fr\/ciras\/wp-content\/uploads\/bolland.png 450w, https:\/\/sites.ac-nancy-metz.fr\/ciras\/wp-content\/uploads\/bolland-300x278.png 300w\" sizes=\"(max-width: 450px) 100vw, 450px\" \/><\/figure><div class=\"wp-block-media-text__content\">\n<p><strong>Adrienne Bolland (1895 &#8211; 1975)<\/strong><br>Fran\u00e7aise au caract\u00e8re bien tremp\u00e9 disait que \u00ab\u00a0la vie ne l&rsquo;amusait pas du tout \u00bb.<br>Elle est la premi\u00e8re femme \u00e0 avoir travers\u00e9, le 1er Avril 1921, la cordill\u00e8re des Andes, \u00e0 bord d&rsquo;un Caudron G3, au cours d&rsquo;un vol de 3h et 15 mn. A son arriv\u00e9e \u00e0 Santiago du Chili, elle dira : \u00ab\u00a0on m&rsquo;avait dit qu&rsquo;il y avait une place de macchab\u00e9e \u00e0 prendre. J&rsquo;y suis all\u00e9e\u2026 \u00bb<br>Elle fut \u00e9galement la premi\u00e8re femme \u00e0 r\u00e9ussir le looping.<\/p>\n<\/div><\/div>\n\n\n\n<hr class=\"wp-block-separator has-alpha-channel-opacity\"\/>\n\n\n\n<div class=\"wp-block-media-text is-stacked-on-mobile is-image-fill\" style=\"grid-template-columns:21% auto\"><figure class=\"wp-block-media-text__media\" style=\"background-image:url(https:\/\/sites.ac-nancy-metz.fr\/ciras\/wp-content\/uploads\/boucher.png);background-position:50% 50%\"><img loading=\"lazy\" decoding=\"async\" width=\"263\" height=\"382\" src=\"https:\/\/sites.ac-nancy-metz.fr\/ciras\/wp-content\/uploads\/boucher.png\" alt=\"\" class=\"wp-image-4366 size-thumbnail\" srcset=\"https:\/\/sites.ac-nancy-metz.fr\/ciras\/wp-content\/uploads\/boucher.png 263w, https:\/\/sites.ac-nancy-metz.fr\/ciras\/wp-content\/uploads\/boucher-207x300.png 207w\" sizes=\"(max-width: 263px) 100vw, 263px\" \/><\/figure><div class=\"wp-block-media-text__content\">\n<p><strong>H\u00e9l\u00e8ne Boucher<\/strong><br>En 1934, elle bat le record de vitesse toutes cat\u00e9gories sur 1000 km en atteignant plus de 409 km\/h. La m\u00eame ann\u00e9e, elle porte le record f\u00e9minin de vitesse sur base de 3 km \u00e0 la moyenne de 444 km\/h.<\/p>\n<\/div><\/div>\n\n\n\n<hr class=\"wp-block-separator has-alpha-channel-opacity\"\/>\n\n\n\n<div class=\"wp-block-media-text is-stacked-on-mobile is-image-fill\" style=\"grid-template-columns:21% auto\"><figure class=\"wp-block-media-text__media\" style=\"background-image:url(https:\/\/sites.ac-nancy-metz.fr\/ciras\/wp-content\/uploads\/raskova.png);background-position:50% 50%\"><img loading=\"lazy\" decoding=\"async\" width=\"620\" height=\"450\" src=\"https:\/\/sites.ac-nancy-metz.fr\/ciras\/wp-content\/uploads\/raskova.png\" alt=\"\" class=\"wp-image-4374 size-thumbnail\" srcset=\"https:\/\/sites.ac-nancy-metz.fr\/ciras\/wp-content\/uploads\/raskova.png 620w, https:\/\/sites.ac-nancy-metz.fr\/ciras\/wp-content\/uploads\/raskova-300x218.png 300w\" sizes=\"(max-width: 620px) 100vw, 620px\" \/><\/figure><div class=\"wp-block-media-text__content\">\n<p>Devant les pertes catastrophiques de l\u2019arm\u00e9e de l\u2019air sovi\u00e9tique au cours de l\u2019\u00e9t\u00e9 1941 \u00e0 la suite \u00e0 l\u2019op\u00e9ration Barbarossa, <strong>les r\u00e9giments f\u00e9minins d&rsquo;aviation de combat<\/strong> commencent \u00e0 \u00eatre form\u00e9s vers octobre 1941, apr\u00e8s que le Haut Commandement sovi\u00e9tique autorisa Marina Raskova, figure de l&rsquo;aviation sovi\u00e9tique pendant la Seconde Guerre mondiale participant activement au recrutement des \u00e9quipages f\u00e9minins, \u00e0 organiser le Groupe d&rsquo;Aviation n\u00b0122, une unit\u00e9 a\u00e9rienne militaire sovi\u00e9tique enti\u00e8rement f\u00e9minine.<\/p>\n<\/div><\/div>\n\n\n\n<hr class=\"wp-block-separator has-alpha-channel-opacity\"\/>\n\n\n\n<div class=\"wp-block-media-text is-stacked-on-mobile is-image-fill\" style=\"grid-template-columns:21% auto\"><figure class=\"wp-block-media-text__media\" style=\"background-image:url(https:\/\/sites.ac-nancy-metz.fr\/ciras\/wp-content\/uploads\/Wasp1944.jpg);background-position:50% 50%\"><img loading=\"lazy\" decoding=\"async\" width=\"1008\" height=\"791\" src=\"https:\/\/sites.ac-nancy-metz.fr\/ciras\/wp-content\/uploads\/Wasp1944.jpg\" alt=\"\" class=\"wp-image-4377 size-thumbnail\" srcset=\"https:\/\/sites.ac-nancy-metz.fr\/ciras\/wp-content\/uploads\/Wasp1944.jpg 1008w, https:\/\/sites.ac-nancy-metz.fr\/ciras\/wp-content\/uploads\/Wasp1944-300x235.jpg 300w, https:\/\/sites.ac-nancy-metz.fr\/ciras\/wp-content\/uploads\/Wasp1944-768x603.jpg 768w\" sizes=\"(max-width: 1008px) 100vw, 1008px\" \/><\/figure><div class=\"wp-block-media-text__content\">\n<p><strong>Le Women Airforce Service Pilots (WASP)<\/strong>, appell\u00e9 aussi Women&rsquo;s Army Service Pilots, \u00e9tait une organisation de femmes pilotes, dont les membres \u00e9taient des fonctionnaires f\u00e9d\u00e9raux des \u00c9tats-Unis . Le WASP et ses membres n&rsquo;avaient pas de statut militaire. Il avait deux pr\u00e9d\u00e9cesseurs, le D\u00e9tachement d&rsquo;entra\u00eenement des femmes (WFTD) et l&rsquo;Escadron de transport des femmes auxiliaires (WAFS), tous deux organis\u00e9s s\u00e9par\u00e9ment en septembre 1942. Ils \u00e9taient les organisations pionni\u00e8res des femmes pilotes civiles, qui \u00e9taient attach\u00e9es \u00e0 USAF pour piloter des avions militaires pendant la Seconde Guerre mondiale. Le 5 ao\u00fbt 1943, la WFTD et le WAFS ont fusionn\u00e9 pour cr\u00e9er l&rsquo;organisation WASP.<\/p>\n<\/div><\/div>\n\n\n\n<hr class=\"wp-block-separator has-alpha-channel-opacity\"\/>\n\n\n\n<div class=\"wp-block-media-text is-stacked-on-mobile is-image-fill\" style=\"grid-template-columns:21% auto\"><figure class=\"wp-block-media-text__media\" style=\"background-image:url(https:\/\/sites.ac-nancy-metz.fr\/ciras\/wp-content\/uploads\/c.jpg);background-position:50% 50%\"><img loading=\"lazy\" decoding=\"async\" width=\"220\" height=\"277\" src=\"https:\/\/sites.ac-nancy-metz.fr\/ciras\/wp-content\/uploads\/c.jpg\" alt=\"\" class=\"wp-image-4367 size-thumbnail\"\/><\/figure><div class=\"wp-block-media-text__content\">\n<p><strong>Jackie Cochran <\/strong>est la premi\u00e8re femme pilote \u00e0 briser le mur du son. Elle est aussi la premi\u00e8re femme \u00e0 r\u00e9ussir un atterrissage sans visibilit\u00e9.<\/p>\n<\/div><\/div>\n\n\n\n<hr class=\"wp-block-separator has-alpha-channel-opacity\"\/>\n\n\n\n<div class=\"wp-block-media-text is-stacked-on-mobile is-image-fill\" style=\"grid-template-columns:21% auto\"><figure class=\"wp-block-media-text__media\" style=\"background-image:url(https:\/\/sites.ac-nancy-metz.fr\/ciras\/wp-content\/uploads\/auriol.png);background-position:50% 50%\"><img loading=\"lazy\" decoding=\"async\" width=\"348\" height=\"269\" src=\"https:\/\/sites.ac-nancy-metz.fr\/ciras\/wp-content\/uploads\/auriol.png\" alt=\"\" class=\"wp-image-4364 size-thumbnail\" srcset=\"https:\/\/sites.ac-nancy-metz.fr\/ciras\/wp-content\/uploads\/auriol.png 348w, https:\/\/sites.ac-nancy-metz.fr\/ciras\/wp-content\/uploads\/auriol-300x232.png 300w\" sizes=\"(max-width: 348px) 100vw, 348px\" \/><\/figure><div class=\"wp-block-media-text__content\">\n<p><strong>Jacqueline Auriol<\/strong><br>Brevet\u00e9e pilote en 1948, elle a \u00e9t\u00e9 la premi\u00e8re femme pilote de chasse en France et a ouvert la br\u00e8che \u00e0 d&rsquo;autres femmes qui souhaitaient entrer dans l&rsquo;Arm\u00e9e de l&rsquo;Air. Elle a battu de nombreux records f\u00e9minins de vitesse, dont le dernier aux commandes d&rsquo;un Mirage IIIR, en 1963.<\/p>\n<\/div><\/div>\n\n\n\n<hr class=\"wp-block-separator has-alpha-channel-opacity\"\/>\n\n\n\n<div class=\"wp-block-media-text is-stacked-on-mobile is-image-fill\" style=\"grid-template-columns:21% auto\"><figure class=\"wp-block-media-text__media\" style=\"background-image:url(https:\/\/sites.ac-nancy-metz.fr\/ciras\/wp-content\/uploads\/terechkova.png);background-position:50% 50%\"><img loading=\"lazy\" decoding=\"async\" width=\"697\" height=\"677\" src=\"https:\/\/sites.ac-nancy-metz.fr\/ciras\/wp-content\/uploads\/terechkova.png\" alt=\"\" class=\"wp-image-4376 size-thumbnail\" srcset=\"https:\/\/sites.ac-nancy-metz.fr\/ciras\/wp-content\/uploads\/terechkova.png 697w, https:\/\/sites.ac-nancy-metz.fr\/ciras\/wp-content\/uploads\/terechkova-300x291.png 300w\" sizes=\"(max-width: 697px) 100vw, 697px\" \/><\/figure><div class=\"wp-block-media-text__content\">\n<p><strong>Valentina Vladimirovna Terechkova,<\/strong> est la premi\u00e8re femme de l\u2019histoire \u00e0 avoir effectu\u00e9 un voyage dans l\u2019espace, et la seule femme \u00e0 avoir effectu\u00e9 ce voyage en solitaire<\/p>\n<\/div><\/div>\n\n\n\n<hr class=\"wp-block-separator has-alpha-channel-opacity\"\/>\n\n\n\n<div class=\"wp-block-media-text is-stacked-on-mobile is-image-fill\" style=\"grid-template-columns:21% auto\"><figure class=\"wp-block-media-text__media\" style=\"background-image:url(https:\/\/sites.ac-nancy-metz.fr\/ciras\/wp-content\/uploads\/deshays.jpg);background-position:50% 50%\"><img loading=\"lazy\" decoding=\"async\" width=\"364\" height=\"249\" src=\"https:\/\/sites.ac-nancy-metz.fr\/ciras\/wp-content\/uploads\/deshays.jpg\" alt=\"\" class=\"wp-image-4370 size-thumbnail\" srcset=\"https:\/\/sites.ac-nancy-metz.fr\/ciras\/wp-content\/uploads\/deshays.jpg 364w, https:\/\/sites.ac-nancy-metz.fr\/ciras\/wp-content\/uploads\/deshays-300x205.jpg 300w, https:\/\/sites.ac-nancy-metz.fr\/ciras\/wp-content\/uploads\/deshays-130x90.jpg 130w\" sizes=\"(max-width: 364px) 100vw, 364px\" \/><\/figure><div class=\"wp-block-media-text__content\">\n<p><strong>Claudie Andr\u00e9-Deshays, \u00e9pouse Haigner\u00e9,<\/strong> est une scientifique, spationaute et femme politique fran\u00e7aise, pr\u00e9sidente d&rsquo;Universcience \u00e0 Paris entre 2010 et 2015, actuellement ambassadrice et conseill\u00e8re aupr\u00e8s du directeur g\u00e9n\u00e9ral de l&rsquo;ESA<\/p>\n<\/div><\/div>\n\n\n\n<hr class=\"wp-block-separator has-alpha-channel-opacity\"\/>\n\n\n\n<h2 class=\"wp-block-heading\">Les perspectives de carri\u00e8re<\/h2>\n\n\n\n<p>Actuellement, seulement 20% des candidatures pour l&rsquo;industrie de l&rsquo;aviation sont celles de femmes. Les compagnies a\u00e9riennes suivent maintenant une autre ligne directrice que par le pass\u00e9 et souhaitent plus de personnels f\u00e9minins dans les niveaux sup\u00e9rieurs. Les possibilit\u00e9s de carri\u00e8re offertes sont autant accessibles aux femmes qu\u2019aux hommes. Dans ce secteur et les candidates f\u00e9minines remplissent tout aussi bien les conditions n\u00e9cessaires que les hommes. M\u00eame dans les professions techniques et manuelles, les candidates re\u00e7oivent une plus grande attention, puisqu&rsquo;un m\u00e9lange \u00e9quilibr\u00e9 apporte de nombreux avantages aux salari\u00e9s dans les entreprises sp\u00e9cialis\u00e9es.<br>Aujourd\u2019hui, le secteur de la construction a\u00e9ronautique ne compte que 21% de femmes et \u0153uvre \u00e0 plus de mixit\u00e9 des m\u00e9tiers.<\/p>\n\n\n\n<p>\u00ab&nbsp;<em>Nous voulons valoriser les m\u00e9tiers de l\u2019a\u00e9ronautique et les faire connaitre aupr\u00e8s des jeunes. Nous voudrions ouvrir les m\u00e9tiers de l\u2019industrie aux filles et aux femmes. Par le biais du regard de la femme, nous voudrions changer l\u2019image que l\u2019ensemble des jeunes peut avoir de l\u2019industrie a\u00e9ronautique<\/em>&nbsp;\u00bb, d\u00e9clare Catherine Joudiou, directrice d\u2019Air Emploi. Et d\u2019ajouter : \u00ab&nbsp;<em>Dans la construction a\u00e9ronautique, on trouve les femmes dans les m\u00e9tiers de bureau, ing\u00e9nieurs, cadres et salari\u00e9s, mais on les trouve beaucoup moins dans les m\u00e9tiers op\u00e9rationnels et c\u2019est dommage parce que celles qui y sont font de belles carri\u00e8res<\/em>&nbsp;\u00bb.<\/p>\n\n\n\n<hr class=\"wp-block-separator has-alpha-channel-opacity\"\/>\n\n\n\n<h2 class=\"wp-block-heading\">En conclusion<\/h2>\n\n\n\n<p>Les m\u00e9tiers de l\u2019a\u00e9ronautique et du transport a\u00e9rien, sont en pleine expansion, les femmes y sont largement sous-repr\u00e9sent\u00e9es, pourtant il y a une nette volont\u00e9 des entreprises d\u2019arriver \u00e0 la mixit\u00e9. Ce secteur ne demande qu\u2019\u00e0 se f\u00e9miniser et constitue une mine d\u2019emplois, de carri\u00e8res et de r\u00e9ussites pour les femmes.<\/p>\n\n\n\n<p><strong>Passer le B.I.A peut \u00eatre une bonne mani\u00e8re de s\u2019informer sur le secteur a\u00e9ronautique et de briser les id\u00e9es re\u00e7ues sur ce secteur d\u2019activit\u00e9, tout en se pr\u00e9parant \u00e0 une carri\u00e8re passionnante.<\/strong><\/p>\n\n\n\n<div style=\"height:68px\" aria-hidden=\"true\" class=\"wp-block-spacer\"><\/div>\n\n\n\n<figure class=\"wp-block-gallery has-nested-images columns-default is-cropped wp-block-gallery-1 is-layout-flex wp-block-gallery-is-layout-flex\">\n<figure class=\"wp-block-image size-large wp-duotone-blue-red\"><img loading=\"lazy\" decoding=\"async\" width=\"1024\" height=\"640\" data-id=\"4452\" src=\"https:\/\/sites.ac-nancy-metz.fr\/ciras\/wp-content\/uploads\/av3-1024x640.jpg\" alt=\"\" class=\"wp-image-4452\" srcset=\"https:\/\/sites.ac-nancy-metz.fr\/ciras\/wp-content\/uploads\/av3-1024x640.jpg 1024w, https:\/\/sites.ac-nancy-metz.fr\/ciras\/wp-content\/uploads\/av3-300x188.jpg 300w, https:\/\/sites.ac-nancy-metz.fr\/ciras\/wp-content\/uploads\/av3-768x480.jpg 768w, https:\/\/sites.ac-nancy-metz.fr\/ciras\/wp-content\/uploads\/av3-1536x960.jpg 1536w, https:\/\/sites.ac-nancy-metz.fr\/ciras\/wp-content\/uploads\/av3-2048x1280.jpg 2048w\" sizes=\"(max-width: 1024px) 100vw, 1024px\" \/><\/figure>\n\n\n\n<figure class=\"wp-block-image size-large wp-duotone-midnight\"><img loading=\"lazy\" decoding=\"async\" width=\"1024\" height=\"768\" data-id=\"4523\" src=\"https:\/\/sites.ac-nancy-metz.fr\/ciras\/wp-content\/uploads\/nov-5-2021-shell-pastaza-ecuador-light-aircraft-flying-taken-from-1024x768.jpg\" alt=\"\" class=\"wp-image-4523\" srcset=\"https:\/\/sites.ac-nancy-metz.fr\/ciras\/wp-content\/uploads\/nov-5-2021-shell-pastaza-ecuador-light-aircraft-flying-taken-from-1024x768.jpg 1024w, https:\/\/sites.ac-nancy-metz.fr\/ciras\/wp-content\/uploads\/nov-5-2021-shell-pastaza-ecuador-light-aircraft-flying-taken-from-300x225.jpg 300w, https:\/\/sites.ac-nancy-metz.fr\/ciras\/wp-content\/uploads\/nov-5-2021-shell-pastaza-ecuador-light-aircraft-flying-taken-from-768x576.jpg 768w, https:\/\/sites.ac-nancy-metz.fr\/ciras\/wp-content\/uploads\/nov-5-2021-shell-pastaza-ecuador-light-aircraft-flying-taken-from-1536x1152.jpg 1536w, https:\/\/sites.ac-nancy-metz.fr\/ciras\/wp-content\/uploads\/nov-5-2021-shell-pastaza-ecuador-light-aircraft-flying-taken-from-2048x1536.jpg 2048w\" sizes=\"(max-width: 1024px) 100vw, 1024px\" \/><\/figure>\n\n\n\n<figure class=\"wp-block-image size-large wp-duotone-magenta-yellow\"><img loading=\"lazy\" decoding=\"async\" width=\"1024\" height=\"683\" data-id=\"4526\" src=\"https:\/\/sites.ac-nancy-metz.fr\/ciras\/wp-content\/uploads\/airplane-flying-blue-sky-sunny-1024x683.jpg\" alt=\"\" class=\"wp-image-4526\" srcset=\"https:\/\/sites.ac-nancy-metz.fr\/ciras\/wp-content\/uploads\/airplane-flying-blue-sky-sunny-1024x683.jpg 1024w, https:\/\/sites.ac-nancy-metz.fr\/ciras\/wp-content\/uploads\/airplane-flying-blue-sky-sunny-300x200.jpg 300w, https:\/\/sites.ac-nancy-metz.fr\/ciras\/wp-content\/uploads\/airplane-flying-blue-sky-sunny-768x512.jpg 768w, https:\/\/sites.ac-nancy-metz.fr\/ciras\/wp-content\/uploads\/airplane-flying-blue-sky-sunny-1536x1024.jpg 1536w, https:\/\/sites.ac-nancy-metz.fr\/ciras\/wp-content\/uploads\/airplane-flying-blue-sky-sunny-2048x1365.jpg 2048w\" sizes=\"(max-width: 1024px) 100vw, 1024px\" \/><\/figure>\n<\/figure>\n\n\n\n<p><\/p>\n","protected":false},"excerpt":{"rendered":"<p>L\u2019a\u00e9ronautique et l\u2019a\u00e9rien restent des milieux plut\u00f4t masculins. Cependant, d\u00e8s l\u2019origine de l\u2019aviation, de nombreuses femmes s\u2019y sont distingu\u00e9es, mais ce n&rsquo;est seulement dans les ann\u00e9es&#8230;<\/p>\n","protected":false},"author":1,"featured_media":0,"parent":0,"menu_order":0,"comment_status":"closed","ping_status":"closed","template":"","meta":{"footnotes":""},"class_list":["post-4345","page","type-page","status-publish","hentry"],"_links":{"self":[{"href":"https:\/\/sites.ac-nancy-metz.fr\/ciras\/wp-json\/wp\/v2\/pages\/4345"}],"collection":[{"href":"https:\/\/sites.ac-nancy-metz.fr\/ciras\/wp-json\/wp\/v2\/pages"}],"about":[{"href":"https:\/\/sites.ac-nancy-metz.fr\/ciras\/wp-json\/wp\/v2\/types\/page"}],"author":[{"embeddable":true,"href":"https:\/\/sites.ac-nancy-metz.fr\/ciras\/wp-json\/wp\/v2\/users\/1"}],"replies":[{"embeddable":true,"href":"https:\/\/sites.ac-nancy-metz.fr\/ciras\/wp-json\/wp\/v2\/comments?post=4345"}],"version-history":[{"count":8,"href":"https:\/\/sites.ac-nancy-metz.fr\/ciras\/wp-json\/wp\/v2\/pages\/4345\/revisions"}],"predecessor-version":[{"id":4552,"href":"https:\/\/sites.ac-nancy-metz.fr\/ciras\/wp-json\/wp\/v2\/pages\/4345\/revisions\/4552"}],"wp:attachment":[{"href":"https:\/\/sites.ac-nancy-metz.fr\/ciras\/wp-json\/wp\/v2\/media?parent=4345"}],"curies":[{"name":"wp","href":"https:\/\/api.w.org\/{rel}","templated":true}]}}