{"id":4347,"date":"2024-10-24T09:47:43","date_gmt":"2024-10-24T08:47:43","guid":{"rendered":"https:\/\/sites.ac-nancy-metz.fr\/ciras\/?page_id=4347"},"modified":"2024-10-24T18:30:13","modified_gmt":"2024-10-24T17:30:13","slug":"sentrainer-pour-le-bia","status":"publish","type":"page","link":"https:\/\/sites.ac-nancy-metz.fr\/ciras\/sentrainer-pour-le-bia\/","title":{"rendered":"S&rsquo;entra\u00eener pour le BIA"},"content":{"rendered":"\n<figure class=\"wp-block-image alignfull size-large\"><img loading=\"lazy\" decoding=\"async\" width=\"1024\" height=\"134\" src=\"https:\/\/sites.ac-nancy-metz.fr\/ciras\/wp-content\/uploads\/bandeau-eval-1024x134.jpg\" alt=\"\" class=\"wp-image-4449\" srcset=\"https:\/\/sites.ac-nancy-metz.fr\/ciras\/wp-content\/uploads\/bandeau-eval-1024x134.jpg 1024w, https:\/\/sites.ac-nancy-metz.fr\/ciras\/wp-content\/uploads\/bandeau-eval-300x39.jpg 300w, https:\/\/sites.ac-nancy-metz.fr\/ciras\/wp-content\/uploads\/bandeau-eval-768x100.jpg 768w, https:\/\/sites.ac-nancy-metz.fr\/ciras\/wp-content\/uploads\/bandeau-eval-1536x201.jpg 1536w, https:\/\/sites.ac-nancy-metz.fr\/ciras\/wp-content\/uploads\/bandeau-eval.jpg 1920w\" sizes=\"(max-width: 1024px) 100vw, 1024px\" \/><\/figure>\n\n\n\n<p class=\"has-text-align-left has-medium-font-size\"><strong>M\u00e9t\u00e9o<\/strong><\/p>\n\n\n\n<div class=\"wp-block-columns is-layout-flex wp-container-core-columns-is-layout-1 wp-block-columns-is-layout-flex\">\n<div class=\"wp-block-column is-layout-flow wp-block-column-is-layout-flow\">\n<p class=\"has-text-align-center has-white-color has-text-color has-background has-link-color wp-elements-876a2c78c1183b4e56c40aecbafa2896\" style=\"background-color:#16517e\"><a href=\"https:\/\/sites.ac-nancy-metz.fr\/ciras\/QCM\/qcm_meteo\/default.html\">M\u00e9t\u00e9o n\u00b01<\/a><\/p>\n<\/div>\n\n\n\n<div class=\"wp-block-column is-layout-flow wp-block-column-is-layout-flow\">\n<p class=\"has-text-align-center has-white-color has-text-color has-background has-link-color wp-elements-6a4c512009aea11f8e36455c5604bf29\" style=\"background-color:#16517e\"><a href=\"https:\/\/sites.ac-nancy-metz.fr\/ciras\/QCM\/qcm_meteo2\/meteo2.html\" target=\"_blank\" rel=\"noreferrer noopener\">M\u00e9t\u00e9o n\u00b02<\/a><\/p>\n<\/div>\n\n\n\n<div class=\"wp-block-column is-layout-flow wp-block-column-is-layout-flow\">\n<p class=\"has-text-align-center has-white-color has-text-color has-background has-link-color wp-elements-ceb08338e6cb34c0520bad6b8acf820f\" style=\"background-color:#16517e\"><a href=\"https:\/\/sites.ac-nancy-metz.fr\/ciras\/QCM\/qcm_meteo3\/default.html\">M\u00e9t\u00e9o n\u00b03<\/a><\/p>\n<\/div>\n<\/div>\n\n\n\n<p class=\"has-text-align-left has-medium-font-size\"><strong>A\u00e9rodynamique<\/strong><\/p>\n\n\n\n<div class=\"wp-block-columns is-layout-flex wp-container-core-columns-is-layout-2 wp-block-columns-is-layout-flex\">\n<div class=\"wp-block-column is-layout-flow wp-block-column-is-layout-flow\">\n<p class=\"has-text-align-center has-white-color has-vivid-green-cyan-background-color has-text-color has-background has-link-color wp-elements-4dbc25d9e4050847a1ea71fa95fab8d3\"><a href=\"https:\/\/sites.ac-nancy-metz.fr\/ciras\/QCM\/qcm_aerodynamique\/default.html\">A\u00e9rodynamique n\u00b01<\/a><\/p>\n<\/div>\n\n\n\n<div class=\"wp-block-column is-layout-flow wp-block-column-is-layout-flow\">\n<p class=\"has-text-align-center has-white-color has-vivid-green-cyan-background-color has-text-color has-background has-link-color wp-elements-551e27a986a41fadb519c002ca570f65\"><a href=\"https:\/\/sites.ac-nancy-metz.fr\/ciras\/QCM\/qcm_aerodynamique2\/default.html\">A\u00e9rodynamique n\u00b02<\/a><\/p>\n<\/div>\n\n\n\n<div class=\"wp-block-column is-layout-flow wp-block-column-is-layout-flow\">\n<p class=\"has-text-align-center has-white-color has-vivid-green-cyan-background-color has-text-color has-background has-link-color wp-elements-c711b7b4ae65167f7265711dbfdebb8a\"><a href=\"https:\/\/sites.ac-nancy-metz.fr\/ciras\/QCM\/qcm_aerodynamique3\/default.html\">A\u00e9rodynamique n\u00b03<\/a><\/p>\n<\/div>\n<\/div>\n\n\n\n<p class=\"has-text-align-left has-medium-font-size\"><strong>\u00c9tude des a\u00e9ronefs<\/strong><\/p>\n\n\n\n<div class=\"wp-block-columns is-layout-flex wp-container-core-columns-is-layout-3 wp-block-columns-is-layout-flex\">\n<div class=\"wp-block-column is-layout-flow wp-block-column-is-layout-flow\">\n<p class=\"has-text-align-center has-white-color has-black-background-color has-text-color has-background has-link-color wp-elements-f19ca919b218e5716d49c75c28a50c7c\"><a href=\"https:\/\/sites.ac-nancy-metz.fr\/ciras\/QCM\/qcm_etudeaeronef\/default.html\">\u00c9tude des a\u00e9ronefs n\u00b01<\/a><\/p>\n<\/div>\n\n\n\n<div class=\"wp-block-column is-layout-flow wp-block-column-is-layout-flow\">\n<p class=\"has-text-align-center has-white-color has-black-background-color has-text-color has-background has-link-color wp-elements-d4dad5fd366bf380c46b052cbbc961a1\"><a href=\"https:\/\/sites.ac-nancy-metz.fr\/ciras\/QCM\/qcm_etudeaeronef2\/default.html\">\u00c9tude des a\u00e9ronefs n\u00b02<\/a><\/p>\n<\/div>\n\n\n\n<div class=\"wp-block-column is-layout-flow wp-block-column-is-layout-flow\">\n<p class=\"has-text-align-center has-white-color has-black-background-color has-text-color has-background has-link-color wp-elements-50d5ef8e8d812df6f210539c9de4dd01\"><a href=\"https:\/\/sites.ac-nancy-metz.fr\/ciras\/QCM\/qcm_etudeaeronef3\/default.html\">\u00c9tude des a\u00e9ronefs n\u00b03<\/a><\/p>\n<\/div>\n<\/div>\n\n\n\n<p class=\"has-text-align-left has-medium-font-size\"><strong>Navigation s\u00e9curit\u00e9<\/strong><\/p>\n\n\n\n<div class=\"wp-block-columns is-layout-flex wp-container-core-columns-is-layout-4 wp-block-columns-is-layout-flex\">\n<div class=\"wp-block-column is-layout-flow wp-block-column-is-layout-flow\">\n<p class=\"has-text-align-center has-white-color has-vivid-red-background-color has-text-color has-background has-link-color wp-elements-876b49315965fafb728e00ff196ce366\"><a href=\"https:\/\/sites.ac-nancy-metz.fr\/ciras\/QCM\/qcm_nvs\/default.html\">Navigation s\u00e9curit\u00e9 n\u00b01<\/a><\/p>\n<\/div>\n\n\n\n<div class=\"wp-block-column is-layout-flow wp-block-column-is-layout-flow\">\n<p class=\"has-text-align-center has-white-color has-vivid-red-background-color has-text-color has-background has-link-color wp-elements-c2a7d5e2e0375adb9449756d9d5a39dc\"><a href=\"https:\/\/sites.ac-nancy-metz.fr\/ciras\/QCM\/qcm_nvs2\/default.html\">Navigation s\u00e9curit\u00e9 n\u00b02<\/a><\/p>\n<\/div>\n\n\n\n<div class=\"wp-block-column is-layout-flow wp-block-column-is-layout-flow\">\n<p class=\"has-text-align-center has-white-color has-vivid-red-background-color has-text-color has-background has-link-color wp-elements-06426dbbf9cf278900d0b74d2d72db6f\"><a href=\"https:\/\/sites.ac-nancy-metz.fr\/ciras\/QCM\/qcm_nvs3\/default.html\">Navigation s\u00e9curit\u00e9 n\u00b03<\/a><\/p>\n<\/div>\n<\/div>\n\n\n\n<p class=\"has-text-align-left has-medium-font-size\"><strong>Histoire<\/strong><\/p>\n\n\n\n<div class=\"wp-block-columns is-layout-flex wp-container-core-columns-is-layout-5 wp-block-columns-is-layout-flex\">\n<div class=\"wp-block-column is-layout-flow wp-block-column-is-layout-flow\">\n<p class=\"has-text-align-center has-white-color has-text-color has-background has-link-color wp-elements-ab5685d8653266fcad792735ef6885d0\" style=\"background-color:#cf592d\"><a href=\"https:\/\/sites.ac-nancy-metz.fr\/ciras\/QCM\/qcm_histoire\/default.html\">Histoire n\u00b01<\/a><\/p>\n<\/div>\n\n\n\n<div class=\"wp-block-column is-layout-flow wp-block-column-is-layout-flow\">\n<p class=\"has-text-align-center has-white-color has-text-color has-background has-link-color wp-elements-e306c3d424bf75e3447e5f8b7201734d\" style=\"background-color:#cf592d\"><a href=\"https:\/\/sites.ac-nancy-metz.fr\/ciras\/QCM\/qcm_histoire2\/default.html\">Histoire n\u00b02<\/a><\/p>\n<\/div>\n\n\n\n<div class=\"wp-block-column is-layout-flow wp-block-column-is-layout-flow\">\n<p class=\"has-text-align-center has-white-color has-text-color has-background has-link-color wp-elements-7354496657add8fca742625d4cfcbc08\" style=\"background-color:#cf592d\"><a href=\"https:\/\/sites.ac-nancy-metz.fr\/ciras\/QCM\/qcm_histoire3\/default.html\">Histoires n\u00b03<\/a><\/p>\n<\/div>\n<\/div>\n\n\n\n<p class=\"has-text-align-left has-medium-font-size\"><strong>Anglais<\/strong><\/p>\n\n\n\n<div class=\"wp-block-columns is-layout-flex wp-container-core-columns-is-layout-6 wp-block-columns-is-layout-flex\">\n<div class=\"wp-block-column is-layout-flow wp-block-column-is-layout-flow\">\n<p class=\"has-text-align-center has-white-color has-luminous-vivid-amber-background-color has-text-color has-background has-link-color wp-elements-66395d2359b17d441dde48b78b04b4f8\"><a href=\"https:\/\/sites.ac-nancy-metz.fr\/ciras\/QCM\/qcm_anglais\/default.html\">Anglais n\u00b01<\/a><\/p>\n<\/div>\n\n\n\n<div class=\"wp-block-column is-layout-flow wp-block-column-is-layout-flow\">\n<p class=\"has-text-align-center has-white-color has-luminous-vivid-amber-background-color has-text-color has-background has-link-color wp-elements-4f667c3036d32cd2f253ebe229ba9cdf\"><a href=\"https:\/\/sites.ac-nancy-metz.fr\/ciras\/QCM\/qcm_anglais2\/default.html\">Anglais n\u00b02<\/a><\/p>\n<\/div>\n\n\n\n<div class=\"wp-block-column is-layout-flow wp-block-column-is-layout-flow\">\n<p class=\"has-text-align-center has-white-color has-luminous-vivid-amber-background-color has-text-color has-background has-link-color wp-elements-ec7cadcbeeae6669991a597cd28046ed\"><a href=\"https:\/\/sites.ac-nancy-metz.fr\/ciras\/QCM\/qcm_anglais3\/default.html\">Anglais n\u00b03<\/a><\/p>\n<\/div>\n<\/div>\n\n\n\n<hr class=\"wp-block-separator has-alpha-channel-opacity\"\/>\n\n\n\n<figure class=\"wp-block-gallery has-nested-images columns-3 is-cropped wp-block-gallery-1 is-layout-flex wp-block-gallery-is-layout-flex\">\n<figure class=\"wp-block-image size-large wp-duotone-grayscale\"><img loading=\"lazy\" decoding=\"async\" width=\"1024\" height=\"640\" data-id=\"4452\" src=\"https:\/\/sites.ac-nancy-metz.fr\/ciras\/wp-content\/uploads\/av3-1024x640.jpg\" alt=\"\" class=\"wp-image-4452\" srcset=\"https:\/\/sites.ac-nancy-metz.fr\/ciras\/wp-content\/uploads\/av3-1024x640.jpg 1024w, https:\/\/sites.ac-nancy-metz.fr\/ciras\/wp-content\/uploads\/av3-300x188.jpg 300w, https:\/\/sites.ac-nancy-metz.fr\/ciras\/wp-content\/uploads\/av3-768x480.jpg 768w, https:\/\/sites.ac-nancy-metz.fr\/ciras\/wp-content\/uploads\/av3-1536x960.jpg 1536w, https:\/\/sites.ac-nancy-metz.fr\/ciras\/wp-content\/uploads\/av3-2048x1280.jpg 2048w\" sizes=\"(max-width: 1024px) 100vw, 1024px\" \/><\/figure>\n\n\n\n<figure class=\"wp-block-image size-large wp-duotone-grayscale\"><img loading=\"lazy\" decoding=\"async\" width=\"1024\" height=\"684\" data-id=\"4453\" src=\"https:\/\/sites.ac-nancy-metz.fr\/ciras\/wp-content\/uploads\/av2-1024x684.jpg\" alt=\"\" class=\"wp-image-4453\" srcset=\"https:\/\/sites.ac-nancy-metz.fr\/ciras\/wp-content\/uploads\/av2-1024x684.jpg 1024w, https:\/\/sites.ac-nancy-metz.fr\/ciras\/wp-content\/uploads\/av2-300x200.jpg 300w, https:\/\/sites.ac-nancy-metz.fr\/ciras\/wp-content\/uploads\/av2-768x513.jpg 768w, https:\/\/sites.ac-nancy-metz.fr\/ciras\/wp-content\/uploads\/av2-1536x1025.jpg 1536w, https:\/\/sites.ac-nancy-metz.fr\/ciras\/wp-content\/uploads\/av2-2048x1367.jpg 2048w\" sizes=\"(max-width: 1024px) 100vw, 1024px\" \/><\/figure>\n\n\n\n<figure class=\"wp-block-image size-large wp-duotone-grayscale\"><img loading=\"lazy\" decoding=\"async\" width=\"1024\" height=\"680\" data-id=\"4454\" src=\"https:\/\/sites.ac-nancy-metz.fr\/ciras\/wp-content\/uploads\/av1-1024x680.jpg\" alt=\"\" class=\"wp-image-4454\" srcset=\"https:\/\/sites.ac-nancy-metz.fr\/ciras\/wp-content\/uploads\/av1-1024x680.jpg 1024w, https:\/\/sites.ac-nancy-metz.fr\/ciras\/wp-content\/uploads\/av1-300x199.jpg 300w, https:\/\/sites.ac-nancy-metz.fr\/ciras\/wp-content\/uploads\/av1-768x510.jpg 768w, https:\/\/sites.ac-nancy-metz.fr\/ciras\/wp-content\/uploads\/av1-1536x1020.jpg 1536w, https:\/\/sites.ac-nancy-metz.fr\/ciras\/wp-content\/uploads\/av1-2048x1360.jpg 2048w\" sizes=\"(max-width: 1024px) 100vw, 1024px\" \/><\/figure>\n<\/figure>\n\n\n\n<p><\/p>\n","protected":false},"excerpt":{"rendered":"<p>M\u00e9t\u00e9o M\u00e9t\u00e9o n\u00b01 M\u00e9t\u00e9o n\u00b02 M\u00e9t\u00e9o n\u00b03 A\u00e9rodynamique A\u00e9rodynamique n\u00b01 A\u00e9rodynamique n\u00b02 A\u00e9rodynamique n\u00b03 \u00c9tude des a\u00e9ronefs \u00c9tude des a\u00e9ronefs n\u00b01 \u00c9tude des a\u00e9ronefs n\u00b02 \u00c9tude&#8230;<\/p>\n","protected":false},"author":1,"featured_media":0,"parent":0,"menu_order":0,"comment_status":"closed","ping_status":"closed","template":"","meta":{"footnotes":""},"class_list":["post-4347","page","type-page","status-publish","hentry"],"_links":{"self":[{"href":"https:\/\/sites.ac-nancy-metz.fr\/ciras\/wp-json\/wp\/v2\/pages\/4347"}],"collection":[{"href":"https:\/\/sites.ac-nancy-metz.fr\/ciras\/wp-json\/wp\/v2\/pages"}],"about":[{"href":"https:\/\/sites.ac-nancy-metz.fr\/ciras\/wp-json\/wp\/v2\/types\/page"}],"author":[{"embeddable":true,"href":"https:\/\/sites.ac-nancy-metz.fr\/ciras\/wp-json\/wp\/v2\/users\/1"}],"replies":[{"embeddable":true,"href":"https:\/\/sites.ac-nancy-metz.fr\/ciras\/wp-json\/wp\/v2\/comments?post=4347"}],"version-history":[{"count":14,"href":"https:\/\/sites.ac-nancy-metz.fr\/ciras\/wp-json\/wp\/v2\/pages\/4347\/revisions"}],"predecessor-version":[{"id":4456,"href":"https:\/\/sites.ac-nancy-metz.fr\/ciras\/wp-json\/wp\/v2\/pages\/4347\/revisions\/4456"}],"wp:attachment":[{"href":"https:\/\/sites.ac-nancy-metz.fr\/ciras\/wp-json\/wp\/v2\/media?parent=4347"}],"curies":[{"name":"wp","href":"https:\/\/api.w.org\/{rel}","templated":true}]}}