{"id":3907,"date":"2024-04-17T09:46:39","date_gmt":"2024-04-17T08:46:39","guid":{"rendered":"https:\/\/sites.ac-nancy-metz.fr\/clemi\/?page_id=3907"},"modified":"2024-09-24T15:20:47","modified_gmt":"2024-09-24T14:20:47","slug":"la-cellule-academique-emi","status":"publish","type":"page","link":"https:\/\/sites.ac-nancy-metz.fr\/clemi\/la-cellule-academique-emi\/","title":{"rendered":"La cellule acad\u00e9mique EMI"},"content":{"rendered":"\n<p><strong>La circulaire MENE2202370C du 24 janvier 2022, relative \u00e0 la \u00ab&nbsp;<a href=\"https:\/\/www.education.gouv.fr\/bo\/22\/Hebdo4\/MENE2202370C.htm\">G\u00e9n\u00e9ralisation de l\u2019\u00e9ducation aux m\u00e9dias et \u00e0 l\u2019information<\/a>&nbsp;\u00bb inscrit l\u2019\u00e9ducation aux m\u00e9dias et \u00e0 l\u2019information au c\u0153ur du projet \u00e9ducatif de l\u2019\u00c9cole.&nbsp;<\/strong><\/p>\n\n\n\n<p>Elle acte la cr\u00e9ation, dans chaque acad\u00e9mie, d\u2019une cellule acad\u00e9mique EMI qui mobilise les diff\u00e9rents acteurs engag\u00e9s dans la mise en \u0153uvre des actions d\u2019EMI, l\u2019organisation des formations dans le cadre des priorit\u00e9s nationales et de la politique acad\u00e9mique en EMI d\u00e9finie par le recteur.<\/p>\n\n\n\n<p>La cellule acad\u00e9mique se r\u00e9unit plusieurs fois par an afin de structurer le pilotage et renforcer la place de l\u2019EMI. Elle est anim\u00e9e par le r\u00e9f\u00e9rent acad\u00e9mique EMI (RAEMI) nomm\u00e9 par le recteur.<\/p>\n\n\n\n<p><strong>La cellule EMI r\u00e9unit le CLEMI, la DAAC et la DRANE, l\u2019EAFC, des inspecteurs du premier et du second degr\u00e9, des responsables de missions p\u00e9dagogiques du rectorat, et des repr\u00e9sentants de R\u00e9seau Canop\u00e9.<\/strong><\/p>\n\n\n\n<p class=\"has-text-align-center has-white-color has-pale-cyan-blue-background-color has-text-color has-background has-link-color wp-elements-4c84a635537d6e1dabe288b18b2b8da5\">La circulaire : <a href=\"https:\/\/www.education.gouv.fr\/bo\/22\/Hebdo4\/MENE2202370C.htm\">https:\/\/www.education.gouv.fr\/bo\/22\/Hebdo4\/MENE2202370C.htm<\/a><\/p>\n\n\n\n<figure class=\"wp-block-image size-large is-resized\"><img loading=\"lazy\" decoding=\"async\" width=\"1024\" height=\"683\" src=\"https:\/\/sites.ac-nancy-metz.fr\/clemi\/wp-content\/uploads\/GJ123i_XcAAdBoE-1024x683.jpg\" alt=\"\" class=\"wp-image-4137\" style=\"width:654px;height:auto\" srcset=\"https:\/\/sites.ac-nancy-metz.fr\/clemi\/wp-content\/uploads\/GJ123i_XcAAdBoE-1024x683.jpg 1024w, https:\/\/sites.ac-nancy-metz.fr\/clemi\/wp-content\/uploads\/GJ123i_XcAAdBoE-300x200.jpg 300w, https:\/\/sites.ac-nancy-metz.fr\/clemi\/wp-content\/uploads\/GJ123i_XcAAdBoE-768x512.jpg 768w, https:\/\/sites.ac-nancy-metz.fr\/clemi\/wp-content\/uploads\/GJ123i_XcAAdBoE-1536x1025.jpg 1536w, https:\/\/sites.ac-nancy-metz.fr\/clemi\/wp-content\/uploads\/GJ123i_XcAAdBoE.jpg 2048w\" sizes=\"auto, (max-width: 1024px) 100vw, 1024px\" \/><\/figure>\n\n\n\n<div class=\"wp-block-columns is-layout-flex wp-container-core-columns-is-layout-1 wp-block-columns-is-layout-flex\">\n<div class=\"wp-block-column is-layout-flow wp-block-column-is-layout-flow\" style=\"flex-basis:100%\"><\/div>\n<\/div>\n","protected":false},"excerpt":{"rendered":"<p>La circulaire MENE2202370C du 24 janvier 2022, relative \u00e0 la \u00ab&nbsp;G\u00e9n\u00e9ralisation de l\u2019\u00e9ducation aux m\u00e9dias et \u00e0 l\u2019information&nbsp;\u00bb inscrit l\u2019\u00e9ducation aux m\u00e9dias et \u00e0 l\u2019information au&#8230;<\/p>\n","protected":false},"author":1,"featured_media":0,"parent":0,"menu_order":0,"comment_status":"closed","ping_status":"closed","template":"","meta":{"footnotes":""},"class_list":["post-3907","page","type-page","status-publish","hentry"],"_links":{"self":[{"href":"https:\/\/sites.ac-nancy-metz.fr\/clemi\/wp-json\/wp\/v2\/pages\/3907","targetHints":{"allow":["GET"]}}],"collection":[{"href":"https:\/\/sites.ac-nancy-metz.fr\/clemi\/wp-json\/wp\/v2\/pages"}],"about":[{"href":"https:\/\/sites.ac-nancy-metz.fr\/clemi\/wp-json\/wp\/v2\/types\/page"}],"author":[{"embeddable":true,"href":"https:\/\/sites.ac-nancy-metz.fr\/clemi\/wp-json\/wp\/v2\/users\/1"}],"replies":[{"embeddable":true,"href":"https:\/\/sites.ac-nancy-metz.fr\/clemi\/wp-json\/wp\/v2\/comments?post=3907"}],"version-history":[{"count":14,"href":"https:\/\/sites.ac-nancy-metz.fr\/clemi\/wp-json\/wp\/v2\/pages\/3907\/revisions"}],"predecessor-version":[{"id":4260,"href":"https:\/\/sites.ac-nancy-metz.fr\/clemi\/wp-json\/wp\/v2\/pages\/3907\/revisions\/4260"}],"wp:attachment":[{"href":"https:\/\/sites.ac-nancy-metz.fr\/clemi\/wp-json\/wp\/v2\/media?parent=3907"}],"curies":[{"name":"wp","href":"https:\/\/api.w.org\/{rel}","templated":true}]}}