{"id":3909,"date":"2024-04-17T09:47:05","date_gmt":"2024-04-17T08:47:05","guid":{"rendered":"https:\/\/sites.ac-nancy-metz.fr\/clemi\/?page_id=3909"},"modified":"2024-09-24T15:21:33","modified_gmt":"2024-09-24T14:21:33","slug":"le-clemi-de-lacademie-de-nancy-metz","status":"publish","type":"page","link":"https:\/\/sites.ac-nancy-metz.fr\/clemi\/le-clemi-de-lacademie-de-nancy-metz\/","title":{"rendered":"Le CLEMI de l&rsquo;acad\u00e9mie de Nancy-Metz"},"content":{"rendered":"\n<p><strong>Au sein de la DAAC, le Centre pour l\u2019\u00e9ducation aux m\u00e9dias et \u00e0 l\u2019information, de l\u2019acad\u00e9mie de Nancy-Metz (CLEMI) met en \u0153uvre la politique en EMI d\u00e9finie par le recteur. <\/strong><\/p>\n\n\n\n<p>L\u2019\u00e9quipe du CLEMI de l\u2019acad\u00e9mie de Nancy-Metz est compos\u00e9e d&rsquo;un coordonnateur acad\u00e9mique\/r\u00e9f\u00e9rent acad\u00e9mique EMI, de charg\u00e9s de mission et de formateurs acad\u00e9miques.&nbsp;&nbsp;Tout au long de l\u2019ann\u00e9e, l\u2019\u00e9quipe du CLEMI est pr\u00e9sente dans l\u2019acad\u00e9mie pour accompagner les \u00e9tablissements dans leurs projets, \u00e0 travers ses ressources, ses formations et son expertise.<\/p>\n\n\n\n<p>Elle s\u2019appuie sur le CLEMI,<strong> <\/strong>service de R\u00e9seau Canop\u00e9, charg\u00e9 de l\u2019\u00e9ducation aux m\u00e9dias et \u00e0 l\u2019information dans l\u2019ensemble du syst\u00e8me \u00e9ducatif fran\u00e7ais. Depuis sa cr\u00e9ation en 1983, il a pour mission de former les enseignants et de d\u00e9velopper chez les \u00e9l\u00e8ves une pratique citoyenne des m\u00e9dias, favorisant ainsi une meilleure compr\u00e9hension du monde qui les entoure et le d\u00e9veloppement de leur sens critique.<\/p>\n\n\n\n<figure class=\"wp-block-image size-large is-resized\"><img loading=\"lazy\" decoding=\"async\" width=\"1024\" height=\"768\" src=\"https:\/\/sites.ac-nancy-metz.fr\/clemi\/wp-content\/uploads\/GP3-DJ2XgAA1rYn-1024x768.jpg\" alt=\"\" class=\"wp-image-4151\" style=\"width:587px;height:auto\" srcset=\"https:\/\/sites.ac-nancy-metz.fr\/clemi\/wp-content\/uploads\/GP3-DJ2XgAA1rYn-1024x768.jpg 1024w, https:\/\/sites.ac-nancy-metz.fr\/clemi\/wp-content\/uploads\/GP3-DJ2XgAA1rYn-300x225.jpg 300w, https:\/\/sites.ac-nancy-metz.fr\/clemi\/wp-content\/uploads\/GP3-DJ2XgAA1rYn-768x576.jpg 768w, https:\/\/sites.ac-nancy-metz.fr\/clemi\/wp-content\/uploads\/GP3-DJ2XgAA1rYn-1536x1152.jpg 1536w, https:\/\/sites.ac-nancy-metz.fr\/clemi\/wp-content\/uploads\/GP3-DJ2XgAA1rYn-2048x1536.jpg 2048w\" sizes=\"auto, (max-width: 1024px) 100vw, 1024px\" \/><\/figure>\n","protected":false},"excerpt":{"rendered":"<p>Au sein de la DAAC, le Centre pour l\u2019\u00e9ducation aux m\u00e9dias et \u00e0 l\u2019information, de l\u2019acad\u00e9mie de Nancy-Metz (CLEMI) met en \u0153uvre la politique en EMI&#8230;<\/p>\n","protected":false},"author":1,"featured_media":0,"parent":0,"menu_order":0,"comment_status":"closed","ping_status":"closed","template":"","meta":{"footnotes":""},"class_list":["post-3909","page","type-page","status-publish","hentry"],"_links":{"self":[{"href":"https:\/\/sites.ac-nancy-metz.fr\/clemi\/wp-json\/wp\/v2\/pages\/3909","targetHints":{"allow":["GET"]}}],"collection":[{"href":"https:\/\/sites.ac-nancy-metz.fr\/clemi\/wp-json\/wp\/v2\/pages"}],"about":[{"href":"https:\/\/sites.ac-nancy-metz.fr\/clemi\/wp-json\/wp\/v2\/types\/page"}],"author":[{"embeddable":true,"href":"https:\/\/sites.ac-nancy-metz.fr\/clemi\/wp-json\/wp\/v2\/users\/1"}],"replies":[{"embeddable":true,"href":"https:\/\/sites.ac-nancy-metz.fr\/clemi\/wp-json\/wp\/v2\/comments?post=3909"}],"version-history":[{"count":10,"href":"https:\/\/sites.ac-nancy-metz.fr\/clemi\/wp-json\/wp\/v2\/pages\/3909\/revisions"}],"predecessor-version":[{"id":4262,"href":"https:\/\/sites.ac-nancy-metz.fr\/clemi\/wp-json\/wp\/v2\/pages\/3909\/revisions\/4262"}],"wp:attachment":[{"href":"https:\/\/sites.ac-nancy-metz.fr\/clemi\/wp-json\/wp\/v2\/media?parent=3909"}],"curies":[{"name":"wp","href":"https:\/\/api.w.org\/{rel}","templated":true}]}}