{"id":3922,"date":"2024-04-17T09:52:00","date_gmt":"2024-04-17T08:52:00","guid":{"rendered":"https:\/\/sites.ac-nancy-metz.fr\/clemi\/?page_id=3922"},"modified":"2024-09-24T15:22:05","modified_gmt":"2024-09-24T14:22:05","slug":"les-formations-dinitiative-locales","status":"publish","type":"page","link":"https:\/\/sites.ac-nancy-metz.fr\/clemi\/les-formations-dinitiative-locales\/","title":{"rendered":"Les formations d&rsquo;initiative locales"},"content":{"rendered":"\n<p><strong>Les FIL (formations d&rsquo;initiative locale) r\u00e9pondent \u00e0 des besoins exprim\u00e9s et rep\u00e9r\u00e9s dans les \u00e9tablissements. Elles viennent en appui des strat\u00e9gies d\u00e9velopp\u00e9es au sein des \u00e9tablissements (projet num\u00e9rique, projets \u00e9ducatifs&#8230;). Elles se veulent compl\u00e9mentaires des autres dispositifs du PrAF (plan acad\u00e9mique de formation). Ces formations permettent aux \u00e9quipes \u00e9ducatives de construire leur parcours de formation par une valorisation des comp\u00e9tences individuelles et collectives.<\/strong><\/p>\n\n\n\n<div class=\"wp-block-columns is-layout-flex wp-container-core-columns-is-layout-1 wp-block-columns-is-layout-flex\">\n<div class=\"wp-block-column is-layout-flow wp-block-column-is-layout-flow\" style=\"flex-basis:100%\">\n<figure class=\"wp-block-gallery has-nested-images columns-default is-cropped wp-block-gallery-1 is-layout-flex wp-block-gallery-is-layout-flex\"><\/figure>\n<\/div>\n<\/div>\n\n\n\n<div class=\"wp-block-columns is-layout-flex wp-container-core-columns-is-layout-2 wp-block-columns-is-layout-flex\">\n<div class=\"wp-block-column is-layout-flow wp-block-column-is-layout-flow\" style=\"flex-basis:100%\"><\/div>\n<\/div>\n\n\n\n<figure class=\"wp-block-image size-large is-resized\"><img loading=\"lazy\" decoding=\"async\" width=\"1024\" height=\"771\" src=\"https:\/\/sites.ac-nancy-metz.fr\/clemi\/wp-content\/uploads\/GAQiuLeXMAA6ynR-2-1024x771.jpg\" alt=\"\" class=\"wp-image-4186\" style=\"width:559px;height:auto\" srcset=\"https:\/\/sites.ac-nancy-metz.fr\/clemi\/wp-content\/uploads\/GAQiuLeXMAA6ynR-2-1024x771.jpg 1024w, https:\/\/sites.ac-nancy-metz.fr\/clemi\/wp-content\/uploads\/GAQiuLeXMAA6ynR-2-300x226.jpg 300w, https:\/\/sites.ac-nancy-metz.fr\/clemi\/wp-content\/uploads\/GAQiuLeXMAA6ynR-2-768x578.jpg 768w, https:\/\/sites.ac-nancy-metz.fr\/clemi\/wp-content\/uploads\/GAQiuLeXMAA6ynR-2-1536x1157.jpg 1536w, https:\/\/sites.ac-nancy-metz.fr\/clemi\/wp-content\/uploads\/GAQiuLeXMAA6ynR-2-2048x1542.jpg 2048w\" sizes=\"auto, (max-width: 1024px) 100vw, 1024px\" \/><\/figure>\n","protected":false},"excerpt":{"rendered":"<p>Les FIL (formations d&rsquo;initiative locale) r\u00e9pondent \u00e0 des besoins exprim\u00e9s et rep\u00e9r\u00e9s dans les \u00e9tablissements. Elles viennent en appui des strat\u00e9gies d\u00e9velopp\u00e9es au sein des \u00e9tablissements&#8230;<\/p>\n","protected":false},"author":1,"featured_media":0,"parent":0,"menu_order":0,"comment_status":"closed","ping_status":"closed","template":"","meta":{"footnotes":""},"class_list":["post-3922","page","type-page","status-publish","hentry"],"_links":{"self":[{"href":"https:\/\/sites.ac-nancy-metz.fr\/clemi\/wp-json\/wp\/v2\/pages\/3922","targetHints":{"allow":["GET"]}}],"collection":[{"href":"https:\/\/sites.ac-nancy-metz.fr\/clemi\/wp-json\/wp\/v2\/pages"}],"about":[{"href":"https:\/\/sites.ac-nancy-metz.fr\/clemi\/wp-json\/wp\/v2\/types\/page"}],"author":[{"embeddable":true,"href":"https:\/\/sites.ac-nancy-metz.fr\/clemi\/wp-json\/wp\/v2\/users\/1"}],"replies":[{"embeddable":true,"href":"https:\/\/sites.ac-nancy-metz.fr\/clemi\/wp-json\/wp\/v2\/comments?post=3922"}],"version-history":[{"count":15,"href":"https:\/\/sites.ac-nancy-metz.fr\/clemi\/wp-json\/wp\/v2\/pages\/3922\/revisions"}],"predecessor-version":[{"id":4263,"href":"https:\/\/sites.ac-nancy-metz.fr\/clemi\/wp-json\/wp\/v2\/pages\/3922\/revisions\/4263"}],"wp:attachment":[{"href":"https:\/\/sites.ac-nancy-metz.fr\/clemi\/wp-json\/wp\/v2\/media?parent=3922"}],"curies":[{"name":"wp","href":"https:\/\/api.w.org\/{rel}","templated":true}]}}