{"id":3926,"date":"2024-04-17T09:52:51","date_gmt":"2024-04-17T08:52:51","guid":{"rendered":"https:\/\/sites.ac-nancy-metz.fr\/clemi\/?page_id=3926"},"modified":"2025-07-08T15:57:24","modified_gmt":"2025-07-08T14:57:24","slug":"campagnes-academiques-adage","status":"publish","type":"page","link":"https:\/\/sites.ac-nancy-metz.fr\/clemi\/campagnes-academiques-adage\/","title":{"rendered":"Campagnes acad\u00e9miques ADAGE"},"content":{"rendered":"\n<div class=\"wp-block-anchor-block-standard\" id=\"livre\" data-anchor-padding=\"30\" style=\"--data-anchor-padding: 30px\"><\/div>\n\n\n\n<h2 class=\"wp-block-heading has-white-color has-vivid-cyan-blue-background-color has-text-color has-background has-link-color wp-elements-a05e7100ebd004a467805f2d1738cb81\">[57 CLEMI] R\u00e9sidence de journaliste \u00ab\u00a0Le Livre \u00e0 Metz\u00a0\u00bb<\/h2>\n\n\n\n<div style=\"height:28px\" aria-hidden=\"true\" class=\"wp-block-spacer\"><\/div>\n\n\n\n<p><strong>La r\u00e9sidence d\u2019un journaliste \u00e0 Metz a pour objectif de faire se rencontrer un journaliste professionnel et un groupe d\u2019\u00e9l\u00e8ves de la Moselle afin de leur faire d\u00e9couvrir le m\u00e9tier de journaliste, la complexit\u00e9 de relayer les informations mais aussi de travailler ensemble sur un projet d\u2019\u00e9criture journalistique.<\/strong><\/p>\n\n\n\n<p>Il s\u2019agit d\u2019une initiation aux <strong>techniques d\u2019enqu\u00eate<\/strong>, \u00e0 la <strong>hi\u00e9rarchisation d\u2019informations<\/strong> et \u00e0 la <strong>r\u00e9daction d\u2019un reportage<\/strong>, sous la forme d\u2019articles de presse \u00e9crite.<\/p>\n\n\n\n<p>Le travail du journaliste en r\u00e9sidence et des \u00e9l\u00e8ves est conduit autour d\u2019un th\u00e8me d\u00e9fini en commun. Les productions sont ensuite diffus\u00e9es en ligne et pr\u00e9sent\u00e9es au public pendant la <strong>restitution lors du festival Le Livre \u00e0 Metz \u2013 Litt\u00e9rature &amp; Journalisme, le vendredi 10 avril 2026<\/strong>.<\/p>\n\n\n\n<p>En participant \u00e0 ce projet, vous pourrez&#8230;<br>&#8230; b\u00e9n\u00e9ficier de la pr\u00e9sence d&rsquo;un <strong>journaliste <\/strong>dans votre classe pendant<strong> 3 x 1 semaine<\/strong><br>&#8230; r\u00e9aliser une <strong>production m\u00e9dia<\/strong> (webm\u00e9dia ou podcast) qui sera diffus\u00e9e sur le site d&rsquo;un m\u00e9dia local<br>&#8230; <strong>restituer <\/strong>votre projet en public \u00e0 l&rsquo;occasion de l&rsquo;\u00e9dition 2025 du Livre \u00e0 Metz<br><br>PLANNING PR\u00c9VISIONNEL<br>&#8211; 3 x 1 semaine compl\u00e8te de r\u00e9sidence (lundi, mardi, jeudi, vendredi) avec un journaliste \u00e0 programmer entre octobre 25 et f\u00e9vrier 26<br>&#8211; 1\/2 journ\u00e9e de restitution au festival \u00ab\u00a0Le livre \u00e0 Metz\u00a0\u00bb (10 avril 26)<br><br>BUDGET PR\u00c9VISIONNEL<br>Les interventions du journaliste sont pris en charge par le festival Le Livre \u00e0 Metz<br>Les d\u00e9placements (visite de r\u00e9daction, restitution au Festival) sont \u00e0 la charge de l&rsquo;\u00e9tablissement<br><br>OBJECTIFS<br>&#8211; d\u00e9couvrir le m\u00e9tier de journaliste<br>&#8211; apprendre \u00e0 s&rsquo;informer<br>&#8211; mener un projet pluridisciplinaire<br>&#8211; apprendre \u00e0 restituer un projet<\/p>\n\n\n\n<div style=\"height:100px\" aria-hidden=\"true\" class=\"wp-block-spacer\"><\/div>\n\n\n<div class=\"wp-block-image\">\n<figure class=\"aligncenter size-large\"><img loading=\"lazy\" decoding=\"async\" width=\"1024\" height=\"771\" src=\"https:\/\/sites.ac-nancy-metz.fr\/clemi\/wp-content\/uploads\/LivreAMetz-1024x771.jpg\" alt=\"\" class=\"wp-image-4352\" srcset=\"https:\/\/sites.ac-nancy-metz.fr\/clemi\/wp-content\/uploads\/LivreAMetz-1024x771.jpg 1024w, https:\/\/sites.ac-nancy-metz.fr\/clemi\/wp-content\/uploads\/LivreAMetz-300x226.jpg 300w, https:\/\/sites.ac-nancy-metz.fr\/clemi\/wp-content\/uploads\/LivreAMetz-768x578.jpg 768w, https:\/\/sites.ac-nancy-metz.fr\/clemi\/wp-content\/uploads\/LivreAMetz-1536x1157.jpg 1536w, https:\/\/sites.ac-nancy-metz.fr\/clemi\/wp-content\/uploads\/LivreAMetz.jpg 2048w\" sizes=\"auto, (max-width: 1024px) 100vw, 1024px\" \/><\/figure><\/div>\n\n\n<div style=\"height:100px\" aria-hidden=\"true\" class=\"wp-block-spacer\"><\/div>\n\n\n\n<div class=\"wp-block-anchor-block-standard\" id=\"peace\" data-anchor-padding=\"40\" style=\"--data-anchor-padding: 40px\"><\/div>\n\n\n\n<h1 class=\"wp-block-heading has-white-color has-vivid-cyan-blue-background-color has-text-color has-background has-link-color wp-elements-0f15915a82c8b01808c57d2cf2bf8947\">[CLEMI] Exposition Cartooning for Peace \u00ab\u00a0Dessine-moi l&rsquo;\u00e9cologie\u00a0\u00bb<\/h1>\n\n\n\n<div style=\"height:28px\" aria-hidden=\"true\" class=\"wp-block-spacer\"><\/div>\n\n\n\n<p>Exposition itin\u00e9rante \u2013 coll\u00e8ges et lyc\u00e9es&nbsp;<\/p>\n\n\n\n<p>Notre plan\u00e8te, et avec elle, toutes les esp\u00e8ces vivantes, sont en r\u00e9el danger. L\u2019<strong>urgence \u00e9cologique<\/strong> est telle que nous ne pouvons plus l\u2019ignorer. Le dernier rapport du Groupe d\u2019experts intergouvernemental sur l\u2019\u00e9volution du climat (GIEC) tire la sonnette d\u2019alarme : le r\u00e9chauffement des temp\u00e9ratures au-del\u00e0 de 1,5\u00b0C auront de tr\u00e8s lourdes cons\u00e9quences sur le climat, les esp\u00e8ces\u2026 Les preuves sont l\u00e0, bien palpables, et les climato-sceptiques seront bient\u00f4t \u00e0 court d\u2019arguments. Vagues de chaleur in\u00e9dites, s\u00e9cheresses meurtri\u00e8res, fonte des glaciers, mont\u00e9e des eaux, multiplication de catastrophes naturelles\u2026 le r\u00e9chauffement climatique est le d\u00e9fi majeur de notre g\u00e9n\u00e9ration et, faut-il le craindre, de celles qui doivent encore venir. A quoi s\u2019ajoutent toutes les probl\u00e9matiques li\u00e9es \u00e0 la pollution, \u00e0 la rar\u00e9faction de l\u2019eau, \u00e0 l\u2019utilisation des pesticides dans l\u2019industrie agroalimentaire\u2026 C\u2019est notre sant\u00e9 et notre survie qui sont en jeu ! Il est donc temps d\u2019agir et d\u2019interpeller nos gouvernements et pouvoirs publics pour prendre le probl\u00e8me \u00e0 bras le corps.<\/p>\n\n\n\n<p>C\u2019est pourquoi Cartooning for Peace, r\u00e9seau international de dessinateurs de presse r\u00e9solument engag\u00e9s dans la lutte pour l\u2019environnement, a cr\u00e9\u00e9 l\u2019exposition itin\u00e9rante <strong>\u00ab Dessine-moi l\u2019\u00e9cologie \u00bb <\/strong>\u00e0 destination des coll\u00e8ges et lyc\u00e9es sur l\u2019ensemble du territoire fran\u00e7ais avec le soutien de la MGEN.<\/p>\n\n\n\n<p>Compos\u00e9e de <strong>11 panneaux autoportant<\/strong>s, l\u2019exposition aborde de mani\u00e8re ludique les enjeux li\u00e9s \u00e0 la pollution, \u00e0 la gestion des d\u00e9chets ou encore \u00e0 la biodiversit\u00e9 afin de sensibiliser jeunes et adultes au d\u00e9r\u00e8glement climatique et \u00e0 les inciter \u00e0 s\u2019engager davantage en faveur d\u2019un monde durable.<\/p>\n\n\n\n<p>L\u2019exposition est pr\u00eat\u00e9e, <strong>gratuitement<\/strong>, pour une dur\u00e9e d\u2019une p\u00e9riode scolaire. Le transport (aller et retour) de l\u2019exposition est \u00e0 la charge de l\u2019\u00e9tablissement emprunteur.<\/p>\n\n\n\n<div style=\"height:33px\" aria-hidden=\"true\" class=\"wp-block-spacer\"><\/div>\n\n\n<div class=\"wp-block-image\">\n<figure class=\"aligncenter size-large\"><img loading=\"lazy\" decoding=\"async\" width=\"724\" height=\"1024\" src=\"https:\/\/sites.ac-nancy-metz.fr\/clemi\/wp-content\/uploads\/expoCartooningForPeace-724x1024.jpg\" alt=\"\" class=\"wp-image-4348\" srcset=\"https:\/\/sites.ac-nancy-metz.fr\/clemi\/wp-content\/uploads\/expoCartooningForPeace-724x1024.jpg 724w, https:\/\/sites.ac-nancy-metz.fr\/clemi\/wp-content\/uploads\/expoCartooningForPeace-212x300.jpg 212w, https:\/\/sites.ac-nancy-metz.fr\/clemi\/wp-content\/uploads\/expoCartooningForPeace-768x1087.jpg 768w, https:\/\/sites.ac-nancy-metz.fr\/clemi\/wp-content\/uploads\/expoCartooningForPeace-1086x1536.jpg 1086w, https:\/\/sites.ac-nancy-metz.fr\/clemi\/wp-content\/uploads\/expoCartooningForPeace.jpg 1357w\" sizes=\"auto, (max-width: 724px) 100vw, 724px\" \/><\/figure><\/div>\n\n\n<div style=\"height:100px\" aria-hidden=\"true\" class=\"wp-block-spacer\"><\/div>\n\n\n\n<div class=\"wp-block-anchor-block-standard\" id=\"ecoute\" data-anchor-padding=\"40\" style=\"--data-anchor-padding: 40px\"><\/div>\n\n\n\n<h1 class=\"wp-block-heading has-white-color has-vivid-cyan-blue-background-color has-text-color has-background has-link-color wp-elements-ffbb627385da0bbdb36348933f5b47a1\">[CLEMI] Prix de l&rsquo;\u00e9coute 1er degr\u00e9 &#8211; CP au CM2-<\/h1>\n\n\n\n<div style=\"height:43px\" aria-hidden=\"true\" class=\"wp-block-spacer\"><\/div>\n\n\n\n<p>Le Prix de l&rsquo;\u00e9coute propose aux \u00e9l\u00e8ves d&rsquo;<strong>\u00e9lire leur podcast de l&rsquo;ann\u00e9e<\/strong> parmi une pr\u00e9s\u00e9lection de productions professionnelles, sur le mod\u00e8le du \u00ab\u00a0Goncourt des lyc\u00e9ens\u00a0\u00bb. Une pr\u00e9s\u00e9lection de 4 \u00e0 6 podcasts sera propos\u00e9e aux \u00e9coles, ainsi qu&rsquo;un <strong>kit p\u00e9dagogique<\/strong> en ligne (proposition de d\u00e9roulement p\u00e9dagogique, grilles d\u2019\u00e9coute, fiche d\u2019\u00e9valuation finale). Ce dispositif permet aux \u00e9l\u00e8ves d\u2019\u00e9couter une cr\u00e9ation radiophonique (fiction, magazine, documentaire&#8230;), de la d\u00e9crire, de l&rsquo;analyser, et d\u2019exprimer un avis argument\u00e9.<\/p>\n\n\n\n<p>Calendrier pr\u00e9visionnel :<br>SEPTEMBRE : Inscription des classes (CP au CM2)<br>OCTOBRE \u00e0 D\u00c9CEMBRE : mise \u00e0 disposition des podcasts, \u00e9coute, et travail en classe (compter environ 30 minutes par semaines pendants 6 semaines)<br>D\u00c9CEMBRE : envoi des votes (un vote par classe)<br>JANVIER : annonce des laur\u00e9ats<br><br>En partenariat avec l&rsquo;association <strong>Longueur d&rsquo;ondes<\/strong><br>Pour plus d&rsquo;informations :\u00a0<a href=\"mailto:clemi@ac-nancy-metz.Fr\" target=\"_blank\" rel=\"noreferrer noopener\">clemi@ac-nancy-metz.Fr<\/a><br><br>Vous pouvez \u00e9galement consulter les ressources de l&rsquo;\u00e9dition 24-25 sur site de l&rsquo;acad\u00e9mie de Rennes :\u00a0<a href=\"https:\/\/www.ac-rennes.fr\/prix-de-l-ecoute-des-ecoliers-longueur-d-ondes-clemi-123145\" target=\"_blank\" rel=\"noreferrer noopener\">https:\/\/www.ac-rennes.fr\/prix-de-l-ecoute-des-ecoliers-longueur-d-ondes-clemi-123145<\/a><\/p>\n\n\n\n<div style=\"height:100px\" aria-hidden=\"true\" class=\"wp-block-spacer\"><\/div>\n\n\n<div class=\"wp-block-image\">\n<figure class=\"aligncenter size-large\"><img loading=\"lazy\" decoding=\"async\" width=\"1024\" height=\"683\" src=\"https:\/\/sites.ac-nancy-metz.fr\/clemi\/wp-content\/uploads\/prix-ecoute-1024x683.jpg\" alt=\"\" class=\"wp-image-4354\" srcset=\"https:\/\/sites.ac-nancy-metz.fr\/clemi\/wp-content\/uploads\/prix-ecoute-1024x683.jpg 1024w, https:\/\/sites.ac-nancy-metz.fr\/clemi\/wp-content\/uploads\/prix-ecoute-300x200.jpg 300w, https:\/\/sites.ac-nancy-metz.fr\/clemi\/wp-content\/uploads\/prix-ecoute-768x512.jpg 768w, https:\/\/sites.ac-nancy-metz.fr\/clemi\/wp-content\/uploads\/prix-ecoute-1536x1024.jpg 1536w, https:\/\/sites.ac-nancy-metz.fr\/clemi\/wp-content\/uploads\/prix-ecoute.jpg 1920w\" sizes=\"auto, (max-width: 1024px) 100vw, 1024px\" \/><\/figure><\/div>\n\n\n<div style=\"height:100px\" aria-hidden=\"true\" class=\"wp-block-spacer\"><\/div>\n\n\n\n<h1 class=\"wp-block-heading has-white-color has-vivid-cyan-blue-background-color has-text-color has-background has-link-color wp-elements-8e859d1fdc09d26a2060eaf13b84ab26\">[CLEMI] Les Ondes Scolaires, le podcast de l&rsquo;acad\u00e9mie de Nancy-Metz<\/h1>\n\n\n\n<div class=\"wp-block-anchor-block-standard\" id=\"ondes\" data-anchor-padding=\"\" style=\"--data-anchor-padding: 0px\"><\/div>\n\n\n\n<div style=\"height:44px\" aria-hidden=\"true\" class=\"wp-block-spacer\"><\/div>\n\n\n\n<p>Lanc\u00e9 en 2022, le podcast acad\u00e9mique \u00ab Les Ondes Scolaires \u00bb est un <strong>atelier nomade de production radiophonique<\/strong>. Gr\u00e2ce \u00e0 ce dispositif p\u00e9dagogique, les \u00e9l\u00e8ves, accompagn\u00e9s de leurs enseignants, pr\u00e9parent, \u00e9crivent et enregistrent un \u00e9pisode \u00e0 travers des formats vari\u00e9s (interview, micro-trottoir, chronique\u2026). Leur \u00e9mission est ensuite diffus\u00e9e sur le site acad\u00e9mique du CLEMI.<\/p>\n\n\n\n<p>Le travail en amont les am\u00e8ne \u00e0 mener des <strong>recherches documentaires<\/strong>, croiser les <strong>sources <\/strong>et produire un <strong>conducteur<\/strong>. L\u2019enregistrement a lieu en public, dans des conditions du direct. Durant l\u2019ann\u00e9e scolaire 24-25, 5 \u00e9missions ont ainsi \u00e9t\u00e9 produites.<\/p>\n\n\n\n<p>Vous avez pr\u00e9vu de recevoir <strong>une personnalit\u00e9 <\/strong>dans votre \u00e9tablissement lors d&rsquo;un \u00e9v\u00e9nement (Nuit de la Lecture, Semaine de la presse \u00e0 l&rsquo;\u00e9cole, festivals, concours ou salons&#8230;) ? Pr\u00e9parons ensemble, avec vos \u00e9l\u00e8ves, une \u00e9mission de radio sur cet invit\u00e9 passionnant !<\/p>\n\n\n\n<p>En participant \u00e0 ce projet, vous b\u00e9n\u00e9ficierez de :<br>&#8211; 2 ateliers d&rsquo;1 heure en classe (interview, micro-trottoir, conducteur radio)<br>&#8211; l&rsquo;enregistrement par vos \u00e9l\u00e8ves d&rsquo;une \u00e9mission de radio, dans les conditions du direct (compter 1 heure)<br>&#8211; la diffusion de l&rsquo;\u00e9mission sur le site de la webradio acad\u00e9mique<\/p>\n\n\n\n<p>Pour d\u00e9couvrir l\u2019ensemble des \u00e9pisodes du podcast&nbsp;:&nbsp;<a href=\"https:\/\/sites.ac-nancy-metz.fr\/clemi\/les-ondes-scolaires-le-podcast-de-lacademie-de-nancy-metz\/\">https:\/\/sites.ac-nancy-metz.fr\/clemi\/les-ondes-scolaires-le-podcast-de-lacademie-de-nancy-metz\/<\/a><\/p>\n\n\n\n<div style=\"height:100px\" aria-hidden=\"true\" class=\"wp-block-spacer\"><\/div>\n\n\n<div class=\"wp-block-image\">\n<figure class=\"aligncenter size-large\"><img loading=\"lazy\" decoding=\"async\" width=\"819\" height=\"1024\" src=\"https:\/\/sites.ac-nancy-metz.fr\/clemi\/wp-content\/uploads\/lesOndesScolaires-819x1024.jpg\" alt=\"\" class=\"wp-image-4351\" srcset=\"https:\/\/sites.ac-nancy-metz.fr\/clemi\/wp-content\/uploads\/lesOndesScolaires-819x1024.jpg 819w, https:\/\/sites.ac-nancy-metz.fr\/clemi\/wp-content\/uploads\/lesOndesScolaires-240x300.jpg 240w, https:\/\/sites.ac-nancy-metz.fr\/clemi\/wp-content\/uploads\/lesOndesScolaires-768x960.jpg 768w, https:\/\/sites.ac-nancy-metz.fr\/clemi\/wp-content\/uploads\/lesOndesScolaires.jpg 1080w\" sizes=\"auto, (max-width: 819px) 100vw, 819px\" \/><\/figure><\/div>\n\n\n<div style=\"height:100px\" aria-hidden=\"true\" class=\"wp-block-spacer\"><\/div>\n\n\n\n<div class=\"wp-block-anchor-block-standard\" id=\"fabrique\" data-anchor-padding=\"40\" style=\"--data-anchor-padding: 40px\"><\/div>\n\n\n\n<h1 class=\"wp-block-heading has-white-color has-vivid-cyan-blue-background-color has-text-color has-background has-link-color wp-elements-cf8e0d4b34dc9a7cb31ce6f1403e0dd4\">[CLEMI dans les murs] Fabrique ton m\u00e9dia<\/h1>\n\n\n\n<div style=\"height:42px\" aria-hidden=\"true\" class=\"wp-block-spacer\"><\/div>\n\n\n\n<p>Initi\u00e9e en 2016 par&nbsp;<strong>France 3 Grand Est<\/strong>, en partenariat avec les rectorats, le CLEMI et les p\u00f4les r\u00e9gionaux d\u2019\u00e9ducation aux images (<strong>Image Est<\/strong>), cette action permet aux jeunes d\u2019apprendre \u00e0 s\u2019informer de mani\u00e8re critique, \u00e9clair\u00e9e et cr\u00e9ative. Chaque classe s\u00e9lectionn\u00e9e pr\u00e9pare, \u00e9crit, tourne et monte un reportage d\u2019environ 3 minutes, accompagn\u00e9e par des journalistes de la r\u00e9daction de France 3. Les \u00e9l\u00e8ves interrogent la fabrication de l\u2019information \u00e0 travers des questions concr\u00e8tes :<br>&#8211; D\u2019o\u00f9 vient l\u2019information ?<br>&#8211; Comment distinguer le vrai du faux ?<br>&#8211; Que peut-on faire dire \u00e0 des images ?<br>&#8211; Comment angle-t-on un sujet ?<\/p>\n\n\n\n<p>Les \u00e9l\u00e8ves (coll\u00e8ges et lyc\u00e9es) d\u00e9couvrent \u00e9galement l\u2019\u00e9criture documentaire, \u00e0 travers l\u2019\u00e9tude d\u2019un film et une rencontre avec son r\u00e9alisateur ou sa r\u00e9alisatrice.<\/p>\n\n\n\n<p>En participant \u00e0 ce projet, vous pourrez\u00a0:<br>&#8230; \u00eatre accompagn\u00e9s par un <strong>journaliste de France 3 Lorraine <\/strong>ou de<strong> Ici Lorraine<\/strong><br>&#8230; assister \u00e0 la <strong>projection d&rsquo;un documentaire<\/strong> du catalogue <strong>Image Est<\/strong>, en pr\u00e9sence de son r\u00e9alisateur<br>&#8230; pr\u00e9senter la production de votre classe lors de la <strong>c\u00e9r\u00e9monie de restitution<\/strong> (en mai 26)<\/p>\n\n\n\n<p>Planning<\/p>\n\n\n\n<p>OCTOBRE \u00e0 AVRIL<br>&#8211; 2 ateliers d&rsquo;une demie-journ\u00e9e avec un journaliste (France 3 Lorraine ou Ici Lorraine)&nbsp;<br>&#8211; 1\/2 journ\u00e9e de projection-d\u00e9bat autour d&rsquo;un documentaire du catalogue Image Est<\/p>\n\n\n\n<p>MARS-AVRIL&nbsp;&nbsp;(au&nbsp;&nbsp;plus tard)<br>&#8211; tournage et montage du reportage&nbsp;<\/p>\n\n\n\n<p>MAI<br>&#8211; d\u00e9placement \u00e0 Nancy pour la c\u00e9r\u00e9monie de restitution<\/p>\n\n\n\n<p>Objectifs<br>&#8211; Apprendre aux \u00e9l\u00e8ves \u00e0 s\u2019informer avec discernement, de mani\u00e8re critique, mais aussi cr\u00e9ative, \u00e0 travers un projet de r\u00e9alisation de reportage<br>&#8211; d\u00e9couvrir l&rsquo;\u00e9criture documentaire<br>&#8211; \u00eatre capable de pr\u00e9senter son projet devant un public<\/p>\n\n\n\n<p>Financement<br>&#8211; Les ateliers avec le journaliste sont pris en charge par France 3 Lorraine et Ici Lorraine<br>&#8211; La rencontre avec le r\u00e9alisateur de documentaire est prise en charge par Image Est<\/p>\n\n\n\n<p>Reste \u00e0 charge de l&rsquo;\u00e9tablissement :<br>&#8211; Dans la mesure du possible, la projection de ce film documentaire sera effectu\u00e9e dans une salle de cin\u00e9ma de proximit\u00e9. La billetterie de la projection est \u00e0 la charge de l&rsquo;\u00e9tablissement.<br>&#8211; Le d\u00e9placement en bus pour la c\u00e9r\u00e9monie de restitution est \u00e0 la charge de l&rsquo;\u00e9tablissement.<\/p>\n\n\n\n<p>Pour d\u00e9couvrir les productions de l\u2019ann\u00e9e 24-25<br><a href=\"https:\/\/france3-regions.franceinfo.fr\/grand-est\/fabrique-ton-media-des-eleves-apprentis-journalistes-le-temps-d-une-annee-scolaire-3160512.html\">https:\/\/france3-regions.franceinfo.fr\/grand-est\/fabrique-ton-media-des-eleves-apprentis-journalistes-le-temps-d-une-annee-scolaire-3160512.html<\/a><\/p>\n\n\n\n<div style=\"height:100px\" aria-hidden=\"true\" class=\"wp-block-spacer\"><\/div>\n\n\n<div class=\"wp-block-image\">\n<figure class=\"aligncenter size-large\"><img loading=\"lazy\" decoding=\"async\" width=\"1024\" height=\"683\" src=\"https:\/\/sites.ac-nancy-metz.fr\/clemi\/wp-content\/uploads\/fabrique-ton-media-1024x683.jpg\" alt=\"\" class=\"wp-image-4350\" srcset=\"https:\/\/sites.ac-nancy-metz.fr\/clemi\/wp-content\/uploads\/fabrique-ton-media-1024x683.jpg 1024w, https:\/\/sites.ac-nancy-metz.fr\/clemi\/wp-content\/uploads\/fabrique-ton-media-300x200.jpg 300w, https:\/\/sites.ac-nancy-metz.fr\/clemi\/wp-content\/uploads\/fabrique-ton-media-768x512.jpg 768w, https:\/\/sites.ac-nancy-metz.fr\/clemi\/wp-content\/uploads\/fabrique-ton-media-1536x1024.jpg 1536w, https:\/\/sites.ac-nancy-metz.fr\/clemi\/wp-content\/uploads\/fabrique-ton-media-2048x1366.jpg 2048w\" sizes=\"auto, (max-width: 1024px) 100vw, 1024px\" \/><\/figure><\/div>\n\n\n<div style=\"height:100px\" aria-hidden=\"true\" class=\"wp-block-spacer\"><\/div>\n\n\n\n<div class=\"wp-block-anchor-block-standard\" id=\"londres\" data-anchor-padding=\"40\" style=\"--data-anchor-padding: 40px\"><\/div>\n\n\n\n<h1 class=\"wp-block-heading has-white-color has-luminous-vivid-orange-background-color has-text-color has-background has-link-color wp-elements-2f8d2329ac0f983179dadf1d7789e4f7\">[NAT] Prix Albert Londres<\/h1>\n\n\n\n<div style=\"height:41px\" aria-hidden=\"true\" class=\"wp-block-spacer\"><\/div>\n\n\n\n<p>Le dispositif<strong> Prix Albert Londres en lyc\u00e9e<\/strong> permet \u00e0 des \u00e9l\u00e8ves, encadr\u00e9s par leurs enseignants, de d\u00e9couvrir et d\u2019\u00e9tudier la s\u00e9lection des articles de presse \u00e9crite et la s\u00e9lection des films documentaires en lice pour le Prix Albert Londres.<\/p>\n\n\n\n<p>L\u2019action offre \u00e9galement aux lyc\u00e9ens l\u2019opportunit\u00e9 de<strong> rencontrer un grand reporter<\/strong>.<\/p>\n\n\n\n<p>En lien avec le <strong>parcours citoyen <\/strong>et la lutte contre la d\u00e9sinformation, ce projet permet de mieux conna\u00eetre le m\u00e9tier de grand reporter et la fa\u00e7on dont les journalistes recueillent les informations (les enqu\u00eates de terrain, le croisement des sources&#8230;). Il offre \u00e9galement une <strong>ouverture sur l\u2019actualit\u00e9 internationale<\/strong> et les grands<strong> enjeux du monde contemporain <\/strong>puisque les articles et films traitent g\u00e9n\u00e9ralement de r\u00e9gions du monde ayant une situation g\u00e9opolitique complexe.<\/p>\n\n\n\n<p>En 2024, 4 lyc\u00e9es ont ainsi pu rencontrer la journaliste Nolwenn Le Fustec, journaliste, et co-r\u00e9alisatrice du documentaire \u00ab&nbsp;Chine&nbsp;: op\u00e9rations secr\u00e8tes&nbsp;\u00bb (Everprod \/ France T\u00e9l\u00e9visions).<\/p>\n\n\n\n<p>Pour en savoir plus&nbsp;:&nbsp;<a href=\"https:\/\/blogpeda.region-academique-nouvelle-aquitaine.fr\/87-limoges-lycee-gay-lussac-prix-albert-londres\/accueil\/\">https:\/\/blogpeda.region-academique-nouvelle-aquitaine.fr\/87-limoges-lycee-gay-lussac-prix-albert-londres\/accueil\/<\/a><\/p>\n\n\n\n<div style=\"height:100px\" aria-hidden=\"true\" class=\"wp-block-spacer\"><\/div>\n\n\n<div class=\"wp-block-image\">\n<figure class=\"aligncenter size-large\"><img loading=\"lazy\" decoding=\"async\" width=\"1024\" height=\"683\" src=\"https:\/\/sites.ac-nancy-metz.fr\/clemi\/wp-content\/uploads\/PrixAlbertLondres-1024x683.jpg\" alt=\"\" class=\"wp-image-4356\" srcset=\"https:\/\/sites.ac-nancy-metz.fr\/clemi\/wp-content\/uploads\/PrixAlbertLondres-1024x683.jpg 1024w, https:\/\/sites.ac-nancy-metz.fr\/clemi\/wp-content\/uploads\/PrixAlbertLondres-300x200.jpg 300w, https:\/\/sites.ac-nancy-metz.fr\/clemi\/wp-content\/uploads\/PrixAlbertLondres-768x512.jpg 768w, https:\/\/sites.ac-nancy-metz.fr\/clemi\/wp-content\/uploads\/PrixAlbertLondres-1536x1024.jpg 1536w, https:\/\/sites.ac-nancy-metz.fr\/clemi\/wp-content\/uploads\/PrixAlbertLondres-2048x1366.jpg 2048w\" sizes=\"auto, (max-width: 1024px) 100vw, 1024px\" \/><\/figure><\/div>\n\n\n<div style=\"height:100px\" aria-hidden=\"true\" class=\"wp-block-spacer\"><\/div>\n\n\n\n<div class=\"wp-block-anchor-block-standard\" id=\"media\" data-anchor-padding=\"40\" style=\"--data-anchor-padding: 40px\"><\/div>\n\n\n\n<h1 class=\"wp-block-heading has-white-color has-vivid-cyan-blue-background-color has-text-color has-background has-link-color wp-elements-948d9128337de99d401823d10c4f9345\">[CLEMI] R\u00e9f\u00e9rencez votre m\u00e9dia scolaire&nbsp;!<\/h1>\n\n\n\n<div style=\"height:54px\" aria-hidden=\"true\" class=\"wp-block-spacer\"><\/div>\n\n\n\n<p>Un m\u00e9dia scolaire existe au sein de votre \u00e9tablissement ? Quel que soit le format choisi (radio, journal, webTV&#8230;), ou son anciennet\u00e9 (exp\u00e9riment\u00e9 ou \u00e9mergent), nous souhaitons en savoir plus !<\/p>\n\n\n\n<p>Vous rejoindrez ainsi le <strong>r\u00e9seau des m\u00e9dias scolaires de l\u2019acad\u00e9mie<\/strong> et pourrez en d\u00e9couvrir la richesse et la diversit\u00e9. L\u2019ann\u00e9e derni\u00e8re, pr\u00e8s de 100 m\u00e9dias ont ainsi \u00e9t\u00e9 valoris\u00e9s.\u00a0<\/p>\n\n\n\n<p>A l\u2019issue de la <strong>campagne de r\u00e9f\u00e9rencement<\/strong>, votre m\u00e9dia sera inscrit sur la carte des m\u00e9dias scolaires 25-26, qui sera d\u00e9voil\u00e9e \u00e0 l\u2019occasion de la Semaine de la presse et des m\u00e9dias \u00e0 l\u2019\u00e9cole. <strong>Une version poster, en couleurs, vous sera \u00e9galement r\u00e9serv\u00e9e.\u00a0<\/strong><\/p>\n\n\n\n<p><\/p>\n","protected":false},"excerpt":{"rendered":"<p>[57 CLEMI] R\u00e9sidence de journaliste \u00ab\u00a0Le Livre \u00e0 Metz\u00a0\u00bb La r\u00e9sidence d\u2019un journaliste \u00e0 Metz a pour objectif de faire se rencontrer un journaliste professionnel et&#8230;<\/p>\n","protected":false},"author":1,"featured_media":0,"parent":0,"menu_order":0,"comment_status":"closed","ping_status":"closed","template":"","meta":{"footnotes":""},"class_list":["post-3926","page","type-page","status-publish","hentry"],"_links":{"self":[{"href":"https:\/\/sites.ac-nancy-metz.fr\/clemi\/wp-json\/wp\/v2\/pages\/3926","targetHints":{"allow":["GET"]}}],"collection":[{"href":"https:\/\/sites.ac-nancy-metz.fr\/clemi\/wp-json\/wp\/v2\/pages"}],"about":[{"href":"https:\/\/sites.ac-nancy-metz.fr\/clemi\/wp-json\/wp\/v2\/types\/page"}],"author":[{"embeddable":true,"href":"https:\/\/sites.ac-nancy-metz.fr\/clemi\/wp-json\/wp\/v2\/users\/1"}],"replies":[{"embeddable":true,"href":"https:\/\/sites.ac-nancy-metz.fr\/clemi\/wp-json\/wp\/v2\/comments?post=3926"}],"version-history":[{"count":38,"href":"https:\/\/sites.ac-nancy-metz.fr\/clemi\/wp-json\/wp\/v2\/pages\/3926\/revisions"}],"predecessor-version":[{"id":4390,"href":"https:\/\/sites.ac-nancy-metz.fr\/clemi\/wp-json\/wp\/v2\/pages\/3926\/revisions\/4390"}],"wp:attachment":[{"href":"https:\/\/sites.ac-nancy-metz.fr\/clemi\/wp-json\/wp\/v2\/media?parent=3926"}],"curies":[{"name":"wp","href":"https:\/\/api.w.org\/{rel}","templated":true}]}}