{"id":3929,"date":"2024-04-17T09:53:06","date_gmt":"2024-04-17T08:53:06","guid":{"rendered":"https:\/\/sites.ac-nancy-metz.fr\/clemi\/?page_id=3929"},"modified":"2024-09-24T12:00:52","modified_gmt":"2024-09-24T11:00:52","slug":"concours-et-operations","status":"publish","type":"page","link":"https:\/\/sites.ac-nancy-metz.fr\/clemi\/concours-et-operations\/","title":{"rendered":"Concours et op\u00e9rations"},"content":{"rendered":"\n<div class=\"wp-block-columns is-layout-flex wp-container-core-columns-is-layout-1 wp-block-columns-is-layout-flex\">\n<div class=\"wp-block-column is-layout-flow wp-block-column-is-layout-flow\" style=\"flex-basis:33.33%\"><div class=\"wp-block-image\">\n<figure class=\"aligncenter size-full\"><img loading=\"lazy\" decoding=\"async\" width=\"250\" height=\"192\" src=\"https:\/\/sites.ac-nancy-metz.fr\/clemi\/wp-content\/uploads\/mediatiks.png\" alt=\"\" class=\"wp-image-4077\"\/><\/figure><\/div><\/div>\n\n\n\n<div class=\"wp-block-column is-layout-flow wp-block-column-is-layout-flow\" style=\"flex-basis:66.66%\">\n<p>Les \u00e9quipes du CLEMI organisent dans leurs acad\u00e9mies un concours ouvert \u00e0 tous les m\u00e9dias scolaires : journaux imprim\u00e9s ou en ligne, mais aussi aux radios\/podcasts, vid\u00e9os\/webTV, ainsi qu&rsquo;aux reportages photo.&nbsp;<\/p>\n\n\n\n<div class=\"wp-block-buttons is-layout-flex wp-block-buttons-is-layout-flex\">\n<div class=\"wp-block-button has-custom-width wp-block-button__width-100 is-style-outline is-style-outline--1\"><a class=\"wp-block-button__link wp-element-button\" href=\"https:\/\/www.clemi.fr\/fr\/evenements\/concours\/mediatiks.html\" target=\"_blank\" rel=\"noreferrer noopener\">Plus d&rsquo;informations<\/a><\/div>\n<\/div>\n<\/div>\n<\/div>\n\n\n\n<hr class=\"wp-block-separator has-alpha-channel-opacity\"\/>\n\n\n\n<div class=\"wp-block-columns is-layout-flex wp-container-core-columns-is-layout-2 wp-block-columns-is-layout-flex\">\n<div class=\"wp-block-column is-layout-flow wp-block-column-is-layout-flow\" style=\"flex-basis:33.33%\"><div class=\"wp-block-image\">\n<figure class=\"aligncenter size-full\"><img loading=\"lazy\" decoding=\"async\" width=\"257\" height=\"196\" src=\"https:\/\/sites.ac-nancy-metz.fr\/clemi\/wp-content\/uploads\/zero-cliche.png\" alt=\"\" class=\"wp-image-4079\"\/><\/figure><\/div><\/div>\n\n\n\n<div class=\"wp-block-column is-layout-flow wp-block-column-is-layout-flow\" style=\"flex-basis:66.66%\">\n<p>De la maternelle au lyc\u00e9e, le concours permet de concevoir avec vos \u00e9l\u00e8ves des productions m\u00e9diatiques (articles, blogs, \u00e9missions t\u00e9l\u00e9 ou radio, podcasts, reportages, etc.) pour analyser les st\u00e9r\u00e9otypes de genre dans la vie quotidienne.<\/p>\n\n\n\n<div class=\"wp-block-buttons is-layout-flex wp-block-buttons-is-layout-flex\">\n<div class=\"wp-block-button has-custom-width wp-block-button__width-100 is-style-outline is-style-outline--2\"><a class=\"wp-block-button__link wp-element-button\" href=\"https:\/\/www.clemi.fr\/fr\/zero-cliche.html\" target=\"_blank\" rel=\"noreferrer noopener\">Plus d&rsquo;informations<\/a><\/div>\n<\/div>\n<\/div>\n<\/div>\n\n\n\n<hr class=\"wp-block-separator has-alpha-channel-opacity\"\/>\n\n\n\n<div class=\"wp-block-columns is-layout-flex wp-container-core-columns-is-layout-3 wp-block-columns-is-layout-flex\">\n<div class=\"wp-block-column is-layout-flow wp-block-column-is-layout-flow\" style=\"flex-basis:33.33%\"><div class=\"wp-block-image\">\n<figure class=\"aligncenter size-full\"><img loading=\"lazy\" decoding=\"async\" width=\"300\" height=\"168\" src=\"https:\/\/sites.ac-nancy-metz.fr\/clemi\/wp-content\/uploads\/europorter.png\" alt=\"\" class=\"wp-image-4076\"\/><\/figure><\/div><\/div>\n\n\n\n<div class=\"wp-block-column is-layout-flow wp-block-column-is-layout-flow\" style=\"flex-basis:66.66%\">\n<p>Avec le concours Europorters, les \u00e9l\u00e8ves de coll\u00e8ges et lyc\u00e9es sont invit\u00e9s \u00e0 s&rsquo;informer et enqu\u00eater sur une action europ\u00e9enne qui les touche directement. Avec leurs enseignants, ils pr\u00e9senteront les r\u00e9sultats de leurs investigations journalistiques sous la forme d&rsquo;un reportage \u00e9crit, radio, photo ou vid\u00e9o. Les \u00e9l\u00e8ves de primaire sont invit\u00e9s \u00e0 r\u00e9aliser une infographie (une image informative) pour Le Journal des Enfants ou \u00e9crire un article illustr\u00e9 de photos pour le magazine Kids-Matin.<\/p>\n\n\n\n<div class=\"wp-block-buttons is-layout-flex wp-block-buttons-is-layout-flex\">\n<div class=\"wp-block-button has-custom-width wp-block-button__width-100 is-style-outline is-style-outline--3\"><a class=\"wp-block-button__link wp-element-button\" href=\"https:\/\/www.clemi.fr\/fr\/evenements\/operations-speciales\/europorters-le-concours-de-reportages-des-jeunes-citoyens-europeens.html\">Plus d&rsquo;informations<\/a><\/div>\n<\/div>\n<\/div>\n<\/div>\n\n\n\n<hr class=\"wp-block-separator has-alpha-channel-opacity\"\/>\n\n\n\n<div class=\"wp-block-columns is-layout-flex wp-container-core-columns-is-layout-4 wp-block-columns-is-layout-flex\">\n<div class=\"wp-block-column is-layout-flow wp-block-column-is-layout-flow\" style=\"flex-basis:33.33%\"><div class=\"wp-block-image\">\n<figure class=\"aligncenter size-full\"><img loading=\"lazy\" decoding=\"async\" width=\"308\" height=\"164\" src=\"https:\/\/sites.ac-nancy-metz.fr\/clemi\/wp-content\/uploads\/renvoye-special.jpg\" alt=\"\" class=\"wp-image-4078\" srcset=\"https:\/\/sites.ac-nancy-metz.fr\/clemi\/wp-content\/uploads\/renvoye-special.jpg 308w, https:\/\/sites.ac-nancy-metz.fr\/clemi\/wp-content\/uploads\/renvoye-special-300x160.jpg 300w\" sizes=\"auto, (max-width: 308px) 100vw, 308px\" \/><\/figure><\/div><\/div>\n\n\n\n<div class=\"wp-block-column is-layout-flow wp-block-column-is-layout-flow\" style=\"flex-basis:66.66%\">\n<p>L\u2019objectif de l\u2019op\u00e9ration Renvoy\u00e9 sp\u00e9cial est de sensibiliser les lyc\u00e9ens \u00e0 la libert\u00e9 d\u2019expression et au pluralisme dans les m\u00e9dias par la rencontre avec un\/e journaliste r\u00e9fugi\u00e9\/e politique en France. Ces rencontres sont organis\u00e9es chaque ann\u00e9e, entre novembre et juin, par la Maison des Journalistes et le CLEMI.<\/p>\n\n\n\n<div class=\"wp-block-buttons is-layout-flex wp-block-buttons-is-layout-flex\">\n<div class=\"wp-block-button has-custom-width wp-block-button__width-100 is-style-outline is-style-outline--4\"><a class=\"wp-block-button__link wp-element-button\" href=\"https:\/\/www.clemi.fr\/fr\/evenements\/operations-speciales\/renvoye-special.html\" target=\"_blank\" rel=\"noreferrer noopener\">Plus d&rsquo;informations<\/a><\/div>\n<\/div>\n<\/div>\n<\/div>\n\n\n\n<hr class=\"wp-block-separator has-alpha-channel-opacity\"\/>\n","protected":false},"excerpt":{"rendered":"<p>Les \u00e9quipes du CLEMI organisent dans leurs acad\u00e9mies un concours ouvert \u00e0 tous les m\u00e9dias scolaires : journaux imprim\u00e9s ou en ligne, mais aussi aux radios\/podcasts,&#8230;<\/p>\n","protected":false},"author":1,"featured_media":0,"parent":0,"menu_order":0,"comment_status":"closed","ping_status":"closed","template":"","meta":{"footnotes":""},"class_list":["post-3929","page","type-page","status-publish","hentry"],"_links":{"self":[{"href":"https:\/\/sites.ac-nancy-metz.fr\/clemi\/wp-json\/wp\/v2\/pages\/3929","targetHints":{"allow":["GET"]}}],"collection":[{"href":"https:\/\/sites.ac-nancy-metz.fr\/clemi\/wp-json\/wp\/v2\/pages"}],"about":[{"href":"https:\/\/sites.ac-nancy-metz.fr\/clemi\/wp-json\/wp\/v2\/types\/page"}],"author":[{"embeddable":true,"href":"https:\/\/sites.ac-nancy-metz.fr\/clemi\/wp-json\/wp\/v2\/users\/1"}],"replies":[{"embeddable":true,"href":"https:\/\/sites.ac-nancy-metz.fr\/clemi\/wp-json\/wp\/v2\/comments?post=3929"}],"version-history":[{"count":6,"href":"https:\/\/sites.ac-nancy-metz.fr\/clemi\/wp-json\/wp\/v2\/pages\/3929\/revisions"}],"predecessor-version":[{"id":4165,"href":"https:\/\/sites.ac-nancy-metz.fr\/clemi\/wp-json\/wp\/v2\/pages\/3929\/revisions\/4165"}],"wp:attachment":[{"href":"https:\/\/sites.ac-nancy-metz.fr\/clemi\/wp-json\/wp\/v2\/media?parent=3929"}],"curies":[{"name":"wp","href":"https:\/\/api.w.org\/{rel}","templated":true}]}}