{"id":3931,"date":"2024-04-17T09:53:56","date_gmt":"2024-04-17T08:53:56","guid":{"rendered":"https:\/\/sites.ac-nancy-metz.fr\/clemi\/?page_id=3931"},"modified":"2026-04-08T10:04:59","modified_gmt":"2026-04-08T09:04:59","slug":"la-carte-des-medias-scolaires","status":"publish","type":"page","link":"https:\/\/sites.ac-nancy-metz.fr\/clemi\/la-carte-des-medias-scolaires\/","title":{"rendered":"La carte des m\u00e9dias scolaires"},"content":{"rendered":"\n<p><strong>La carte des m\u00e9dias scolaires est un outil, pour valoriser l\u2019engagement des \u00e9tablissements, mais aussi pour encourager les classes \u00e0 travailler en r\u00e9seau.<\/strong><\/p>\n\n\n\n<div class=\"wp-block-buttons is-layout-flex wp-block-buttons-is-layout-flex\">\n<div class=\"wp-block-button has-custom-width wp-block-button__width-100\"><a class=\"wp-block-button__link wp-element-button\">T\u00e9l\u00e9chargez la carte des m\u00e9dias scolaires<\/a><\/div>\n<\/div>\n\n\n\n<div style=\"height:37px\" aria-hidden=\"true\" class=\"wp-block-spacer\"><\/div>\n\n\n<a href=\"https:\/\/sites.ac-nancy-metz.fr\/clemi\/wp-content\/uploads\/Carte-2026.pdf\" class=\"pdfemb-viewer\" style=\"\" data-width=\"max\" data-height=\"max\" data-toolbar=\"bottom\" data-toolbar-fixed=\"off\">Carte-2026<\/a>","protected":false},"excerpt":{"rendered":"<p>La carte des m\u00e9dias scolaires est un outil, pour valoriser l\u2019engagement des \u00e9tablissements, mais aussi pour encourager les classes \u00e0 travailler en r\u00e9seau.<\/p>\n","protected":false},"author":1,"featured_media":0,"parent":0,"menu_order":0,"comment_status":"closed","ping_status":"closed","template":"","meta":{"footnotes":""},"class_list":["post-3931","page","type-page","status-publish","hentry"],"_links":{"self":[{"href":"https:\/\/sites.ac-nancy-metz.fr\/clemi\/wp-json\/wp\/v2\/pages\/3931","targetHints":{"allow":["GET"]}}],"collection":[{"href":"https:\/\/sites.ac-nancy-metz.fr\/clemi\/wp-json\/wp\/v2\/pages"}],"about":[{"href":"https:\/\/sites.ac-nancy-metz.fr\/clemi\/wp-json\/wp\/v2\/types\/page"}],"author":[{"embeddable":true,"href":"https:\/\/sites.ac-nancy-metz.fr\/clemi\/wp-json\/wp\/v2\/users\/1"}],"replies":[{"embeddable":true,"href":"https:\/\/sites.ac-nancy-metz.fr\/clemi\/wp-json\/wp\/v2\/comments?post=3931"}],"version-history":[{"count":8,"href":"https:\/\/sites.ac-nancy-metz.fr\/clemi\/wp-json\/wp\/v2\/pages\/3931\/revisions"}],"predecessor-version":[{"id":4579,"href":"https:\/\/sites.ac-nancy-metz.fr\/clemi\/wp-json\/wp\/v2\/pages\/3931\/revisions\/4579"}],"wp:attachment":[{"href":"https:\/\/sites.ac-nancy-metz.fr\/clemi\/wp-json\/wp\/v2\/media?parent=3931"}],"curies":[{"name":"wp","href":"https:\/\/api.w.org\/{rel}","templated":true}]}}