{"id":3933,"date":"2024-04-17T09:54:10","date_gmt":"2024-04-17T08:54:10","guid":{"rendered":"https:\/\/sites.ac-nancy-metz.fr\/clemi\/?page_id=3933"},"modified":"2025-06-17T08:58:47","modified_gmt":"2025-06-17T07:58:47","slug":"ma-boite-a-outils-webradio","status":"publish","type":"page","link":"https:\/\/sites.ac-nancy-metz.fr\/clemi\/ma-boite-a-outils-webradio\/","title":{"rendered":"Ma bo\u00eete \u00e0 outils \u00ab\u00a0webradio\u00a0\u00bb"},"content":{"rendered":"\n<p><\/p>\n\n\n\n<p class=\"has-text-align-center has-pale-cyan-blue-background-color has-background\"><strong>Ressources en ligne<\/strong><\/p>\n\n\n\n<p><strong>Vademecum \u00ab&nbsp;Cr\u00e9er une webradio scolaire&nbsp;\u00bb<\/strong><br>Con\u00e7u par le CLEMI, ce guide vise \u00e0 accompagner le d\u00e9ploiement des webradios scolaires : du cadrage des actions \u00e0 la mise en \u0153uvre concr\u00e8te en classe et en \u00e9tablissement. Il est compl\u00e9t\u00e9 par des ressources en ligne \u00e9ditorialis\u00e9es sur le site du CLEMI.<br><a href=\"https:\/\/www.clemi.fr\/fr\/medias-scolaires\/creer-une-webradio.html\">https:\/\/www.clemi.fr\/fr\/medias-scolaires\/creer-une-webradio.html<\/a><\/p>\n\n\n\n<p><strong>Radio Tuto<\/strong><br>Le CLEMI de l\u2019acad\u00e9mie de Bordeaux vous propose ci-dessous le programme audio Radio Tuto : une s\u00e9rie de capsules audio de trois \u00e0 six minutes chacune, pour faire le tour des incontournables de la radio en milieu scolaire.<br><a href=\"https:\/\/blogpeda.ac-bordeaux.fr\/clemibordeaux\/category\/radio-tuto\/\">https:\/\/blogpeda.ac-bordeaux.fr\/clemibordeaux\/category\/radio-tuto\/<\/a><\/p>\n\n\n\n<p><strong>Pod\u2019Classe<\/strong><br>La radio Mouv\u2019, en association avec le CLEMI, propose 7 \u00e9pisodes de moins de 2 minutes chacun, consacr\u00e9s \u00e0 l\u2019interview, la chronique, l\u2019animation, la voix, le reportage, la post-production et le micro-trottoir.<br><a href=\"https:\/\/www.youtube.com\/watch?v=taspcPVhMkg&amp;list=PLs4n2zZ8S1esFI3b0bjyHMNq3Sjmr3lvr&amp;index=6\">https:\/\/www.youtube.com\/watch?v=taspcPVhMkg&amp;list=PLs4n2zZ8S1esFI3b0bjyHMNq3Sjmr3lvr&amp;index=6<\/a><\/p>\n\n\n\n<p><strong>Se pr\u00e9parer \u00e0 l\u2019oral par la pratique m\u00e9diatique<\/strong><br>La pratique radiophonique permet particuli\u00e8rement de se confronter au passage de l\u2019\u00e9crit \u00e0 l\u2019oral (oralisation) et \u00e0 la n\u00e9cessaire mise en voix des textes \u00e9crits pour davantage de fluidit\u00e9 dans le propos au moment de l\u2019enregistrement ou du direct. La prise de conscience des caract\u00e9ristiques du langage non verbal, la n\u00e9cessaire gestion de l&rsquo;espace et de sa propre gestuelle sont inh\u00e9rentes \u00e0 la pratique m\u00e9diatique. Ce dossier propose 18 fiches p\u00e9dagogiques, r\u00e9parties en 3 th\u00e9matiques.<br><a href=\"https:\/\/www.ac-bordeaux.fr\/se-preparer-a-l-oral-par-la-pratique-mediatique-college-lycee-lp-121656\">https:\/\/www.ac-bordeaux.fr\/se-preparer-a-l-oral-par-la-pratique-mediatique-college-lycee-lp-121656<\/a><\/p>\n\n\n\n<p class=\"has-text-align-center has-pale-cyan-blue-background-color has-background\"><strong>Outils num\u00e9riques<\/strong><\/p>\n\n\n\n<p><strong>Le conducteur<\/strong><\/p>\n\n\n\n<p>Le conducteur est l&rsquo;outil invisible, mais indispensable, \u00e0 la r\u00e9ussite de votre podcast ! Il contient toutes les indications n\u00e9cessaires pour que l&rsquo;\u00e9mission soit enregistr\u00e9e en une seule prise : qui parle ? A quel moment diffuser le jingle, le g\u00e9n\u00e9rique, ou votre micro-trottoir ? Le conducteur est votre guide et permet de coordonner le travail du technicien et des animateurs. Nous vous proposons une trame modifiable la plus simplifi\u00e9e possible. <\/p>\n\n\n\n<div class=\"wp-block-file\"><a id=\"wp-block-file--media-a7bcf005-a526-4ef2-9c67-9bbf667cca5d\" href=\"https:\/\/sites.ac-nancy-metz.fr\/clemi\/wp-content\/uploads\/conducteurvierge.docx\">conducteurvierge<\/a><a href=\"https:\/\/sites.ac-nancy-metz.fr\/clemi\/wp-content\/uploads\/conducteurvierge.docx\" class=\"wp-block-file__button wp-element-button\" download aria-describedby=\"wp-block-file--media-a7bcf005-a526-4ef2-9c67-9bbf667cca5d\">T\u00e9l\u00e9charger<\/a><\/div>\n\n\n\n<p>Vous pouvez aussi d\u00e9couvrir le conducteur de notre podcast \u00ab\u00a0Les Ondes Scolaires\u00a0\u00bb, ainsi que <a href=\"https:\/\/audioblog.arteradio.com\/blog\/194074\/podcast\/212678\/les-ondes-scolaires-5-au-festival-international-de-geographie\" data-type=\"link\" data-id=\"https:\/\/audioblog.arteradio.com\/blog\/194074\/podcast\/212678\/les-ondes-scolaires-5-au-festival-international-de-geographie\">l&rsquo;\u00e9mission <\/a>qu&rsquo;il a permis d&rsquo;enregistrer.<\/p>\n\n\n\n<div data-wp-interactive=\"core\/file\" class=\"wp-block-file\"><object data-wp-bind--hidden=\"!state.hasPdfPreview\" hidden class=\"wp-block-file__embed\" data=\"https:\/\/sites.ac-nancy-metz.fr\/clemi\/wp-content\/uploads\/conducteurFIG23.pdf\" type=\"application\/pdf\" style=\"width:100%;height:600px\" aria-label=\"Contenu embarqu\u00e9 conducteurFIG23.\"><\/object><a id=\"wp-block-file--media-172499d7-eade-4e27-a51a-5d271cd92064\" href=\"https:\/\/sites.ac-nancy-metz.fr\/clemi\/wp-content\/uploads\/conducteurFIG23.pdf\">conducteurFIG23<\/a><a href=\"https:\/\/sites.ac-nancy-metz.fr\/clemi\/wp-content\/uploads\/conducteurFIG23.pdf\" class=\"wp-block-file__button wp-element-button\" download aria-describedby=\"wp-block-file--media-172499d7-eade-4e27-a51a-5d271cd92064\">T\u00e9l\u00e9charger<\/a><\/div>\n\n\n\n<p class=\"has-text-align-center has-pale-cyan-blue-background-color has-background\"><strong>Installer et prendre en main son studio de podcast<\/strong><\/p>\n\n\n\n<p>Le IAN (Interlocuteur Acad\u00e9mique au Num\u00e9rique) EMI de l\u2019acad\u00e9mie de Clermont-Ferrand a r\u00e9alis\u00e9 un tutoriel de prise en main du studio de webradio Rodecaster. Vous y d\u00e9couvrirez les fonctions les plus utiles.<\/p>\n\n\n\n<figure class=\"wp-block-embed is-type-video is-provider-youtube wp-block-embed-youtube wp-embed-aspect-16-9 wp-has-aspect-ratio\"><div class=\"wp-block-embed__wrapper\">\n<iframe loading=\"lazy\" title=\"TUTORIEL DE PRISE EN MAIN WEBRADIO RODECASTER\" width=\"800\" height=\"450\" src=\"https:\/\/www.youtube.com\/embed\/jwFSPfteLHY?feature=oembed\" frameborder=\"0\" allow=\"accelerometer; autoplay; clipboard-write; encrypted-media; gyroscope; picture-in-picture; web-share\" referrerpolicy=\"strict-origin-when-cross-origin\" allowfullscreen><\/iframe>\n<\/div><\/figure>\n\n\n\n<p><strong>Prendre en main le logiciel de montage Audacity<\/strong><\/p>\n\n\n\n<p>Le logiciel Audacity permet de cr\u00e9er votre habillage sonore et de monter vos \u00e9missions. Il est distribu\u00e9 sous licence libre. R\u00e9seau Canop\u00e9 propose une s\u00e9rie de courts tutoriels pour d\u00e9vouvrir ses principales fonctionnalit\u00e9s.<\/p>\n\n\n\n<figure class=\"wp-block-embed is-type-video is-provider-youtube wp-block-embed-youtube wp-embed-aspect-16-9 wp-has-aspect-ratio\"><div class=\"wp-block-embed__wrapper\">\n<iframe loading=\"lazy\" title=\"Cr\u00e9er un montage audio avec Audacity 1\/3\" width=\"800\" height=\"450\" src=\"https:\/\/www.youtube.com\/embed\/3v5gJRBQRww?feature=oembed\" frameborder=\"0\" allow=\"accelerometer; autoplay; clipboard-write; encrypted-media; gyroscope; picture-in-picture; web-share\" referrerpolicy=\"strict-origin-when-cross-origin\" allowfullscreen><\/iframe>\n<\/div><\/figure>\n\n\n\n<div style=\"height:100px\" aria-hidden=\"true\" class=\"wp-block-spacer\"><\/div>\n\n\n\n<p><\/p>\n","protected":false},"excerpt":{"rendered":"<p>Ressources en ligne Vademecum \u00ab&nbsp;Cr\u00e9er une webradio scolaire&nbsp;\u00bbCon\u00e7u par le CLEMI, ce guide vise \u00e0 accompagner le d\u00e9ploiement des webradios scolaires : du cadrage des actions&#8230;<\/p>\n","protected":false},"author":1,"featured_media":0,"parent":0,"menu_order":0,"comment_status":"closed","ping_status":"closed","template":"","meta":{"footnotes":""},"class_list":["post-3933","page","type-page","status-publish","hentry"],"_links":{"self":[{"href":"https:\/\/sites.ac-nancy-metz.fr\/clemi\/wp-json\/wp\/v2\/pages\/3933","targetHints":{"allow":["GET"]}}],"collection":[{"href":"https:\/\/sites.ac-nancy-metz.fr\/clemi\/wp-json\/wp\/v2\/pages"}],"about":[{"href":"https:\/\/sites.ac-nancy-metz.fr\/clemi\/wp-json\/wp\/v2\/types\/page"}],"author":[{"embeddable":true,"href":"https:\/\/sites.ac-nancy-metz.fr\/clemi\/wp-json\/wp\/v2\/users\/1"}],"replies":[{"embeddable":true,"href":"https:\/\/sites.ac-nancy-metz.fr\/clemi\/wp-json\/wp\/v2\/comments?post=3933"}],"version-history":[{"count":15,"href":"https:\/\/sites.ac-nancy-metz.fr\/clemi\/wp-json\/wp\/v2\/pages\/3933\/revisions"}],"predecessor-version":[{"id":4340,"href":"https:\/\/sites.ac-nancy-metz.fr\/clemi\/wp-json\/wp\/v2\/pages\/3933\/revisions\/4340"}],"wp:attachment":[{"href":"https:\/\/sites.ac-nancy-metz.fr\/clemi\/wp-json\/wp\/v2\/media?parent=3933"}],"curies":[{"name":"wp","href":"https:\/\/api.w.org\/{rel}","templated":true}]}}