{"id":3939,"date":"2024-04-17T09:58:58","date_gmt":"2024-04-17T08:58:58","guid":{"rendered":"https:\/\/sites.ac-nancy-metz.fr\/clemi\/?page_id=3939"},"modified":"2024-09-24T11:55:25","modified_gmt":"2024-09-24T10:55:25","slug":"habillage-sonore","status":"publish","type":"page","link":"https:\/\/sites.ac-nancy-metz.fr\/clemi\/habillage-sonore\/","title":{"rendered":"Habillage sonore"},"content":{"rendered":"\n<p><strong>L\u2019habillage sonore de votre podcast est un \u00e9l\u00e9ment important pour le rendre attractif. Il contribue \u00e0 l\u2019identit\u00e9 sonore de votre projet. Cependant, la cr\u00e9ation de vos propres g\u00e9n\u00e9riques et\u00a0<em>jingles<\/em>\u00a0ne peut se faire que dans le strict respect du droit d\u2019auteur. Le parcours M@gist\u00e8re \u00ab\u00a0<a href=\"https:\/\/magistere.education.fr\/reseau-canope\/course\/view.php?id=977&amp;section=1\">Introduction \u00e0 la webradio scolaire\u00a0<\/a>\u00bb contient une section sur le cadre l\u00e9gal qui fournit une synth\u00e8se des r\u00e8gles juridiques en vigueur.<\/strong><\/p>\n\n\n\n<p><\/p>\n\n\n\n<p><strong>Utiliser des sons libres de droit<\/strong><\/p>\n\n\n\n<p>Il est imp\u00e9ratif d\u2019utiliser des sons libres de droit pour la cr\u00e9ation de votre habillage sonore. Vous devrez \u00e9galement vous assurer que ces musiques libres sont \u00e9galement gratuites, car il faut parfois acheter une licence pour les utiliser.&nbsp;<\/p>\n\n\n\n<p>Certaines licences, comme les licences \u00ab&nbsp;Creative Commons&nbsp;\u00bb, facilitent la diffusion et l\u2019utilisation d\u2019\u0153uvres en indiquant clairement les crit\u00e8res d\u2019exploitation (attribution de l\u2019auteur, modification, usage commercial ou non\u2026). Voici quelques adresses o\u00f9 vous pourrez s\u00e9lectionner des sons originaux pour votre podcast :<\/p>\n\n\n\n<ul class=\"wp-block-list\">\n<li><a href=\"https:\/\/pixabay.com\/fr\/music\/\">Pixabay Musique<\/a><\/li>\n\n\n\n<li><a href=\"http:\/\/www.auboutdufil.com\">AuBoutDuFil<\/a><\/li>\n<\/ul>\n\n\n\n<p><strong>Attention : veillez \u00e0 bien v\u00e9rifier les conditions d\u2019utilisation des musiques que vous souhaitez utiliser ! <\/strong>Vous pouvez \u00e9galement produire votre propre habillage sonore gr\u00e2ce \u00e0 des logiciels de MAO, tel que Garage Band.<\/p>\n","protected":false},"excerpt":{"rendered":"<p>L\u2019habillage sonore de votre podcast est un \u00e9l\u00e9ment important pour le rendre attractif. Il contribue \u00e0 l\u2019identit\u00e9 sonore de votre projet. Cependant, la cr\u00e9ation de vos&#8230;<\/p>\n","protected":false},"author":1,"featured_media":0,"parent":0,"menu_order":0,"comment_status":"closed","ping_status":"closed","template":"","meta":{"footnotes":""},"class_list":["post-3939","page","type-page","status-publish","hentry"],"_links":{"self":[{"href":"https:\/\/sites.ac-nancy-metz.fr\/clemi\/wp-json\/wp\/v2\/pages\/3939","targetHints":{"allow":["GET"]}}],"collection":[{"href":"https:\/\/sites.ac-nancy-metz.fr\/clemi\/wp-json\/wp\/v2\/pages"}],"about":[{"href":"https:\/\/sites.ac-nancy-metz.fr\/clemi\/wp-json\/wp\/v2\/types\/page"}],"author":[{"embeddable":true,"href":"https:\/\/sites.ac-nancy-metz.fr\/clemi\/wp-json\/wp\/v2\/users\/1"}],"replies":[{"embeddable":true,"href":"https:\/\/sites.ac-nancy-metz.fr\/clemi\/wp-json\/wp\/v2\/comments?post=3939"}],"version-history":[{"count":4,"href":"https:\/\/sites.ac-nancy-metz.fr\/clemi\/wp-json\/wp\/v2\/pages\/3939\/revisions"}],"predecessor-version":[{"id":4154,"href":"https:\/\/sites.ac-nancy-metz.fr\/clemi\/wp-json\/wp\/v2\/pages\/3939\/revisions\/4154"}],"wp:attachment":[{"href":"https:\/\/sites.ac-nancy-metz.fr\/clemi\/wp-json\/wp\/v2\/media?parent=3939"}],"curies":[{"name":"wp","href":"https:\/\/api.w.org\/{rel}","templated":true}]}}