{"id":3941,"date":"2024-04-17T09:59:22","date_gmt":"2024-04-17T08:59:22","guid":{"rendered":"https:\/\/sites.ac-nancy-metz.fr\/clemi\/?page_id=3941"},"modified":"2026-01-08T08:38:49","modified_gmt":"2026-01-08T07:38:49","slug":"notre-lettre-dinformation","status":"publish","type":"page","link":"https:\/\/sites.ac-nancy-metz.fr\/clemi\/notre-lettre-dinformation\/","title":{"rendered":"Notre lettre d&rsquo;information"},"content":{"rendered":"\n<h2 class=\"wp-block-heading\"><\/h2>\n\n\n<a href=\"https:\/\/sites.ac-nancy-metz.fr\/clemi\/wp-content\/uploads\/NL-Janvier-26.pdf\" class=\"pdfemb-viewer\" style=\"\" data-width=\"max\" data-height=\"max\" data-toolbar=\"bottom\" data-toolbar-fixed=\"off\">NL-Janvier-26<\/a>\n\n\n<p><\/p>\n\n\n\n<p><\/p>\n\n\n\n<h2 class=\"wp-block-heading\">Nos pr\u00e9c\u00e9dentes lettres d&rsquo;information<\/h2>\n\n\n\n<div class=\"wp-block-columns is-layout-flex wp-container-core-columns-is-layout-1 wp-block-columns-is-layout-flex\">\n<div class=\"wp-block-column is-layout-flow wp-block-column-is-layout-flow\"><\/div>\n\n\n\n<div class=\"wp-block-column is-layout-flow wp-block-column-is-layout-flow\"><\/div>\n\n\n\n<div class=\"wp-block-column is-layout-flow wp-block-column-is-layout-flow\"><\/div>\n\n\n\n<div class=\"wp-block-column is-layout-flow wp-block-column-is-layout-flow\">\n<p class=\"has-text-align-center has-white-color has-luminous-vivid-amber-background-color has-text-color has-background has-link-color wp-elements-c75f8819f24b0bf0047f9df100dbe464\"><a href=\"https:\/\/sites.ac-nancy-metz.fr\/clemi\/wp-content\/uploads\/NL-Janvier-26.pdf\">T\u00e9l\u00e9charger la lettre n\u00b02<\/a>2<\/p>\n<\/div>\n\n\n\n<div class=\"wp-block-column is-layout-flow wp-block-column-is-layout-flow\">\n<p class=\"has-text-align-center has-white-color has-text-color has-background has-link-color wp-elements-6ba244938590a254b19aee29dabb3110\" style=\"background-color:#d620699e\"><a href=\"https:\/\/sites.ac-nancy-metz.fr\/clemi\/wp-content\/uploads\/NL-Nov-25-.pdf\">T\u00e9l\u00e9charger la lettre n\u00b021<\/a><\/p>\n<\/div>\n<\/div>\n\n\n\n<div class=\"wp-block-columns is-layout-flex wp-container-core-columns-is-layout-2 wp-block-columns-is-layout-flex\">\n<div class=\"wp-block-column has-white-color has-text-color has-link-color wp-elements-9b7931c4f5cc5b7316ebf7d76744e2ed is-layout-flow wp-block-column-is-layout-flow\">\n<p class=\"has-text-align-center has-cyan-bluish-gray-background-color has-background\"><a href=\"https:\/\/sites.ac-nancy-metz.fr\/clemi\/wp-content\/uploads\/Carte-2025-version-A11.pdf\">T\u00e9l\u00e9charger la lettre n\u00b0 20<\/a><\/p>\n<\/div>\n\n\n\n<div class=\"wp-block-column has-white-color has-text-color has-link-color wp-elements-8d094f9bfc950afcf34a128b8fc7be9f is-layout-flow wp-block-column-is-layout-flow\">\n<p class=\"has-text-align-center has-cyan-bluish-gray-background-color has-background\"><a href=\"https:\/\/sites.ac-nancy-metz.fr\/clemi\/wp-content\/uploads\/NL-Janv-25-2.pdf\">T\u00e9l\u00e9charger la lettre n\u00b019<\/a><\/p>\n<\/div>\n\n\n\n<div class=\"wp-block-column is-layout-flow wp-block-column-is-layout-flow\">\n<p class=\"has-text-align-center has-white-color has-cyan-bluish-gray-background-color has-text-color has-background has-link-color wp-elements-2a2918f7530c09420e96f29a5dc6541f\"><a href=\"https:\/\/sites.ac-nancy-metz.fr\/clemi\/wp-content\/uploads\/NL-18.pdf\" data-type=\"link\" data-id=\"https:\/\/sites.ac-nancy-metz.fr\/clemi\/wp-content\/uploads\/NL-18.pdf\">T\u00e9l\u00e9charger la lettre n\u00b018<\/a><\/p>\n<\/div>\n\n\n\n<div class=\"wp-block-column is-layout-flow wp-block-column-is-layout-flow\">\n<p class=\"has-text-align-center has-white-color has-text-color has-background has-link-color wp-elements-956e44cb5759fd1c8ce81f75187ac111\" style=\"background-color:#d62168\"><a href=\"https:\/\/sites.ac-nancy-metz.fr\/clemi\/wp-content\/uploads\/NL-page-1-2.pdf\" data-type=\"attachment\" data-id=\"4044\">T\u00e9l\u00e9charger la lettre n\u00b017<\/a><\/p>\n<\/div>\n\n\n\n<div class=\"wp-block-column is-layout-flow wp-block-column-is-layout-flow\">\n<p class=\"has-text-align-center has-white-color has-text-color has-background has-link-color wp-elements-a236f5678dca6b4b18ee9e3ce476f63a\" style=\"background-color:#d620699e\"><a href=\"https:\/\/sites.ac-nancy-metz.fr\/clemi\/wp-content\/uploads\/NL-Juin-24-2.pdf\" data-type=\"attachment\" data-id=\"4097\">T\u00e9l\u00e9charger la lettre n\u00b016<\/a><\/p>\n<\/div>\n<\/div>\n\n\n\n<div class=\"wp-block-columns is-layout-flex wp-container-core-columns-is-layout-3 wp-block-columns-is-layout-flex\">\n<div class=\"wp-block-column is-layout-flow wp-block-column-is-layout-flow\">\n<p class=\"has-text-align-center has-white-color has-text-color has-background has-link-color wp-elements-5938aec94b9da2843d11267a1e616a97\" style=\"background-color:#d6206957\"><a href=\"https:\/\/sites.ac-nancy-metz.fr\/clemi\/wp-content\/uploads\/NL-Mai-24-.pdf\" data-type=\"attachment\" data-id=\"4098\">T\u00e9l\u00e9charger la lettre n\u00b015<\/a><\/p>\n<\/div>\n\n\n\n<div class=\"wp-block-column is-layout-flow wp-block-column-is-layout-flow\">\n<p class=\"has-text-align-center has-white-color has-text-color has-background has-link-color wp-elements-4aa7b987284c138c111d316a784b34ef\" style=\"background-color:#1f2346\"><a href=\"https:\/\/sites.ac-nancy-metz.fr\/clemi\/wp-content\/uploads\/Carte-des-medias-scolaires-A4.pdf\" data-type=\"attachment\" data-id=\"4103\">T\u00e9l\u00e9charger la lettre n\u00b014<\/a><\/p>\n<\/div>\n\n\n\n<div class=\"wp-block-column is-layout-flow wp-block-column-is-layout-flow\">\n<p class=\"has-text-align-center has-white-color has-text-color has-background has-link-color wp-elements-ff8518ff748080f5ff3a32ec3c0491e4\" style=\"background-color:#1e2245b8\"><a href=\"https:\/\/sites.ac-nancy-metz.fr\/clemi\/wp-content\/uploads\/NL-Fevrier-24.pdf\" data-type=\"attachment\" data-id=\"4101\">T\u00e9l\u00e9charger la lettre n\u00b013<\/a><\/p>\n<\/div>\n\n\n\n<div class=\"wp-block-column is-layout-flow wp-block-column-is-layout-flow\">\n<p class=\"has-text-align-center has-white-color has-text-color has-background has-link-color wp-elements-020bda5067eb76053064648db676d449\" style=\"background-color:#1e224566\"><a href=\"https:\/\/sites.ac-nancy-metz.fr\/clemi\/wp-content\/uploads\/NL-Janvier-24-.pdf\" data-type=\"attachment\" data-id=\"4107\">T\u00e9l\u00e9charger la lettre n\u00b012<\/a><\/p>\n<\/div>\n\n\n\n<div class=\"wp-block-column is-layout-flow wp-block-column-is-layout-flow\">\n<p class=\"has-text-align-center has-white-color has-text-color has-background has-link-color wp-elements-67e591a83c139e29fbe50ccbf19a057c\" style=\"background-color:#e9a749\"><a href=\"https:\/\/sites.ac-nancy-metz.fr\/clemi\/wp-content\/uploads\/NL-Novembre-2023.pdf\" data-type=\"attachment\" data-id=\"4105\">T\u00e9l\u00e9charger la lettre n\u00b011<\/a><\/p>\n<\/div>\n<\/div>\n\n\n\n<div class=\"wp-block-columns is-layout-flex wp-container-core-columns-is-layout-4 wp-block-columns-is-layout-flex\">\n<div class=\"wp-block-column is-layout-flow wp-block-column-is-layout-flow\">\n<p class=\"has-text-align-center has-white-color has-text-color has-background has-link-color wp-elements-edc77e5a866dbf990d4a9751bd153392\" style=\"background-color:#e8a54899\"><a href=\"https:\/\/sites.ac-nancy-metz.fr\/clemi\/wp-content\/uploads\/NL-Oct-23.pdf\" data-type=\"attachment\" data-id=\"4109\">T\u00e9l\u00e9charger la lettre n\u00b010<\/a><\/p>\n<\/div>\n\n\n\n<div class=\"wp-block-column is-layout-flow wp-block-column-is-layout-flow\">\n<p class=\"has-text-align-center has-white-color has-text-color has-background has-link-color wp-elements-4f9f212453049861a2f6f0433b403452\" style=\"background-color:#e8a5487d\"><a href=\"https:\/\/sites.ac-nancy-metz.fr\/clemi\/wp-content\/uploads\/NL-septembre-23.pdf\" data-type=\"attachment\" data-id=\"4110\">T\u00e9l\u00e9charger la lettre n\u00b09<\/a><\/p>\n<\/div>\n\n\n\n<div class=\"wp-block-column is-layout-flow wp-block-column-is-layout-flow\">\n<p class=\"has-text-align-center has-white-color has-text-color has-background has-link-color wp-elements-0270dbf8982153931882ad91d8454193\" style=\"background-color:#d62168\"><a href=\"https:\/\/sites.ac-nancy-metz.fr\/clemi\/wp-content\/uploads\/NL-Mai-Juin-23.pdf\" data-type=\"attachment\" data-id=\"4112\">T\u00e9l\u00e9charger la lettre n\u00b08<\/a><\/p>\n<\/div>\n\n\n\n<div class=\"wp-block-column is-layout-flow wp-block-column-is-layout-flow\">\n<p class=\"has-text-align-center has-white-color has-pale-pink-background-color has-text-color has-background has-link-color wp-elements-abf244511a467d2c7090442b14513f8f\"><a href=\"https:\/\/sites.ac-nancy-metz.fr\/clemi\/wp-content\/uploads\/NL-Avril-PDF.pdf\" data-type=\"attachment\" data-id=\"4114\">T\u00e9l\u00e9charger la lettre n\u00b07<\/a><\/p>\n<\/div>\n\n\n\n<div class=\"wp-block-column is-layout-flow wp-block-column-is-layout-flow\">\n<p class=\"has-text-align-center has-white-color has-text-color has-background has-link-color wp-elements-f446757ffab0363546d8114f8b45e2b7\" style=\"background-color:#d6206957\"><a href=\"https:\/\/sites.ac-nancy-metz.fr\/clemi\/wp-content\/uploads\/NL-FevMar.pdf\" data-type=\"attachment\" data-id=\"4119\">T\u00e9l\u00e9charger la lettre n\u00b06<\/a><\/p>\n<\/div>\n<\/div>\n\n\n\n<div class=\"wp-block-columns is-layout-flex wp-container-core-columns-is-layout-5 wp-block-columns-is-layout-flex\">\n<div class=\"wp-block-column is-layout-flow wp-block-column-is-layout-flow\">\n<p class=\"has-text-align-center has-white-color has-text-color has-background has-link-color wp-elements-bfd6b398eef95e57c2e4497db46c6747\" style=\"background-color:#1f2346\"><a href=\"https:\/\/sites.ac-nancy-metz.fr\/clemi\/wp-content\/uploads\/CLEMI-janvier23.pdf\" data-type=\"attachment\" data-id=\"4118\">T\u00e9l\u00e9charger la lettre n\u00b05<\/a><\/p>\n<\/div>\n\n\n\n<div class=\"wp-block-column is-layout-flow wp-block-column-is-layout-flow\">\n<p class=\"has-text-align-center has-white-color has-text-color has-background has-link-color wp-elements-4960c8c717fe0dd5bf1087e3b839ce01\" style=\"background-color:#1e2245b8\"><a href=\"https:\/\/sites.ac-nancy-metz.fr\/clemi\/wp-content\/uploads\/NL-Decembre-22.pdf\" data-type=\"attachment\" data-id=\"4121\">T\u00e9l\u00e9charger la lettre n\u00b04<\/a><\/p>\n<\/div>\n\n\n\n<div class=\"wp-block-column is-layout-flow wp-block-column-is-layout-flow\">\n<p class=\"has-text-align-center has-white-color has-text-color has-background has-link-color wp-elements-0d8eb058b37cf92da4a5812b5bd708f9\" style=\"background-color:#1e224566\"><a href=\"https:\/\/sites.ac-nancy-metz.fr\/clemi\/wp-content\/uploads\/NL-Novembre-22.pdf\" data-type=\"attachment\" data-id=\"4125\">T\u00e9l\u00e9charger la lettre n\u00b03<\/a><\/p>\n<\/div>\n\n\n\n<div class=\"wp-block-column is-layout-flow wp-block-column-is-layout-flow\">\n<p class=\"has-text-align-center has-white-color has-text-color has-background has-link-color wp-elements-ae3ae65f237c79529ccc8fd9b45bdc2b\" style=\"background-color:#e9a749\"><a href=\"https:\/\/sites.ac-nancy-metz.fr\/clemi\/wp-content\/uploads\/Newsletter-Octobre-22-2.pdf\" data-type=\"attachment\" data-id=\"4123\">T\u00e9l\u00e9charger la lettre n\u00b02<\/a><\/p>\n<\/div>\n\n\n\n<div class=\"wp-block-column is-layout-flow wp-block-column-is-layout-flow\">\n<p class=\"has-text-align-center has-white-color has-text-color has-background has-link-color wp-elements-912e178ae38a39c1bfc2cdece927f12f\" style=\"background-color:#e8a54899\"><a href=\"https:\/\/sites.ac-nancy-metz.fr\/clemi\/wp-admin\/post.php?post=4124&amp;action=edit\">T\u00e9l\u00e9charger la lettre n\u00b01<\/a><\/p>\n<\/div>\n<\/div>\n\n\n\n<hr class=\"wp-block-separator has-alpha-channel-opacity\"\/>\n\n\n\n<div class=\"wp-block-media-text is-stacked-on-mobile\"><figure class=\"wp-block-media-text__media\"><\/figure><div class=\"wp-block-media-text__content\">\n<p><\/p>\n<\/div><\/div>\n","protected":false},"excerpt":{"rendered":"<p>Nos pr\u00e9c\u00e9dentes lettres d&rsquo;information T\u00e9l\u00e9charger la lettre n\u00b022 T\u00e9l\u00e9charger la lettre n\u00b021 T\u00e9l\u00e9charger la lettre n\u00b0 20 T\u00e9l\u00e9charger la lettre n\u00b019 T\u00e9l\u00e9charger la lettre n\u00b018 T\u00e9l\u00e9charger&#8230;<\/p>\n","protected":false},"author":1,"featured_media":0,"parent":0,"menu_order":0,"comment_status":"closed","ping_status":"closed","template":"","meta":{"footnotes":""},"class_list":["post-3941","page","type-page","status-publish","hentry"],"_links":{"self":[{"href":"https:\/\/sites.ac-nancy-metz.fr\/clemi\/wp-json\/wp\/v2\/pages\/3941","targetHints":{"allow":["GET"]}}],"collection":[{"href":"https:\/\/sites.ac-nancy-metz.fr\/clemi\/wp-json\/wp\/v2\/pages"}],"about":[{"href":"https:\/\/sites.ac-nancy-metz.fr\/clemi\/wp-json\/wp\/v2\/types\/page"}],"author":[{"embeddable":true,"href":"https:\/\/sites.ac-nancy-metz.fr\/clemi\/wp-json\/wp\/v2\/users\/1"}],"replies":[{"embeddable":true,"href":"https:\/\/sites.ac-nancy-metz.fr\/clemi\/wp-json\/wp\/v2\/comments?post=3941"}],"version-history":[{"count":39,"href":"https:\/\/sites.ac-nancy-metz.fr\/clemi\/wp-json\/wp\/v2\/pages\/3941\/revisions"}],"predecessor-version":[{"id":4544,"href":"https:\/\/sites.ac-nancy-metz.fr\/clemi\/wp-json\/wp\/v2\/pages\/3941\/revisions\/4544"}],"wp:attachment":[{"href":"https:\/\/sites.ac-nancy-metz.fr\/clemi\/wp-json\/wp\/v2\/media?parent=3941"}],"curies":[{"name":"wp","href":"https:\/\/api.w.org\/{rel}","templated":true}]}}