{"id":3943,"date":"2024-04-17T09:59:47","date_gmt":"2024-04-17T08:59:47","guid":{"rendered":"https:\/\/sites.ac-nancy-metz.fr\/clemi\/?page_id=3943"},"modified":"2025-07-08T09:10:04","modified_gmt":"2025-07-08T08:10:04","slug":"les-ondes-scolaires-le-podcast-de-lacademie-de-nancy-metz","status":"publish","type":"page","link":"https:\/\/sites.ac-nancy-metz.fr\/clemi\/les-ondes-scolaires-le-podcast-de-lacademie-de-nancy-metz\/","title":{"rendered":"Les Ondes Scolaires, le podcast de l&rsquo;acad\u00e9mie de Nancy-Metz"},"content":{"rendered":"\n<figure class=\"wp-block-image alignfull size-large\"><img loading=\"lazy\" decoding=\"async\" width=\"1024\" height=\"421\" src=\"https:\/\/sites.ac-nancy-metz.fr\/clemi\/wp-content\/uploads\/GGTYK_5WIAAB5Wu-1-1024x421.jpg\" alt=\"\" class=\"wp-image-4266\" srcset=\"https:\/\/sites.ac-nancy-metz.fr\/clemi\/wp-content\/uploads\/GGTYK_5WIAAB5Wu-1-1024x421.jpg 1024w, https:\/\/sites.ac-nancy-metz.fr\/clemi\/wp-content\/uploads\/GGTYK_5WIAAB5Wu-1-300x123.jpg 300w, https:\/\/sites.ac-nancy-metz.fr\/clemi\/wp-content\/uploads\/GGTYK_5WIAAB5Wu-1-768x315.jpg 768w, https:\/\/sites.ac-nancy-metz.fr\/clemi\/wp-content\/uploads\/GGTYK_5WIAAB5Wu-1-1536x631.jpg 1536w, https:\/\/sites.ac-nancy-metz.fr\/clemi\/wp-content\/uploads\/GGTYK_5WIAAB5Wu-1-2048x841.jpg 2048w\" sizes=\"auto, (max-width: 1024px) 100vw, 1024px\" \/><\/figure>\n\n\n\n<p><strong>L&rsquo;acad\u00e9mie produit et diffuse son propre podcast ! Intitul\u00e9e \u00ab&nbsp;Les Ondes Scolaires&nbsp;\u00bb, elle vous propose r\u00e9guli\u00e8rement des podcasts th\u00e9matiques, avec les \u00e9l\u00e8ves et par les \u00e9l\u00e8ves, pour vous donner un aper\u00e7u des \u00e9v\u00e9nements et des projets, dans les coulisses de l&rsquo;acad\u00e9mie de Nancy-Metz !<\/strong><\/p>\n\n\n\n<p>Pour accueillir le podcast dans votre \u00e9tablissement, rendez-vous sur ADAGE. L&rsquo;appel \u00e0 projets \u00ab\u00a0Les Ondes Scolaires\u00a0\u00bb vous donne l&rsquo;opportunit\u00e9 de pr\u00e9senter votre projet, avec la possibilit\u00e9 de b\u00e9n\u00e9ficier de formations en classe, et de r\u00e9aliser un enregistrement, en public, et dans les conditions du direct, dans votre \u00e9tablissement.<\/p>\n\n\n\n<div class=\"wp-block-buttons is-layout-flex wp-block-buttons-is-layout-flex\">\n<div class=\"wp-block-button has-custom-width wp-block-button__width-100 is-style-outline is-style-outline--1\"><a class=\"wp-block-button__link wp-element-button\" href=\"https:\/\/www.ac-nancy-metz.fr\/la-webradio-de-l-academie-de-nancy-metz-124483\" target=\"_blank\" rel=\"noreferrer noopener\">Toutes nos \u00e9missions sur le site de l&rsquo;acad\u00e9mie<\/a><\/div>\n<\/div>\n\n\n\n<hr class=\"wp-block-separator has-alpha-channel-opacity\"\/>\n\n\n\n<iframe width=\"100%\" src=\"https:\/\/audioblog.arteradio.com\/embed\/257073\" style=\"margin: 0; padding: 0; border: none;\"><\/iframe>\n\n\n\n<iframe width=\"100%\" src=\"https:\/\/audioblog.arteradio.com\/embed\/252817\" style=\"margin: 0; padding: 0; border: none;\"><\/iframe>\n\n\n\n<iframe width=\"100%\" src=\"https:\/\/audioblog.arteradio.com\/embed\/250669\" style=\"margin: 0; padding: 0; border: none;\"><\/iframe>\n\n\n\n<iframe width=\"100%\" src=\"https:\/\/audioblog.arteradio.com\/embed\/247469\" style=\"margin: 0; padding: 0; border: none;\"><\/iframe>\n\n\n\n<iframe width=\"100%\" src=\"https:\/\/audioblog.arteradio.com\/embed\/243544\" style=\"margin: 0; padding: 0; border: none;\"><\/iframe>\n\n\n\n<iframe width=\"100%\" src=\"https:\/\/audioblog.arteradio.com\/embed\/231390\" style=\"margin: 0; padding: 0; border: none;\"><\/iframe>\n\n\n\n<iframe width=\"100%\" src=\"https:\/\/audioblog.arteradio.com\/embed\/221787\" style=\"margin: 0; padding: 0; border: none;\"><\/iframe>\n\n\n\n<iframe width=\"100%\" src=\"https:\/\/audioblog.arteradio.com\/embed\/217525\" style=\"margin: 0; padding: 0; border: none;\"><\/iframe>\n\n\n\n<iframe width=\"100%\" src=\"https:\/\/audioblog.arteradio.com\/embed\/212678\" style=\"margin: 0; padding: 0; border: none;\"><\/iframe>\n\n\n\n<iframe width=\"100%\" src=\"https:\/\/audioblog.arteradio.com\/embed\/201793\/\" style=\"margin: 0; padding: 0; border: none;\"><\/iframe>\n\n\n\n<iframe width=\"100%\" src=\"https:\/\/audioblog.arteradio.com\/embed\/197710\" style=\"margin: 0; padding: 0; border: none;\"><\/iframe>\n\n\n\n<iframe width=\"100%\" src=\"https:\/\/audioblog.arteradio.com\/embed\/195252\" style=\"margin: 0; padding: 0; border: none;\"><\/iframe>\n\n\n\n<iframe width=\"100%\" src=\"https:\/\/audioblog.arteradio.com\/embed\/194075\" style=\"margin: 0; padding: 0; border: none;\"><\/iframe>\n\n\n\n<p class=\"has-text-align-center has-white-color has-cyan-bluish-gray-background-color has-text-color has-background has-link-color has-medium-font-size wp-elements-c4df9d95dcab6ff3848a14d9350c8b60\">Nous \u00e9crire : <a href=\"mailto:clemi@ac-nancy-metz.fr\">clemi@ac-nancy-metz.fr<\/a><\/p>\n","protected":false},"excerpt":{"rendered":"<p>L&rsquo;acad\u00e9mie produit et diffuse son propre podcast ! Intitul\u00e9e \u00ab&nbsp;Les Ondes Scolaires&nbsp;\u00bb, elle vous propose r\u00e9guli\u00e8rement des podcasts th\u00e9matiques, avec les \u00e9l\u00e8ves et par les \u00e9l\u00e8ves,&#8230;<\/p>\n","protected":false},"author":1,"featured_media":0,"parent":0,"menu_order":0,"comment_status":"closed","ping_status":"closed","template":"","meta":{"footnotes":""},"class_list":["post-3943","page","type-page","status-publish","hentry"],"_links":{"self":[{"href":"https:\/\/sites.ac-nancy-metz.fr\/clemi\/wp-json\/wp\/v2\/pages\/3943","targetHints":{"allow":["GET"]}}],"collection":[{"href":"https:\/\/sites.ac-nancy-metz.fr\/clemi\/wp-json\/wp\/v2\/pages"}],"about":[{"href":"https:\/\/sites.ac-nancy-metz.fr\/clemi\/wp-json\/wp\/v2\/types\/page"}],"author":[{"embeddable":true,"href":"https:\/\/sites.ac-nancy-metz.fr\/clemi\/wp-json\/wp\/v2\/users\/1"}],"replies":[{"embeddable":true,"href":"https:\/\/sites.ac-nancy-metz.fr\/clemi\/wp-json\/wp\/v2\/comments?post=3943"}],"version-history":[{"count":12,"href":"https:\/\/sites.ac-nancy-metz.fr\/clemi\/wp-json\/wp\/v2\/pages\/3943\/revisions"}],"predecessor-version":[{"id":4343,"href":"https:\/\/sites.ac-nancy-metz.fr\/clemi\/wp-json\/wp\/v2\/pages\/3943\/revisions\/4343"}],"wp:attachment":[{"href":"https:\/\/sites.ac-nancy-metz.fr\/clemi\/wp-json\/wp\/v2\/media?parent=3943"}],"curies":[{"name":"wp","href":"https:\/\/api.w.org\/{rel}","templated":true}]}}