{"id":3945,"date":"2024-04-17T10:00:04","date_gmt":"2024-04-17T09:00:04","guid":{"rendered":"https:\/\/sites.ac-nancy-metz.fr\/clemi\/?page_id=3945"},"modified":"2024-09-24T12:27:14","modified_gmt":"2024-09-24T11:27:14","slug":"suivez-nous-sur-les-reseaux-sociaux","status":"publish","type":"page","link":"https:\/\/sites.ac-nancy-metz.fr\/clemi\/suivez-nous-sur-les-reseaux-sociaux\/","title":{"rendered":"Suivez-nous sur les r\u00e9seaux sociaux"},"content":{"rendered":"\n<p><strong>Suivez l&rsquo;actualit\u00e9 de l&rsquo;EMI \u00e0 travers nos r\u00e9seaux sociaux, pour d\u00e9couvrir la diversit\u00e9 de actions en EMI dans l&rsquo;acad\u00e9mie de Nancy-Metz<\/strong><br>.<\/p>\n\n\n\n<figure class=\"wp-block-embed is-type-rich is-provider-twitter wp-block-embed-twitter\"><div class=\"wp-block-embed__wrapper\">\n<a class=\"twitter-timeline\" data-width=\"800\" data-height=\"1000\" data-dnt=\"true\" href=\"https:\/\/twitter.com\/Clemi_Lorraine?ref_src=twsrc%5Etfw\">Tweets by Clemi_Lorraine<\/a><script async src=\"https:\/\/platform.twitter.com\/widgets.js\" charset=\"utf-8\"><\/script>\n<\/div><\/figure>\n","protected":false},"excerpt":{"rendered":"<p>Suivez l&rsquo;actualit\u00e9 de l&rsquo;EMI \u00e0 travers nos r\u00e9seaux sociaux, pour d\u00e9couvrir la diversit\u00e9 de actions en EMI dans l&rsquo;acad\u00e9mie de Nancy-Metz.<\/p>\n","protected":false},"author":1,"featured_media":0,"parent":0,"menu_order":0,"comment_status":"closed","ping_status":"closed","template":"","meta":{"footnotes":""},"class_list":["post-3945","page","type-page","status-publish","hentry"],"_links":{"self":[{"href":"https:\/\/sites.ac-nancy-metz.fr\/clemi\/wp-json\/wp\/v2\/pages\/3945","targetHints":{"allow":["GET"]}}],"collection":[{"href":"https:\/\/sites.ac-nancy-metz.fr\/clemi\/wp-json\/wp\/v2\/pages"}],"about":[{"href":"https:\/\/sites.ac-nancy-metz.fr\/clemi\/wp-json\/wp\/v2\/types\/page"}],"author":[{"embeddable":true,"href":"https:\/\/sites.ac-nancy-metz.fr\/clemi\/wp-json\/wp\/v2\/users\/1"}],"replies":[{"embeddable":true,"href":"https:\/\/sites.ac-nancy-metz.fr\/clemi\/wp-json\/wp\/v2\/comments?post=3945"}],"version-history":[{"count":3,"href":"https:\/\/sites.ac-nancy-metz.fr\/clemi\/wp-json\/wp\/v2\/pages\/3945\/revisions"}],"predecessor-version":[{"id":4216,"href":"https:\/\/sites.ac-nancy-metz.fr\/clemi\/wp-json\/wp\/v2\/pages\/3945\/revisions\/4216"}],"wp:attachment":[{"href":"https:\/\/sites.ac-nancy-metz.fr\/clemi\/wp-json\/wp\/v2\/media?parent=3945"}],"curies":[{"name":"wp","href":"https:\/\/api.w.org\/{rel}","templated":true}]}}