{"id":3947,"date":"2024-04-17T10:00:16","date_gmt":"2024-04-17T09:00:16","guid":{"rendered":"https:\/\/sites.ac-nancy-metz.fr\/clemi\/?page_id=3947"},"modified":"2024-09-24T14:40:31","modified_gmt":"2024-09-24T13:40:31","slug":"nous-contacter","status":"publish","type":"page","link":"https:\/\/sites.ac-nancy-metz.fr\/clemi\/nous-contacter\/","title":{"rendered":"Nous contacter"},"content":{"rendered":"\n<p><strong>Le CLEMI de l&rsquo;acad\u00e9mie de Nancy-Metz est au service de l&rsquo;ensemble de la communaut\u00e9 \u00e9ducative. Pour toute question relative \u00e0 l&rsquo;EMI dans votre \u00e9tablissement ou dans votre parcours professionnel, notre \u00e9quipe est \u00e0 votre \u00e9coute.<\/strong> <strong>Nous r\u00e9pondrons du mieux possible \u00e0 vos besoins !<\/strong><\/p>\n\n\n\n<p>Par courrier \u00e9lectronique : <a href=\"mailto:clemi@ac-nancy-metz.fr\">clemi@ac-nancy-metz.fr<\/a><\/p>\n\n\n\n<p>Par t\u00e9l\u00e9phone : 03 83 86 24 78 \/ 06 22 52 10 55<\/p>\n\n\n\n<p>Au Rectorat de Nancy-Metz : 9, rue des Brice &#8211; Rond-point Marguerite &#8211; 54035 Nancy Cedex<\/p>\n\n\n\n<figure class=\"wp-block-image\"><img decoding=\"async\" src=\"blob:https:\/\/sites.ac-nancy-metz.fr\/92e9e232-7efc-44ff-b288-71eceb76e04b\" alt=\"\"\/><\/figure>\n\n\n\n<p><\/p>\n\n\n\n<p><\/p>\n","protected":false},"excerpt":{"rendered":"<p>Le CLEMI de l&rsquo;acad\u00e9mie de Nancy-Metz est au service de l&rsquo;ensemble de la communaut\u00e9 \u00e9ducative. Pour toute question relative \u00e0 l&rsquo;EMI dans votre \u00e9tablissement ou dans&#8230;<\/p>\n","protected":false},"author":1,"featured_media":0,"parent":0,"menu_order":0,"comment_status":"closed","ping_status":"closed","template":"","meta":{"footnotes":""},"class_list":["post-3947","page","type-page","status-publish","hentry"],"_links":{"self":[{"href":"https:\/\/sites.ac-nancy-metz.fr\/clemi\/wp-json\/wp\/v2\/pages\/3947","targetHints":{"allow":["GET"]}}],"collection":[{"href":"https:\/\/sites.ac-nancy-metz.fr\/clemi\/wp-json\/wp\/v2\/pages"}],"about":[{"href":"https:\/\/sites.ac-nancy-metz.fr\/clemi\/wp-json\/wp\/v2\/types\/page"}],"author":[{"embeddable":true,"href":"https:\/\/sites.ac-nancy-metz.fr\/clemi\/wp-json\/wp\/v2\/users\/1"}],"replies":[{"embeddable":true,"href":"https:\/\/sites.ac-nancy-metz.fr\/clemi\/wp-json\/wp\/v2\/comments?post=3947"}],"version-history":[{"count":9,"href":"https:\/\/sites.ac-nancy-metz.fr\/clemi\/wp-json\/wp\/v2\/pages\/3947\/revisions"}],"predecessor-version":[{"id":4244,"href":"https:\/\/sites.ac-nancy-metz.fr\/clemi\/wp-json\/wp\/v2\/pages\/3947\/revisions\/4244"}],"wp:attachment":[{"href":"https:\/\/sites.ac-nancy-metz.fr\/clemi\/wp-json\/wp\/v2\/media?parent=3947"}],"curies":[{"name":"wp","href":"https:\/\/api.w.org\/{rel}","templated":true}]}}