{"id":3951,"date":"2024-04-17T10:04:29","date_gmt":"2024-04-17T09:04:29","guid":{"rendered":"https:\/\/sites.ac-nancy-metz.fr\/clemi\/?page_id=3951"},"modified":"2024-09-24T12:10:59","modified_gmt":"2024-09-24T11:10:59","slug":"les-offres-emi","status":"publish","type":"page","link":"https:\/\/sites.ac-nancy-metz.fr\/clemi\/les-offres-emi\/","title":{"rendered":"Les offres EMI du Pass Culture"},"content":{"rendered":"\n<p><strong>Compl\u00e9mentaire de la part individuelle, la part collective du Pass Culture permet aux professeurs de financer des activit\u00e9s d\u2019\u00e9ducation artistique et culturelle pour leurs classes, dont des interventions de professionnels de l\u2019information. C\u2019est sur l\u2019interface Adage que les professeurs peuvent r\u00e9server leur activit\u00e9.<\/strong><\/p>\n\n\n\n<p>De multiples m\u00e9dias r\u00e9gionaux et professionnels de l\u2019information ont d\u00e9pos\u00e9 des offres dans notre acad\u00e9mie. Vous pouvez les retrouver sur Adage (<strong>rubrique pass Culture &gt; Offres pass Culture<\/strong>). Une recherche par mot-cl\u00e9 peut faciliter votre d\u00e9marche. <\/p>\n\n\n\n<p>Voici une liste non exhaustive (de nouveaux m\u00e9dias peuvent \u00eatre ajout\u00e9s \u00e0 tout moment de l\u2019ann\u00e9e) des m\u00e9dias r\u00e9gionaux proposant des offres&nbsp;: L\u2019Est R\u00e9publicain, le R\u00e9publicain Lorrain, Vosges Matin, radio Fajet, radio Declic, radio Cristal, radio Gu\u00e9 Mozot, Radio Cristal, Cocktail FM.<\/p>\n\n\n\n<figure class=\"wp-block-image\"><img loading=\"lazy\" decoding=\"async\" width=\"348\" height=\"145\" src=\"https:\/\/sites.ac-nancy-metz.fr\/clemi\/wp-content\/uploads\/PassCulture.png\" alt=\"\" class=\"wp-image-4056\" srcset=\"https:\/\/sites.ac-nancy-metz.fr\/clemi\/wp-content\/uploads\/PassCulture.png 348w, https:\/\/sites.ac-nancy-metz.fr\/clemi\/wp-content\/uploads\/PassCulture-300x125.png 300w\" sizes=\"auto, (max-width: 348px) 100vw, 348px\" \/><\/figure>\n\n\n\n<figure class=\"wp-block-image size-full is-resized\"><img loading=\"lazy\" decoding=\"async\" width=\"726\" height=\"300\" src=\"https:\/\/sites.ac-nancy-metz.fr\/clemi\/wp-content\/uploads\/logo-adage-v5x3.jpg\" alt=\"\" class=\"wp-image-4191\" style=\"width:324px;height:auto\" srcset=\"https:\/\/sites.ac-nancy-metz.fr\/clemi\/wp-content\/uploads\/logo-adage-v5x3.jpg 726w, https:\/\/sites.ac-nancy-metz.fr\/clemi\/wp-content\/uploads\/logo-adage-v5x3-300x124.jpg 300w\" sizes=\"auto, (max-width: 726px) 100vw, 726px\" \/><\/figure>\n\n\n\n\n","protected":false},"excerpt":{"rendered":"<p>Compl\u00e9mentaire de la part individuelle, la part collective du Pass Culture permet aux professeurs de financer des activit\u00e9s d\u2019\u00e9ducation artistique et culturelle pour leurs classes, dont&#8230;<\/p>\n","protected":false},"author":1,"featured_media":0,"parent":0,"menu_order":0,"comment_status":"closed","ping_status":"closed","template":"","meta":{"footnotes":""},"class_list":["post-3951","page","type-page","status-publish","hentry"],"_links":{"self":[{"href":"https:\/\/sites.ac-nancy-metz.fr\/clemi\/wp-json\/wp\/v2\/pages\/3951","targetHints":{"allow":["GET"]}}],"collection":[{"href":"https:\/\/sites.ac-nancy-metz.fr\/clemi\/wp-json\/wp\/v2\/pages"}],"about":[{"href":"https:\/\/sites.ac-nancy-metz.fr\/clemi\/wp-json\/wp\/v2\/types\/page"}],"author":[{"embeddable":true,"href":"https:\/\/sites.ac-nancy-metz.fr\/clemi\/wp-json\/wp\/v2\/users\/1"}],"replies":[{"embeddable":true,"href":"https:\/\/sites.ac-nancy-metz.fr\/clemi\/wp-json\/wp\/v2\/comments?post=3951"}],"version-history":[{"count":10,"href":"https:\/\/sites.ac-nancy-metz.fr\/clemi\/wp-json\/wp\/v2\/pages\/3951\/revisions"}],"predecessor-version":[{"id":4192,"href":"https:\/\/sites.ac-nancy-metz.fr\/clemi\/wp-json\/wp\/v2\/pages\/3951\/revisions\/4192"}],"wp:attachment":[{"href":"https:\/\/sites.ac-nancy-metz.fr\/clemi\/wp-json\/wp\/v2\/media?parent=3951"}],"curies":[{"name":"wp","href":"https:\/\/api.w.org\/{rel}","templated":true}]}}