{"id":3960,"date":"2024-04-17T10:06:57","date_gmt":"2024-04-17T09:06:57","guid":{"rendered":"https:\/\/sites.ac-nancy-metz.fr\/clemi\/?page_id=3960"},"modified":"2024-09-24T11:57:41","modified_gmt":"2024-09-24T10:57:41","slug":"modeles-dautorisation-denregistrement-image-voix","status":"publish","type":"page","link":"https:\/\/sites.ac-nancy-metz.fr\/clemi\/modeles-dautorisation-denregistrement-image-voix\/","title":{"rendered":"Mod\u00e8les d&rsquo;autorisation d&rsquo;enregistrement image \/ voix"},"content":{"rendered":"\n<p><strong>Tout comme l&rsquo;image d&rsquo;une personne, la voix est une donn\u00e9e \u00e0 caract\u00e8re personnel. Toute utilisation de la voix d&rsquo;un \u00e9l\u00e8ve suppose, d\u00e8s sa captation, que les autorisations ont \u00e9t\u00e9 sign\u00e9es par les repr\u00e9sentants l\u00e9gaux de l&rsquo;enfant. Avant toute prise de vue ou enregistrement vid\u00e9o ou de la voix et surtout avant toute publication, d\u00e8s lors qu\u2019une personne est identifiable (par sa voix \u00e9galement), il est indispensable de demander son consentement \u00e9crit au sujet photographi\u00e9 ou enregistr\u00e9.<\/strong><\/p>\n\n\n\n<p>Le site Eduscol met \u00e0 disposition des enseignants un ensemble de<a href=\"https:\/\/eduscol.education.fr\/398\/protection-des-donnees-personnelles-et-assistance#summary-item-1\" data-type=\"link\" data-id=\"https:\/\/eduscol.education.fr\/398\/protection-des-donnees-personnelles-et-assistance#summary-item-1\"> documents t\u00e9l\u00e9chargeables <\/a>pour obtenir les autorisations de droit \u00e0 l\u2019image pour des personnes mineures ou majeures.<\/p>\n\n\n\n<figure class=\"wp-block-image size-large is-resized\"><a href=\"https:\/\/eduscol.education.fr\/398\/protection-des-donnees-personnelles-et-assistance#summary-item-1\"><img loading=\"lazy\" decoding=\"async\" width=\"1024\" height=\"1024\" src=\"https:\/\/sites.ac-nancy-metz.fr\/clemi\/wp-content\/uploads\/GX0Z5ucXYAAaA7v-1024x1024.jpg\" alt=\"\" class=\"wp-image-4156\" style=\"width:611px;height:auto\" srcset=\"https:\/\/sites.ac-nancy-metz.fr\/clemi\/wp-content\/uploads\/GX0Z5ucXYAAaA7v-1024x1024.jpg 1024w, https:\/\/sites.ac-nancy-metz.fr\/clemi\/wp-content\/uploads\/GX0Z5ucXYAAaA7v-300x300.jpg 300w, https:\/\/sites.ac-nancy-metz.fr\/clemi\/wp-content\/uploads\/GX0Z5ucXYAAaA7v-150x150.jpg 150w, https:\/\/sites.ac-nancy-metz.fr\/clemi\/wp-content\/uploads\/GX0Z5ucXYAAaA7v-768x768.jpg 768w, https:\/\/sites.ac-nancy-metz.fr\/clemi\/wp-content\/uploads\/GX0Z5ucXYAAaA7v.jpg 1125w\" sizes=\"auto, (max-width: 1024px) 100vw, 1024px\" \/><\/a><\/figure>\n","protected":false},"excerpt":{"rendered":"<p>Tout comme l&rsquo;image d&rsquo;une personne, la voix est une donn\u00e9e \u00e0 caract\u00e8re personnel. Toute utilisation de la voix d&rsquo;un \u00e9l\u00e8ve suppose, d\u00e8s sa captation, que les&#8230;<\/p>\n","protected":false},"author":1,"featured_media":0,"parent":0,"menu_order":0,"comment_status":"closed","ping_status":"closed","template":"","meta":{"footnotes":""},"class_list":["post-3960","page","type-page","status-publish","hentry"],"_links":{"self":[{"href":"https:\/\/sites.ac-nancy-metz.fr\/clemi\/wp-json\/wp\/v2\/pages\/3960","targetHints":{"allow":["GET"]}}],"collection":[{"href":"https:\/\/sites.ac-nancy-metz.fr\/clemi\/wp-json\/wp\/v2\/pages"}],"about":[{"href":"https:\/\/sites.ac-nancy-metz.fr\/clemi\/wp-json\/wp\/v2\/types\/page"}],"author":[{"embeddable":true,"href":"https:\/\/sites.ac-nancy-metz.fr\/clemi\/wp-json\/wp\/v2\/users\/1"}],"replies":[{"embeddable":true,"href":"https:\/\/sites.ac-nancy-metz.fr\/clemi\/wp-json\/wp\/v2\/comments?post=3960"}],"version-history":[{"count":6,"href":"https:\/\/sites.ac-nancy-metz.fr\/clemi\/wp-json\/wp\/v2\/pages\/3960\/revisions"}],"predecessor-version":[{"id":4160,"href":"https:\/\/sites.ac-nancy-metz.fr\/clemi\/wp-json\/wp\/v2\/pages\/3960\/revisions\/4160"}],"wp:attachment":[{"href":"https:\/\/sites.ac-nancy-metz.fr\/clemi\/wp-json\/wp\/v2\/media?parent=3960"}],"curies":[{"name":"wp","href":"https:\/\/api.w.org\/{rel}","templated":true}]}}