{"id":4082,"date":"2024-09-18T17:12:43","date_gmt":"2024-09-18T16:12:43","guid":{"rendered":"https:\/\/sites.ac-nancy-metz.fr\/clemi\/?page_id=4082"},"modified":"2024-09-24T12:19:44","modified_gmt":"2024-09-24T11:19:44","slug":"sequiper","status":"publish","type":"page","link":"https:\/\/sites.ac-nancy-metz.fr\/clemi\/sequiper\/","title":{"rendered":"S&rsquo;\u00e9quiper"},"content":{"rendered":"\n<p><strong>Vous souhaitez vous doter d&rsquo;un nouveau studio ? Mettre \u00e0 jour un \u00e9quipement existant ? Ou simplement vous doter en outils de captation sonore ?<\/strong><\/p>\n\n\n\n<p>Contactez-nous afin de b\u00e9n\u00e9ficier de nos conseils pour choisir, en fonction de vos besoins p\u00e9dagogiques, la configuration la plus adapt\u00e9e \u00e0 votre projet.<\/p>\n\n\n\n<p>clemi@ac-nancy-metz.fr<\/p>\n\n\n\n<figure class=\"wp-block-image size-large is-resized\"><img loading=\"lazy\" decoding=\"async\" width=\"1024\" height=\"683\" src=\"https:\/\/sites.ac-nancy-metz.fr\/clemi\/wp-content\/uploads\/FsUU2M0X0AMiF1H-1024x683.jpg\" alt=\"\" class=\"wp-image-4201\" style=\"width:480px;height:auto\" srcset=\"https:\/\/sites.ac-nancy-metz.fr\/clemi\/wp-content\/uploads\/FsUU2M0X0AMiF1H-1024x683.jpg 1024w, https:\/\/sites.ac-nancy-metz.fr\/clemi\/wp-content\/uploads\/FsUU2M0X0AMiF1H-300x200.jpg 300w, https:\/\/sites.ac-nancy-metz.fr\/clemi\/wp-content\/uploads\/FsUU2M0X0AMiF1H-768x512.jpg 768w, https:\/\/sites.ac-nancy-metz.fr\/clemi\/wp-content\/uploads\/FsUU2M0X0AMiF1H-1536x1025.jpg 1536w, https:\/\/sites.ac-nancy-metz.fr\/clemi\/wp-content\/uploads\/FsUU2M0X0AMiF1H.jpg 2048w\" sizes=\"auto, (max-width: 1024px) 100vw, 1024px\" \/><\/figure>\n","protected":false},"excerpt":{"rendered":"<p>Vous souhaitez vous doter d&rsquo;un nouveau studio ? Mettre \u00e0 jour un \u00e9quipement existant ? Ou simplement vous doter en outils de captation sonore ? Contactez-nous&#8230;<\/p>\n","protected":false},"author":1,"featured_media":0,"parent":0,"menu_order":0,"comment_status":"closed","ping_status":"closed","template":"","meta":{"footnotes":""},"class_list":["post-4082","page","type-page","status-publish","hentry"],"_links":{"self":[{"href":"https:\/\/sites.ac-nancy-metz.fr\/clemi\/wp-json\/wp\/v2\/pages\/4082","targetHints":{"allow":["GET"]}}],"collection":[{"href":"https:\/\/sites.ac-nancy-metz.fr\/clemi\/wp-json\/wp\/v2\/pages"}],"about":[{"href":"https:\/\/sites.ac-nancy-metz.fr\/clemi\/wp-json\/wp\/v2\/types\/page"}],"author":[{"embeddable":true,"href":"https:\/\/sites.ac-nancy-metz.fr\/clemi\/wp-json\/wp\/v2\/users\/1"}],"replies":[{"embeddable":true,"href":"https:\/\/sites.ac-nancy-metz.fr\/clemi\/wp-json\/wp\/v2\/comments?post=4082"}],"version-history":[{"count":4,"href":"https:\/\/sites.ac-nancy-metz.fr\/clemi\/wp-json\/wp\/v2\/pages\/4082\/revisions"}],"predecessor-version":[{"id":4202,"href":"https:\/\/sites.ac-nancy-metz.fr\/clemi\/wp-json\/wp\/v2\/pages\/4082\/revisions\/4202"}],"wp:attachment":[{"href":"https:\/\/sites.ac-nancy-metz.fr\/clemi\/wp-json\/wp\/v2\/media?parent=4082"}],"curies":[{"name":"wp","href":"https:\/\/api.w.org\/{rel}","templated":true}]}}