{"id":4337,"date":"2025-06-17T08:56:14","date_gmt":"2025-06-17T07:56:14","guid":{"rendered":"https:\/\/sites.ac-nancy-metz.fr\/clemi\/?page_id=4337"},"modified":"2025-06-17T08:56:14","modified_gmt":"2025-06-17T07:56:14","slug":"jeu-de-role-webradio","status":"publish","type":"page","link":"https:\/\/sites.ac-nancy-metz.fr\/clemi\/jeu-de-role-webradio\/","title":{"rendered":"Jeu de r\u00f4le \u00ab\u00a0Webradio\u00a0\u00bb"},"content":{"rendered":"\n<p class=\"has-text-align-center has-pale-cyan-blue-background-color has-background\"><strong>Jeu de r\u00f4le \u00ab&nbsp;Webradio&nbsp;\u00bb &#8211; Licence CC BY-NC-SA \u2013 Ludovic GAVIGNET, formateur EMI &amp; CLEMI<\/strong><\/p>\n\n\n\n<p>Tous les sons sont sous licence Creative Commons &#8211; Source : CCmixter (sauf micro-trottoirs)<\/p>\n\n\n\n<p><strong>G\u00e9n\u00e9rique :<br><\/strong>Personnalis\u00e9 \u00e0 partir de \u00ab\u00a0NuSkool Girlz\u00a0\u00bb de Quantum Theory (CC BY-NC)<\/p>\n\n\n\n<p><strong>Jingle Actu :<br><\/strong>Personnalis\u00e9 \u00e0 partir de \u00ab\u00a0Control\u00a0\u00bb de Reiswerk (CC BY-NC)<\/p>\n\n\n\n<p><strong>Virgule 1 :<br><\/strong>Personnalis\u00e9e \u00e0 partir de \u00ab\u00a0It&rsquo;s called a forest\u00a0\u00bb de Texas Radio Fish (CC BY-NC)<\/p>\n\n\n\n<p><strong>Micro-trottoirs : <\/strong>\u00ab\u00a0S&rsquo;Cool Radio Vittel\u00a0\u00bb<\/p>\n\n\n\n<p><strong>Virgule 2 :<\/strong><br>Personnalis\u00e9e \u00e0 partir de \u00ab\u00a0Are you ready\u00a0\u00bb de Texas Radio Fish (CC BY-NC)<\/p>\n\n\n\n<p>Merci de respecter l&rsquo;auteur en respectant la licence de partage gratuit Creative Commons : <strong>Jeu de r\u00f4le \u00ab&nbsp;Webradio&nbsp;\u00bb &#8211; Licence CC BY-NC-SA \u2013 Ludovic GAVIGNET, formateur EMI &amp; CLEMI<\/strong><\/p>\n\n\n\n<div class=\"wp-block-buttons is-layout-flex wp-block-buttons-is-layout-flex\">\n<div class=\"wp-block-button has-custom-width wp-block-button__width-50 is-style-outline is-style-outline--1\"><a class=\"wp-block-button__link wp-element-button\" href=\"https:\/\/sites.ac-nancy-metz.fr\/clemi\/wp-content\/uploads\/JEUDEROLE-Aimprimer.odt\">T\u00e9l\u00e9charger le conducteur d\u00e9taill\u00e9 de l&rsquo;\u00e9mission (format ODT)<\/a><\/div>\n\n\n\n<div class=\"wp-block-button has-custom-width wp-block-button__width-50 is-style-outline is-style-outline--2\"><a class=\"wp-block-button__link wp-element-button\" href=\"https:\/\/sites.ac-nancy-metz.fr\/clemi\/wp-content\/uploads\/Sonsacartoucher.zip\">T\u00e9l\u00e9chargez les sont \u00e0 cartoucher (archive ZIP)<\/a><\/div>\n<\/div>\n","protected":false},"excerpt":{"rendered":"<p>Jeu de r\u00f4le \u00ab&nbsp;Webradio&nbsp;\u00bb &#8211; Licence CC BY-NC-SA \u2013 Ludovic GAVIGNET, formateur EMI &amp; CLEMI Tous les sons sont sous licence Creative Commons &#8211; Source :&#8230;<\/p>\n","protected":false},"author":1,"featured_media":0,"parent":0,"menu_order":0,"comment_status":"closed","ping_status":"closed","template":"","meta":{"footnotes":""},"class_list":["post-4337","page","type-page","status-publish","hentry"],"_links":{"self":[{"href":"https:\/\/sites.ac-nancy-metz.fr\/clemi\/wp-json\/wp\/v2\/pages\/4337","targetHints":{"allow":["GET"]}}],"collection":[{"href":"https:\/\/sites.ac-nancy-metz.fr\/clemi\/wp-json\/wp\/v2\/pages"}],"about":[{"href":"https:\/\/sites.ac-nancy-metz.fr\/clemi\/wp-json\/wp\/v2\/types\/page"}],"author":[{"embeddable":true,"href":"https:\/\/sites.ac-nancy-metz.fr\/clemi\/wp-json\/wp\/v2\/users\/1"}],"replies":[{"embeddable":true,"href":"https:\/\/sites.ac-nancy-metz.fr\/clemi\/wp-json\/wp\/v2\/comments?post=4337"}],"version-history":[{"count":1,"href":"https:\/\/sites.ac-nancy-metz.fr\/clemi\/wp-json\/wp\/v2\/pages\/4337\/revisions"}],"predecessor-version":[{"id":4338,"href":"https:\/\/sites.ac-nancy-metz.fr\/clemi\/wp-json\/wp\/v2\/pages\/4337\/revisions\/4338"}],"wp:attachment":[{"href":"https:\/\/sites.ac-nancy-metz.fr\/clemi\/wp-json\/wp\/v2\/media?parent=4337"}],"curies":[{"name":"wp","href":"https:\/\/api.w.org\/{rel}","templated":true}]}}