{"id":849,"date":"2021-03-21T18:44:29","date_gmt":"2021-03-21T17:44:29","guid":{"rendered":"https:\/\/sites.ac-nancy-metz.fr\/ctf57\/?page_id=849"},"modified":"2026-01-22T14:56:31","modified_gmt":"2026-01-22T13:56:31","slug":"mentions-legales","status":"publish","type":"page","link":"https:\/\/sites.ac-nancy-metz.fr\/ctf57\/mentions-legales\/","title":{"rendered":"Mentions l\u00e9gales"},"content":{"rendered":"<h2>Mentions l\u00e9gales<\/h2>\n<h3>Informations g\u00e9n\u00e9rales<\/h3>\n<p><strong>Nom du site :<\/strong> Centre Transfrontalier de Formation \u2013 CTF57<br \/>\n<strong>Adresse du site :<\/strong> https:\/\/sites.ac-nancy-metz.fr\/ctf57<\/p>\n<h3>\u00c9diteur du site<\/h3>\n<p>Le pr\u00e9sent site est \u00e9dit\u00e9 par le <strong>Rectorat de l\u2019Acad\u00e9mie de Nancy-Metz<\/strong>, \u00e9tablissement public de l\u2019\u00c9tat relevant du Minist\u00e8re de l\u2019\u00c9ducation nationale.<\/p>\n<p>Rectorat de l\u2019Acad\u00e9mie de Nancy-Metz<br \/>\nDivision du Syst\u00e8me d\u2019Information du Grand Est<br \/>\n9 rue des Brice \u2013 Rond-point Marguerite<br \/>\nCS 30 013<br \/>\n54035 Nancy Cedex<br \/>\nFrance<br \/>\nT\u00e9l. : 03 83 86 20 20<\/p>\n<h3>Directeur de la publication<\/h3>\n<p><strong>Le Recteur de la r\u00e9gion acad\u00e9mique Grand Est<\/strong><br \/>\nRecteur de l\u2019Acad\u00e9mie de Nancy-Metz<br \/>\nChancelier des Universit\u00e9s<\/p>\n<h3>Responsable de la publication<\/h3>\n<p><strong>Madame Karine STUTZMANN<\/strong><br \/>\nInspectrice de l\u2019\u00c9ducation Nationale (IEN)<br \/>\nResponsable de la publication du site \u00ab CTF57 \u00bb<\/p>\n<h3>Webmaster et gestionnaire de la taxonomie<\/h3>\n<p><strong>Madame Olivia Cazeaux<\/strong><br \/>\nWebmaster du site \u00ab CTF57 \u00bb<br \/>\nGestionnaire de la taxonomie et de l\u2019architecture des contenus<\/p>\n<h3>H\u00e9bergement<\/h3>\n<p>Le site est h\u00e9berg\u00e9 par le <strong>Rectorat de l\u2019Acad\u00e9mie de Nancy-Metz<\/strong><br \/>\nDivision du Syst\u00e8me d\u2019Information du Grand Est<br \/>\n9 rue des Brice \u2013 Rond-point Marguerite<br \/>\nCS 30 013 \u2013 54035 Nancy Cedex<\/p>\n<h3>Caract\u00e8re non commercial du site<\/h3>\n<p>Le pr\u00e9sent site est un site institutionnel public \u00e0 caract\u00e8re <strong>strictement non commercial<\/strong>.<br \/>\nIl s\u2019inscrit dans le cadre des missions de service public de l\u2019\u00c9ducation nationale et ne poursuit aucun objectif lucratif ou publicitaire.<\/p>\n<h3>Donn\u00e9es personnelles<\/h3>\n<p>Conform\u00e9ment au R\u00e8glement G\u00e9n\u00e9ral sur la Protection des Donn\u00e9es (RGPD) et \u00e0 la loi \u00ab Informatique et Libert\u00e9s \u00bb, les donn\u00e9es personnelles \u00e9ventuellement collect\u00e9es sur ce site sont trait\u00e9es par les services acad\u00e9miques dans le cadre de leurs missions.<\/p>\n<p>Vous disposez d\u2019un droit d\u2019acc\u00e8s, de rectification, d\u2019effacement, de limitation, d\u2019opposition et de portabilit\u00e9 des donn\u00e9es vous concernant.<\/p>\n<p><strong>D\u00e9l\u00e9gu\u00e9 \u00e0 la protection des donn\u00e9es (DPD) :<\/strong><br \/>\nAdresse \u00e9lectronique : dpd@ac-nancy-metz.fr<br \/>\nRectorat de l\u2019Acad\u00e9mie de Nancy-Metz \u2013 CS 30 013 \u2013 54035 Nancy Cedex<\/p>\n<h3>Cookies<\/h3>\n<p>Le site peut utiliser des cookies \u00e0 des fins de mesure d\u2019audience ou d\u2019am\u00e9lioration de l\u2019exp\u00e9rience utilisateur.<br \/>\nVous pouvez configurer votre navigateur pour accepter ou refuser les cookies.<\/p>\n<h3>Propri\u00e9t\u00e9 intellectuelle<\/h3>\n<p>L\u2019ensemble des contenus pr\u00e9sents sur ce site (textes, images, documents, ressources p\u00e9dagogiques) est prot\u00e9g\u00e9 par le Code de la propri\u00e9t\u00e9 intellectuelle.<br \/>\nToute reproduction ou diffusion sans autorisation pr\u00e9alable est interdite, sauf exceptions pr\u00e9vues par la loi.<\/p>\n<h3>Responsabilit\u00e9 et liens hypertextes<\/h3>\n<p>Les liens hypertextes vers des sites externes sont propos\u00e9s \u00e0 titre informatif.<br \/>\nLe Rectorat de l\u2019Acad\u00e9mie de Nancy-Metz ne saurait \u00eatre tenu responsable du contenu de ces sites tiers.<\/p>\n","protected":false},"excerpt":{"rendered":"<p>Mentions l\u00e9gales Informations g\u00e9n\u00e9rales Nom du site : Centre Transfrontalier de Formation \u2013 CTF57 Adresse du site : https:\/\/sites.ac-nancy-metz.fr\/ctf57 \u00c9diteur du site Le pr\u00e9sent site est \u00e9dit\u00e9 par le Rectorat de l\u2019Acad\u00e9mie de Nancy-Metz, \u00e9tablissement public de l\u2019\u00c9tat relevant du Minist\u00e8re de l\u2019\u00c9ducation nationale. Rectorat de l\u2019Acad\u00e9mie de Nancy-Metz Division du Syst\u00e8me d\u2019Information du Grand [&hellip;]<\/p>\n","protected":false},"author":8,"featured_media":0,"parent":0,"menu_order":0,"comment_status":"closed","ping_status":"closed","template":"","meta":{"site-container-style":"default","site-container-layout":"default","site-sidebar-layout":"default","disable-article-header":"default","disable-site-header":"default","disable-site-footer":"default","disable-content-area-spacing":"default","footnotes":""},"class_list":["post-849","page","type-page","status-publish","hentry"],"_links":{"self":[{"href":"https:\/\/sites.ac-nancy-metz.fr\/ctf57\/wp-json\/wp\/v2\/pages\/849","targetHints":{"allow":["GET"]}}],"collection":[{"href":"https:\/\/sites.ac-nancy-metz.fr\/ctf57\/wp-json\/wp\/v2\/pages"}],"about":[{"href":"https:\/\/sites.ac-nancy-metz.fr\/ctf57\/wp-json\/wp\/v2\/types\/page"}],"author":[{"embeddable":true,"href":"https:\/\/sites.ac-nancy-metz.fr\/ctf57\/wp-json\/wp\/v2\/users\/8"}],"replies":[{"embeddable":true,"href":"https:\/\/sites.ac-nancy-metz.fr\/ctf57\/wp-json\/wp\/v2\/comments?post=849"}],"version-history":[{"count":2,"href":"https:\/\/sites.ac-nancy-metz.fr\/ctf57\/wp-json\/wp\/v2\/pages\/849\/revisions"}],"predecessor-version":[{"id":4111,"href":"https:\/\/sites.ac-nancy-metz.fr\/ctf57\/wp-json\/wp\/v2\/pages\/849\/revisions\/4111"}],"wp:attachment":[{"href":"https:\/\/sites.ac-nancy-metz.fr\/ctf57\/wp-json\/wp\/v2\/media?parent=849"}],"curies":[{"name":"wp","href":"https:\/\/api.w.org\/{rel}","templated":true}]}}