{"id":883,"date":"2021-03-21T20:16:23","date_gmt":"2021-03-21T19:16:23","guid":{"rendered":"https:\/\/sites.ac-nancy-metz.fr\/ctf57\/?page_id=883"},"modified":"2021-03-21T21:38:35","modified_gmt":"2021-03-21T20:38:35","slug":"missions-du-centre","status":"publish","type":"page","link":"https:\/\/sites.ac-nancy-metz.fr\/ctf57\/missions-du-centre\/","title":{"rendered":"Missions du centre"},"content":{"rendered":"\n<h1 class=\"wp-block-heading\" style=\"font-size:clamp(21.027px, 1.314rem + ((1vw - 3.2px) * 1.474), 34px);px\">Nos missions<\/h1>\n\n\n\n<h3 class=\"wp-block-heading\">Le Centre Transfrontalier a pour vocation&nbsp;:<\/h3>\n\n\n\n<ul class=\"wp-block-list\"><li>d\u2019am\u00e9liorer les performances des \u00e9l\u00e8ves en allemand de l\u2019\u00e9cole primaire jusqu\u2019en classe de 3\u00e8me,<\/li><li>d\u2019\u00e9lever le niveau de comp\u00e9tences des professeurs enseignant l\u2019allemand,<\/li><li>d\u2019assurer la liaison \u00e9cole \u2013 coll\u00e8ge pour l\u2019enseignement de l\u2019allemand,<\/li><li>de former les enseignants fran\u00e7ais et allemands \u00e0 la langue du Voisin,<\/li><li>de produire des outils p\u00e9dagogiques pour l\u2019enseignement de l\u2019allemand,<\/li><li>de mettre \u00e0 disposition des ressources p\u00e9dagogiques,<\/li><li>de favoriser et organiser les \u00e9changes et le partenariat de proximit\u00e9,<\/li><li>de promouvoir la langue du Voisin.<\/li><\/ul>\n\n\n\n<p>Le Centre Transfrontalier, implant\u00e9 dans les locaux du coll\u00e8ge La Fontaine de Saint-Avold, est une structure soutenue par la direction des services d\u00e9partementaux de \u2019Inspection Acad\u00e9mique de la Moselle et le Conseil D\u00e9partemental de la Moselle.<\/p>\n","protected":false},"excerpt":{"rendered":"<p>Nos missions Le Centre Transfrontalier a pour vocation&nbsp;: d\u2019am\u00e9liorer les performances des \u00e9l\u00e8ves en allemand de l\u2019\u00e9cole primaire jusqu\u2019en classe de 3\u00e8me, d\u2019\u00e9lever le niveau de comp\u00e9tences des professeurs enseignant l\u2019allemand, d\u2019assurer la liaison \u00e9cole \u2013 coll\u00e8ge pour l\u2019enseignement de l\u2019allemand, de former les enseignants fran\u00e7ais et allemands \u00e0 la langue du Voisin, de produire [&hellip;]<\/p>\n","protected":false},"author":8,"featured_media":0,"parent":0,"menu_order":0,"comment_status":"closed","ping_status":"closed","template":"","meta":{"site-container-style":"default","site-container-layout":"default","site-sidebar-layout":"default","disable-article-header":"default","disable-site-header":"default","disable-site-footer":"default","disable-content-area-spacing":"default","footnotes":""},"class_list":["post-883","page","type-page","status-publish","hentry"],"_links":{"self":[{"href":"https:\/\/sites.ac-nancy-metz.fr\/ctf57\/wp-json\/wp\/v2\/pages\/883","targetHints":{"allow":["GET"]}}],"collection":[{"href":"https:\/\/sites.ac-nancy-metz.fr\/ctf57\/wp-json\/wp\/v2\/pages"}],"about":[{"href":"https:\/\/sites.ac-nancy-metz.fr\/ctf57\/wp-json\/wp\/v2\/types\/page"}],"author":[{"embeddable":true,"href":"https:\/\/sites.ac-nancy-metz.fr\/ctf57\/wp-json\/wp\/v2\/users\/8"}],"replies":[{"embeddable":true,"href":"https:\/\/sites.ac-nancy-metz.fr\/ctf57\/wp-json\/wp\/v2\/comments?post=883"}],"version-history":[{"count":8,"href":"https:\/\/sites.ac-nancy-metz.fr\/ctf57\/wp-json\/wp\/v2\/pages\/883\/revisions"}],"predecessor-version":[{"id":942,"href":"https:\/\/sites.ac-nancy-metz.fr\/ctf57\/wp-json\/wp\/v2\/pages\/883\/revisions\/942"}],"wp:attachment":[{"href":"https:\/\/sites.ac-nancy-metz.fr\/ctf57\/wp-json\/wp\/v2\/media?parent=883"}],"curies":[{"name":"wp","href":"https:\/\/api.w.org\/{rel}","templated":true}]}}