{"id":2,"date":"2022-01-04T11:41:55","date_gmt":"2022-01-04T10:41:55","guid":{"rendered":"https:\/\/sites.ac-nancy-metz.fr\/dsden55\/?page_id=2"},"modified":"2023-09-29T14:35:26","modified_gmt":"2023-09-29T12:35:26","slug":"accueil-site-dsden-pedagogique","status":"publish","type":"page","link":"https:\/\/sites.ac-nancy-metz.fr\/dsden55\/","title":{"rendered":"ACCUEIL"},"content":{"rendered":"\n<div class=\"wp-block-columns is-layout-flex wp-container-core-columns-is-layout-9d6595d7 wp-block-columns-is-layout-flex\">\n<div class=\"wp-block-column is-layout-flow wp-block-column-is-layout-flow\">\n<div class=\"wp-block-columns has-cyan-bluish-gray-background-color has-background is-layout-flex wp-container-core-columns-is-layout-9d6595d7 wp-block-columns-is-layout-flex\">\n<div class=\"wp-block-column is-vertically-aligned-center has-cyan-bluish-gray-background-color has-background is-layout-flow wp-block-column-is-layout-flow\" style=\"flex-basis:33.33%\">\n<figure class=\"wp-block-image size-full\"><noscript><img loading=\"lazy\" decoding=\"async\" width=\"400\" height=\"233\" data-skip-lazy src=\"https:\/\/sites.ac-nancy-metz.fr\/dsden55\/wp-content\/uploads\/2022\/06\/a-la-une.png\" alt=\"\" class=\"wp-image-3281\" srcset=\"https:\/\/sites.ac-nancy-metz.fr\/dsden55\/wp-content\/uploads\/2022\/06\/a-la-une.png 400w, https:\/\/sites.ac-nancy-metz.fr\/dsden55\/wp-content\/uploads\/2022\/06\/a-la-une-300x175.png 300w, https:\/\/sites.ac-nancy-metz.fr\/dsden55\/wp-content\/uploads\/2022\/06\/a-la-une-50x29.png 50w\" sizes=\"auto, (max-width: 400px) 100vw, 400px\" \/><\/noscript><img loading=\"eager\" decoding=\"async\" width=\"400\" height=\"233\" src=\"https:\/\/sites.ac-nancy-metz.fr\/dsden55\/wp-content\/uploads\/2022\/06\/a-la-une.png\" alt class=\"wp-image-3281 vp-lazyload\" srcset=\"data:image\/svg+xml;base64,PHN2ZyB3aWR0aD0iNDAwIiBoZWlnaHQ9IjIzMyIgdmlld0JveD0iMCAwIDQwMCAyMzMiIGZpbGw9Im5vbmUiIHhtbG5zPSJodHRwOi8vd3d3LnczLm9yZy8yMDAwL3N2ZyI+PC9zdmc+\" data-src=\"https:\/\/sites.ac-nancy-metz.fr\/dsden55\/wp-content\/uploads\/2022\/06\/a-la-une.png\" data-srcset=\"https:\/\/sites.ac-nancy-metz.fr\/dsden55\/wp-content\/uploads\/2022\/06\/a-la-une.png 400w, https:\/\/sites.ac-nancy-metz.fr\/dsden55\/wp-content\/uploads\/2022\/06\/a-la-une-300x175.png 300w, https:\/\/sites.ac-nancy-metz.fr\/dsden55\/wp-content\/uploads\/2022\/06\/a-la-une-50x29.png 50w\" data-sizes=\"auto\"><\/figure>\n<\/div>\n\n\n\n<div class=\"wp-block-column is-layout-flow wp-block-column-is-layout-flow\" style=\"flex-basis:66.66%\">\n<\/div>\n<\/div>\n<\/div>\n<\/div>\n\n\n\n<div class=\"wp-block-columns has-background is-layout-flex wp-container-core-columns-is-layout-9d6595d7 wp-block-columns-is-layout-flex\" style=\"background-color:#2a2a2a\">\n<div class=\"wp-block-column is-layout-flow wp-block-column-is-layout-flow\" style=\"flex-basis:150px\">\n<figure class=\"wp-block-image size-large is-resized is-style-rounded\"><noscript><img loading=\"lazy\" decoding=\"async\" data-skip-lazy src=\"https:\/\/sites.ac-nancy-metz.fr\/dsden55\/wp-content\/uploads\/2022\/06\/Logo_articles_recents-438x438.png\" alt=\"\" class=\"wp-image-3307\" style=\"width:136px;height:136px\" width=\"136\" height=\"136\"\/><\/noscript><img loading=\"eager\" decoding=\"async\" src=\"data:image\/svg+xml;base64,PHN2ZyB3aWR0aD0iMTM2IiBoZWlnaHQ9IjEzNiIgdmlld0JveD0iMCAwIDEzNiAxMzYiIGZpbGw9Im5vbmUiIHhtbG5zPSJodHRwOi8vd3d3LnczLm9yZy8yMDAwL3N2ZyI+PC9zdmc+\" alt class=\"wp-image-3307 vp-lazyload\" style=\"width:136px;height:136px\" width=\"136\" height=\"136\" data-src=\"https:\/\/sites.ac-nancy-metz.fr\/dsden55\/wp-content\/uploads\/2022\/06\/Logo_articles_recents-438x438.png\" data-sizes=\"auto\"><\/figure>\n<\/div>\n\n\n\n<div class=\"wp-block-column is-vertically-aligned-center has-black-color has-text-color has-background is-layout-flow wp-block-column-is-layout-flow\" style=\"background-color:#2a2a2a\">\n<p> <\/p>\n\n\n\n<div class=\"wp-block-columns is-layout-flex wp-container-core-columns-is-layout-9d6595d7 wp-block-columns-is-layout-flex\">\n<div class=\"wp-block-column has-white-color has-text-color is-layout-flow wp-block-column-is-layout-flow\" style=\"flex-basis:100%\"><ul class=\"wp-block-latest-posts__list is-grid columns-2 has-dates wp-block-latest-posts\"><li><div class=\"wp-block-latest-posts__featured-image alignleft\"><a href=\"https:\/\/sites.ac-nancy-metz.fr\/dsden55\/?p=7536\" aria-label=\"\u00ab\u00a0Prouve-le\u201d : un dispositif apprendre \u00e0 se questionner sur la v\u00e9racit\u00e9 d\u2019une image\"><noscript><img loading=\"lazy\" decoding=\"async\" width=\"127\" height=\"126\" data-skip-lazy src=\"https:\/\/sites.ac-nancy-metz.fr\/dsden55\/wp-content\/uploads\/2026\/04\/Prouve-Le_redim.jpeg\" class=\"attachment-thumbnail size-thumbnail wp-post-image\" alt=\"\" style=\"max-width:60px;max-height:40px;\" srcset=\"https:\/\/sites.ac-nancy-metz.fr\/dsden55\/wp-content\/uploads\/2026\/04\/Prouve-Le_redim.jpeg 127w, https:\/\/sites.ac-nancy-metz.fr\/dsden55\/wp-content\/uploads\/2026\/04\/Prouve-Le_redim-50x50.jpeg 50w, https:\/\/sites.ac-nancy-metz.fr\/dsden55\/wp-content\/uploads\/2026\/04\/Prouve-Le_redim-45x45.jpeg 45w\" sizes=\"auto, (max-width: 127px) 100vw, 127px\" \/><\/noscript><img decoding=\"async\" width=\"127\" height=\"126\" src=\"https:\/\/sites.ac-nancy-metz.fr\/dsden55\/wp-content\/uploads\/2026\/04\/Prouve-Le_redim.jpeg\" class=\"attachment-thumbnail size-thumbnail wp-post-image vp-lazyload\" alt style=\"max-width:60px;max-height:40px;\" srcset=\"data:image\/svg+xml;base64,PHN2ZyB3aWR0aD0iMTI3IiBoZWlnaHQ9IjEyNiIgdmlld0JveD0iMCAwIDEyNyAxMjYiIGZpbGw9Im5vbmUiIHhtbG5zPSJodHRwOi8vd3d3LnczLm9yZy8yMDAwL3N2ZyI+PC9zdmc+\" data-src=\"https:\/\/sites.ac-nancy-metz.fr\/dsden55\/wp-content\/uploads\/2026\/04\/Prouve-Le_redim.jpeg\" data-srcset=\"https:\/\/sites.ac-nancy-metz.fr\/dsden55\/wp-content\/uploads\/2026\/04\/Prouve-Le_redim.jpeg 127w, https:\/\/sites.ac-nancy-metz.fr\/dsden55\/wp-content\/uploads\/2026\/04\/Prouve-Le_redim-50x50.jpeg 50w, https:\/\/sites.ac-nancy-metz.fr\/dsden55\/wp-content\/uploads\/2026\/04\/Prouve-Le_redim-45x45.jpeg 45w\" data-sizes=\"auto\" loading=\"eager\"><\/a><\/div><a class=\"wp-block-latest-posts__post-title\" href=\"https:\/\/sites.ac-nancy-metz.fr\/dsden55\/?p=7536\">\u00ab\u00a0Prouve-le\u201d : un dispositif apprendre \u00e0 se questionner sur la v\u00e9racit\u00e9 d\u2019une image<\/a><time datetime=\"2026-04-08T16:01:23+02:00\" class=\"wp-block-latest-posts__post-date\">8 avril 2026<\/time><div class=\"wp-block-latest-posts__post-excerpt\">Les \u00e9l\u00e8ves, en dehors de l\u2019\u00e9cole, sont de plus en plus \u00e9quip\u00e9s et connect\u00e9s. Ils commencent \u00e9galement \u00e0 fr\u00e9quenter les r\u00e9seaux sociaux et sont confront\u00e9s <a class=\"mh-excerpt-more\" href=\"https:\/\/sites.ac-nancy-metz.fr\/dsden55\/?p=7536\" title=\"\u00ab\u00a0Prouve-le\u201d : un dispositif apprendre \u00e0 se questionner sur la v\u00e9racit\u00e9 d\u2019une image\">[&#8230;]<\/a><\/div><\/li>\n<li><div class=\"wp-block-latest-posts__featured-image alignleft\"><a href=\"https:\/\/sites.ac-nancy-metz.fr\/dsden55\/?p=7527\" aria-label=\"M\u00e9mo \u00ab\u00a0Accident scolaire\u00a0\u00bb\"><noscript><img loading=\"lazy\" decoding=\"async\" width=\"150\" height=\"150\" data-skip-lazy src=\"https:\/\/sites.ac-nancy-metz.fr\/dsden55\/wp-content\/uploads\/2024\/12\/DIR-4-150x150.jpg\" class=\"attachment-thumbnail size-thumbnail wp-post-image\" alt=\"\" style=\"max-width:60px;max-height:40px;\" srcset=\"https:\/\/sites.ac-nancy-metz.fr\/dsden55\/wp-content\/uploads\/2024\/12\/DIR-4-150x150.jpg 150w, https:\/\/sites.ac-nancy-metz.fr\/dsden55\/wp-content\/uploads\/2024\/12\/DIR-4-45x45.jpg 45w\" sizes=\"auto, (max-width: 150px) 100vw, 150px\" \/><\/noscript><img decoding=\"async\" width=\"150\" height=\"150\" src=\"https:\/\/sites.ac-nancy-metz.fr\/dsden55\/wp-content\/uploads\/2024\/12\/DIR-4-150x150.jpg\" class=\"attachment-thumbnail size-thumbnail wp-post-image vp-lazyload\" alt style=\"max-width:60px;max-height:40px;\" srcset=\"data:image\/svg+xml;base64,PHN2ZyB3aWR0aD0iMTUwIiBoZWlnaHQ9IjE1MCIgdmlld0JveD0iMCAwIDE1MCAxNTAiIGZpbGw9Im5vbmUiIHhtbG5zPSJodHRwOi8vd3d3LnczLm9yZy8yMDAwL3N2ZyI+PC9zdmc+\" data-src=\"https:\/\/sites.ac-nancy-metz.fr\/dsden55\/wp-content\/uploads\/2024\/12\/DIR-4-150x150.jpg\" data-srcset=\"https:\/\/sites.ac-nancy-metz.fr\/dsden55\/wp-content\/uploads\/2024\/12\/DIR-4-150x150.jpg 150w, https:\/\/sites.ac-nancy-metz.fr\/dsden55\/wp-content\/uploads\/2024\/12\/DIR-4-45x45.jpg 45w\" data-sizes=\"auto\" loading=\"eager\"><\/a><\/div><a class=\"wp-block-latest-posts__post-title\" href=\"https:\/\/sites.ac-nancy-metz.fr\/dsden55\/?p=7527\">M\u00e9mo \u00ab\u00a0Accident scolaire\u00a0\u00bb<\/a><time datetime=\"2026-04-06T18:20:12+02:00\" class=\"wp-block-latest-posts__post-date\">6 avril 2026<\/time><div class=\"wp-block-latest-posts__post-excerpt\"><\/div><\/li>\n<li><div class=\"wp-block-latest-posts__featured-image alignleft\"><a href=\"https:\/\/sites.ac-nancy-metz.fr\/dsden55\/?p=7521\" aria-label=\"M\u00e9mo DIR \u00ab\u00a0Adage\u00a0\u00bb\"><noscript><img loading=\"lazy\" decoding=\"async\" width=\"150\" height=\"150\" data-skip-lazy src=\"https:\/\/sites.ac-nancy-metz.fr\/dsden55\/wp-content\/uploads\/2024\/12\/DIR-4-150x150.jpg\" class=\"attachment-thumbnail size-thumbnail wp-post-image\" alt=\"\" style=\"max-width:60px;max-height:40px;\" srcset=\"https:\/\/sites.ac-nancy-metz.fr\/dsden55\/wp-content\/uploads\/2024\/12\/DIR-4-150x150.jpg 150w, https:\/\/sites.ac-nancy-metz.fr\/dsden55\/wp-content\/uploads\/2024\/12\/DIR-4-45x45.jpg 45w\" sizes=\"auto, (max-width: 150px) 100vw, 150px\" \/><\/noscript><img decoding=\"async\" width=\"150\" height=\"150\" src=\"https:\/\/sites.ac-nancy-metz.fr\/dsden55\/wp-content\/uploads\/2024\/12\/DIR-4-150x150.jpg\" class=\"attachment-thumbnail size-thumbnail wp-post-image vp-lazyload\" alt style=\"max-width:60px;max-height:40px;\" srcset=\"data:image\/svg+xml;base64,PHN2ZyB3aWR0aD0iMTUwIiBoZWlnaHQ9IjE1MCIgdmlld0JveD0iMCAwIDE1MCAxNTAiIGZpbGw9Im5vbmUiIHhtbG5zPSJodHRwOi8vd3d3LnczLm9yZy8yMDAwL3N2ZyI+PC9zdmc+\" data-src=\"https:\/\/sites.ac-nancy-metz.fr\/dsden55\/wp-content\/uploads\/2024\/12\/DIR-4-150x150.jpg\" data-srcset=\"https:\/\/sites.ac-nancy-metz.fr\/dsden55\/wp-content\/uploads\/2024\/12\/DIR-4-150x150.jpg 150w, https:\/\/sites.ac-nancy-metz.fr\/dsden55\/wp-content\/uploads\/2024\/12\/DIR-4-45x45.jpg 45w\" data-sizes=\"auto\" loading=\"eager\"><\/a><\/div><a class=\"wp-block-latest-posts__post-title\" href=\"https:\/\/sites.ac-nancy-metz.fr\/dsden55\/?p=7521\">M\u00e9mo DIR \u00ab\u00a0Adage\u00a0\u00bb<\/a><time datetime=\"2026-04-06T18:14:41+02:00\" class=\"wp-block-latest-posts__post-date\">6 avril 2026<\/time><div class=\"wp-block-latest-posts__post-excerpt\"><\/div><\/li>\n<li><div class=\"wp-block-latest-posts__featured-image alignleft\"><a href=\"https:\/\/sites.ac-nancy-metz.fr\/dsden55\/?p=3943\" aria-label=\"\u00c9ch\u00e9ancier du DIRECTEUR\"><noscript><img loading=\"lazy\" decoding=\"async\" width=\"150\" height=\"150\" data-skip-lazy src=\"https:\/\/sites.ac-nancy-metz.fr\/dsden55\/wp-content\/uploads\/2025\/04\/DIR-4-150x150.jpg\" class=\"attachment-thumbnail size-thumbnail wp-post-image\" alt=\"\" style=\"max-width:60px;max-height:40px;\" srcset=\"https:\/\/sites.ac-nancy-metz.fr\/dsden55\/wp-content\/uploads\/2025\/04\/DIR-4-150x150.jpg 150w, https:\/\/sites.ac-nancy-metz.fr\/dsden55\/wp-content\/uploads\/2025\/04\/DIR-4-45x45.jpg 45w\" sizes=\"auto, (max-width: 150px) 100vw, 150px\" \/><\/noscript><img decoding=\"async\" width=\"150\" height=\"150\" src=\"https:\/\/sites.ac-nancy-metz.fr\/dsden55\/wp-content\/uploads\/2025\/04\/DIR-4-150x150.jpg\" class=\"attachment-thumbnail size-thumbnail wp-post-image vp-lazyload\" alt style=\"max-width:60px;max-height:40px;\" srcset=\"data:image\/svg+xml;base64,PHN2ZyB3aWR0aD0iMTUwIiBoZWlnaHQ9IjE1MCIgdmlld0JveD0iMCAwIDE1MCAxNTAiIGZpbGw9Im5vbmUiIHhtbG5zPSJodHRwOi8vd3d3LnczLm9yZy8yMDAwL3N2ZyI+PC9zdmc+\" data-src=\"https:\/\/sites.ac-nancy-metz.fr\/dsden55\/wp-content\/uploads\/2025\/04\/DIR-4-150x150.jpg\" data-srcset=\"https:\/\/sites.ac-nancy-metz.fr\/dsden55\/wp-content\/uploads\/2025\/04\/DIR-4-150x150.jpg 150w, https:\/\/sites.ac-nancy-metz.fr\/dsden55\/wp-content\/uploads\/2025\/04\/DIR-4-45x45.jpg 45w\" data-sizes=\"auto\" loading=\"eager\"><\/a><\/div><a class=\"wp-block-latest-posts__post-title\" href=\"https:\/\/sites.ac-nancy-metz.fr\/dsden55\/?p=3943\">\u00c9ch\u00e9ancier du DIRECTEUR<\/a><time datetime=\"2026-04-06T18:05:58+02:00\" class=\"wp-block-latest-posts__post-date\">6 avril 2026<\/time><div class=\"wp-block-latest-posts__post-excerpt\">Retrouvez dans cette rubrique toutes les \u00e9ch\u00e9ances par p\u00e9riode pour la direction d\u2019\u00e9cole.<\/div><\/li>\n<\/ul><\/div>\n<\/div>\n<\/div>\n\n\n\n<div class=\"wp-block-column is-layout-flow wp-block-column-is-layout-flow\" style=\"flex-basis:2px\"><\/div>\n<\/div>\n\n\n\n<p class=\"has-text-align-center\"><\/p>\n","protected":false},"excerpt":{"rendered":"<div class=\"mh-excerpt\"><\/div>","protected":false},"author":1,"featured_media":0,"parent":0,"menu_order":0,"comment_status":"closed","ping_status":"closed","template":"","meta":{"_acf_changed":false,"_vp_format_video_url":"","_vp_image_focal_point":[],"footnotes":""},"class_list":["post-2","page","type-page","status-publish","hentry"],"acf":[],"jetpack_sharing_enabled":true,"_links":{"self":[{"href":"https:\/\/sites.ac-nancy-metz.fr\/dsden55\/index.php?rest_route=\/wp\/v2\/pages\/2","targetHints":{"allow":["GET"]}}],"collection":[{"href":"https:\/\/sites.ac-nancy-metz.fr\/dsden55\/index.php?rest_route=\/wp\/v2\/pages"}],"about":[{"href":"https:\/\/sites.ac-nancy-metz.fr\/dsden55\/index.php?rest_route=\/wp\/v2\/types\/page"}],"author":[{"embeddable":true,"href":"https:\/\/sites.ac-nancy-metz.fr\/dsden55\/index.php?rest_route=\/wp\/v2\/users\/1"}],"replies":[{"embeddable":true,"href":"https:\/\/sites.ac-nancy-metz.fr\/dsden55\/index.php?rest_route=%2Fwp%2Fv2%2Fcomments&post=2"}],"version-history":[{"count":194,"href":"https:\/\/sites.ac-nancy-metz.fr\/dsden55\/index.php?rest_route=\/wp\/v2\/pages\/2\/revisions"}],"predecessor-version":[{"id":4650,"href":"https:\/\/sites.ac-nancy-metz.fr\/dsden55\/index.php?rest_route=\/wp\/v2\/pages\/2\/revisions\/4650"}],"wp:attachment":[{"href":"https:\/\/sites.ac-nancy-metz.fr\/dsden55\/index.php?rest_route=%2Fwp%2Fv2%2Fmedia&parent=2"}],"curies":[{"name":"wp","href":"https:\/\/api.w.org\/{rel}","templated":true}]}}