{"id":257,"date":"2022-01-19T09:38:30","date_gmt":"2022-01-19T08:38:30","guid":{"rendered":"https:\/\/sites.ac-nancy-metz.fr\/dsden55\/?page_id=257"},"modified":"2025-12-17T11:40:31","modified_gmt":"2025-12-17T10:40:31","slug":"sommeil-maternelle-besoins-fondamentaux-dsden55","status":"publish","type":"page","link":"https:\/\/sites.ac-nancy-metz.fr\/dsden55\/?page_id=257","title":{"rendered":"MATERNELLE"},"content":{"rendered":"\n<div class=\"wp-block-media-text is-stacked-on-mobile is-vertically-aligned-top has-luminous-vivid-amber-background-color has-background\" style=\"grid-template-columns:40% auto\"><figure class=\"wp-block-media-text__media\"><a href=\"https:\/\/sites.ac-nancy-metz.fr\/dsden55\/?p=7265\"><noscript><img loading=\"lazy\" decoding=\"async\" width=\"731\" height=\"325\" data-skip-lazy src=\"https:\/\/sites.ac-nancy-metz.fr\/dsden55\/wp-content\/uploads\/2025\/12\/Capture-decran-Semaine-de-la-Maternelle-1-1.gif\" alt=\"\" class=\"wp-image-7212 size-full\"\/><\/noscript><img loading=\"eager\" decoding=\"async\" width=\"731\" height=\"325\" src=\"data:image\/svg+xml;base64,PHN2ZyB3aWR0aD0iNzMxIiBoZWlnaHQ9IjMyNSIgdmlld0JveD0iMCAwIDczMSAzMjUiIGZpbGw9Im5vbmUiIHhtbG5zPSJodHRwOi8vd3d3LnczLm9yZy8yMDAwL3N2ZyI+PC9zdmc+\" alt class=\"wp-image-7212 size-full vp-lazyload\" data-src=\"https:\/\/sites.ac-nancy-metz.fr\/dsden55\/wp-content\/uploads\/2025\/12\/Capture-decran-Semaine-de-la-Maternelle-1-1.gif\" data-sizes=\"auto\"><\/a><\/figure><div class=\"wp-block-media-text__content\">\n<p class=\"has-text-align-center has-vivid-purple-color has-text-color has-link-color has-large-font-size wp-elements-7b250ccb5ebfadb09401796d3c53396f\"><strong><a href=\"https:\/\/sites.ac-nancy-metz.fr\/dsden55\/?p=7265\">Semaine de la Maternelle 2025-2026<\/a><\/strong><\/p>\n\n\n\n<ul class=\"wp-block-list\"><\/ul>\n<\/div><\/div>\n\n\n\n<div class=\"wp-block-media-text is-stacked-on-mobile has-background\" style=\"background:linear-gradient(209deg,rgb(202,248,128) 0%,rgb(113,206,126) 100%);grid-template-columns:38% auto\"><figure class=\"wp-block-media-text__media\"><a href=\"https:\/\/sites.ac-nancy-metz.fr\/dsden55\/?page_id=6038\"><noscript><img loading=\"lazy\" decoding=\"async\" width=\"895\" height=\"309\" data-skip-lazy src=\"https:\/\/sites.ac-nancy-metz.fr\/dsden55\/wp-content\/uploads\/2025\/03\/Capture-2.jpg\" alt=\"\" class=\"wp-image-6098 size-full\" srcset=\"https:\/\/sites.ac-nancy-metz.fr\/dsden55\/wp-content\/uploads\/2025\/03\/Capture-2.jpg 895w, https:\/\/sites.ac-nancy-metz.fr\/dsden55\/wp-content\/uploads\/2025\/03\/Capture-2-300x104.jpg 300w, https:\/\/sites.ac-nancy-metz.fr\/dsden55\/wp-content\/uploads\/2025\/03\/Capture-2-768x265.jpg 768w, https:\/\/sites.ac-nancy-metz.fr\/dsden55\/wp-content\/uploads\/2025\/03\/Capture-2-50x17.jpg 50w, https:\/\/sites.ac-nancy-metz.fr\/dsden55\/wp-content\/uploads\/2025\/03\/Capture-2-500x173.jpg 500w, https:\/\/sites.ac-nancy-metz.fr\/dsden55\/wp-content\/uploads\/2025\/03\/Capture-2-800x276.jpg 800w\" sizes=\"auto, (max-width: 895px) 100vw, 895px\" \/><\/noscript><img loading=\"eager\" decoding=\"async\" width=\"895\" height=\"309\" src=\"https:\/\/sites.ac-nancy-metz.fr\/dsden55\/wp-content\/uploads\/2025\/03\/Capture-2.jpg\" alt class=\"wp-image-6098 size-full vp-lazyload\" srcset=\"data:image\/svg+xml;base64,PHN2ZyB3aWR0aD0iODk1IiBoZWlnaHQ9IjMwOSIgdmlld0JveD0iMCAwIDg5NSAzMDkiIGZpbGw9Im5vbmUiIHhtbG5zPSJodHRwOi8vd3d3LnczLm9yZy8yMDAwL3N2ZyI+PC9zdmc+\" data-src=\"https:\/\/sites.ac-nancy-metz.fr\/dsden55\/wp-content\/uploads\/2025\/03\/Capture-2.jpg\" data-srcset=\"https:\/\/sites.ac-nancy-metz.fr\/dsden55\/wp-content\/uploads\/2025\/03\/Capture-2.jpg 895w, https:\/\/sites.ac-nancy-metz.fr\/dsden55\/wp-content\/uploads\/2025\/03\/Capture-2-300x104.jpg 300w, https:\/\/sites.ac-nancy-metz.fr\/dsden55\/wp-content\/uploads\/2025\/03\/Capture-2-768x265.jpg 768w, https:\/\/sites.ac-nancy-metz.fr\/dsden55\/wp-content\/uploads\/2025\/03\/Capture-2-50x17.jpg 50w, https:\/\/sites.ac-nancy-metz.fr\/dsden55\/wp-content\/uploads\/2025\/03\/Capture-2-500x173.jpg 500w, https:\/\/sites.ac-nancy-metz.fr\/dsden55\/wp-content\/uploads\/2025\/03\/Capture-2-800x276.jpg 800w\" data-sizes=\"auto\"><\/a><\/figure><div class=\"wp-block-media-text__content\">\n<p class=\"has-text-align-center has-x-large-font-size\"><strong>Programmes, Guides, Ressources de la Maternelle<\/strong><\/p>\n<\/div><\/div>\n\n\n\n<div class=\"wp-block-media-text has-media-on-the-right is-stacked-on-mobile has-luminous-dusk-gradient-background has-background\" style=\"grid-template-columns:auto 38%\"><div class=\"wp-block-media-text__content\">\n<p class=\"has-x-large-font-size\"><strong>Actualit\u00e9s \/ Calendrier de la MATERNELLE<\/strong><\/p>\n<\/div><figure class=\"wp-block-media-text__media\"><a href=\"https:\/\/sites.ac-nancy-metz.fr\/dsden55\/?page_id=5988\"><noscript><img loading=\"lazy\" decoding=\"async\" width=\"1024\" height=\"579\" data-skip-lazy src=\"https:\/\/sites.ac-nancy-metz.fr\/dsden55\/wp-content\/uploads\/2025\/03\/uri_ifs___M_b129c7f8-c9c5-499f-9abf-6f991441865a-1024x579.jpg\" alt=\"\" class=\"wp-image-5989 size-full\" srcset=\"https:\/\/sites.ac-nancy-metz.fr\/dsden55\/wp-content\/uploads\/2025\/03\/uri_ifs___M_b129c7f8-c9c5-499f-9abf-6f991441865a-1024x579.jpg 1024w, https:\/\/sites.ac-nancy-metz.fr\/dsden55\/wp-content\/uploads\/2025\/03\/uri_ifs___M_b129c7f8-c9c5-499f-9abf-6f991441865a-300x170.jpg 300w, https:\/\/sites.ac-nancy-metz.fr\/dsden55\/wp-content\/uploads\/2025\/03\/uri_ifs___M_b129c7f8-c9c5-499f-9abf-6f991441865a-768x434.jpg 768w, https:\/\/sites.ac-nancy-metz.fr\/dsden55\/wp-content\/uploads\/2025\/03\/uri_ifs___M_b129c7f8-c9c5-499f-9abf-6f991441865a-50x28.jpg 50w, https:\/\/sites.ac-nancy-metz.fr\/dsden55\/wp-content\/uploads\/2025\/03\/uri_ifs___M_b129c7f8-c9c5-499f-9abf-6f991441865a-500x283.jpg 500w, https:\/\/sites.ac-nancy-metz.fr\/dsden55\/wp-content\/uploads\/2025\/03\/uri_ifs___M_b129c7f8-c9c5-499f-9abf-6f991441865a-1000x565.jpg 1000w, https:\/\/sites.ac-nancy-metz.fr\/dsden55\/wp-content\/uploads\/2025\/03\/uri_ifs___M_b129c7f8-c9c5-499f-9abf-6f991441865a-800x452.jpg 800w, https:\/\/sites.ac-nancy-metz.fr\/dsden55\/wp-content\/uploads\/2025\/03\/uri_ifs___M_b129c7f8-c9c5-499f-9abf-6f991441865a-1320x746.jpg 1320w, https:\/\/sites.ac-nancy-metz.fr\/dsden55\/wp-content\/uploads\/2025\/03\/uri_ifs___M_b129c7f8-c9c5-499f-9abf-6f991441865a.jpg 1472w\" sizes=\"auto, (max-width: 1024px) 100vw, 1024px\" \/><\/noscript><img loading=\"eager\" decoding=\"async\" width=\"1024\" height=\"579\" src=\"https:\/\/sites.ac-nancy-metz.fr\/dsden55\/wp-content\/uploads\/2025\/03\/uri_ifs___M_b129c7f8-c9c5-499f-9abf-6f991441865a-1024x579.jpg\" alt class=\"wp-image-5989 size-full vp-lazyload\" srcset=\"data:image\/svg+xml;base64,PHN2ZyB3aWR0aD0iMTAyNCIgaGVpZ2h0PSI1NzkiIHZpZXdCb3g9IjAgMCAxMDI0IDU3OSIgZmlsbD0ibm9uZSIgeG1sbnM9Imh0dHA6Ly93d3cudzMub3JnLzIwMDAvc3ZnIj48L3N2Zz4=\" data-src=\"https:\/\/sites.ac-nancy-metz.fr\/dsden55\/wp-content\/uploads\/2025\/03\/uri_ifs___M_b129c7f8-c9c5-499f-9abf-6f991441865a-1024x579.jpg\" data-srcset=\"https:\/\/sites.ac-nancy-metz.fr\/dsden55\/wp-content\/uploads\/2025\/03\/uri_ifs___M_b129c7f8-c9c5-499f-9abf-6f991441865a-1024x579.jpg 1024w, https:\/\/sites.ac-nancy-metz.fr\/dsden55\/wp-content\/uploads\/2025\/03\/uri_ifs___M_b129c7f8-c9c5-499f-9abf-6f991441865a-300x170.jpg 300w, https:\/\/sites.ac-nancy-metz.fr\/dsden55\/wp-content\/uploads\/2025\/03\/uri_ifs___M_b129c7f8-c9c5-499f-9abf-6f991441865a-768x434.jpg 768w, https:\/\/sites.ac-nancy-metz.fr\/dsden55\/wp-content\/uploads\/2025\/03\/uri_ifs___M_b129c7f8-c9c5-499f-9abf-6f991441865a-50x28.jpg 50w, https:\/\/sites.ac-nancy-metz.fr\/dsden55\/wp-content\/uploads\/2025\/03\/uri_ifs___M_b129c7f8-c9c5-499f-9abf-6f991441865a-500x283.jpg 500w, https:\/\/sites.ac-nancy-metz.fr\/dsden55\/wp-content\/uploads\/2025\/03\/uri_ifs___M_b129c7f8-c9c5-499f-9abf-6f991441865a-1000x565.jpg 1000w, https:\/\/sites.ac-nancy-metz.fr\/dsden55\/wp-content\/uploads\/2025\/03\/uri_ifs___M_b129c7f8-c9c5-499f-9abf-6f991441865a-800x452.jpg 800w, https:\/\/sites.ac-nancy-metz.fr\/dsden55\/wp-content\/uploads\/2025\/03\/uri_ifs___M_b129c7f8-c9c5-499f-9abf-6f991441865a-1320x746.jpg 1320w, https:\/\/sites.ac-nancy-metz.fr\/dsden55\/wp-content\/uploads\/2025\/03\/uri_ifs___M_b129c7f8-c9c5-499f-9abf-6f991441865a.jpg 1472w\" data-sizes=\"auto\"><\/a><\/figure><\/div>\n\n\n\n<div class=\"wp-block-columns is-layout-flex wp-container-core-columns-is-layout-9d6595d7 wp-block-columns-is-layout-flex\">\n<div class=\"wp-block-column is-layout-flow wp-block-column-is-layout-flow\">\n<div class=\"wp-block-media-text is-stacked-on-mobile has-background\" style=\"background:linear-gradient(73deg,rgb(2,3,129) 0%,rgb(40,116,252) 100%);grid-template-columns:43% auto\"><figure class=\"wp-block-media-text__media\"><a href=\"https:\/\/sites.ac-nancy-metz.fr\/dsden55\/?p=6021\"><noscript><img loading=\"lazy\" decoding=\"async\" width=\"952\" height=\"456\" data-skip-lazy src=\"https:\/\/sites.ac-nancy-metz.fr\/dsden55\/wp-content\/uploads\/2025\/03\/instruction-obligatoire-3-ans.jpg\" alt=\"\" class=\"wp-image-6031 size-full\" srcset=\"https:\/\/sites.ac-nancy-metz.fr\/dsden55\/wp-content\/uploads\/2025\/03\/instruction-obligatoire-3-ans.jpg 952w, https:\/\/sites.ac-nancy-metz.fr\/dsden55\/wp-content\/uploads\/2025\/03\/instruction-obligatoire-3-ans-300x144.jpg 300w, https:\/\/sites.ac-nancy-metz.fr\/dsden55\/wp-content\/uploads\/2025\/03\/instruction-obligatoire-3-ans-768x368.jpg 768w, https:\/\/sites.ac-nancy-metz.fr\/dsden55\/wp-content\/uploads\/2025\/03\/instruction-obligatoire-3-ans-50x24.jpg 50w, https:\/\/sites.ac-nancy-metz.fr\/dsden55\/wp-content\/uploads\/2025\/03\/instruction-obligatoire-3-ans-500x239.jpg 500w, https:\/\/sites.ac-nancy-metz.fr\/dsden55\/wp-content\/uploads\/2025\/03\/instruction-obligatoire-3-ans-800x383.jpg 800w\" sizes=\"auto, (max-width: 952px) 100vw, 952px\" \/><\/noscript><img loading=\"eager\" decoding=\"async\" width=\"952\" height=\"456\" src=\"https:\/\/sites.ac-nancy-metz.fr\/dsden55\/wp-content\/uploads\/2025\/03\/instruction-obligatoire-3-ans.jpg\" alt class=\"wp-image-6031 size-full vp-lazyload\" srcset=\"data:image\/svg+xml;base64,PHN2ZyB3aWR0aD0iOTUyIiBoZWlnaHQ9IjQ1NiIgdmlld0JveD0iMCAwIDk1MiA0NTYiIGZpbGw9Im5vbmUiIHhtbG5zPSJodHRwOi8vd3d3LnczLm9yZy8yMDAwL3N2ZyI+PC9zdmc+\" data-src=\"https:\/\/sites.ac-nancy-metz.fr\/dsden55\/wp-content\/uploads\/2025\/03\/instruction-obligatoire-3-ans.jpg\" data-srcset=\"https:\/\/sites.ac-nancy-metz.fr\/dsden55\/wp-content\/uploads\/2025\/03\/instruction-obligatoire-3-ans.jpg 952w, https:\/\/sites.ac-nancy-metz.fr\/dsden55\/wp-content\/uploads\/2025\/03\/instruction-obligatoire-3-ans-300x144.jpg 300w, https:\/\/sites.ac-nancy-metz.fr\/dsden55\/wp-content\/uploads\/2025\/03\/instruction-obligatoire-3-ans-768x368.jpg 768w, https:\/\/sites.ac-nancy-metz.fr\/dsden55\/wp-content\/uploads\/2025\/03\/instruction-obligatoire-3-ans-50x24.jpg 50w, https:\/\/sites.ac-nancy-metz.fr\/dsden55\/wp-content\/uploads\/2025\/03\/instruction-obligatoire-3-ans-500x239.jpg 500w, https:\/\/sites.ac-nancy-metz.fr\/dsden55\/wp-content\/uploads\/2025\/03\/instruction-obligatoire-3-ans-800x383.jpg 800w\" data-sizes=\"auto\"><\/a><\/figure><div class=\"wp-block-media-text__content\">\n<p class=\"has-text-align-center has-x-large-font-size\"><strong>Instruction obligatoire \u00e0 3 ans<\/strong><\/p>\n<\/div><\/div>\n<\/div>\n<\/div>\n\n\n\n<div class=\"wp-block-media-text has-media-on-the-right is-stacked-on-mobile has-blush-light-purple-gradient-background has-background\" style=\"grid-template-columns:auto 42%\"><div class=\"wp-block-media-text__content\">\n<p class=\"has-text-align-center has-x-large-font-size\"><strong>Le sommeil                   en maternelle<\/strong><\/p>\n<\/div><figure class=\"wp-block-media-text__media\"><a href=\"https:\/\/sites.ac-nancy-metz.fr\/dsden55\/?page_id=5952\"><noscript><img loading=\"lazy\" decoding=\"async\" width=\"1024\" height=\"510\" data-skip-lazy src=\"https:\/\/sites.ac-nancy-metz.fr\/dsden55\/wp-content\/uploads\/2024\/02\/Sieste-1-scaled-1024x510.jpg\" alt=\"\" class=\"wp-image-4767 size-full\" srcset=\"https:\/\/sites.ac-nancy-metz.fr\/dsden55\/wp-content\/uploads\/2024\/02\/Sieste-1-scaled-1024x510.jpg 1024w, https:\/\/sites.ac-nancy-metz.fr\/dsden55\/wp-content\/uploads\/2024\/02\/Sieste-1-scaled-300x149.jpg 300w, https:\/\/sites.ac-nancy-metz.fr\/dsden55\/wp-content\/uploads\/2024\/02\/Sieste-1-scaled-768x383.jpg 768w, https:\/\/sites.ac-nancy-metz.fr\/dsden55\/wp-content\/uploads\/2024\/02\/Sieste-1-scaled-1536x765.jpg 1536w, https:\/\/sites.ac-nancy-metz.fr\/dsden55\/wp-content\/uploads\/2024\/02\/Sieste-1-scaled-2048x1020.jpg 2048w, https:\/\/sites.ac-nancy-metz.fr\/dsden55\/wp-content\/uploads\/2024\/02\/Sieste-1-scaled-50x25.jpg 50w, https:\/\/sites.ac-nancy-metz.fr\/dsden55\/wp-content\/uploads\/2024\/02\/Sieste-1-scaled-500x249.jpg 500w, https:\/\/sites.ac-nancy-metz.fr\/dsden55\/wp-content\/uploads\/2024\/02\/Sieste-1-scaled-1000x498.jpg 1000w, https:\/\/sites.ac-nancy-metz.fr\/dsden55\/wp-content\/uploads\/2024\/02\/Sieste-1-scaled-1500x747.jpg 1500w, https:\/\/sites.ac-nancy-metz.fr\/dsden55\/wp-content\/uploads\/2024\/02\/Sieste-1-scaled-800x398.jpg 800w, https:\/\/sites.ac-nancy-metz.fr\/dsden55\/wp-content\/uploads\/2024\/02\/Sieste-1-scaled-1920x956.jpg 1920w, https:\/\/sites.ac-nancy-metz.fr\/dsden55\/wp-content\/uploads\/2024\/02\/Sieste-1-scaled-1320x657.jpg 1320w\" sizes=\"auto, (max-width: 1024px) 100vw, 1024px\" \/><\/noscript><img loading=\"eager\" decoding=\"async\" width=\"1024\" height=\"510\" src=\"https:\/\/sites.ac-nancy-metz.fr\/dsden55\/wp-content\/uploads\/2024\/02\/Sieste-1-scaled-1024x510.jpg\" alt class=\"wp-image-4767 size-full vp-lazyload\" srcset=\"data:image\/svg+xml;base64,PHN2ZyB3aWR0aD0iMTAyNCIgaGVpZ2h0PSI1MTAiIHZpZXdCb3g9IjAgMCAxMDI0IDUxMCIgZmlsbD0ibm9uZSIgeG1sbnM9Imh0dHA6Ly93d3cudzMub3JnLzIwMDAvc3ZnIj48L3N2Zz4=\" data-src=\"https:\/\/sites.ac-nancy-metz.fr\/dsden55\/wp-content\/uploads\/2024\/02\/Sieste-1-scaled-1024x510.jpg\" data-srcset=\"https:\/\/sites.ac-nancy-metz.fr\/dsden55\/wp-content\/uploads\/2024\/02\/Sieste-1-scaled-1024x510.jpg 1024w, https:\/\/sites.ac-nancy-metz.fr\/dsden55\/wp-content\/uploads\/2024\/02\/Sieste-1-scaled-300x149.jpg 300w, https:\/\/sites.ac-nancy-metz.fr\/dsden55\/wp-content\/uploads\/2024\/02\/Sieste-1-scaled-768x383.jpg 768w, https:\/\/sites.ac-nancy-metz.fr\/dsden55\/wp-content\/uploads\/2024\/02\/Sieste-1-scaled-1536x765.jpg 1536w, https:\/\/sites.ac-nancy-metz.fr\/dsden55\/wp-content\/uploads\/2024\/02\/Sieste-1-scaled-2048x1020.jpg 2048w, https:\/\/sites.ac-nancy-metz.fr\/dsden55\/wp-content\/uploads\/2024\/02\/Sieste-1-scaled-50x25.jpg 50w, https:\/\/sites.ac-nancy-metz.fr\/dsden55\/wp-content\/uploads\/2024\/02\/Sieste-1-scaled-500x249.jpg 500w, https:\/\/sites.ac-nancy-metz.fr\/dsden55\/wp-content\/uploads\/2024\/02\/Sieste-1-scaled-1000x498.jpg 1000w, https:\/\/sites.ac-nancy-metz.fr\/dsden55\/wp-content\/uploads\/2024\/02\/Sieste-1-scaled-1500x747.jpg 1500w, https:\/\/sites.ac-nancy-metz.fr\/dsden55\/wp-content\/uploads\/2024\/02\/Sieste-1-scaled-800x398.jpg 800w, https:\/\/sites.ac-nancy-metz.fr\/dsden55\/wp-content\/uploads\/2024\/02\/Sieste-1-scaled-1920x956.jpg 1920w, https:\/\/sites.ac-nancy-metz.fr\/dsden55\/wp-content\/uploads\/2024\/02\/Sieste-1-scaled-1320x657.jpg 1320w\" data-sizes=\"auto\"><\/a><\/figure><\/div>\n\n\n\n<div class=\"wp-block-columns is-layout-flex wp-container-core-columns-is-layout-9d6595d7 wp-block-columns-is-layout-flex\">\n<div class=\"wp-block-column is-layout-flow wp-block-column-is-layout-flow\">\n<div class=\"wp-block-media-text is-stacked-on-mobile has-light-green-cyan-to-vivid-green-cyan-gradient-background has-background has-x-large-font-size\" style=\"grid-template-columns:29% auto\"><figure class=\"wp-block-media-text__media\"><a href=\"https:\/\/sites.ac-nancy-metz.fr\/dsden55\/?page_id=5968\"><noscript><img loading=\"lazy\" decoding=\"async\" width=\"485\" height=\"438\" data-skip-lazy src=\"https:\/\/sites.ac-nancy-metz.fr\/dsden55\/wp-content\/uploads\/2025\/03\/Parents-485x438-1.jpg\" alt=\"\" class=\"wp-image-5981 size-full\" srcset=\"https:\/\/sites.ac-nancy-metz.fr\/dsden55\/wp-content\/uploads\/2025\/03\/Parents-485x438-1.jpg 485w, https:\/\/sites.ac-nancy-metz.fr\/dsden55\/wp-content\/uploads\/2025\/03\/Parents-485x438-1-300x271.jpg 300w, https:\/\/sites.ac-nancy-metz.fr\/dsden55\/wp-content\/uploads\/2025\/03\/Parents-485x438-1-50x45.jpg 50w\" sizes=\"auto, (max-width: 485px) 100vw, 485px\" \/><\/noscript><img loading=\"eager\" decoding=\"async\" width=\"485\" height=\"438\" src=\"https:\/\/sites.ac-nancy-metz.fr\/dsden55\/wp-content\/uploads\/2025\/03\/Parents-485x438-1.jpg\" alt class=\"wp-image-5981 size-full vp-lazyload\" srcset=\"data:image\/svg+xml;base64,PHN2ZyB3aWR0aD0iNDg1IiBoZWlnaHQ9IjQzOCIgdmlld0JveD0iMCAwIDQ4NSA0MzgiIGZpbGw9Im5vbmUiIHhtbG5zPSJodHRwOi8vd3d3LnczLm9yZy8yMDAwL3N2ZyI+PC9zdmc+\" data-src=\"https:\/\/sites.ac-nancy-metz.fr\/dsden55\/wp-content\/uploads\/2025\/03\/Parents-485x438-1.jpg\" data-srcset=\"https:\/\/sites.ac-nancy-metz.fr\/dsden55\/wp-content\/uploads\/2025\/03\/Parents-485x438-1.jpg 485w, https:\/\/sites.ac-nancy-metz.fr\/dsden55\/wp-content\/uploads\/2025\/03\/Parents-485x438-1-300x271.jpg 300w, https:\/\/sites.ac-nancy-metz.fr\/dsden55\/wp-content\/uploads\/2025\/03\/Parents-485x438-1-50x45.jpg 50w\" data-sizes=\"auto\"><\/a><\/figure><div class=\"wp-block-media-text__content\">\n<p class=\"has-text-align-center has-x-large-font-size\"><strong>Espace parents<\/strong><\/p>\n<\/div><\/div>\n<\/div>\n<\/div>\n\n\n\n<div class=\"wp-block-media-text is-stacked-on-mobile has-luminous-vivid-amber-background-color has-background\" style=\"grid-template-columns:44% auto\"><figure class=\"wp-block-media-text__media\"><a href=\"https:\/\/ageem.org\/ressources\/lancement-congre-poitiers\/\" target=\"_blank\" rel=\" noreferrer noopener\"><noscript><img loading=\"lazy\" decoding=\"async\" width=\"384\" height=\"230\" data-skip-lazy src=\"https:\/\/sites.ac-nancy-metz.fr\/dsden55\/wp-content\/uploads\/2025\/09\/Photo-Poitiers.png\" alt=\"\" class=\"wp-image-6899 size-full\" srcset=\"https:\/\/sites.ac-nancy-metz.fr\/dsden55\/wp-content\/uploads\/2025\/09\/Photo-Poitiers.png 384w, https:\/\/sites.ac-nancy-metz.fr\/dsden55\/wp-content\/uploads\/2025\/09\/Photo-Poitiers-300x180.png 300w, https:\/\/sites.ac-nancy-metz.fr\/dsden55\/wp-content\/uploads\/2025\/09\/Photo-Poitiers-50x30.png 50w\" sizes=\"auto, (max-width: 384px) 100vw, 384px\" \/><\/noscript><img loading=\"eager\" decoding=\"async\" width=\"384\" height=\"230\" src=\"https:\/\/sites.ac-nancy-metz.fr\/dsden55\/wp-content\/uploads\/2025\/09\/Photo-Poitiers.png\" alt class=\"wp-image-6899 size-full vp-lazyload\" srcset=\"data:image\/svg+xml;base64,PHN2ZyB3aWR0aD0iMzg0IiBoZWlnaHQ9IjIzMCIgdmlld0JveD0iMCAwIDM4NCAyMzAiIGZpbGw9Im5vbmUiIHhtbG5zPSJodHRwOi8vd3d3LnczLm9yZy8yMDAwL3N2ZyI+PC9zdmc+\" data-src=\"https:\/\/sites.ac-nancy-metz.fr\/dsden55\/wp-content\/uploads\/2025\/09\/Photo-Poitiers.png\" data-srcset=\"https:\/\/sites.ac-nancy-metz.fr\/dsden55\/wp-content\/uploads\/2025\/09\/Photo-Poitiers.png 384w, https:\/\/sites.ac-nancy-metz.fr\/dsden55\/wp-content\/uploads\/2025\/09\/Photo-Poitiers-300x180.png 300w, https:\/\/sites.ac-nancy-metz.fr\/dsden55\/wp-content\/uploads\/2025\/09\/Photo-Poitiers-50x30.png 50w\" data-sizes=\"auto\"><\/a><\/figure><div class=\"wp-block-media-text__content\">\n<p class=\"has-text-align-center has-black-color has-text-color has-link-color has-medium-font-size wp-elements-5a5b39e49a76d5d308547631e8c73b3a\"><strong>Congr\u00e8s AGEEM 2026<\/strong><\/p>\n\n\n\n<p class=\"has-white-color has-text-color has-link-color has-medium-font-size wp-elements-78a66e50829c04839eb6ba15d62f89da\"><a href=\"https:\/\/ageem.org\/ressources\/lancement-congre-poitiers\/\" target=\"_blank\" rel=\"noreferrer noopener\"><strong>99\u00e8me congr\u00e8s  &#8211; Du 3 au 5 Juillet 2026<\/strong><\/a><\/p>\n\n\n\n<p class=\"has-white-color has-text-color has-link-color has-medium-font-size wp-elements-e0b7e2010d07b361243b05133e61618d\"><strong><em>\u00ab\u00a0Apprendre \u00e0 l&rsquo;\u00e9cole Maternelle \u00e0 partir des situations probl\u00e8mes\u00a0\u00bb<\/em><\/strong><\/p>\n\n\n\n<p class=\"has-white-color has-text-color has-link-color has-medium-font-size wp-elements-dc1b18b0da8f6d7daa5d37b79a36dc01\"><\/p>\n<\/div><\/div>\n\n\n\n<p><\/p>\n\n\n\n<div class=\"wp-block-media-text has-media-on-the-right is-stacked-on-mobile is-vertically-aligned-top has-luminous-vivid-amber-to-luminous-vivid-orange-gradient-background has-background\" style=\"grid-template-columns:auto 15%\"><div class=\"wp-block-media-text__content\">\n<p><strong>Mercredi 18 mars 2026 &#8211; Journ\u00e9e acad\u00e9mique (Lieu \u00e0 confirmer)<\/strong><\/p>\n\n\n\n<p>Avec l&rsquo;intervention de Ga\u00e9tan DUPREY, IEN Maternelle des Vosges, suivie d&rsquo;ateliers <em>Situation probl\u00e8mes en EPS, arts, vivre ensemble (CPS) et sciences<\/em>. <\/p>\n\n\n\n<p><strong>Mercredi 3 juin 2026 \u00e0 EIX <\/strong><\/p>\n\n\n\n<p><em>Classe dehors Explorer une mare p\u00e9dagogique<\/em>, avec Aude PICARD, ERUN de STENAY.<\/p>\n\n\n\n<p class=\"has-text-align-center\">D\u00e9l\u00e9gu\u00e9e de section 55 : Estelle RIVA-DOPFF estelle.dopff@ac-nancy-metz.fr<\/p>\n\n\n\n<p><strong>RESSOURCES AGEEM<\/strong><\/p>\n\n\n\n<p class=\"has-white-color has-text-color has-link-color wp-elements-a6982576400f10b041b8e398a264a391\"><strong><a href=\"https:\/\/sites.ac-nancy-metz.fr\/dsden55\/wp-content\/uploads\/2025\/10\/LA-CONTINENCE-AGEEM-1.pdf\" target=\"_blank\" rel=\"noreferrer noopener\">L&rsquo;acquisition psychomotrice de la continence<\/a> <\/strong><\/p>\n\n\n\n<p class=\"has-white-color has-text-color has-link-color wp-elements-844da9cb2deb2f4baaa4cae7a412f9a6\"><a href=\"https:\/\/sites.ac-nancy-metz.fr\/dsden55\/wp-content\/uploads\/2025\/10\/DOCUMENT-AGEEM-SIESTE-1.pdf\" target=\"_blank\" rel=\"noreferrer noopener\"><strong>Le sommeil : un levier pour la r\u00e9ussite de tous les \u00e9l\u00e8ves<\/strong><\/a><\/p>\n\n\n\n<p><\/p>\n<\/div><figure class=\"wp-block-media-text__media\"><noscript><img loading=\"lazy\" decoding=\"async\" width=\"539\" height=\"184\" data-skip-lazy src=\"https:\/\/sites.ac-nancy-metz.fr\/dsden55\/wp-content\/uploads\/2025\/09\/Logo-Ageem.png\" alt=\"\" class=\"wp-image-6904 size-full\" srcset=\"https:\/\/sites.ac-nancy-metz.fr\/dsden55\/wp-content\/uploads\/2025\/09\/Logo-Ageem.png 539w, https:\/\/sites.ac-nancy-metz.fr\/dsden55\/wp-content\/uploads\/2025\/09\/Logo-Ageem-300x102.png 300w, https:\/\/sites.ac-nancy-metz.fr\/dsden55\/wp-content\/uploads\/2025\/09\/Logo-Ageem-50x17.png 50w, https:\/\/sites.ac-nancy-metz.fr\/dsden55\/wp-content\/uploads\/2025\/09\/Logo-Ageem-500x171.png 500w\" sizes=\"auto, (max-width: 539px) 100vw, 539px\" \/><\/noscript><img loading=\"eager\" decoding=\"async\" width=\"539\" height=\"184\" src=\"https:\/\/sites.ac-nancy-metz.fr\/dsden55\/wp-content\/uploads\/2025\/09\/Logo-Ageem.png\" alt class=\"wp-image-6904 size-full vp-lazyload\" srcset=\"data:image\/svg+xml;base64,PHN2ZyB3aWR0aD0iNTM5IiBoZWlnaHQ9IjE4NCIgdmlld0JveD0iMCAwIDUzOSAxODQiIGZpbGw9Im5vbmUiIHhtbG5zPSJodHRwOi8vd3d3LnczLm9yZy8yMDAwL3N2ZyI+PC9zdmc+\" data-src=\"https:\/\/sites.ac-nancy-metz.fr\/dsden55\/wp-content\/uploads\/2025\/09\/Logo-Ageem.png\" data-srcset=\"https:\/\/sites.ac-nancy-metz.fr\/dsden55\/wp-content\/uploads\/2025\/09\/Logo-Ageem.png 539w, https:\/\/sites.ac-nancy-metz.fr\/dsden55\/wp-content\/uploads\/2025\/09\/Logo-Ageem-300x102.png 300w, https:\/\/sites.ac-nancy-metz.fr\/dsden55\/wp-content\/uploads\/2025\/09\/Logo-Ageem-50x17.png 50w, https:\/\/sites.ac-nancy-metz.fr\/dsden55\/wp-content\/uploads\/2025\/09\/Logo-Ageem-500x171.png 500w\" data-sizes=\"auto\"><\/figure><\/div>\n\n\n\n<p><\/p>\n\n\n\n<p><\/p>\n\n\n\n<p><\/p>\n\n\n\n<p><\/p>\n","protected":false},"excerpt":{"rendered":"<div class=\"mh-excerpt\"><p>Semaine de la Maternelle 2025-2026 Programmes, Guides, Ressources de la Maternelle Actualit\u00e9s \/ Calendrier de la MATERNELLE Instruction obligatoire \u00e0 3 ans Le sommeil en <a class=\"mh-excerpt-more\" href=\"https:\/\/sites.ac-nancy-metz.fr\/dsden55\/?page_id=257\" title=\"MATERNELLE\">[&#8230;]<\/a><\/p>\n<\/div>","protected":false},"author":1,"featured_media":0,"parent":0,"menu_order":0,"comment_status":"closed","ping_status":"closed","template":"template-full.php","meta":{"_acf_changed":false,"_vp_format_video_url":"","_vp_image_focal_point":[],"footnotes":""},"class_list":["post-257","page","type-page","status-publish","hentry"],"acf":[],"jetpack_sharing_enabled":true,"_links":{"self":[{"href":"https:\/\/sites.ac-nancy-metz.fr\/dsden55\/index.php?rest_route=\/wp\/v2\/pages\/257","targetHints":{"allow":["GET"]}}],"collection":[{"href":"https:\/\/sites.ac-nancy-metz.fr\/dsden55\/index.php?rest_route=\/wp\/v2\/pages"}],"about":[{"href":"https:\/\/sites.ac-nancy-metz.fr\/dsden55\/index.php?rest_route=\/wp\/v2\/types\/page"}],"author":[{"embeddable":true,"href":"https:\/\/sites.ac-nancy-metz.fr\/dsden55\/index.php?rest_route=\/wp\/v2\/users\/1"}],"replies":[{"embeddable":true,"href":"https:\/\/sites.ac-nancy-metz.fr\/dsden55\/index.php?rest_route=%2Fwp%2Fv2%2Fcomments&post=257"}],"version-history":[{"count":215,"href":"https:\/\/sites.ac-nancy-metz.fr\/dsden55\/index.php?rest_route=\/wp\/v2\/pages\/257\/revisions"}],"predecessor-version":[{"id":7276,"href":"https:\/\/sites.ac-nancy-metz.fr\/dsden55\/index.php?rest_route=\/wp\/v2\/pages\/257\/revisions\/7276"}],"wp:attachment":[{"href":"https:\/\/sites.ac-nancy-metz.fr\/dsden55\/index.php?rest_route=%2Fwp%2Fv2%2Fmedia&parent=257"}],"curies":[{"name":"wp","href":"https:\/\/api.w.org\/{rel}","templated":true}]}}