{"id":261,"date":"2022-01-19T09:41:16","date_gmt":"2022-01-19T08:41:16","guid":{"rendered":"https:\/\/sites.ac-nancy-metz.fr\/dsden55\/?page_id=261"},"modified":"2025-02-07T15:43:45","modified_gmt":"2025-02-07T14:43:45","slug":"formation-continue","status":"publish","type":"page","link":"https:\/\/sites.ac-nancy-metz.fr\/dsden55\/?page_id=261","title":{"rendered":"FORMATION CONTINUE"},"content":{"rendered":"\n<div class=\"wp-block-media-text alignwide has-media-on-the-right is-stacked-on-mobile has-white-color has-text-color has-background\" style=\"background-color:#2a2a2a;grid-template-columns:auto 31%\"><div class=\"wp-block-media-text__content\">\n<p><\/p>\n\n\n\n<ul style=\"font-size:15px\" class=\"wp-block-list\">\n<li><a href=\"https:\/\/www.devenirenseignant.gouv.fr\/decouvrir-les-metiers-1151\">D\u00e9couvrir les m\u00e9tiers de l&rsquo;enseignement<\/a><\/li>\n\n\n\n<li><a href=\"https:\/\/magistere.education.fr\/dgesco\/course\/view.php?id=2432\" target=\"_blank\" rel=\"noreferrer noopener\">Enseigner dans le premier degr\u00e9 : accompagnement \u00e0 la prise de poste (Parcours M@gist\u00e8re en auto-inscription)<\/a><\/li>\n\n\n\n<li><a href=\"https:\/\/sites.ac-nancy-metz.fr\/dsden55\/?p=398\">Pr\u00e9parer l&rsquo;entretien liste aptitude directeur de plus de 2 classes<\/a><\/li>\n\n\n\n<li><a href=\"https:\/\/www.reseau-canope.fr\/academie-de-nancy-metz\/atelier-canope-55-verdun.html\/#agenda\" target=\"_blank\" rel=\"noreferrer noopener\">Offre de formation atelier CANOPE 55<\/a><\/li>\n\n\n\n<li><a href=\"https:\/\/www.ac-nancy-metz.fr\/EAFC\" target=\"_blank\" rel=\"noreferrer noopener\">\u00c9cole acad\u00e9mique de la formation continue<\/a><\/li>\n\n\n\n<li><a href=\"https:\/\/www.devenirenseignant.gouv.fr\/une-formation-tout-au-long-de-la-vie-181\">Une formation tout au long de la vie<\/a><\/li>\n<\/ul>\n<\/div><figure class=\"wp-block-media-text__media\"><noscript><img loading=\"lazy\" decoding=\"async\" width=\"752\" height=\"433\" data-skip-lazy src=\"https:\/\/sites.ac-nancy-metz.fr\/dsden55\/wp-content\/uploads\/2022\/03\/Actions-de-formation.jpg\" alt=\"\" class=\"wp-image-693 size-full\" srcset=\"https:\/\/sites.ac-nancy-metz.fr\/dsden55\/wp-content\/uploads\/2022\/03\/Actions-de-formation.jpg 752w, https:\/\/sites.ac-nancy-metz.fr\/dsden55\/wp-content\/uploads\/2022\/03\/Actions-de-formation-80x46.jpg 80w, https:\/\/sites.ac-nancy-metz.fr\/dsden55\/wp-content\/uploads\/2022\/03\/Actions-de-formation-100x58.jpg 100w, https:\/\/sites.ac-nancy-metz.fr\/dsden55\/wp-content\/uploads\/2022\/03\/Actions-de-formation-500x288.jpg 500w, https:\/\/sites.ac-nancy-metz.fr\/dsden55\/wp-content\/uploads\/2022\/03\/Actions-de-formation-678x390.jpg 678w, https:\/\/sites.ac-nancy-metz.fr\/dsden55\/wp-content\/uploads\/2022\/03\/Actions-de-formation-300x173.jpg 300w, https:\/\/sites.ac-nancy-metz.fr\/dsden55\/wp-content\/uploads\/2022\/03\/Actions-de-formation-750x433.jpg 750w\" sizes=\"auto, (max-width: 752px) 100vw, 752px\" \/><\/noscript><img loading=\"eager\" decoding=\"async\" width=\"752\" height=\"433\" src=\"https:\/\/sites.ac-nancy-metz.fr\/dsden55\/wp-content\/uploads\/2022\/03\/Actions-de-formation.jpg\" alt class=\"wp-image-693 size-full vp-lazyload\" srcset=\"data:image\/svg+xml;base64,PHN2ZyB3aWR0aD0iNzUyIiBoZWlnaHQ9IjQzMyIgdmlld0JveD0iMCAwIDc1MiA0MzMiIGZpbGw9Im5vbmUiIHhtbG5zPSJodHRwOi8vd3d3LnczLm9yZy8yMDAwL3N2ZyI+PC9zdmc+\" data-src=\"https:\/\/sites.ac-nancy-metz.fr\/dsden55\/wp-content\/uploads\/2022\/03\/Actions-de-formation.jpg\" data-srcset=\"https:\/\/sites.ac-nancy-metz.fr\/dsden55\/wp-content\/uploads\/2022\/03\/Actions-de-formation.jpg 752w, https:\/\/sites.ac-nancy-metz.fr\/dsden55\/wp-content\/uploads\/2022\/03\/Actions-de-formation-80x46.jpg 80w, https:\/\/sites.ac-nancy-metz.fr\/dsden55\/wp-content\/uploads\/2022\/03\/Actions-de-formation-100x58.jpg 100w, https:\/\/sites.ac-nancy-metz.fr\/dsden55\/wp-content\/uploads\/2022\/03\/Actions-de-formation-500x288.jpg 500w, https:\/\/sites.ac-nancy-metz.fr\/dsden55\/wp-content\/uploads\/2022\/03\/Actions-de-formation-678x390.jpg 678w, https:\/\/sites.ac-nancy-metz.fr\/dsden55\/wp-content\/uploads\/2022\/03\/Actions-de-formation-300x173.jpg 300w, https:\/\/sites.ac-nancy-metz.fr\/dsden55\/wp-content\/uploads\/2022\/03\/Actions-de-formation-750x433.jpg 750w\" data-sizes=\"auto\"><\/figure><\/div>\n\n\n\n<p><\/p>\n\n\n<form role=\"search\" method=\"get\" action=\"https:\/\/sites.ac-nancy-metz.fr\/dsden55\/\" class=\"wp-block-search__button-inside wp-block-search__text-button alignright wp-block-search\"    ><label class=\"wp-block-search__label screen-reader-text\" for=\"wp-block-search__input-1\" >Rechercher<\/label><div class=\"wp-block-search__inside-wrapper\" ><input class=\"wp-block-search__input\" id=\"wp-block-search__input-1\" placeholder=\"\" value=\"\" type=\"search\" name=\"s\" required \/><button aria-label=\"Rechercher\" class=\"wp-block-search__button wp-element-button\" type=\"submit\" >Rechercher<\/button><\/div><\/form>","protected":false},"excerpt":{"rendered":"<div class=\"mh-excerpt\"><\/div>","protected":false},"author":1,"featured_media":0,"parent":0,"menu_order":0,"comment_status":"closed","ping_status":"closed","template":"template-full.php","meta":{"_acf_changed":false,"_vp_format_video_url":"","_vp_image_focal_point":[],"footnotes":""},"class_list":["post-261","page","type-page","status-publish","hentry"],"acf":[],"jetpack_sharing_enabled":true,"_links":{"self":[{"href":"https:\/\/sites.ac-nancy-metz.fr\/dsden55\/index.php?rest_route=\/wp\/v2\/pages\/261","targetHints":{"allow":["GET"]}}],"collection":[{"href":"https:\/\/sites.ac-nancy-metz.fr\/dsden55\/index.php?rest_route=\/wp\/v2\/pages"}],"about":[{"href":"https:\/\/sites.ac-nancy-metz.fr\/dsden55\/index.php?rest_route=\/wp\/v2\/types\/page"}],"author":[{"embeddable":true,"href":"https:\/\/sites.ac-nancy-metz.fr\/dsden55\/index.php?rest_route=\/wp\/v2\/users\/1"}],"replies":[{"embeddable":true,"href":"https:\/\/sites.ac-nancy-metz.fr\/dsden55\/index.php?rest_route=%2Fwp%2Fv2%2Fcomments&post=261"}],"version-history":[{"count":45,"href":"https:\/\/sites.ac-nancy-metz.fr\/dsden55\/index.php?rest_route=\/wp\/v2\/pages\/261\/revisions"}],"predecessor-version":[{"id":5585,"href":"https:\/\/sites.ac-nancy-metz.fr\/dsden55\/index.php?rest_route=\/wp\/v2\/pages\/261\/revisions\/5585"}],"wp:attachment":[{"href":"https:\/\/sites.ac-nancy-metz.fr\/dsden55\/index.php?rest_route=%2Fwp%2Fv2%2Fmedia&parent=261"}],"curies":[{"name":"wp","href":"https:\/\/api.w.org\/{rel}","templated":true}]}}