{"id":3252,"date":"2022-06-17T17:03:35","date_gmt":"2022-06-17T15:03:35","guid":{"rendered":"https:\/\/sites.ac-nancy-metz.fr\/dsden55\/?page_id=3252"},"modified":"2022-06-28T17:40:26","modified_gmt":"2022-06-28T15:40:26","slug":"arts-projets-documents-institutionnels","status":"publish","type":"page","link":"https:\/\/sites.ac-nancy-metz.fr\/dsden55\/?page_id=3252","title":{"rendered":"Arts : projets, documents institutionnels"},"content":{"rendered":"\n<div class=\"wp-block-media-text alignwide has-media-on-the-right is-stacked-on-mobile has-white-color has-text-color has-background\" style=\"background-color:#2a2a2a;grid-template-columns:auto 40%\"><figure class=\"wp-block-media-text__media\"><a href=\"https:\/\/sites.ac-nancy-metz.fr\/dsden55\/?page_id=214\"><noscript><img loading=\"lazy\" decoding=\"async\" width=\"624\" height=\"300\" data-skip-lazy src=\"https:\/\/sites.ac-nancy-metz.fr\/dsden55\/wp-content\/uploads\/2022\/06\/artsacc.jpg\" alt=\"\" class=\"wp-image-3690 size-full\" srcset=\"https:\/\/sites.ac-nancy-metz.fr\/dsden55\/wp-content\/uploads\/2022\/06\/artsacc.jpg 624w, https:\/\/sites.ac-nancy-metz.fr\/dsden55\/wp-content\/uploads\/2022\/06\/artsacc-300x144.jpg 300w, https:\/\/sites.ac-nancy-metz.fr\/dsden55\/wp-content\/uploads\/2022\/06\/artsacc-50x24.jpg 50w, https:\/\/sites.ac-nancy-metz.fr\/dsden55\/wp-content\/uploads\/2022\/06\/artsacc-500x240.jpg 500w\" sizes=\"auto, (max-width: 624px) 100vw, 624px\" \/><\/noscript><img loading=\"eager\" decoding=\"async\" width=\"624\" height=\"300\" src=\"https:\/\/sites.ac-nancy-metz.fr\/dsden55\/wp-content\/uploads\/2022\/06\/artsacc.jpg\" alt class=\"wp-image-3690 size-full vp-lazyload\" srcset=\"data:image\/svg+xml;base64,PHN2ZyB3aWR0aD0iNjI0IiBoZWlnaHQ9IjMwMCIgdmlld0JveD0iMCAwIDYyNCAzMDAiIGZpbGw9Im5vbmUiIHhtbG5zPSJodHRwOi8vd3d3LnczLm9yZy8yMDAwL3N2ZyI+PC9zdmc+\" data-src=\"https:\/\/sites.ac-nancy-metz.fr\/dsden55\/wp-content\/uploads\/2022\/06\/artsacc.jpg\" data-srcset=\"https:\/\/sites.ac-nancy-metz.fr\/dsden55\/wp-content\/uploads\/2022\/06\/artsacc.jpg 624w, https:\/\/sites.ac-nancy-metz.fr\/dsden55\/wp-content\/uploads\/2022\/06\/artsacc-300x144.jpg 300w, https:\/\/sites.ac-nancy-metz.fr\/dsden55\/wp-content\/uploads\/2022\/06\/artsacc-50x24.jpg 50w, https:\/\/sites.ac-nancy-metz.fr\/dsden55\/wp-content\/uploads\/2022\/06\/artsacc-500x240.jpg 500w\" data-sizes=\"auto\"><\/a><\/figure><div class=\"wp-block-media-text__content\">\n<ul class=\"wp-block-list\" style=\"font-size:15px\"><li><a href=\"https:\/\/sites.ac-nancy-metz.fr\/dsden55\/?cat=59\">Documents institutionnels &#8211; Textes de r\u00e9f\u00e9rence<\/a><\/li><li><a href=\"https:\/\/sites.ac-nancy-metz.fr\/dsden55\/?cat=61\">Parcours d&rsquo;\u00e9ducation artistique et culturel (PEAC)<\/a><\/li><li><a href=\"https:\/\/sites.ac-nancy-metz.fr\/dsden55\/?cat=62\">Elaborer un projet artistiques (appli. ADAGE, formulaires administratifs, &#8230;)<\/a> <\/li><li><a href=\"https:\/\/sites.ac-nancy-metz.fr\/dsden55\/?cat=67\">Projets men\u00e9s dans le d\u00e9partement<\/a> <\/li><li><a href=\"https:\/\/sites.ac-nancy-metz.fr\/dsden55\/?cat=68\">Cr\u00e9ation en Cours<\/a><\/li><\/ul>\n<\/div><\/div>\n\n\n\n<p><\/p>\n\n\n<form role=\"search\" method=\"get\" action=\"https:\/\/sites.ac-nancy-metz.fr\/dsden55\/\" class=\"wp-block-search__button-inside wp-block-search__text-button alignright wp-block-search\"    ><label class=\"wp-block-search__label screen-reader-text\" for=\"wp-block-search__input-1\" >Rechercher<\/label><div class=\"wp-block-search__inside-wrapper\" ><input class=\"wp-block-search__input\" id=\"wp-block-search__input-1\" placeholder=\"\" value=\"\" type=\"search\" name=\"s\" required \/><button aria-label=\"Rechercher\" class=\"wp-block-search__button wp-element-button\" type=\"submit\" >Rechercher<\/button><\/div><\/form>","protected":false},"excerpt":{"rendered":"<div class=\"mh-excerpt\"><p>Documents institutionnels &#8211; Textes de r\u00e9f\u00e9rence Parcours d&rsquo;\u00e9ducation artistique et culturel (PEAC) Elaborer un projet artistiques (appli. ADAGE, formulaires administratifs, &#8230;) Projets men\u00e9s dans le <a class=\"mh-excerpt-more\" href=\"https:\/\/sites.ac-nancy-metz.fr\/dsden55\/?page_id=3252\" title=\"Arts : projets, documents institutionnels\">[&#8230;]<\/a><\/p>\n<\/div>","protected":false},"author":1,"featured_media":0,"parent":0,"menu_order":0,"comment_status":"closed","ping_status":"closed","template":"template-full.php","meta":{"_acf_changed":false,"_vp_format_video_url":"","_vp_image_focal_point":[],"footnotes":""},"class_list":["post-3252","page","type-page","status-publish","hentry"],"acf":[],"jetpack_sharing_enabled":true,"_links":{"self":[{"href":"https:\/\/sites.ac-nancy-metz.fr\/dsden55\/index.php?rest_route=\/wp\/v2\/pages\/3252","targetHints":{"allow":["GET"]}}],"collection":[{"href":"https:\/\/sites.ac-nancy-metz.fr\/dsden55\/index.php?rest_route=\/wp\/v2\/pages"}],"about":[{"href":"https:\/\/sites.ac-nancy-metz.fr\/dsden55\/index.php?rest_route=\/wp\/v2\/types\/page"}],"author":[{"embeddable":true,"href":"https:\/\/sites.ac-nancy-metz.fr\/dsden55\/index.php?rest_route=\/wp\/v2\/users\/1"}],"replies":[{"embeddable":true,"href":"https:\/\/sites.ac-nancy-metz.fr\/dsden55\/index.php?rest_route=%2Fwp%2Fv2%2Fcomments&post=3252"}],"version-history":[{"count":6,"href":"https:\/\/sites.ac-nancy-metz.fr\/dsden55\/index.php?rest_route=\/wp\/v2\/pages\/3252\/revisions"}],"predecessor-version":[{"id":3691,"href":"https:\/\/sites.ac-nancy-metz.fr\/dsden55\/index.php?rest_route=\/wp\/v2\/pages\/3252\/revisions\/3691"}],"wp:attachment":[{"href":"https:\/\/sites.ac-nancy-metz.fr\/dsden55\/index.php?rest_route=%2Fwp%2Fv2%2Fmedia&parent=3252"}],"curies":[{"name":"wp","href":"https:\/\/api.w.org\/{rel}","templated":true}]}}