{"id":3260,"date":"2022-06-17T17:18:43","date_gmt":"2022-06-17T15:18:43","guid":{"rendered":"https:\/\/sites.ac-nancy-metz.fr\/dsden55\/?page_id=3260"},"modified":"2024-12-06T16:03:22","modified_gmt":"2024-12-06T15:03:22","slug":"education-musicale","status":"publish","type":"page","link":"https:\/\/sites.ac-nancy-metz.fr\/dsden55\/?page_id=3260","title":{"rendered":"\u00c9ducation musicale"},"content":{"rendered":"\n<div class=\"wp-block-media-text alignwide has-media-on-the-right is-stacked-on-mobile has-white-color has-text-color has-background\" style=\"background-color:#2a2a2a;grid-template-columns:auto 35%\"><div class=\"wp-block-media-text__content\">\n<ul style=\"font-size:15px\" class=\"wp-block-list\">\n<li><a href=\"https:\/\/sites.ac-nancy-metz.fr\/dsden55\/?p=108\">Contacter la conseill\u00e8re p\u00e9dagogique \u00e9ducation musicale<\/a> <\/li>\n\n\n\n<li><a href=\"https:\/\/sites.ac-nancy-metz.fr\/dsden55\/?cat=8\">Ch\u0153ur de l\u2019\u00e9ducation nationale 2024-2025<\/a><\/li>\n\n\n\n<li><a href=\"https:\/\/sites.ac-nancy-metz.fr\/dsden55\/?cat=57\">Ressources<\/a><\/li>\n\n\n\n<li><a href=\"https:\/\/sites.ac-nancy-metz.fr\/dsden55\/?cat=58\">Sites incontournables<\/a><\/li>\n<\/ul>\n<\/div><figure class=\"wp-block-media-text__media\"><a href=\"https:\/\/sites.ac-nancy-metz.fr\/dsden55\/?page_id=214\"><noscript><img loading=\"lazy\" decoding=\"async\" width=\"391\" height=\"295\" data-skip-lazy src=\"https:\/\/sites.ac-nancy-metz.fr\/dsden55\/wp-content\/uploads\/2022\/06\/musique-1.jpg\" alt=\"\" class=\"wp-image-3684 size-full\" srcset=\"https:\/\/sites.ac-nancy-metz.fr\/dsden55\/wp-content\/uploads\/2022\/06\/musique-1.jpg 391w, https:\/\/sites.ac-nancy-metz.fr\/dsden55\/wp-content\/uploads\/2022\/06\/musique-1-300x226.jpg 300w, https:\/\/sites.ac-nancy-metz.fr\/dsden55\/wp-content\/uploads\/2022\/06\/musique-1-50x38.jpg 50w, https:\/\/sites.ac-nancy-metz.fr\/dsden55\/wp-content\/uploads\/2022\/06\/musique-1-326x245.jpg 326w, https:\/\/sites.ac-nancy-metz.fr\/dsden55\/wp-content\/uploads\/2022\/06\/musique-1-80x60.jpg 80w\" sizes=\"auto, (max-width: 391px) 100vw, 391px\" \/><\/noscript><img loading=\"eager\" decoding=\"async\" width=\"391\" height=\"295\" src=\"https:\/\/sites.ac-nancy-metz.fr\/dsden55\/wp-content\/uploads\/2022\/06\/musique-1.jpg\" alt class=\"wp-image-3684 size-full vp-lazyload\" srcset=\"data:image\/svg+xml;base64,PHN2ZyB3aWR0aD0iMzkxIiBoZWlnaHQ9IjI5NSIgdmlld0JveD0iMCAwIDM5MSAyOTUiIGZpbGw9Im5vbmUiIHhtbG5zPSJodHRwOi8vd3d3LnczLm9yZy8yMDAwL3N2ZyI+PC9zdmc+\" data-src=\"https:\/\/sites.ac-nancy-metz.fr\/dsden55\/wp-content\/uploads\/2022\/06\/musique-1.jpg\" data-srcset=\"https:\/\/sites.ac-nancy-metz.fr\/dsden55\/wp-content\/uploads\/2022\/06\/musique-1.jpg 391w, https:\/\/sites.ac-nancy-metz.fr\/dsden55\/wp-content\/uploads\/2022\/06\/musique-1-300x226.jpg 300w, https:\/\/sites.ac-nancy-metz.fr\/dsden55\/wp-content\/uploads\/2022\/06\/musique-1-50x38.jpg 50w, https:\/\/sites.ac-nancy-metz.fr\/dsden55\/wp-content\/uploads\/2022\/06\/musique-1-326x245.jpg 326w, https:\/\/sites.ac-nancy-metz.fr\/dsden55\/wp-content\/uploads\/2022\/06\/musique-1-80x60.jpg 80w\" data-sizes=\"auto\"><\/a><\/figure><\/div>\n\n\n\n<p><\/p>\n\n\n<form role=\"search\" method=\"get\" action=\"https:\/\/sites.ac-nancy-metz.fr\/dsden55\/\" class=\"wp-block-search__button-inside wp-block-search__text-button alignright wp-block-search\"    ><label class=\"wp-block-search__label screen-reader-text\" for=\"wp-block-search__input-1\" >Rechercher<\/label><div class=\"wp-block-search__inside-wrapper\" ><input class=\"wp-block-search__input\" id=\"wp-block-search__input-1\" placeholder=\"\" value=\"\" type=\"search\" name=\"s\" required \/><button aria-label=\"Rechercher\" class=\"wp-block-search__button wp-element-button\" type=\"submit\" >Rechercher<\/button><\/div><\/form>","protected":false},"excerpt":{"rendered":"<div class=\"mh-excerpt\"><\/div>","protected":false},"author":1,"featured_media":0,"parent":0,"menu_order":0,"comment_status":"closed","ping_status":"closed","template":"template-full.php","meta":{"_acf_changed":false,"_vp_format_video_url":"","_vp_image_focal_point":[],"footnotes":""},"class_list":["post-3260","page","type-page","status-publish","hentry"],"acf":[],"jetpack_sharing_enabled":true,"_links":{"self":[{"href":"https:\/\/sites.ac-nancy-metz.fr\/dsden55\/index.php?rest_route=\/wp\/v2\/pages\/3260","targetHints":{"allow":["GET"]}}],"collection":[{"href":"https:\/\/sites.ac-nancy-metz.fr\/dsden55\/index.php?rest_route=\/wp\/v2\/pages"}],"about":[{"href":"https:\/\/sites.ac-nancy-metz.fr\/dsden55\/index.php?rest_route=\/wp\/v2\/types\/page"}],"author":[{"embeddable":true,"href":"https:\/\/sites.ac-nancy-metz.fr\/dsden55\/index.php?rest_route=\/wp\/v2\/users\/1"}],"replies":[{"embeddable":true,"href":"https:\/\/sites.ac-nancy-metz.fr\/dsden55\/index.php?rest_route=%2Fwp%2Fv2%2Fcomments&post=3260"}],"version-history":[{"count":6,"href":"https:\/\/sites.ac-nancy-metz.fr\/dsden55\/index.php?rest_route=\/wp\/v2\/pages\/3260\/revisions"}],"predecessor-version":[{"id":5242,"href":"https:\/\/sites.ac-nancy-metz.fr\/dsden55\/index.php?rest_route=\/wp\/v2\/pages\/3260\/revisions\/5242"}],"wp:attachment":[{"href":"https:\/\/sites.ac-nancy-metz.fr\/dsden55\/index.php?rest_route=%2Fwp%2Fv2%2Fmedia&parent=3260"}],"curies":[{"name":"wp","href":"https:\/\/api.w.org\/{rel}","templated":true}]}}