{"id":3419,"date":"2022-06-23T17:44:40","date_gmt":"2022-06-23T15:44:40","guid":{"rendered":"https:\/\/sites.ac-nancy-metz.fr\/dsden55\/?page_id=3419"},"modified":"2026-01-22T23:57:11","modified_gmt":"2026-01-22T22:57:11","slug":"pilotage-pedagogique","status":"publish","type":"page","link":"https:\/\/sites.ac-nancy-metz.fr\/dsden55\/?page_id=3419","title":{"rendered":"ESPACE Directeur : Pilotage p\u00e9dagogique"},"content":{"rendered":"\n<table id=\"tablepress-7\" class=\"tablepress tablepress-id-7 tbody-has-connected-cells\">\n<thead>\n<tr class=\"row-1\">\n\t<th class=\"column-1\"><div align=\"center\"><strong><em>DESCRIPTIF<\/em><\/strong><\/div><\/th><th colspan=\"3\" class=\"column-2\"><div align=\"center\"><strong><em>  FORMULAIRES - RESSOURCES - LIENS<\/em><\/strong><\/div><\/th>\n<\/tr>\n<\/thead>\n<tbody class=\"row-striping row-hover\">\n<tr class=\"row-2\">\n\t<td class=\"column-1\"><div align=\"center\"><strong>AFFELNET 6\u00e8me rentr\u00e9e 2022<\/strong><\/div><\/td><td colspan=\"3\" class=\"column-2\"><div align=\"center\"><a href=\"https:\/\/partage.ac-nancy-metz.fr\/jcms\/prod1_2336870\/fr\/dsden55-procedure-affelnet-entree-en-6eme-rentree-2021\" target=\"_blank\" rel=\"noopener\">Acc\u00e8s aux documents pour la proc\u00e9dure 2022 (PARTAGE)<\/a><\/div><\/td>\n<\/tr>\n<tr class=\"row-3\">\n\t<td class=\"column-1\"><div align=\"center\"><strong>Projets d'\u00e9cole <br \/>\nRenouvellement 2020-2024<\/strong><\/div><\/td><td colspan=\"3\" class=\"column-2\"><div align=\"center\"><a href=\"https:\/\/partage.ac-nancy-metz.fr\/jcms\/prod1_1569157\/fr\/dsden-55-renouvellement-des-projets-d-ecole-2020-2024\" target=\"_blank\" rel=\"noopener\">Note de service et documents concernant le renouvellement des projets d'\u00e9cole 2020-2024 (PARTAGE)<\/a><\/div><br \/>\n<div align=\"center\">Les documents sont toujours d'actualit\u00e9 pour les nouveaux projets d'\u00e9cole(s) ou de r\u00e9seau (apr\u00e8s 2024)<\/td>\n<\/tr>\n<tr class=\"row-4\">\n\t<td colspan=\"4\" class=\"column-1\"><\/td>\n<\/tr>\n<tr class=\"row-5\">\n\t<td rowspan=\"2\" class=\"column-1\"><div align=\"center\"><strong>EPS<\/strong> - Enseignement de la natation<\/div><\/td><td class=\"column-2\"><div align=\"center\"><a href=\"https:\/\/www.education.gouv.fr\/bo\/22\/Hebdo9\/MENE2129643N.htm\" target=\"_blank\" rel=\"noopener\">Bulletin officiel n\u00b09 du 9 mars 2022<\/a><\/div><\/td><td class=\"column-3\"><div align=\"center\"><a href=\"https:\/\/sites.ac-nancy-metz.fr\/dsden55\/?p=545\" target=\"_blank\" rel=\"noopener\">Projet p\u00e9dagogique en Natation<\/a><\/div><\/td><td class=\"column-4\"><div align=\"center\"><a href=\"https:\/\/sites.ac-nancy-metz.fr\/dsden55\/?p=1491\">Annexe 2 : Attestation scolaire \"savoir-nager\"<br \/>\n<\/a><\/div><\/td>\n<\/tr>\n<tr class=\"row-6\">\n\t<td class=\"column-2\"><div align=\"center\"><a href=\"https:\/\/www.education.gouv.fr\/bo\/17\/Hebdo34\/MENE1720002C.htm?cid_bo=118714\" target=\"_blank\" rel=\"noopener\">Circulaire n\u00b02017-127 du 22-8-2017 Enseignement de la natation dans les 1er et 2nd degr\u00e9s<\/a><\/div><\/td><td class=\"column-3\"><div align=\"center\"><a href=\"https:\/\/sites.ac-nancy-metz.fr\/dsden55\/?p=533\" target=\"_blank\" rel=\"noopener\">Cahier des charges Projet p\u00e9dagogique Enseignement de la natation<\/a><\/div><\/td><td class=\"column-4\"><div align=\"center\"><a href=\"https:\/\/sites.ac-nancy-metz.fr\/dsden55\/?p=1495\" target=\"_blank\" rel=\"noopener\">Annexe 3 : Certificat d\u2019aisance aquatique<\/a><\/div><\/td>\n<\/tr>\n<tr class=\"row-7\">\n\t<td class=\"column-1\"><div align=\"center\"><strong>EPS<\/strong> - Projet p\u00e9dagogique<\/div><\/td><td colspan=\"2\" class=\"column-2\"><div align=\"center\"><a href=\"https:\/\/sites.ac-nancy-metz.fr\/dsden55\/?p=1578\" target=\"_blank\" rel=\"noopener\">Projet p\u00e9dagogique en EPS<\/a> <\/div><\/td><td class=\"column-4\"><div align=\"center\"><a href=\"https:\/\/sites.ac-nancy-metz.fr\/dsden55\/?p=1583\" target=\"_blank\" rel=\"noopener\">Cahier des charges projet p\u00e9dagogique en EPS<\/a><\/div><\/td>\n<\/tr>\n<tr class=\"row-8\">\n\t<td class=\"column-1\"><div align=\"center\"><strong>Activit\u00e9s Artistiques<\/strong> -  Projet p\u00e9dagogique (hors ADAGE)<\/div><\/td><td colspan=\"3\" class=\"column-2\"><div align=\"center\"><a href=\"https:\/\/sites.ac-nancy-metz.fr\/dsden55\/wp-content\/uploads\/2022\/05\/VD-Formulaire_projet-pe\u0301da_arts.doc\" target=\"_blank\" rel=\"noopener\">Projet p\u00e9dagogique en arts (hors ADAGE) => document .doc<\/div><\/td>\n<\/tr>\n<tr class=\"row-9\">\n\t<td class=\"column-1\"><div align=\"center\"><strong>Activit\u00e9s autres que EPS et Arts<\/strong> -  Projet p\u00e9dagogique (hors ADAGE)<\/div><\/td><td colspan=\"3\" class=\"column-2\"><div align=\"center\"><a href=\"https:\/\/sites.ac-nancy-metz.fr\/dsden55\/wp-content\/uploads\/2026\/03\/Projet-pedagogique-autre-que-EPS-et-Arts.docx\" target=\"_blank\" rel=\"noopener\">Projet p\u00e9dagogique autre que EPS et Arts (hors ADAGE) => document .doc<\/div><\/td>\n<\/tr>\n<tr class=\"row-10\">\n\t<td class=\"column-1\"><div align=\"center\"><strong>Classes de d\u00e9couverte<\/strong> - Sortie avec nuit\u00e9e(s)<\/div><\/td><td colspan=\"3\" class=\"column-2\"><div align=\"center\"><a href=\"https:\/\/sites.ac-nancy-metz.fr\/dsden55\/?p=1599\" target=\"_blank\" rel=\"noopener\">Projet p\u00e9dagogique classe d\u00e9couverte<\/a><\/div><\/td>\n<\/tr>\n<\/tbody>\n<\/table>\n<!-- #tablepress-7 from cache -->\n\n\n\n<p><\/p>\n","protected":false},"excerpt":{"rendered":"<div class=\"mh-excerpt\"><\/div>","protected":false},"author":1,"featured_media":2611,"parent":0,"menu_order":0,"comment_status":"closed","ping_status":"closed","template":"template-full.php","meta":{"_acf_changed":false,"_vp_format_video_url":"","_vp_image_focal_point":[],"footnotes":""},"class_list":["post-3419","page","type-page","status-publish","has-post-thumbnail","hentry"],"acf":[],"jetpack_sharing_enabled":true,"_links":{"self":[{"href":"https:\/\/sites.ac-nancy-metz.fr\/dsden55\/index.php?rest_route=\/wp\/v2\/pages\/3419","targetHints":{"allow":["GET"]}}],"collection":[{"href":"https:\/\/sites.ac-nancy-metz.fr\/dsden55\/index.php?rest_route=\/wp\/v2\/pages"}],"about":[{"href":"https:\/\/sites.ac-nancy-metz.fr\/dsden55\/index.php?rest_route=\/wp\/v2\/types\/page"}],"author":[{"embeddable":true,"href":"https:\/\/sites.ac-nancy-metz.fr\/dsden55\/index.php?rest_route=\/wp\/v2\/users\/1"}],"replies":[{"embeddable":true,"href":"https:\/\/sites.ac-nancy-metz.fr\/dsden55\/index.php?rest_route=%2Fwp%2Fv2%2Fcomments&post=3419"}],"version-history":[{"count":8,"href":"https:\/\/sites.ac-nancy-metz.fr\/dsden55\/index.php?rest_route=\/wp\/v2\/pages\/3419\/revisions"}],"predecessor-version":[{"id":6512,"href":"https:\/\/sites.ac-nancy-metz.fr\/dsden55\/index.php?rest_route=\/wp\/v2\/pages\/3419\/revisions\/6512"}],"wp:featuredmedia":[{"embeddable":true,"href":"https:\/\/sites.ac-nancy-metz.fr\/dsden55\/index.php?rest_route=\/wp\/v2\/media\/2611"}],"wp:attachment":[{"href":"https:\/\/sites.ac-nancy-metz.fr\/dsden55\/index.php?rest_route=%2Fwp%2Fv2%2Fmedia&parent=3419"}],"curies":[{"name":"wp","href":"https:\/\/api.w.org\/{rel}","templated":true}]}}