{"id":3903,"date":"2022-11-09T10:26:03","date_gmt":"2022-11-09T09:26:03","guid":{"rendered":"https:\/\/sites.ac-nancy-metz.fr\/dsden55\/?page_id=3903"},"modified":"2025-10-09T11:58:06","modified_gmt":"2025-10-09T09:58:06","slug":"adaptation-scolaire","status":"publish","type":"page","link":"https:\/\/sites.ac-nancy-metz.fr\/dsden55\/?page_id=3903","title":{"rendered":"ADAPTER SA P\u00c9DAGOGIE"},"content":{"rendered":"\n<ul style=\"font-size:15px\" class=\"wp-block-list\">\n<div class=\"wp-block-media-text alignwide has-media-on-the-right is-stacked-on-mobile has-white-color has-text-color has-background\" style=\"background-color:#2a2a2a;grid-template-columns:auto 40%\"><div class=\"wp-block-media-text__content\">\n<ul style=\"font-size:15px\" class=\"wp-block-list\">\n<li><a href=\"https:\/\/sites.ac-nancy-metz.fr\/dsden55\/?cat=158\">\u00c9l\u00e8ves malades (APADHE)<\/a><\/li>\n\n\n\n<li><a href=\"https:\/\/sites.ac-nancy-metz.fr\/dsden55\/?cat=159\">\u00c9l\u00e8ves Allophones Nouvellement Arriv\u00e9s (EANA)<\/a><\/li>\n\n\n\n<li><a href=\"https:\/\/sites.ac-nancy-metz.fr\/dsden55\/?cat=160\">\u00c9l\u00e8ves \u00e0 Haut Potentiel (EHP)<\/a><\/li>\n\n\n\n<li><a href=\"https:\/\/sites.ac-nancy-metz.fr\/dsden55\/?cat=161\">\u00c9l\u00e8ves en Difficult\u00e9s de Comportement (EDC)<\/a><\/li>\n\n\n\n<li><a href=\"https:\/\/sites.ac-nancy-metz.fr\/dsden55\/?cat=162\">\u00c9l\u00e8ves avec Troubles du Spectre Autistique (TSA)<\/a><\/li>\n\n\n\n<li><a href=\"https:\/\/sites.ac-nancy-metz.fr\/dsden55\/?cat=164\">\u00c9l\u00e8ves avec troubles Sp\u00e9cifiques des Fonctions Cognitives (TFC)<\/a><\/li>\n\n\n\n<li><a href=\"https:\/\/sites.ac-nancy-metz.fr\/dsden55\/?cat=165\">Adapter l&rsquo;\u00e9valuation des \u00e9l\u00e8ves \u00e0 besoins \u00e9ducatifs particuliers<\/a><\/li>\n\n\n\n<li><a href=\"https:\/\/sites.ac-nancy-metz.fr\/dsden55\/?cat=166\">\u00c9l\u00e8ves accompagn\u00e9s par une AESH<\/a><\/li>\n\n\n\n<li><a href=\"https:\/\/sites.ac-nancy-metz.fr\/dsden55\/?cat=167\">Ressources num\u00e9riques<\/a><\/li>\n<\/ul>\n<\/div><figure class=\"wp-block-media-text__media\"><a href=\"https:\/\/sites.ac-nancy-metz.fr\/dsden55\/?page_id=241\"><noscript><img loading=\"lazy\" decoding=\"async\" width=\"800\" height=\"420\" data-skip-lazy src=\"https:\/\/sites.ac-nancy-metz.fr\/dsden55\/wp-content\/uploads\/2022\/11\/ecole_inclusive_home.jpg\" alt=\"\" class=\"wp-image-3916 size-full\" srcset=\"https:\/\/sites.ac-nancy-metz.fr\/dsden55\/wp-content\/uploads\/2022\/11\/ecole_inclusive_home.jpg 800w, https:\/\/sites.ac-nancy-metz.fr\/dsden55\/wp-content\/uploads\/2022\/11\/ecole_inclusive_home-300x158.jpg 300w, https:\/\/sites.ac-nancy-metz.fr\/dsden55\/wp-content\/uploads\/2022\/11\/ecole_inclusive_home-768x403.jpg 768w, https:\/\/sites.ac-nancy-metz.fr\/dsden55\/wp-content\/uploads\/2022\/11\/ecole_inclusive_home-50x26.jpg 50w, https:\/\/sites.ac-nancy-metz.fr\/dsden55\/wp-content\/uploads\/2022\/11\/ecole_inclusive_home-500x263.jpg 500w\" sizes=\"auto, (max-width: 800px) 100vw, 800px\" \/><\/noscript><img loading=\"eager\" decoding=\"async\" width=\"800\" height=\"420\" src=\"https:\/\/sites.ac-nancy-metz.fr\/dsden55\/wp-content\/uploads\/2022\/11\/ecole_inclusive_home.jpg\" alt class=\"wp-image-3916 size-full vp-lazyload\" srcset=\"data:image\/svg+xml;base64,PHN2ZyB3aWR0aD0iODAwIiBoZWlnaHQ9IjQyMCIgdmlld0JveD0iMCAwIDgwMCA0MjAiIGZpbGw9Im5vbmUiIHhtbG5zPSJodHRwOi8vd3d3LnczLm9yZy8yMDAwL3N2ZyI+PC9zdmc+\" data-src=\"https:\/\/sites.ac-nancy-metz.fr\/dsden55\/wp-content\/uploads\/2022\/11\/ecole_inclusive_home.jpg\" data-srcset=\"https:\/\/sites.ac-nancy-metz.fr\/dsden55\/wp-content\/uploads\/2022\/11\/ecole_inclusive_home.jpg 800w, https:\/\/sites.ac-nancy-metz.fr\/dsden55\/wp-content\/uploads\/2022\/11\/ecole_inclusive_home-300x158.jpg 300w, https:\/\/sites.ac-nancy-metz.fr\/dsden55\/wp-content\/uploads\/2022\/11\/ecole_inclusive_home-768x403.jpg 768w, https:\/\/sites.ac-nancy-metz.fr\/dsden55\/wp-content\/uploads\/2022\/11\/ecole_inclusive_home-50x26.jpg 50w, https:\/\/sites.ac-nancy-metz.fr\/dsden55\/wp-content\/uploads\/2022\/11\/ecole_inclusive_home-500x263.jpg 500w\" data-sizes=\"auto\"><\/a><\/figure><\/div>\n<\/ul>\n","protected":false},"excerpt":{"rendered":"<div class=\"mh-excerpt\"><\/div>","protected":false},"author":1,"featured_media":0,"parent":0,"menu_order":0,"comment_status":"closed","ping_status":"closed","template":"template-full.php","meta":{"_acf_changed":false,"_vp_format_video_url":"","_vp_image_focal_point":[],"footnotes":""},"class_list":["post-3903","page","type-page","status-publish","hentry"],"acf":[],"jetpack_sharing_enabled":true,"_links":{"self":[{"href":"https:\/\/sites.ac-nancy-metz.fr\/dsden55\/index.php?rest_route=\/wp\/v2\/pages\/3903","targetHints":{"allow":["GET"]}}],"collection":[{"href":"https:\/\/sites.ac-nancy-metz.fr\/dsden55\/index.php?rest_route=\/wp\/v2\/pages"}],"about":[{"href":"https:\/\/sites.ac-nancy-metz.fr\/dsden55\/index.php?rest_route=\/wp\/v2\/types\/page"}],"author":[{"embeddable":true,"href":"https:\/\/sites.ac-nancy-metz.fr\/dsden55\/index.php?rest_route=\/wp\/v2\/users\/1"}],"replies":[{"embeddable":true,"href":"https:\/\/sites.ac-nancy-metz.fr\/dsden55\/index.php?rest_route=%2Fwp%2Fv2%2Fcomments&post=3903"}],"version-history":[{"count":7,"href":"https:\/\/sites.ac-nancy-metz.fr\/dsden55\/index.php?rest_route=\/wp\/v2\/pages\/3903\/revisions"}],"predecessor-version":[{"id":7104,"href":"https:\/\/sites.ac-nancy-metz.fr\/dsden55\/index.php?rest_route=\/wp\/v2\/pages\/3903\/revisions\/7104"}],"wp:attachment":[{"href":"https:\/\/sites.ac-nancy-metz.fr\/dsden55\/index.php?rest_route=%2Fwp%2Fv2%2Fmedia&parent=3903"}],"curies":[{"name":"wp","href":"https:\/\/api.w.org\/{rel}","templated":true}]}}