{"id":10339,"date":"2023-11-21T10:16:57","date_gmt":"2023-11-21T09:16:57","guid":{"rendered":"https:\/\/sites.ac-nancy-metz.fr\/eac57\/?page_id=10339"},"modified":"2023-12-07T09:48:53","modified_gmt":"2023-12-07T08:48:53","slug":"animation-bitche-cycle-1","status":"publish","type":"page","link":"https:\/\/sites.ac-nancy-metz.fr\/eac57\/animation-bitche-cycle-1\/","title":{"rendered":"Animation Bitche Cycle 1"},"content":{"rendered":"\n<h2 class=\"wp-block-heading\">Hymne de la Moselle<\/h2>\n\n\n\n<figure class=\"wp-block-image\"><a href=\"https:\/\/sites.ac-nancy-metz.fr\/eac57\/ressource\/hymne-olympique-des-ecoles-de-moselle\/\" target=\"_blank\" rel=\"noreferrer noopener\"><img loading=\"lazy\" decoding=\"async\" width=\"1024\" height=\"682\" src=\"https:\/\/sites.ac-nancy-metz.fr\/eac57\/wp-content\/uploads\/hymne-zikobul-chant-moselle-jo-2024-gerald-delique-solennel-ceremonie-defile-procession-ensemble-federateur-collectif-cpem-57-dsden-ecole-1024x682.jpg\" alt=\"hymne zikobul chant moselle jo 2024 g\u00e9rald delique solennel c\u00e9r\u00e9monie d\u00e9file procession ensemble f\u00e9d\u00e9rateur collectif cpem 57 dsden \u00e9cole\" class=\"wp-image-10091\" srcset=\"https:\/\/sites.ac-nancy-metz.fr\/eac57\/wp-content\/uploads\/hymne-zikobul-chant-moselle-jo-2024-gerald-delique-solennel-ceremonie-defile-procession-ensemble-federateur-collectif-cpem-57-dsden-ecole-1024x682.jpg 1024w, https:\/\/sites.ac-nancy-metz.fr\/eac57\/wp-content\/uploads\/hymne-zikobul-chant-moselle-jo-2024-gerald-delique-solennel-ceremonie-defile-procession-ensemble-federateur-collectif-cpem-57-dsden-ecole-300x200.jpg 300w, https:\/\/sites.ac-nancy-metz.fr\/eac57\/wp-content\/uploads\/hymne-zikobul-chant-moselle-jo-2024-gerald-delique-solennel-ceremonie-defile-procession-ensemble-federateur-collectif-cpem-57-dsden-ecole-768x512.jpg 768w, https:\/\/sites.ac-nancy-metz.fr\/eac57\/wp-content\/uploads\/hymne-zikobul-chant-moselle-jo-2024-gerald-delique-solennel-ceremonie-defile-procession-ensemble-federateur-collectif-cpem-57-dsden-ecole-500x333.jpg 500w, https:\/\/sites.ac-nancy-metz.fr\/eac57\/wp-content\/uploads\/hymne-zikobul-chant-moselle-jo-2024-gerald-delique-solennel-ceremonie-defile-procession-ensemble-federateur-collectif-cpem-57-dsden-ecole.jpg 1280w\" sizes=\"(max-width: 1024px) 100vw, 1024px\" \/><\/a><\/figure>\n\n\n\n<h2 class=\"wp-block-heading\">Chant: Bouge !<\/h2>\n\n\n\n<figure class=\"wp-block-image\"><a href=\"https:\/\/sites.ac-nancy-metz.fr\/eac57\/ressource\/bouge-un-chant-commun-olympique\/\" target=\"_blank\" rel=\"noreferrer noopener\"><img loading=\"lazy\" decoding=\"async\" width=\"1024\" height=\"682\" src=\"https:\/\/sites.ac-nancy-metz.fr\/eac57\/wp-content\/uploads\/bouge-zikobul-chant-creation-cpem-compo-sport-jo-2024-moselle-aurelien-meyer-eac-57-dsden-1024x682.jpg\" alt=\"bouge zikobul chant cr\u00e9ation cpem \u00e9cole \u00e9ducation musicale compo sport jo 2024 moselle aurelien meyer eac-57 dsden\" class=\"wp-image-10090\" srcset=\"https:\/\/sites.ac-nancy-metz.fr\/eac57\/wp-content\/uploads\/bouge-zikobul-chant-creation-cpem-compo-sport-jo-2024-moselle-aurelien-meyer-eac-57-dsden-1024x682.jpg 1024w, https:\/\/sites.ac-nancy-metz.fr\/eac57\/wp-content\/uploads\/bouge-zikobul-chant-creation-cpem-compo-sport-jo-2024-moselle-aurelien-meyer-eac-57-dsden-300x200.jpg 300w, https:\/\/sites.ac-nancy-metz.fr\/eac57\/wp-content\/uploads\/bouge-zikobul-chant-creation-cpem-compo-sport-jo-2024-moselle-aurelien-meyer-eac-57-dsden-768x512.jpg 768w, https:\/\/sites.ac-nancy-metz.fr\/eac57\/wp-content\/uploads\/bouge-zikobul-chant-creation-cpem-compo-sport-jo-2024-moselle-aurelien-meyer-eac-57-dsden-500x333.jpg 500w, https:\/\/sites.ac-nancy-metz.fr\/eac57\/wp-content\/uploads\/bouge-zikobul-chant-creation-cpem-compo-sport-jo-2024-moselle-aurelien-meyer-eac-57-dsden.jpg 1280w\" sizes=\"(max-width: 1024px) 100vw, 1024px\" \/><\/a><\/figure>\n\n\n\n<h2 class=\"wp-block-heading\">Chant: Je fais du sport<\/h2>\n\n\n\n<figure class=\"wp-block-image\"><a href=\"https:\/\/sites.ac-nancy-metz.fr\/eac57\/ressource\/je-fais-du-sport\/\" target=\"_blank\" rel=\"noreferrer noopener\"><img loading=\"lazy\" decoding=\"async\" width=\"1024\" height=\"682\" src=\"https:\/\/sites.ac-nancy-metz.fr\/eac57\/wp-content\/uploads\/je-fais-du-sport-chant-zikobul-maternelle-enfant-sport-mouvements-motricite-1024x682.jpg\" alt=\"\" class=\"wp-image-10133\" srcset=\"https:\/\/sites.ac-nancy-metz.fr\/eac57\/wp-content\/uploads\/je-fais-du-sport-chant-zikobul-maternelle-enfant-sport-mouvements-motricite-1024x682.jpg 1024w, https:\/\/sites.ac-nancy-metz.fr\/eac57\/wp-content\/uploads\/je-fais-du-sport-chant-zikobul-maternelle-enfant-sport-mouvements-motricite-300x200.jpg 300w, https:\/\/sites.ac-nancy-metz.fr\/eac57\/wp-content\/uploads\/je-fais-du-sport-chant-zikobul-maternelle-enfant-sport-mouvements-motricite-768x512.jpg 768w, https:\/\/sites.ac-nancy-metz.fr\/eac57\/wp-content\/uploads\/je-fais-du-sport-chant-zikobul-maternelle-enfant-sport-mouvements-motricite-500x333.jpg 500w, https:\/\/sites.ac-nancy-metz.fr\/eac57\/wp-content\/uploads\/je-fais-du-sport-chant-zikobul-maternelle-enfant-sport-mouvements-motricite.jpg 1280w\" sizes=\"(max-width: 1024px) 100vw, 1024px\" \/><\/a><\/figure>\n\n\n\n<h2 class=\"wp-block-heading\">Chor\u00e9graphie: Pirates des Cara\u00efbes<\/h2>\n\n\n\n<figure class=\"wp-block-image\"><a href=\"https:\/\/sites.ac-nancy-metz.fr\/eac57\/ressource\/pirates-des-caraibes\/\" target=\"_blank\" rel=\"noreferrer noopener\"><img loading=\"lazy\" decoding=\"async\" width=\"1024\" height=\"682\" src=\"https:\/\/sites.ac-nancy-metz.fr\/eac57\/wp-content\/uploads\/pirates-des-caraibes-remix-zikobul-ecoute-danse-choregraphie-collectif-assis-classe-rythme-cpem-moselle-57-dsden-education-musicale-rebel-black-pearl-he-s-a-pirate-1024x682.jpg\" alt=\"\" class=\"wp-image-10134\" srcset=\"https:\/\/sites.ac-nancy-metz.fr\/eac57\/wp-content\/uploads\/pirates-des-caraibes-remix-zikobul-ecoute-danse-choregraphie-collectif-assis-classe-rythme-cpem-moselle-57-dsden-education-musicale-rebel-black-pearl-he-s-a-pirate-1024x682.jpg 1024w, https:\/\/sites.ac-nancy-metz.fr\/eac57\/wp-content\/uploads\/pirates-des-caraibes-remix-zikobul-ecoute-danse-choregraphie-collectif-assis-classe-rythme-cpem-moselle-57-dsden-education-musicale-rebel-black-pearl-he-s-a-pirate-300x200.jpg 300w, https:\/\/sites.ac-nancy-metz.fr\/eac57\/wp-content\/uploads\/pirates-des-caraibes-remix-zikobul-ecoute-danse-choregraphie-collectif-assis-classe-rythme-cpem-moselle-57-dsden-education-musicale-rebel-black-pearl-he-s-a-pirate-768x512.jpg 768w, https:\/\/sites.ac-nancy-metz.fr\/eac57\/wp-content\/uploads\/pirates-des-caraibes-remix-zikobul-ecoute-danse-choregraphie-collectif-assis-classe-rythme-cpem-moselle-57-dsden-education-musicale-rebel-black-pearl-he-s-a-pirate-500x333.jpg 500w, https:\/\/sites.ac-nancy-metz.fr\/eac57\/wp-content\/uploads\/pirates-des-caraibes-remix-zikobul-ecoute-danse-choregraphie-collectif-assis-classe-rythme-cpem-moselle-57-dsden-education-musicale-rebel-black-pearl-he-s-a-pirate.jpg 1280w\" sizes=\"(max-width: 1024px) 100vw, 1024px\" \/><\/a><\/figure>\n\n\n\n<h2 class=\"wp-block-heading\">Ecoute active : CASSE-NOISETTE<br><\/h2>\n\n\n\n<figure class=\"wp-block-image\"><a href=\"https:\/\/sites.ac-nancy-metz.fr\/eac57\/ressource\/casse-noisette\/\" target=\"_blank\" rel=\"noreferrer noopener\"><img loading=\"lazy\" decoding=\"async\" width=\"1024\" height=\"682\" src=\"https:\/\/sites.ac-nancy-metz.fr\/eac57\/wp-content\/uploads\/casse-noisette-zikobul-ecoute-percussions-corporelles-rythme-jeu-ecole-primaire-elementaire-musique-classique-Tchaikovski-nutcracker-cpem-ressource-eac57-dsden-moselle-1024x682.jpg\" alt=\"\" class=\"wp-image-5430\" srcset=\"https:\/\/sites.ac-nancy-metz.fr\/eac57\/wp-content\/uploads\/casse-noisette-zikobul-ecoute-percussions-corporelles-rythme-jeu-ecole-primaire-elementaire-musique-classique-Tchaikovski-nutcracker-cpem-ressource-eac57-dsden-moselle-1024x682.jpg 1024w, https:\/\/sites.ac-nancy-metz.fr\/eac57\/wp-content\/uploads\/casse-noisette-zikobul-ecoute-percussions-corporelles-rythme-jeu-ecole-primaire-elementaire-musique-classique-Tchaikovski-nutcracker-cpem-ressource-eac57-dsden-moselle-300x200.jpg 300w, https:\/\/sites.ac-nancy-metz.fr\/eac57\/wp-content\/uploads\/casse-noisette-zikobul-ecoute-percussions-corporelles-rythme-jeu-ecole-primaire-elementaire-musique-classique-Tchaikovski-nutcracker-cpem-ressource-eac57-dsden-moselle-768x512.jpg 768w, https:\/\/sites.ac-nancy-metz.fr\/eac57\/wp-content\/uploads\/casse-noisette-zikobul-ecoute-percussions-corporelles-rythme-jeu-ecole-primaire-elementaire-musique-classique-Tchaikovski-nutcracker-cpem-ressource-eac57-dsden-moselle-500x333.jpg 500w, https:\/\/sites.ac-nancy-metz.fr\/eac57\/wp-content\/uploads\/casse-noisette-zikobul-ecoute-percussions-corporelles-rythme-jeu-ecole-primaire-elementaire-musique-classique-Tchaikovski-nutcracker-cpem-ressource-eac57-dsden-moselle.jpg 1280w\" sizes=\"(max-width: 1024px) 100vw, 1024px\" \/><\/a><\/figure>\n\n\n\n<h2 class=\"wp-block-heading\">Ecoute active: Radetzki<\/h2>\n\n\n\n<figure class=\"wp-block-image\"><a href=\"https:\/\/sites.ac-nancy-metz.fr\/eac57\/ressource\/la-marche-de-radetzki\/\" target=\"_blank\" rel=\"noreferrer noopener\"><img loading=\"lazy\" decoding=\"async\" width=\"1024\" height=\"682\" src=\"https:\/\/sites.ac-nancy-metz.fr\/eac57\/wp-content\/uploads\/la-marche-de-radetzki-johann-strauss-percussions-corporelles-ressource-musique-ecoute-active-dsden-moselle-eac57-cpem-1024x682.jpg\" alt=\"la marche de Radetzki Johann Strauss ressource musique percussions corporelles \u00e9coute active eac57 dsden moselle cpem\" class=\"wp-image-2772\" srcset=\"https:\/\/sites.ac-nancy-metz.fr\/eac57\/wp-content\/uploads\/la-marche-de-radetzki-johann-strauss-percussions-corporelles-ressource-musique-ecoute-active-dsden-moselle-eac57-cpem-1024x682.jpg 1024w, https:\/\/sites.ac-nancy-metz.fr\/eac57\/wp-content\/uploads\/la-marche-de-radetzki-johann-strauss-percussions-corporelles-ressource-musique-ecoute-active-dsden-moselle-eac57-cpem-300x200.jpg 300w, https:\/\/sites.ac-nancy-metz.fr\/eac57\/wp-content\/uploads\/la-marche-de-radetzki-johann-strauss-percussions-corporelles-ressource-musique-ecoute-active-dsden-moselle-eac57-cpem-768x512.jpg 768w, https:\/\/sites.ac-nancy-metz.fr\/eac57\/wp-content\/uploads\/la-marche-de-radetzki-johann-strauss-percussions-corporelles-ressource-musique-ecoute-active-dsden-moselle-eac57-cpem-500x333.jpg 500w, https:\/\/sites.ac-nancy-metz.fr\/eac57\/wp-content\/uploads\/la-marche-de-radetzki-johann-strauss-percussions-corporelles-ressource-musique-ecoute-active-dsden-moselle-eac57-cpem.jpg 1280w\" sizes=\"(max-width: 1024px) 100vw, 1024px\" \/><\/a><\/figure>\n\n\n\n<h2 class=\"wp-block-heading\">Les param\u00e8tres du son : CARNAVAL DES ANIMAUX<br><\/h2>\n\n\n\n<figure class=\"wp-block-image\"><a href=\"https:\/\/sites.ac-nancy-metz.fr\/eac57\/ressource\/apq-le-carnaval-des-animaux\/\" target=\"_blank\" rel=\"noreferrer noopener\"><img loading=\"lazy\" decoding=\"async\" width=\"1024\" height=\"682\" src=\"https:\/\/sites.ac-nancy-metz.fr\/eac57\/wp-content\/uploads\/carnalval-animaux-sport-zikobul-apq-activite-physique-ecoute-musique-cpem-57-moselle-dsden-1024x682.jpg\" alt=\"carnaval animaux sport zikobul apq activite physique ecoute musique cpem 57 moselle dsden\" class=\"wp-image-8490\" srcset=\"https:\/\/sites.ac-nancy-metz.fr\/eac57\/wp-content\/uploads\/carnalval-animaux-sport-zikobul-apq-activite-physique-ecoute-musique-cpem-57-moselle-dsden-1024x682.jpg 1024w, https:\/\/sites.ac-nancy-metz.fr\/eac57\/wp-content\/uploads\/carnalval-animaux-sport-zikobul-apq-activite-physique-ecoute-musique-cpem-57-moselle-dsden-300x200.jpg 300w, https:\/\/sites.ac-nancy-metz.fr\/eac57\/wp-content\/uploads\/carnalval-animaux-sport-zikobul-apq-activite-physique-ecoute-musique-cpem-57-moselle-dsden-768x512.jpg 768w, https:\/\/sites.ac-nancy-metz.fr\/eac57\/wp-content\/uploads\/carnalval-animaux-sport-zikobul-apq-activite-physique-ecoute-musique-cpem-57-moselle-dsden-500x333.jpg 500w, https:\/\/sites.ac-nancy-metz.fr\/eac57\/wp-content\/uploads\/carnalval-animaux-sport-zikobul-apq-activite-physique-ecoute-musique-cpem-57-moselle-dsden.jpg 1280w\" sizes=\"(max-width: 1024px) 100vw, 1024px\" \/><\/a><\/figure>\n\n\n\n<figure class=\"wp-block-image\"><a href=\"https:\/\/sites.ac-nancy-metz.fr\/eac57\/ressource\/le-carnaval-des-animaux\/\" target=\"_blank\" rel=\"noreferrer noopener\"><img loading=\"lazy\" decoding=\"async\" width=\"1024\" height=\"682\" src=\"https:\/\/sites.ac-nancy-metz.fr\/eac57\/wp-content\/uploads\/carnal-animaux-musique-classique-ecoute-active-camille-saint-saens-parametres-son-hauteur-intensite-timbre-duree-elephant-poule-tortue-education-musicale-cpem-ecole-primaire-dsden-moselle-eac57-1024x682.jpg\" alt=\"Carnaval des animaux \u00e9coute active camille saint saens param\u00e8tres du son hauteur timbre dur\u00e9e intensit\u00e9 \u00e9ducation musicale \u00e9cole dsden moselle cpem\" class=\"wp-image-6755\" srcset=\"https:\/\/sites.ac-nancy-metz.fr\/eac57\/wp-content\/uploads\/carnal-animaux-musique-classique-ecoute-active-camille-saint-saens-parametres-son-hauteur-intensite-timbre-duree-elephant-poule-tortue-education-musicale-cpem-ecole-primaire-dsden-moselle-eac57-1024x682.jpg 1024w, https:\/\/sites.ac-nancy-metz.fr\/eac57\/wp-content\/uploads\/carnal-animaux-musique-classique-ecoute-active-camille-saint-saens-parametres-son-hauteur-intensite-timbre-duree-elephant-poule-tortue-education-musicale-cpem-ecole-primaire-dsden-moselle-eac57-300x200.jpg 300w, https:\/\/sites.ac-nancy-metz.fr\/eac57\/wp-content\/uploads\/carnal-animaux-musique-classique-ecoute-active-camille-saint-saens-parametres-son-hauteur-intensite-timbre-duree-elephant-poule-tortue-education-musicale-cpem-ecole-primaire-dsden-moselle-eac57-768x512.jpg 768w, https:\/\/sites.ac-nancy-metz.fr\/eac57\/wp-content\/uploads\/carnal-animaux-musique-classique-ecoute-active-camille-saint-saens-parametres-son-hauteur-intensite-timbre-duree-elephant-poule-tortue-education-musicale-cpem-ecole-primaire-dsden-moselle-eac57-500x333.jpg 500w, https:\/\/sites.ac-nancy-metz.fr\/eac57\/wp-content\/uploads\/carnal-animaux-musique-classique-ecoute-active-camille-saint-saens-parametres-son-hauteur-intensite-timbre-duree-elephant-poule-tortue-education-musicale-cpem-ecole-primaire-dsden-moselle-eac57.jpg 1280w\" sizes=\"(max-width: 1024px) 100vw, 1024px\" \/><\/a><\/figure>\n\n\n\n<h2 class=\"wp-block-heading\">Ecoute active: Musique surprise<\/h2>\n\n\n\n<figure class=\"wp-block-image\"><a href=\"https:\/\/sites.ac-nancy-metz.fr\/eac57\/ressource\/musique-surprise-du-printemps\/\" target=\"_blank\" rel=\"noreferrer noopener\"><img loading=\"lazy\" decoding=\"async\" width=\"1024\" height=\"682\" src=\"https:\/\/sites.ac-nancy-metz.fr\/eac57\/wp-content\/uploads\/musique-surprise-printemps-ecoute-active-ressource-musique-eac57-moselle-dsden57-cpem-1024x682.jpg\" alt=\"Musique surprise du printemps \u00e9coute active cpem elisabeth bock dsden 57 moselle ressource education musicale ecole\" class=\"wp-image-3663\" srcset=\"https:\/\/sites.ac-nancy-metz.fr\/eac57\/wp-content\/uploads\/musique-surprise-printemps-ecoute-active-ressource-musique-eac57-moselle-dsden57-cpem-1024x682.jpg 1024w, https:\/\/sites.ac-nancy-metz.fr\/eac57\/wp-content\/uploads\/musique-surprise-printemps-ecoute-active-ressource-musique-eac57-moselle-dsden57-cpem-300x200.jpg 300w, https:\/\/sites.ac-nancy-metz.fr\/eac57\/wp-content\/uploads\/musique-surprise-printemps-ecoute-active-ressource-musique-eac57-moselle-dsden57-cpem-768x512.jpg 768w, https:\/\/sites.ac-nancy-metz.fr\/eac57\/wp-content\/uploads\/musique-surprise-printemps-ecoute-active-ressource-musique-eac57-moselle-dsden57-cpem-500x333.jpg 500w, https:\/\/sites.ac-nancy-metz.fr\/eac57\/wp-content\/uploads\/musique-surprise-printemps-ecoute-active-ressource-musique-eac57-moselle-dsden57-cpem.jpg 1280w\" sizes=\"(max-width: 1024px) 100vw, 1024px\" \/><\/a><\/figure>\n\n\n\n<p>Une autre:<\/p>\n\n\n\n<figure class=\"wp-block-audio\"><audio controls src=\"https:\/\/sites.ac-nancy-metz.fr\/eac57\/wp-content\/uploads\/MUSIQUE-SURPRISE-1.mp3\"><\/audio><figcaption>Musique surprise<\/figcaption><\/figure>\n\n\n\n<h2 class=\"wp-block-heading\">Ecoute active; Papillons<\/h2>\n\n\n\n<figure class=\"wp-block-image\"><a href=\"https:\/\/sites.ac-nancy-metz.fr\/eac57\/ressource\/papillons\/\" target=\"_blank\" rel=\"noreferrer noopener\"><img loading=\"lazy\" decoding=\"async\" width=\"1024\" height=\"682\" src=\"https:\/\/sites.ac-nancy-metz.fr\/eac57\/wp-content\/uploads\/papillons-ecoute-active-musique-classique-ressource-musique-eac57-moselle-dsden57-cpem-1024x682.jpg\" alt=\"Papillons musique classique printemps \u00e9coute active cpem elisabeth bock dsden 57 moselle ressource education musicale ecole\" class=\"wp-image-3665\" srcset=\"https:\/\/sites.ac-nancy-metz.fr\/eac57\/wp-content\/uploads\/papillons-ecoute-active-musique-classique-ressource-musique-eac57-moselle-dsden57-cpem-1024x682.jpg 1024w, https:\/\/sites.ac-nancy-metz.fr\/eac57\/wp-content\/uploads\/papillons-ecoute-active-musique-classique-ressource-musique-eac57-moselle-dsden57-cpem-300x200.jpg 300w, https:\/\/sites.ac-nancy-metz.fr\/eac57\/wp-content\/uploads\/papillons-ecoute-active-musique-classique-ressource-musique-eac57-moselle-dsden57-cpem-768x512.jpg 768w, https:\/\/sites.ac-nancy-metz.fr\/eac57\/wp-content\/uploads\/papillons-ecoute-active-musique-classique-ressource-musique-eac57-moselle-dsden57-cpem-500x333.jpg 500w, https:\/\/sites.ac-nancy-metz.fr\/eac57\/wp-content\/uploads\/papillons-ecoute-active-musique-classique-ressource-musique-eac57-moselle-dsden57-cpem.jpg 1280w\" sizes=\"(max-width: 1024px) 100vw, 1024px\" \/><\/a><\/figure>\n","protected":false},"excerpt":{"rendered":"<p>Hymne de la Moselle Chant: Bouge ! Chant: Je fais du sport Chor\u00e9graphie: Pirates des Cara\u00efbes Ecoute active : CASSE-NOISETTE Ecoute active: Radetzki Les param\u00e8tres du son : CARNAVAL DES&#8230;<\/p>\n","protected":false},"author":3,"featured_media":0,"parent":0,"menu_order":0,"comment_status":"closed","ping_status":"closed","template":"","meta":{"footnotes":""},"class_list":["post-10339","page","type-page","status-publish","hentry"],"_links":{"self":[{"href":"https:\/\/sites.ac-nancy-metz.fr\/eac57\/wp-json\/wp\/v2\/pages\/10339"}],"collection":[{"href":"https:\/\/sites.ac-nancy-metz.fr\/eac57\/wp-json\/wp\/v2\/pages"}],"about":[{"href":"https:\/\/sites.ac-nancy-metz.fr\/eac57\/wp-json\/wp\/v2\/types\/page"}],"author":[{"embeddable":true,"href":"https:\/\/sites.ac-nancy-metz.fr\/eac57\/wp-json\/wp\/v2\/users\/3"}],"replies":[{"embeddable":true,"href":"https:\/\/sites.ac-nancy-metz.fr\/eac57\/wp-json\/wp\/v2\/comments?post=10339"}],"version-history":[{"count":5,"href":"https:\/\/sites.ac-nancy-metz.fr\/eac57\/wp-json\/wp\/v2\/pages\/10339\/revisions"}],"predecessor-version":[{"id":10602,"href":"https:\/\/sites.ac-nancy-metz.fr\/eac57\/wp-json\/wp\/v2\/pages\/10339\/revisions\/10602"}],"wp:attachment":[{"href":"https:\/\/sites.ac-nancy-metz.fr\/eac57\/wp-json\/wp\/v2\/media?parent=10339"}],"curies":[{"name":"wp","href":"https:\/\/api.w.org\/{rel}","templated":true}]}}