{"id":11327,"date":"2024-05-31T20:04:31","date_gmt":"2024-05-31T18:04:31","guid":{"rendered":"https:\/\/sites.ac-nancy-metz.fr\/eac57\/?page_id=11327"},"modified":"2024-09-23T09:43:55","modified_gmt":"2024-09-23T07:43:55","slug":"classe-patrimoine-a-la-decouverte-des-richesses-de-la-ville-de-metz","status":"publish","type":"page","link":"https:\/\/sites.ac-nancy-metz.fr\/eac57\/classe-patrimoine-a-la-decouverte-des-richesses-de-la-ville-de-metz\/","title":{"rendered":"Classe patrimoine \u00ab\u00a0A la d\u00e9couverte des richesses de la ville de Metz\u00a0\u00bb"},"content":{"rendered":"\n<p>Ce projet est l\u2019occasion pour les enfants de pouvoir faire le plein connaissances  historiques, culturelles, artistiques, \u00e0 travers la rencontre avec le patrimoine messin. Cela permet aux \u00e9l\u00e8ves de mieux s&rsquo;approprier ce territoire, en r\u00e9sonance avec la d\u00e9couverte d\u2019\u0153uvres et d&rsquo;artistes universels issus d&rsquo;\u00e9poques et de cultures diverses. La rencontre avec le patrimoine  contribuera \u00e0 enrichir pleinement le PEAC (Parcours d&rsquo;\u00e9ducation artistique et culturel) des \u00e9l\u00e8ves. Ce s\u00e9jour permettra \u00e9galement aux \u00e9l\u00e8ves et \u00e0 leur professeur, d&rsquo;exp\u00e9rimenter le vivre ensemble et ainsi se construire des souvenirs communs. <\/p>\n\n\n\n<h2 class=\"wp-block-heading\">O\u00f9 s\u00e9journer ?<\/h2>\n\n\n\n<p>L&rsquo;auberge de jeunesse La Brasserie, r\u00e9cemment r\u00e9nov\u00e9e et situ\u00e9e en coeur de ville figure sur le r\u00e9pertoire d\u00e9partemental des centres mosellans valid\u00e9s par les services de la DSDEN. <\/p>\n\n\n\n<p>Situ\u00e9 en coeur de ville elle permet d&rsquo;acc\u00e9der aux principaux centres patrimoniaux \u00e0 pieds, \u00e0 v\u00e9lo ou avec le Mettis. <\/p>\n\n\n\n<p><strong>Contact<\/strong> : contact@labrasseriemetz.com \/ 03 82 72 60 05 70<\/p>\n\n\n<div class=\"wp-block-image\">\n<figure class=\"aligncenter\"><img loading=\"lazy\" decoding=\"async\" width=\"150\" height=\"150\" src=\"https:\/\/sites.ac-nancy-metz.fr\/eac57\/wp-content\/uploads\/2024-05-10-150x150.jpg\" alt=\"\" class=\"wp-image-11338\" srcset=\"https:\/\/sites.ac-nancy-metz.fr\/eac57\/wp-content\/uploads\/2024-05-10-150x150.jpg 150w, https:\/\/sites.ac-nancy-metz.fr\/eac57\/wp-content\/uploads\/2024-05-10-300x300.jpg 300w, https:\/\/sites.ac-nancy-metz.fr\/eac57\/wp-content\/uploads\/2024-05-10-500x500.jpg 500w, https:\/\/sites.ac-nancy-metz.fr\/eac57\/wp-content\/uploads\/2024-05-10-768x768.jpg 768w\" sizes=\"(max-width: 150px) 100vw, 150px\" \/><figcaption class=\"wp-element-caption\"><a href=\"https:\/\/labrasseriemetz.com\/\" target=\"_blank\" rel=\"noreferrer noopener\" aria-label=\" (s\u2019ouvre dans un nouvel onglet)\">https:\/\/labrasseriemetz.com\/<\/a><\/figcaption><\/figure><\/div>\n\n\n<h2 class=\"wp-block-heading\">Comment s&rsquo;y rendre ? <\/h2>\n\n\n\n<p>L&rsquo;auberge est accessible en bus, en train et \u00e0 v\u00e9lo. Un parking \u00e0 v\u00e9lo est pr\u00e9vu pour le s\u00e9jour. Pour les classes souhaitant se rendre \u00e0 Metz \u00e0 v\u00e9lo, il est conseill\u00e9 de prendre contact avec le CPC EPS de la circonscription.<\/p>\n\n\n\n<h2 class=\"wp-block-heading\">Quelles sont les activit\u00e9s possibles ? <br><\/h2>\n\n\n\n<p>Le service patrimoine de la ville de Metz vous propose une offre de services riche et diverse dans sa  <strong><a href=\"https:\/\/www.calameo.com\/books\/00065793403546d5d1f7b\">Brochure offre \u00e9ducative 2023-2024<\/a><\/strong><\/p>\n\n\n\n<h3 class=\"wp-block-heading\"><strong>Des activit\u00e9s en autonomie <\/strong>: <\/h3>\n\n\n\n<ul class=\"wp-block-list\">\n<li><strong>15 \u00ab\u00a0Jeux de piste\u00a0\u00bb<\/strong> pour une d\u00e9couverte ludique et surprenante des rues  de la ville de Metz en autonomie (dur\u00e9e 1h), le service patrimoine de la ville \u00e9dite les livrets \u00ab\u00a0Jeux de piste\u00a0\u00bbque vous pouvez vous procurer en contactant  : <a href=\"sitespatrimoniaux@mairie-metz.fr\">sitespatrimoniaux@mairie-metz.fr<\/a><\/li>\n\n\n\n<li><strong>Livret d\u00e9couverte \u00ab\u00a0Les explorateurs\u00a0\u00bb<\/strong>, pour s&rsquo;approprier de mani\u00e8re ludique les lieux et monuments embl\u00e9matiques de la ville de Metz, par des jeux, dessins, \u00e9nigmes, pour d\u00e9couvrir les quartiers historiques de la ville, vous pouvez vous procurer les livrets en contactant : <a aria-label=\" (s\u2019ouvre dans un nouvel onglet)\" href=\"sitespatrimoniaux@mairie-metz.fr\" target=\"_blank\" rel=\"noreferrer noopener\">sitespatrimoniaux@mairie-metz.fr<\/a><\/li>\n<\/ul>\n\n\n<div class=\"wp-block-image\">\n<figure class=\"aligncenter\"><img loading=\"lazy\" decoding=\"async\" width=\"300\" height=\"75\" src=\"https:\/\/sites.ac-nancy-metz.fr\/eac57\/wp-content\/uploads\/jeuxexplo-300x75.png\" alt=\"\" class=\"wp-image-11358\" srcset=\"https:\/\/sites.ac-nancy-metz.fr\/eac57\/wp-content\/uploads\/jeuxexplo-300x75.png 300w, https:\/\/sites.ac-nancy-metz.fr\/eac57\/wp-content\/uploads\/jeuxexplo.png 682w\" sizes=\"(max-width: 300px) 100vw, 300px\" \/><\/figure><\/div>\n\n\n<ul class=\"wp-block-list\">\n<li><strong>Visites th\u00e9matiques <\/strong>\u00e0 la <strong>Porte des Allemands<\/strong> et \u00e0 la <strong>basilique St Vincent<\/strong>  et <strong>animations<\/strong> propos\u00e9es par le service culturel de la ville de Metz. Gratuit\u00e9 pour les scolaires. (cf <strong><a aria-label=\"Brochure offre \u00e9ducative 2023-2024 (s\u2019ouvre dans un nouvel onglet)\" href=\"https:\/\/www.calameo.com\/read\/00065793403546d5d1f7b\" target=\"_blank\" rel=\"noreferrer noopener\">Brochure offre \u00e9ducative 2023-2024<\/a><\/strong> )<\/li>\n\n\n\n<li><strong><a href=\"https:\/\/sites.ac-nancy-metz.fr\/eac57\/wp-content\/uploads\/rallye-graouly.pdf\">Rallye \u00ab\u00a0Graoully\u00a0\u00bb<\/a><\/strong> pour d\u00e9couvrir ou re-d\u00e9couvrir les lieux patrimoniaux de Metz.<\/li>\n<\/ul>\n\n\n\n<h3 class=\"wp-block-heading\"><strong>Des visites libres ou guid\u00e9es de structures culturelles \u00e0 contacter directement : <\/strong><\/h3>\n\n\n\n<p>Liste non exhaustive.<\/p>\n\n\n\n<ul class=\"wp-block-list\">\n<li><strong><a aria-label=\"Centre Pompidou-Metz (s\u2019ouvre dans un nouvel onglet)\" href=\"https:\/\/www.centrepompidou-metz.fr\/fr\" target=\"_blank\" rel=\"noreferrer noopener\">Centre Pompidou-Metz<\/a> :  <\/strong>dans le nouveau quartier de l&rsquo;Amphith\u00e9\u00e2tre, cr\u00e9e en 2006, par les architectes Shigeru Ban, Jean de Castines, entre autres, le CP-M accueille les collections d&rsquo;art des 20\u00e8me et 21\u00e8me si\u00e8cles. <\/li>\n<\/ul>\n\n\n\n<p><strong>\u00ab\u00a0D\u00e9couverte de l\u2019architecture du Centre Pompidou Metz\u00a0\u00bb<\/strong>: Visite guid\u00e9e, 1h30, 80 \u20ac, livret de d\u00e9couverte. Pour r\u00e9server veuillez contacter : <a href=\"mailto:reservation@centrepompidou-metz.fr\">reservation@centrepompidou-metz.fr<\/a> ou ce num\u00e9ro 03 87 15 17 17.<\/p>\n\n\n\n<ul class=\"wp-block-list\">\n<li><strong><a href=\"https:\/\/musee.eurometropolemetz.eu\/\" target=\"_blank\" rel=\"noreferrer noopener\">Mus\u00e9e de la Cour d&rsquo;Or<\/a><\/strong> : mus\u00e9e d&rsquo;art et d&rsquo;histoire, situ\u00e9 au coeur de la ville de Metz, mus\u00e9e arch\u00e9ologique d&rsquo;art gallo-romain et m\u00e9di\u00e9val <\/li>\n<\/ul>\n\n\n\n<p><strong>\u00ab\u00a0Visite en autonomie\u00a0\u00bb<\/strong> : gratuit\u00e9, dossier p\u00e9dagogique, pr\u00eat de document  et de mat\u00e9riel en fonction de l&rsquo;activit\u00e9 choisie.<\/p>\n\n\n\n<p><strong>\u00ab\u00a0Visite encadr\u00e9e\u00a0\u00bb<\/strong> : 30 \u20ac par classe Accueil du groupe par un intervenant et mise \u00e0 disposition d&rsquo;un livret par \u00e9l\u00e8ve. <\/p>\n\n\n\n<p><strong>Contact et r\u00e9servation <\/strong>: <a href=\"http:\/\/reservation-musee.eurometropolemetz\" target=\"_blank\" rel=\"noreferrer noopener\" aria-label=\" (s\u2019ouvre dans un nouvel onglet)\">http:\/\/reservation-musee.eurometropolemetz<\/a><\/p>\n\n\n\n<ul class=\"wp-block-list\">\n<li><strong>La cath\u00e9drale Saint Etienne<\/strong> : construite \u00e0 partir du 13\u00e8me si\u00e8cle, de style dominant gothique, vitraux dessin\u00e9s par Marc Chagall. Contact : <strong><a aria-label=\"office du tourisme (s\u2019ouvre dans un nouvel onglet)\" href=\"https:\/\/www.tourisme-metz.com\/fr\/groupes-scolaires\/thematiques\" target=\"_blank\" rel=\"noreferrer noopener\">office du tourisme<\/a><\/strong><\/li>\n<\/ul>\n\n\n\n<ul class=\"wp-block-list\">\n<li><strong>Porte des allemands<\/strong> : vestige des remparts m\u00e9di\u00e9vaux de Metz, un t\u00e9moignage de l&rsquo;\u00e9volution de l&rsquo;architecture militaire au moyen-\u00e2ge. Contact : 03 87 68 25 86<\/li>\n\n\n\n<li><strong><a aria-label=\"Le FRAC Lorraine (s\u2019ouvre dans un nouvel onglet)\" href=\"https:\/\/www.fraclorraine.org\/\" target=\"_blank\" rel=\"noreferrer noopener\">Le FRAC Lorraine<\/a><\/strong> (Fonds d&rsquo;art contemporain de Lorraine) : collections et expositions d&rsquo;artistes contemporains, jardins . Entr\u00e9e gratuite. Contact : 03  87 74 55 00  R\u00e9servation : <a aria-label=\" (s\u2019ouvre dans un nouvel onglet)\" href=\"reservation@fraclorraine.org\" target=\"_blank\" rel=\"noreferrer noopener\">reservation@fraclorraine.org<\/a><\/li>\n<\/ul>\n\n\n\n<ul class=\"wp-block-list\">\n<li><strong><a aria-label=\"Maison de Robert Schuman (s\u2019ouvre dans un nouvel onglet)\" href=\"https:\/\/www.centre-robert-schuman.org\/fr\/le-cers\/activites\/le-service-educatif-europeen-interculturel\" target=\"_blank\" rel=\"noreferrer noopener\">Maison de Robert Schuman<\/a> \u00e0 Scy-Chazelles <\/strong>: situ\u00e9e \u00e0 5 km de Metz, accessible en transport en commun ou \u00e0 v\u00e9lo. Contact : 03 87 35 01 43 et maison-robert-schuman@moselle.fr<\/li>\n<\/ul>\n\n\n\n<h2 class=\"wp-block-heading\">Pour construire votre s\u00e9jour, voici les personnes \u00e0 contacter :<\/h2>\n\n\n\n<p><strong>Charg\u00e9 des publics :<\/strong>  <a rel=\"noreferrer noopener\" aria-label=\" (s\u2019ouvre dans un nouvel onglet)\" href=\"sitespatrimoniaux@mairie-metz.fr\" target=\"_blank\">sitespatrimoniaux@mairie-metz.fr<\/a> ou \u00e0 ce num\u00e9ro 03 87 68 25 86 <\/p>\n\n\n\n<p><strong>Auberge de jeunesse la Brasserie <\/strong>: <a rel=\"noreferrer noopener\" aria-label=\" (s\u2019ouvre dans un nouvel onglet)\" href=\"contact@labrasseriemetz.co\" target=\"_blank\">contact@labrasseriemetz.co<\/a> \/ 03 72 60 05 70 <br><\/p>\n\n\n\n<p><strong>Office du tourisme de Metz<\/strong> : https:\/\/www.tourisme-metz.com\/fr<\/p>\n\n\n\n<p><strong>Conseill\u00e8re p\u00e9dagogique d\u00e9partementale r\u00e9f\u00e9rente<\/strong> : maryse.dellandrea@ac-nancy-metz.fr<\/p>\n\n\n\n<p><br><\/p>\n","protected":false},"excerpt":{"rendered":"<p>Ce projet est l\u2019occasion pour les enfants de pouvoir faire le plein connaissances historiques, culturelles, artistiques, \u00e0 travers la rencontre avec le patrimoine messin. Cela permet aux \u00e9l\u00e8ves de mieux&#8230;<\/p>\n","protected":false},"author":2,"featured_media":11336,"parent":0,"menu_order":0,"comment_status":"closed","ping_status":"closed","template":"","meta":{"footnotes":""},"class_list":["post-11327","page","type-page","status-publish","has-post-thumbnail","hentry"],"_links":{"self":[{"href":"https:\/\/sites.ac-nancy-metz.fr\/eac57\/wp-json\/wp\/v2\/pages\/11327"}],"collection":[{"href":"https:\/\/sites.ac-nancy-metz.fr\/eac57\/wp-json\/wp\/v2\/pages"}],"about":[{"href":"https:\/\/sites.ac-nancy-metz.fr\/eac57\/wp-json\/wp\/v2\/types\/page"}],"author":[{"embeddable":true,"href":"https:\/\/sites.ac-nancy-metz.fr\/eac57\/wp-json\/wp\/v2\/users\/2"}],"replies":[{"embeddable":true,"href":"https:\/\/sites.ac-nancy-metz.fr\/eac57\/wp-json\/wp\/v2\/comments?post=11327"}],"version-history":[{"count":34,"href":"https:\/\/sites.ac-nancy-metz.fr\/eac57\/wp-json\/wp\/v2\/pages\/11327\/revisions"}],"predecessor-version":[{"id":11630,"href":"https:\/\/sites.ac-nancy-metz.fr\/eac57\/wp-json\/wp\/v2\/pages\/11327\/revisions\/11630"}],"wp:featuredmedia":[{"embeddable":true,"href":"https:\/\/sites.ac-nancy-metz.fr\/eac57\/wp-json\/wp\/v2\/media\/11336"}],"wp:attachment":[{"href":"https:\/\/sites.ac-nancy-metz.fr\/eac57\/wp-json\/wp\/v2\/media?parent=11327"}],"curies":[{"name":"wp","href":"https:\/\/api.w.org\/{rel}","templated":true}]}}