{"id":6040,"date":"2022-02-22T11:03:50","date_gmt":"2022-02-22T10:03:50","guid":{"rendered":"https:\/\/sites.ac-nancy-metz.fr\/eac57\/?page_id=6040"},"modified":"2022-02-22T11:03:50","modified_gmt":"2022-02-22T10:03:50","slug":"les-elements-du-langage-plastique","status":"publish","type":"page","link":"https:\/\/sites.ac-nancy-metz.fr\/eac57\/les-elements-du-langage-plastique\/","title":{"rendered":"Les \u00e9l\u00e9ments du langage plastique"},"content":{"rendered":"\n<p> \u00ab\u00a0Tout comme les mots et leurs sonorit\u00e9s pour l\u2019\u00e9criture, les sons et leur intensit\u00e9, leur hauteur pour la musique, les arts plastiques prennent appui sur un langage sp\u00e9cifique. Ce langage est d\u00e9fini par des \u00e9l\u00e9ments pr\u00e9cis \u00ab\u00a0.  <\/p>\n\n\n\n<p>En suivant le lien : <\/p>\n\n\n\n<p><\/p>\n\n\n\n<p>v<a href=\"https:\/\/view.genial.ly\/61f797ae7d337e00122c2b68\/interactive-content-elements-langage-plastique\">https:\/\/view.genial.ly\/61f797ae7d337e00122c2b68\/interactive-content-elements-langage-plastique<\/a><\/p>\n\n\n\n<p>vous trouverez regroup\u00e9s sur une image interactive, les 9 \u00e9l\u00e9ments tels qu&rsquo;ils sont propos\u00e9s dans le document d&rsquo;accompagnement des programmes pour les cycles 2 et 3 \u00ab\u00a0Lexique pour les arts plastiques\u00a0\u00bb.<\/p>\n","protected":false},"excerpt":{"rendered":"<p>\u00ab\u00a0Tout comme les mots et leurs sonorit\u00e9s pour l\u2019\u00e9criture, les sons et leur intensit\u00e9, leur hauteur pour la musique, les arts plastiques prennent appui sur un langage sp\u00e9cifique. Ce langage&#8230;<\/p>\n","protected":false},"author":9,"featured_media":6043,"parent":0,"menu_order":0,"comment_status":"closed","ping_status":"closed","template":"","meta":{"footnotes":""},"class_list":["post-6040","page","type-page","status-publish","has-post-thumbnail","hentry"],"_links":{"self":[{"href":"https:\/\/sites.ac-nancy-metz.fr\/eac57\/wp-json\/wp\/v2\/pages\/6040"}],"collection":[{"href":"https:\/\/sites.ac-nancy-metz.fr\/eac57\/wp-json\/wp\/v2\/pages"}],"about":[{"href":"https:\/\/sites.ac-nancy-metz.fr\/eac57\/wp-json\/wp\/v2\/types\/page"}],"author":[{"embeddable":true,"href":"https:\/\/sites.ac-nancy-metz.fr\/eac57\/wp-json\/wp\/v2\/users\/9"}],"replies":[{"embeddable":true,"href":"https:\/\/sites.ac-nancy-metz.fr\/eac57\/wp-json\/wp\/v2\/comments?post=6040"}],"version-history":[{"count":2,"href":"https:\/\/sites.ac-nancy-metz.fr\/eac57\/wp-json\/wp\/v2\/pages\/6040\/revisions"}],"predecessor-version":[{"id":6042,"href":"https:\/\/sites.ac-nancy-metz.fr\/eac57\/wp-json\/wp\/v2\/pages\/6040\/revisions\/6042"}],"wp:featuredmedia":[{"embeddable":true,"href":"https:\/\/sites.ac-nancy-metz.fr\/eac57\/wp-json\/wp\/v2\/media\/6043"}],"wp:attachment":[{"href":"https:\/\/sites.ac-nancy-metz.fr\/eac57\/wp-json\/wp\/v2\/media?parent=6040"}],"curies":[{"name":"wp","href":"https:\/\/api.w.org\/{rel}","templated":true}]}}