{"id":6077,"date":"2024-12-09T08:19:27","date_gmt":"2024-12-09T07:19:27","guid":{"rendered":"https:\/\/sites.ac-nancy-metz.fr\/eac57\/?page_id=6077"},"modified":"2026-02-03T18:52:34","modified_gmt":"2026-02-03T17:52:34","slug":"lagenda-de-leac","status":"publish","type":"page","link":"https:\/\/sites.ac-nancy-metz.fr\/eac57\/lagenda-de-leac\/","title":{"rendered":"AGENDA ET CALENDRIER APPELS \u00e0 PROJETS EAC"},"content":{"rendered":"\n<p>Acc\u00e9dez \u00e0 l&rsquo;agenda de l&rsquo;\u00e9ducation artistique et culturelle en cliquant ci dessous : <\/p>\n\n\n<div class=\"wp-block-image\">\n<figure class=\"aligncenter size-full is-resized\"><a href=\"https:\/\/digipad.app\/p\/114495\/f79c97b7b96bd\"><img loading=\"lazy\" decoding=\"async\" width=\"717\" height=\"235\" src=\"https:\/\/sites.ac-nancy-metz.fr\/eac57\/wp-content\/uploads\/couleur.png\" alt=\"\" class=\"wp-image-13579\" style=\"width:711px;height:auto\" srcset=\"https:\/\/sites.ac-nancy-metz.fr\/eac57\/wp-content\/uploads\/couleur.png 717w, https:\/\/sites.ac-nancy-metz.fr\/eac57\/wp-content\/uploads\/couleur-300x98.png 300w\" sizes=\"(max-width: 717px) 100vw, 717px\" \/><\/a><\/figure><\/div>\n\n\n<p>D\u00e9couvrez le calendrier des appels \u00e0 projets sur ADAGE. Derni\u00e8re mise \u00e0 jour le 03\/02\/26<\/p>\n\n\n\n<div data-wp-interactive=\"core\/file\" class=\"wp-block-file\"><object data-wp-bind--hidden=\"!state.hasPdfPreview\"  class=\"wp-block-file__embed\" data=\"https:\/\/sites.ac-nancy-metz.fr\/eac57\/wp-content\/uploads\/030226_Calendrier-des-AAP-ADAGE.pdf\" type=\"application\/pdf\" style=\"width:100%;height:600px\" aria-label=\"Contenu embarqu\u00e9 030226_Calendrier des AAP ADAGE.\"><\/object><a id=\"wp-block-file--media-c0e48b0c-fe57-4c7e-b715-850f795e96f2\" href=\"https:\/\/sites.ac-nancy-metz.fr\/eac57\/wp-content\/uploads\/030226_Calendrier-des-AAP-ADAGE.pdf\">030226_Calendrier des AAP ADAGE<\/a><a href=\"https:\/\/sites.ac-nancy-metz.fr\/eac57\/wp-content\/uploads\/030226_Calendrier-des-AAP-ADAGE.pdf\" class=\"wp-block-file__button wp-element-button\" download aria-describedby=\"wp-block-file--media-c0e48b0c-fe57-4c7e-b715-850f795e96f2\">T\u00e9l\u00e9charger<\/a><\/div>\n","protected":false},"excerpt":{"rendered":"<p>Acc\u00e9dez \u00e0 l&rsquo;agenda de l&rsquo;\u00e9ducation artistique et culturelle en cliquant ci dessous : D\u00e9couvrez le calendrier des appels \u00e0 projets sur ADAGE. Derni\u00e8re mise \u00e0 jour le 03\/02\/26<\/p>\n","protected":false},"author":2,"featured_media":12219,"parent":0,"menu_order":0,"comment_status":"closed","ping_status":"closed","template":"","meta":{"footnotes":""},"class_list":["post-6077","page","type-page","status-publish","has-post-thumbnail","hentry"],"_links":{"self":[{"href":"https:\/\/sites.ac-nancy-metz.fr\/eac57\/wp-json\/wp\/v2\/pages\/6077"}],"collection":[{"href":"https:\/\/sites.ac-nancy-metz.fr\/eac57\/wp-json\/wp\/v2\/pages"}],"about":[{"href":"https:\/\/sites.ac-nancy-metz.fr\/eac57\/wp-json\/wp\/v2\/types\/page"}],"author":[{"embeddable":true,"href":"https:\/\/sites.ac-nancy-metz.fr\/eac57\/wp-json\/wp\/v2\/users\/2"}],"replies":[{"embeddable":true,"href":"https:\/\/sites.ac-nancy-metz.fr\/eac57\/wp-json\/wp\/v2\/comments?post=6077"}],"version-history":[{"count":23,"href":"https:\/\/sites.ac-nancy-metz.fr\/eac57\/wp-json\/wp\/v2\/pages\/6077\/revisions"}],"predecessor-version":[{"id":13582,"href":"https:\/\/sites.ac-nancy-metz.fr\/eac57\/wp-json\/wp\/v2\/pages\/6077\/revisions\/13582"}],"wp:featuredmedia":[{"embeddable":true,"href":"https:\/\/sites.ac-nancy-metz.fr\/eac57\/wp-json\/wp\/v2\/media\/12219"}],"wp:attachment":[{"href":"https:\/\/sites.ac-nancy-metz.fr\/eac57\/wp-json\/wp\/v2\/media?parent=6077"}],"curies":[{"name":"wp","href":"https:\/\/api.w.org\/{rel}","templated":true}]}}