{"id":229,"date":"2024-01-08T14:37:15","date_gmt":"2024-01-08T13:37:15","guid":{"rendered":"https:\/\/sites.ac-nancy-metz.fr\/eco-j-ferry-remiremont\/?page_id=229"},"modified":"2024-12-13T10:06:40","modified_gmt":"2024-12-13T09:06:40","slug":"devoirs","status":"publish","type":"page","link":"https:\/\/sites.ac-nancy-metz.fr\/eco-j-ferry-remiremont\/cm2\/devoirs\/","title":{"rendered":"Devoirs"},"content":{"rendered":"<p>Pour aller sur google earth : <a href=\"https:\/\/www.google.com\/intl\/fr_fr\/earth\/\">https:\/\/www.google.com\/intl\/fr_fr\/earth\/<\/a><\/p>\n<p>_ _ _ _ _ _ _ _ _ _ _ _ _ _ _ _ _ _ _ _ _ _ _ _ _ _ _ _ _ _ _ _ _ _ _\u00a0<\/p>\n<p><span style=\"color: #0000ff;\"><span style=\"color: #800080;\">Les \u00e9l\u00e8ves des deux classes de CM vont se rendre \u00e0 Fribourg en Allemagne. Chaque enfant doit \u00eatre en possession de sa<\/span> <strong><span style=\"color: #ff0000;\">carte d&rsquo;identit\u00e9<\/span><\/strong><span style=\"color: #800080;\">. Pour ceux, qui ne l&rsquo;ont pas encore. Pouvez-vous faire la demande d\u00e8s maintenant : les d\u00e9lais sont parfois assez longs.<\/span><\/span><\/p>\n<p><strong><span style=\"color: #800080;\">Lundi 16 d\u00e9cembre :\u00a0<\/span><\/strong><\/p>\n<p><strong><span style=\"color: #0000ff;\">Fran\u00e7ais : Il faudrait, que j&rsquo;apporte l&rsquo;adresse de mes grands parents, ou quelqu&rsquo;un que j&rsquo;aime bien.<\/span><\/strong><\/p>\n<p><strong><span style=\"color: #0000ff;\">Po\u00e9sie :<\/span><\/strong> Pr\u00e9senter un tour de magie en moins de deux minutes. Quelques exemples\u00a0<a href=\"https:\/\/www.youtube.com\/watch?v=oFm3KW6irl4\"><strong>ici<\/strong><\/a>,\u00a0<a href=\"https:\/\/www.youtube.com\/watch?v=ifsZdO21twY\"><strong>l\u00e0<\/strong><\/a>, encore\u00a0<a href=\"https:\/\/www.youtube.com\/watch?v=RUnQna1RSmQ\"><strong>ici\u00a0<\/strong><\/a>et\u00a0<a href=\"https:\/\/www.youtube.com\/watch?v=m9l6YVqtu9I\"><strong>l\u00e0<\/strong><\/a>.\u00a0<\/p>\n<p><strong><span style=\"color: #800080;\">Mardi 17 d\u00e9cembre :<\/span><\/strong><\/p>\n<p><strong><span style=\"color: #0000ff;\">Po\u00e9sie\u00a0:<\/span><\/strong> Pr\u00e9senter un tour de magie en moins de deux minutes. Quelques exemples\u00a0<a href=\"https:\/\/www.youtube.com\/watch?v=oFm3KW6irl4\"><strong>ici<\/strong><\/a>,\u00a0<a href=\"https:\/\/www.youtube.com\/watch?v=ifsZdO21twY\"><strong>l\u00e0<\/strong><\/a>, encore\u00a0<a href=\"https:\/\/www.youtube.com\/watch?v=RUnQna1RSmQ\"><strong>ici\u00a0<\/strong><\/a>et\u00a0<a href=\"https:\/\/www.youtube.com\/watch?v=m9l6YVqtu9I\"><strong>l\u00e0<\/strong><\/a>.\u00a0<\/p>\n<p><span style=\"color: #800080;\"><strong>Jeudi 19 d\u00e9cembre :\u00a0<\/strong><\/span><\/p>\n<p><strong><span style=\"color: #0000ff;\">Po\u00e9sie\u00a0:<\/span><\/strong> Pr\u00e9senter un tour de magie en moins de deux minutes. Quelques exemples\u00a0<a href=\"https:\/\/www.youtube.com\/watch?v=oFm3KW6irl4\"><strong>ici<\/strong><\/a>,\u00a0<a href=\"https:\/\/www.youtube.com\/watch?v=ifsZdO21twY\"><strong>l\u00e0<\/strong><\/a>, encore\u00a0<a href=\"https:\/\/www.youtube.com\/watch?v=RUnQna1RSmQ\"><strong>ici\u00a0<\/strong><\/a>et\u00a0<a href=\"https:\/\/www.youtube.com\/watch?v=m9l6YVqtu9I\"><strong>l\u00e0<\/strong><\/a>. si je veux, si je peux&#8230;.<\/p>\n<p><strong><span style=\"color: #993300;\">Vendredi 20 d\u00e9cembre &#8211; dernier jour de classe avec Mme MATHIEU:<\/span><\/strong><\/p>\n<ul>\n<li><strong>pas de dict\u00e9e bilan<\/strong> cette semaine !\u00a0<\/li>\n<li><strong>maths<\/strong> &#8211; finir et colorier la frise de \u00ab\u00a0D\u00e9cembre\u00a0\u00bb dans le cahier du jour du vendredi<\/li>\n<li>apporter <strong>un jeu de soci\u00e9t\u00e9<\/strong> (facultatif)<\/li>\n<\/ul>\n<p><span style=\"color: #000080;\">Bonnes vacances,\u00a0<\/span><\/p>\n<p><img fetchpriority=\"high\" decoding=\"async\" class=\"alignnone size-medium wp-image-653\" src=\"https:\/\/sites.ac-nancy-metz.fr\/eco-j-ferry-remiremont\/wp-content\/uploads\/2024\/12\/noel4-300x199.png\" alt=\"\" width=\"300\" height=\"199\" srcset=\"https:\/\/sites.ac-nancy-metz.fr\/eco-j-ferry-remiremont\/wp-content\/uploads\/2024\/12\/noel4-300x199.png 300w, https:\/\/sites.ac-nancy-metz.fr\/eco-j-ferry-remiremont\/wp-content\/uploads\/2024\/12\/noel4.png 402w\" sizes=\"(max-width: 300px) 100vw, 300px\" \/><\/p>\n<p><span style=\"color: #000080;\">Si vous voulez montrer ou refaire l&rsquo;escape game de No\u00ebl, c&rsquo;est<\/span> <a href=\"https:\/\/view.genial.ly\/5a2bd975c4284c18d8af4021\" target=\"_blank\" rel=\"noopener\">ici<\/a>.<\/p>\n<p>Et un autre <a href=\"https:\/\/view.genially.com\/66ba01e82093050c23b18187\" target=\"_blank\" rel=\"noopener\">l\u00e0<\/a>.<\/p>\n<p>&nbsp;<\/p>\n<p><span style=\"color: #800080;\"><strong>Lundi 6 janvier 2025 :<\/strong>\u00a0<\/span><\/p>\n<p><span style=\"color: #0000ff;\">Les \u00e9l\u00e8ves des deux classes de CM vont se rendre \u00e0 Fribourg en Allemagne. Chaque enfant doit \u00eatre en possession de sa <strong><span style=\"color: #ff0000;\">carte d&rsquo;identit\u00e9<\/span><\/strong>. Pour ceux, qui ne l&rsquo;ont pas encore. Pouvez-vous faire la demande d\u00e8s maintenant : les d\u00e9lais sont parfois assez longs.<\/span><\/p>\n<p>&nbsp;<\/p>\n<p>&nbsp;<\/p>\n\n\n<p><\/p>\n\n\n\n<ul class=\"wp-block-list\">\n<li><\/li>\n<\/ul>\n\n\n\n<p><\/p>\n\n\n\n<p><\/p>\n\n\n\n<p><\/p>\n\n\n\n<p><\/p>\n","protected":false},"excerpt":{"rendered":"<p>Pour aller sur google earth : https:\/\/www.google.com\/intl\/fr_fr\/earth\/ _ _ _ _ _ _ _ _ _ _ _ _ _ _ _ _ _ _ _ _ _ _ _ _ _ _ _ _ _ _ _ _ _ _ _\u00a0 Les \u00e9l\u00e8ves des deux classes de CM vont se rendre \u00e0 Fribourg en &hellip; <a href=\"https:\/\/sites.ac-nancy-metz.fr\/eco-j-ferry-remiremont\/cm2\/devoirs\/\" class=\"more-link\">Continuer la lecture de <span class=\"screen-reader-text\">Devoirs<\/span>  <span class=\"meta-nav\">&rarr;<\/span><\/a><\/p>\n","protected":false},"author":1,"featured_media":0,"parent":104,"menu_order":0,"comment_status":"closed","ping_status":"closed","template":"","meta":{"footnotes":""},"categories":[],"tags":[],"class_list":["post-229","page","type-page","status-publish","hentry"],"_links":{"self":[{"href":"https:\/\/sites.ac-nancy-metz.fr\/eco-j-ferry-remiremont\/wp-json\/wp\/v2\/pages\/229","targetHints":{"allow":["GET"]}}],"collection":[{"href":"https:\/\/sites.ac-nancy-metz.fr\/eco-j-ferry-remiremont\/wp-json\/wp\/v2\/pages"}],"about":[{"href":"https:\/\/sites.ac-nancy-metz.fr\/eco-j-ferry-remiremont\/wp-json\/wp\/v2\/types\/page"}],"author":[{"embeddable":true,"href":"https:\/\/sites.ac-nancy-metz.fr\/eco-j-ferry-remiremont\/wp-json\/wp\/v2\/users\/1"}],"replies":[{"embeddable":true,"href":"https:\/\/sites.ac-nancy-metz.fr\/eco-j-ferry-remiremont\/wp-json\/wp\/v2\/comments?post=229"}],"version-history":[{"count":286,"href":"https:\/\/sites.ac-nancy-metz.fr\/eco-j-ferry-remiremont\/wp-json\/wp\/v2\/pages\/229\/revisions"}],"predecessor-version":[{"id":664,"href":"https:\/\/sites.ac-nancy-metz.fr\/eco-j-ferry-remiremont\/wp-json\/wp\/v2\/pages\/229\/revisions\/664"}],"up":[{"embeddable":true,"href":"https:\/\/sites.ac-nancy-metz.fr\/eco-j-ferry-remiremont\/wp-json\/wp\/v2\/pages\/104"}],"wp:attachment":[{"href":"https:\/\/sites.ac-nancy-metz.fr\/eco-j-ferry-remiremont\/wp-json\/wp\/v2\/media?parent=229"}],"wp:term":[{"taxonomy":"category","embeddable":true,"href":"https:\/\/sites.ac-nancy-metz.fr\/eco-j-ferry-remiremont\/wp-json\/wp\/v2\/categories?post=229"},{"taxonomy":"post_tag","embeddable":true,"href":"https:\/\/sites.ac-nancy-metz.fr\/eco-j-ferry-remiremont\/wp-json\/wp\/v2\/tags?post=229"}],"curies":[{"name":"wp","href":"https:\/\/api.w.org\/{rel}","templated":true}]}}