{"id":450,"date":"2024-05-30T20:46:16","date_gmt":"2024-05-30T18:46:16","guid":{"rendered":"https:\/\/sites.ac-nancy-metz.fr\/eco-j-ferry-remiremont\/?page_id=450"},"modified":"2024-07-30T11:39:48","modified_gmt":"2024-07-30T09:39:48","slug":"essai","status":"publish","type":"page","link":"https:\/\/sites.ac-nancy-metz.fr\/eco-j-ferry-remiremont\/cm2\/essai\/","title":{"rendered":"LAFOUINE"},"content":{"rendered":"\n<p><a href=\"https:\/\/sites.ac-nancy-metz.fr\/eco-j-ferry-remiremont\/wp-content\/uploads\/2024\/07\/braqueur-des-vosges.pdf\">Le braqueur des Vosges<\/a>.<\/p>\n\n\n\n<p><a href=\"https:\/\/sites.ac-nancy-metz.fr\/eco-j-ferry-remiremont\/wp-content\/uploads\/2024\/07\/lafouine-cm2-2017-2018.pdf\">La disparition de Camille Aunaithe CM2 2017\/2018<\/a><\/p>\n\n\n\n<p><a href=\"https:\/\/sites.ac-nancy-metz.fr\/eco-j-ferry-remiremont\/wp-content\/uploads\/2024\/07\/lafouine-enlevement-au-cinema-cm201920.pdf\">Enl\u00e8vement au cin\u00e9ma 2019\/2020<\/a><\/p>\n\n\n\n<p><a href=\"https:\/\/sites.ac-nancy-metz.fr\/eco-j-ferry-remiremont\/wp-content\/uploads\/2024\/07\/message-code.pdf\">Message cod\u00e9<\/a><\/p>\n\n\n\n<p><a href=\"https:\/\/sites.ac-nancy-metz.fr\/eco-j-ferry-remiremont\/wp-content\/uploads\/2024\/07\/texte-lafouine1-22024.pdf\">Lara Khett 2024<\/a><\/p>\n\n\n\n<p><a href=\"https:\/\/sites.ac-nancy-metz.fr\/eco-j-ferry-remiremont\/wp-content\/uploads\/2024\/07\/five-pence.pdf\" data-type=\"link\" data-id=\"https:\/\/sites.ac-nancy-metz.fr\/eco-j-ferry-remiremont\/wp-content\/uploads\/2024\/07\/five-pence.pdf\">Five pence<\/a><\/p>\n\n\n\n<p><a href=\"https:\/\/sites.ac-nancy-metz.fr\/eco-j-ferry-remiremont\/wp-content\/uploads\/2024\/07\/la-premiere-enquete-de-Lafouine1.pdf\">La premi\u00e8re enqu\u00eate de Lafouine<\/a><\/p>\n\n\n\n<p><a href=\"https:\/\/sites.ac-nancy-metz.fr\/eco-j-ferry-remiremont\/wp-content\/uploads\/2024\/07\/le-coup-du-chene.pdf\">Le coup du ch\u00eane<\/a><\/p>\n\n\n\n<p><a href=\"https:\/\/sites.ac-nancy-metz.fr\/eco-j-ferry-remiremont\/wp-content\/uploads\/2024\/07\/les-4-freres.pdf\">Les quatre fr\u00e8res<\/a><\/p>\n\n\n\n<p><a href=\"https:\/\/sites.ac-nancy-metz.fr\/eco-j-ferry-remiremont\/wp-content\/uploads\/2024\/07\/monsieur-X.pdf\">Monsieur X<\/a><\/p>\n\n\n\n<p><a href=\"https:\/\/sites.ac-nancy-metz.fr\/eco-j-ferry-remiremont\/wp-content\/uploads\/2024\/07\/testament-du-comte.pdf\">Le testament du Comte<\/a><\/p>\n\n\n\n<p><a href=\"http:\/\/ecole.toussaint.free.fr\/lafouine\/lafouine.htm\">Les enqu\u00eates<\/a>.<\/p>\n\n\n\n<p><\/p>\n\n\n\n<p><\/p>\n\n\n\n<p><\/p>\n","protected":false},"excerpt":{"rendered":"<p>Le braqueur des Vosges. La disparition de Camille Aunaithe CM2 2017\/2018 Enl\u00e8vement au cin\u00e9ma 2019\/2020 Message cod\u00e9 Lara Khett 2024 Five pence La premi\u00e8re enqu\u00eate de Lafouine Le coup du ch\u00eane Les quatre fr\u00e8res Monsieur X Le testament du Comte Les enqu\u00eates.<\/p>\n","protected":false},"author":1,"featured_media":0,"parent":104,"menu_order":0,"comment_status":"closed","ping_status":"closed","template":"","meta":{"footnotes":""},"categories":[],"tags":[],"class_list":["post-450","page","type-page","status-publish","hentry"],"_links":{"self":[{"href":"https:\/\/sites.ac-nancy-metz.fr\/eco-j-ferry-remiremont\/wp-json\/wp\/v2\/pages\/450","targetHints":{"allow":["GET"]}}],"collection":[{"href":"https:\/\/sites.ac-nancy-metz.fr\/eco-j-ferry-remiremont\/wp-json\/wp\/v2\/pages"}],"about":[{"href":"https:\/\/sites.ac-nancy-metz.fr\/eco-j-ferry-remiremont\/wp-json\/wp\/v2\/types\/page"}],"author":[{"embeddable":true,"href":"https:\/\/sites.ac-nancy-metz.fr\/eco-j-ferry-remiremont\/wp-json\/wp\/v2\/users\/1"}],"replies":[{"embeddable":true,"href":"https:\/\/sites.ac-nancy-metz.fr\/eco-j-ferry-remiremont\/wp-json\/wp\/v2\/comments?post=450"}],"version-history":[{"count":13,"href":"https:\/\/sites.ac-nancy-metz.fr\/eco-j-ferry-remiremont\/wp-json\/wp\/v2\/pages\/450\/revisions"}],"predecessor-version":[{"id":502,"href":"https:\/\/sites.ac-nancy-metz.fr\/eco-j-ferry-remiremont\/wp-json\/wp\/v2\/pages\/450\/revisions\/502"}],"up":[{"embeddable":true,"href":"https:\/\/sites.ac-nancy-metz.fr\/eco-j-ferry-remiremont\/wp-json\/wp\/v2\/pages\/104"}],"wp:attachment":[{"href":"https:\/\/sites.ac-nancy-metz.fr\/eco-j-ferry-remiremont\/wp-json\/wp\/v2\/media?parent=450"}],"wp:term":[{"taxonomy":"category","embeddable":true,"href":"https:\/\/sites.ac-nancy-metz.fr\/eco-j-ferry-remiremont\/wp-json\/wp\/v2\/categories?post=450"},{"taxonomy":"post_tag","embeddable":true,"href":"https:\/\/sites.ac-nancy-metz.fr\/eco-j-ferry-remiremont\/wp-json\/wp\/v2\/tags?post=450"}],"curies":[{"name":"wp","href":"https:\/\/api.w.org\/{rel}","templated":true}]}}