{"id":96,"date":"2023-11-14T21:52:42","date_gmt":"2023-11-14T20:52:42","guid":{"rendered":"https:\/\/sites.ac-nancy-metz.fr\/eco-j-ferry-remiremont\/?page_id=96"},"modified":"2023-12-08T09:29:18","modified_gmt":"2023-12-08T08:29:18","slug":"gs-cp","status":"publish","type":"page","link":"https:\/\/sites.ac-nancy-metz.fr\/eco-j-ferry-remiremont\/gs-cp\/","title":{"rendered":"GS\/CP"},"content":{"rendered":"\n\n\t<p>Les \u00e9l\u00e8ves sont all\u00e9s<\/p>\n\t\t\t\t<img fetchpriority=\"high\" decoding=\"async\" src=\"https:\/\/sites.ac-nancy-metz.fr\/eco-j-ferry-remiremont\/wp-content\/uploads\/2023\/11\/semaine-du-gout.png\" alt=\"semaine du gout\" itemprop=\"image\" height=\"290\" width=\"407\" title=\"semaine du gout\" onerror=\"this.style.display='none'\"  \/>\n\n","protected":false},"excerpt":{"rendered":"","protected":false},"author":1,"featured_media":0,"parent":0,"menu_order":1,"comment_status":"closed","ping_status":"closed","template":"","meta":{"footnotes":""},"categories":[],"tags":[],"class_list":["post-96","page","type-page","status-publish","hentry"],"_links":{"self":[{"href":"https:\/\/sites.ac-nancy-metz.fr\/eco-j-ferry-remiremont\/wp-json\/wp\/v2\/pages\/96","targetHints":{"allow":["GET"]}}],"collection":[{"href":"https:\/\/sites.ac-nancy-metz.fr\/eco-j-ferry-remiremont\/wp-json\/wp\/v2\/pages"}],"about":[{"href":"https:\/\/sites.ac-nancy-metz.fr\/eco-j-ferry-remiremont\/wp-json\/wp\/v2\/types\/page"}],"author":[{"embeddable":true,"href":"https:\/\/sites.ac-nancy-metz.fr\/eco-j-ferry-remiremont\/wp-json\/wp\/v2\/users\/1"}],"replies":[{"embeddable":true,"href":"https:\/\/sites.ac-nancy-metz.fr\/eco-j-ferry-remiremont\/wp-json\/wp\/v2\/comments?post=96"}],"version-history":[{"count":2,"href":"https:\/\/sites.ac-nancy-metz.fr\/eco-j-ferry-remiremont\/wp-json\/wp\/v2\/pages\/96\/revisions"}],"predecessor-version":[{"id":120,"href":"https:\/\/sites.ac-nancy-metz.fr\/eco-j-ferry-remiremont\/wp-json\/wp\/v2\/pages\/96\/revisions\/120"}],"wp:attachment":[{"href":"https:\/\/sites.ac-nancy-metz.fr\/eco-j-ferry-remiremont\/wp-json\/wp\/v2\/media?parent=96"}],"wp:term":[{"taxonomy":"category","embeddable":true,"href":"https:\/\/sites.ac-nancy-metz.fr\/eco-j-ferry-remiremont\/wp-json\/wp\/v2\/categories?post=96"},{"taxonomy":"post_tag","embeddable":true,"href":"https:\/\/sites.ac-nancy-metz.fr\/eco-j-ferry-remiremont\/wp-json\/wp\/v2\/tags?post=96"}],"curies":[{"name":"wp","href":"https:\/\/api.w.org\/{rel}","templated":true}]}}