{"id":1288,"date":"2019-10-29T09:29:05","date_gmt":"2019-10-29T08:29:05","guid":{"rendered":"https:\/\/sites.ac-nancy-metz.fr\/edd\/?page_id=1288"},"modified":"2019-11-07T18:12:02","modified_gmt":"2019-11-07T17:12:02","slug":"ressources","status":"publish","type":"page","link":"https:\/\/sites.ac-nancy-metz.fr\/edd\/ressources\/","title":{"rendered":"Ressources"},"content":{"rendered":"\n<p class=\"bloc-rouge\"><strong>RESSOURCES NATIONALES ET SITES INSTITUTIONNELS<\/strong><\/p>\n\n\n\n<p><a href=\"http:\/\/eduscol.education.fr\/cid92530\/semaine-du-climat-a-l-ecole.html\" target=\"_blank\" rel=\"noreferrer noopener\">Site Eduscol<\/a><\/p>\n\n\n\n<p><a href=\"http:\/\/crdp.ac-amiens.fr\/edd\/\" target=\"_blank\" rel=\"noreferrer noopener\">CANOPE &#8211; P\u00f4le national de ressources pour l&rsquo;\u00e9ducation au d\u00e9veloppement durable<\/a><\/p>\n\n\n\n<p><a rel=\"noreferrer noopener\" href=\"https:\/\/www.ecologique-solidaire.gouv.fr\/\" target=\"_blank\">Minist\u00e8re de la Transition \u00e9cologique et solidaire<\/a><br><a rel=\"noreferrer noopener\" href=\"http:\/\/agriculture.gouv.fr\/\" target=\"_blank\">Minist\u00e8re de l&rsquo;agriculture et de l&rsquo;alimentation<\/a><br><a rel=\"noreferrer noopener\" href=\"http:\/\/fr.unesco.org\/themes\/education-au-developpement-durable\" target=\"_blank\">Unesco et \u00e9ducation au d\u00e9veloppement durable<\/a><\/p>\n\n\n\n<p><a rel=\"noreferrer noopener\" aria-label=\"Le plan biodiversit\u00e9 : une mobilisation collective pour cinq enjeux majeurs (s\u2019ouvre dans un nouvel onglet)\" href=\"https:\/\/biodiversitetousvivants.fr\/\" target=\"_blank\">Le plan biodiversit\u00e9 : une mobilisation collective pour cinq enjeux majeurs<\/a><\/p>\n\n\n\n<p><a href=\"https:\/\/www.ecologique-solidaire.gouv.fr\/politiques\/comprendre-changement-climatique\">Direction g\u00e9n\u00e9rale de l&rsquo;\u00e9nergie et du climat<\/a><\/p>\n\n\n\n<p><a href=\"https:\/\/www.ademe.fr\/expertises\/developpement-durable\/education-developpement-durable\/sensibiliser-eleves-etudiants\">Ademe&nbsp;: \u00e9ducation au d\u00e9veloppement durable &#8211; ressources et kit p\u00e9dagogique \u00ab climat \u00bb<\/a><\/p>\n\n\n\n<p class=\"bloc-rouge\"><strong>BIODIVERSIT\u00c9<\/strong><\/p>\n\n\n\n<p><a href=\"https:\/\/www.ecologique-solidaire.gouv.fr\/biodiversite-presentation-et-enjeux\">Direction de l&rsquo;eau et de la biodiversit\u00e9<\/a><\/p>\n\n\n\n<p><a href=\"https:\/\/www.afbiodiversite.fr\/actualites\/les-menaces-qui-pesent-sur-la-biodiversite-en-france\">Agence fran\u00e7aise pour la biodiversit\u00e9&nbsp;: Les menaces qui p\u00e8sent sur la biodiversit\u00e9<\/a><\/p>\n\n\n\n<p class=\"bloc-rouge\"><strong>GASPILLAGE ALIMENTAIRE<\/strong><\/p>\n\n\n\n<p><a href=\"https:\/\/agriculture.gouv.fr\/la-france-pionniere-de-la-lutte-contre-le-gaspillage-alimentaire\">Minist\u00e8re de l&rsquo;agriculture-lutte contre le gaspillage alimentaire<\/a><\/p>\n\n\n\n<p><a href=\"https:\/\/www.ademe.fr\/expertises\/dechets\/passer-a-laction\/eviter-production-dechets\/dossier\/reduire-gaspillage-alimentaire\/enjeux\">Ademe&nbsp;: R\u00e9duire le gaspillage alimentaire<\/a><\/p>\n\n\n\n<p><a href=\"https:\/\/eduscol.education.fr\/cid47664\/une-education-alimentation-precoce-durable.html\">Minist\u00e8re de l&rsquo;\u00e9ducation nationale et de la jeunesse&nbsp;: \u00e9ducation \u00e0 l&rsquo;alimentation et au go\u00fbt pr\u00e9coce et durable<\/a><\/p>\n\n\n\n<p class=\"bloc-rouge\"><strong>PR\u00c9VENTION ET TRI DES D\u00c9CHETS<\/strong><\/p>\n\n\n\n<p><a href=\"https:\/\/www.ecologique-solidaire.gouv.fr\/feuille-route-economie-circulaire-frec\">Soutenir la transformation du d\u00e9chet en ressource par l&rsquo;\u00e9conomie circulaire&nbsp;: Feuille de route \u00e9conomie circulaire<\/a><\/p>\n\n\n\n<p><a href=\"https:\/\/www.clubciteo.com\/programmes-pedagogiques-edd\/club-citeo-et-ledd\/\">Cit\u00e9o&nbsp;: sensibiliser les jeunes au recyclage des emballages et du papier<\/a><\/p>\n\n\n\n<p><a href=\"https:\/\/www.clubciteo.com\/programmes-pedagogiques-edd\/leo-folio\/\">Tri du papier et p\u00e9dagogie&nbsp;: le kit p\u00e9dagogique L\u00e9o Folio<\/a><\/p>\n\n\n\n<p class=\"bloc-rouge\"><strong>L&rsquo;Agenda 2030 des objectifs de d\u00e9veloppement durable (ODD)<\/strong><\/p>\n\n\n\n<p><a href=\"https:\/\/www.un.org\/sustainabledevelopment\/fr\/objectifs-de-developpement-durable\/\">Les 17 Objectifs de d\u00e9veloppement durable des Nations Unies<\/a><\/p>\n\n\n\n<p><a href=\"https:\/\/www.agenda-2030.fr\/\">L&rsquo;Agenda 2030 en France<\/a><\/p>\n\n\n\n<p class=\"bloc-rouge\"><strong>Ressources CANOPE<\/strong><br><\/p>\n\n\n\n<p>&#8211;&nbsp;&nbsp;&nbsp;&nbsp;&nbsp;&nbsp;&nbsp;&nbsp;Des ressources imprim\u00e9es (dont le&nbsp;<a href=\"https:\/\/www.reseau-canope.fr\/notice\/le-livret-de-leco-delegue.html\" target=\"_blank\" rel=\"noreferrer noopener\">livret de l\u2019\u00e9co-d\u00e9l\u00e9gu\u00e9<\/a>),<\/p>\n\n\n\n<p>&#8211;&nbsp;&nbsp;&nbsp;&nbsp;&nbsp;&nbsp;&nbsp;&nbsp;Des ressources gratuites en ligne (dont le projet&nbsp;<a href=\"https:\/\/www.reseau-canope.fr\/notice\/human-le-projet-pedagogique.html\" target=\"_blank\" rel=\"noreferrer noopener\">Human<\/a>, tr\u00e8s appr\u00e9ci\u00e9 par la communaut\u00e9 \u00e9ducative, ou encore la s\u00e9rie&nbsp;<a href=\"https:\/\/www.reseau-canope.fr\/notice\/les-energivores-web-serie-deducation-a-la-maitrise-de-lenergie.html\" target=\"_blank\" rel=\"noreferrer noopener\">Les Energivores<\/a>),<\/p>\n\n\n\n<p>&#8211;&nbsp;&nbsp;&nbsp;&nbsp;&nbsp;&nbsp;&nbsp;&nbsp;Un parcours&nbsp;<a href=\"https:\/\/www.reseau-canope.fr\/notice\/les-energivores-web-serie-deducation-a-la-maitrise-de-lenergie.html\" target=\"_blank\" rel=\"noreferrer noopener\">M@gist\u00e8re<\/a>,<\/p>\n\n\n\n<p>&#8211;&nbsp;&nbsp;&nbsp;&nbsp;&nbsp;&nbsp;&nbsp;&nbsp;Le projet de web documentaire&nbsp;<a href=\"https:\/\/www.reseau-canope.fr\/notice\/raconte-ta-ville.html\" target=\"_blank\" rel=\"noreferrer noopener\">Raconte ta ville<\/a>,&nbsp;<\/p>\n\n\n\n<p>&#8211;&nbsp;&nbsp;&nbsp;&nbsp;&nbsp;&nbsp;&nbsp;&nbsp;Des&nbsp;<a href=\"https:\/\/www.reseau-canope.fr\/notice\/petits-ateliers-deducation-au-developpement-et-a-la-solidarite.html\" target=\"_blank\" rel=\"noreferrer noopener\">ateliers d\u2019auto-formation<\/a>&nbsp;\u00e0 destination des animateurs de temps p\u00e9riscolaires,<\/p>\n\n\n\n<p>Les Ateliers 54, 57 &amp; 88 ont \u00e9galement accompagn\u00e9 des classes de coll\u00e8ges dans la r\u00e9alisation des capsules vid\u00e9o du web documentaire \u00ab&nbsp;<a href=\"http:\/\/videos.reseau-canope.fr\/dt-alca\/MalinEnergieQuotidien\/#Accueil\" target=\"_blank\" rel=\"noreferrer noopener\">Malin avec l\u2019\u00e9nergie au quotidien&nbsp;<\/a>\u00bb. Ce projet a \u00e9t\u00e9 men\u00e9 \u00e0 l\u2019initiative du CD 57 dans le cadre du Plan D\u00e9partemental d\u2019Action pour le Logement des Personnes D\u00e9favoris\u00e9es, en partenariat avec EDF.<\/p>\n","protected":false},"excerpt":{"rendered":"<p>RESSOURCES NATIONALES ET SITES INSTITUTIONNELS Site Eduscol CANOPE &#8211; P\u00f4le national de ressources pour l&rsquo;\u00e9ducation au d\u00e9veloppement durable Minist\u00e8re de la Transition \u00e9cologique et&#8230;<\/p>\n","protected":false},"author":1,"featured_media":0,"parent":0,"menu_order":0,"comment_status":"closed","ping_status":"closed","template":"","meta":{"footnotes":""},"class_list":["post-1288","page","type-page","status-publish","hentry"],"_links":{"self":[{"href":"https:\/\/sites.ac-nancy-metz.fr\/edd\/wp-json\/wp\/v2\/pages\/1288","targetHints":{"allow":["GET"]}}],"collection":[{"href":"https:\/\/sites.ac-nancy-metz.fr\/edd\/wp-json\/wp\/v2\/pages"}],"about":[{"href":"https:\/\/sites.ac-nancy-metz.fr\/edd\/wp-json\/wp\/v2\/types\/page"}],"author":[{"embeddable":true,"href":"https:\/\/sites.ac-nancy-metz.fr\/edd\/wp-json\/wp\/v2\/users\/1"}],"replies":[{"embeddable":true,"href":"https:\/\/sites.ac-nancy-metz.fr\/edd\/wp-json\/wp\/v2\/comments?post=1288"}],"version-history":[{"count":5,"href":"https:\/\/sites.ac-nancy-metz.fr\/edd\/wp-json\/wp\/v2\/pages\/1288\/revisions"}],"predecessor-version":[{"id":1411,"href":"https:\/\/sites.ac-nancy-metz.fr\/edd\/wp-json\/wp\/v2\/pages\/1288\/revisions\/1411"}],"wp:attachment":[{"href":"https:\/\/sites.ac-nancy-metz.fr\/edd\/wp-json\/wp\/v2\/media?parent=1288"}],"curies":[{"name":"wp","href":"https:\/\/api.w.org\/{rel}","templated":true}]}}