{"id":2251,"date":"2024-09-29T21:09:38","date_gmt":"2024-09-29T20:09:38","guid":{"rendered":"https:\/\/sites.ac-nancy-metz.fr\/edd\/?page_id=2251"},"modified":"2026-01-08T08:17:08","modified_gmt":"2026-01-08T07:17:08","slug":"labellisation2526","status":"publish","type":"page","link":"https:\/\/sites.ac-nancy-metz.fr\/edd\/labellisation2526\/","title":{"rendered":"Campagne de labellisation 2025 &#8211; 2026"},"content":{"rendered":"\n<figure class=\"wp-block-image alignfull size-large\"><img loading=\"lazy\" decoding=\"async\" width=\"1024\" height=\"162\" src=\"https:\/\/sites.ac-nancy-metz.fr\/edd\/wp-content\/uploads\/saisie2425-1024x162.jpg\" alt=\"\" class=\"wp-image-2287\" srcset=\"https:\/\/sites.ac-nancy-metz.fr\/edd\/wp-content\/uploads\/saisie2425-1024x162.jpg 1024w, https:\/\/sites.ac-nancy-metz.fr\/edd\/wp-content\/uploads\/saisie2425-300x47.jpg 300w, https:\/\/sites.ac-nancy-metz.fr\/edd\/wp-content\/uploads\/saisie2425-768x121.jpg 768w, https:\/\/sites.ac-nancy-metz.fr\/edd\/wp-content\/uploads\/saisie2425-1536x242.jpg 1536w, https:\/\/sites.ac-nancy-metz.fr\/edd\/wp-content\/uploads\/saisie2425.jpg 1920w\" sizes=\"auto, (max-width: 1024px) 100vw, 1024px\" \/><\/figure>\n\n\n\n<p><em>La labellisation E3D des \u00e9coles et \u00e9tablissements secondaires publics et priv\u00e9s sous contrat&nbsp;est&nbsp;soumise&nbsp;au&nbsp;r\u00e9f\u00e9rentiel&nbsp;de&nbsp;mise&nbsp;en \u0153uvre&nbsp;et&nbsp;aux&nbsp;crit\u00e8res&nbsp;de&nbsp;labellisation&nbsp;d\u00e9crits dans <a href=\"https:\/\/www.education.gouv.fr\/bo\/20\/Hebdo36\/MENE2025449C.htm\" target=\"_blank\" rel=\"noreferrer noopener\">la circulaire du 24\/09\/2020, \u00ab\u00a0Renforcement de l\u2019EDD\u00a0\u00bb.<\/a><\/em><\/p>\n\n\n\n<p class=\"has-text-align-center has-white-color has-vivid-green-cyan-background-color has-text-color has-background has-link-color has-medium-font-size wp-elements-8f814da2642233823c356dc27ceb0c6f\"><strong>La campagne de labellisation 2025 &#8211; 2026 est ouverte du 13\/10\/2025 au 29\/05\/2026 \u00e0 minuit<\/strong>. Les r\u00e9sultats de la campagne seront communiqu\u00e9s en septembre 2026 par publication sur Partage.<\/p>\n\n\n\n<p>Plus d&rsquo;informations sur la labellisation E3D dans ce reportage vid\u00e9o.<\/p>\n\n\n\n<hr class=\"wp-block-separator has-css-opacity\"\/>\n\n\n\n<iframe loading=\"lazy\" width=\"1140\" height=\"664\" src=\"https:\/\/www.youtube-nocookie.com\/embed\/2m-UfECL33c?rel=0\" title=\"YouTube video player\" frameborder=\"0\" allow=\"accelerometer; autoplay; clipboard-write; encrypted-media; gyroscope; picture-in-picture\" allowfullscreen=\"\"><\/iframe>\n\n\n\n<div style=\"height:57px\" aria-hidden=\"true\" class=\"wp-block-spacer\"><\/div>\n\n\n\n<h2 class=\"wp-block-heading has-text-align-center has-white-color has-cyan-bluish-gray-background-color has-text-color has-background has-medium-font-size\" id=\"1-mettre-en-oeuvre-une-demarche-e3d\">1. Mettre en oeuvre une d\u00e9marche E3D<\/h2>\n\n\n\n<hr class=\"wp-block-separator has-css-opacity\"\/>\n\n\n\n<ul class=\"wp-block-list\">\n<li>La mise en \u0153uvre d\u2019une d\u00e9marche E3D n\u00e9cessite de d\u00e9finir des priorit\u00e9s \u00e0 partir d\u2019un diagnostic<\/li>\n\n\n\n<li>Cette&nbsp;d\u00e9marche implique l\u2019ensemble de la communaut\u00e9 \u00e9ducative.<\/li>\n\n\n\n<li>Elle prend appui sur l\u2019ensemble des enseignements.<\/li>\n\n\n\n<li>Elle implique les \u00e9l\u00e8ves et notamment les \u00e9co-d\u00e9l\u00e9gu\u00e9s et \u00e9l\u00e8ves \u00e9lus aux diff\u00e9rentes instances,&nbsp;la vie scolaire et les projets d\u2019action \u00e9ducative et culturelle<\/li>\n\n\n\n<li>Elle engage la gestion de l\u2019\u00e9cole ou de l\u2019\u00e9tablissement<\/li>\n\n\n\n<li>Elle s\u2019appuie sur des partenariats.<\/li>\n\n\n\n<li>Elle permet de d\u00e9velopper une culture d\u2019\u00e9tablissement et a&nbsp;n\u00e9cessite de d\u00e9velopper une communication interne et vers l\u2019ext\u00e9rieur.<\/li>\n<\/ul>\n\n\n\n<p>Le label E3D peut \u00eatre sollicit\u00e9 par toute \u00e9cole et par tout \u00e9tablissement secondaire public ou priv\u00e9 sous contrat,&nbsp;par un r\u00e9seau d&rsquo;\u00e9coles ou d&rsquo;\u00e9tablissements, aupr\u00e8s du comit\u00e9 acad\u00e9mique d\u2019\u00e9ducation au d\u00e9veloppement&nbsp;&nbsp;durable. Elle peut \u00eatre compl\u00e9mentaire des autres labellisations, notamment \u00c9co-\u00e9cole ou les labellisations propos\u00e9es par les collectivit\u00e9s.<\/p>\n\n\n\n<p><a aria-label=\"Les charg\u00e9s de mission EDD  (s\u2019ouvre dans un nouvel onglet)\" href=\"https:\/\/sites.ac-nancy-metz.fr\/edd\/contact\/\" target=\"_blank\" rel=\"noreferrer noopener\">Les charg\u00e9s de mission EDD <\/a>se tiennent \u00e0 disposition pour vous accompagner dans la&nbsp;d\u00e9marche.<\/p>\n\n\n\n<div style=\"height:100px\" aria-hidden=\"true\" class=\"wp-block-spacer\"><\/div>\n\n\n\n<h2 class=\"wp-block-heading has-text-align-center has-white-color has-cyan-bluish-gray-background-color has-text-color has-background has-medium-font-size\" id=\"2-telecharger-le-dossier-de-candidature\">2. La proc\u00e9dure de candidature 2025 &#8211; 2026 : diff\u00e9rents cas de figure selon votre situation<\/h2>\n\n\n\n<div style=\"height:41px\" aria-hidden=\"true\" class=\"wp-block-spacer\"><\/div>\n\n\n\n<p class=\"has-text-align-center has-medium-font-size\"><strong>CAS N\u00b01 : <\/strong>pour les \u00e9coles, \u00e9tablissements et r\u00e9seaux sollicitant une premi\u00e8re labellisation ou un renouvellement \u00e0 partir d&rsquo;un niveau 1 ou 2<\/p>\n\n\n\n<hr class=\"wp-block-separator has-alpha-channel-opacity\"\/>\n\n\n\n<div class=\"wp-block-columns is-layout-flex wp-container-core-columns-is-layout-1 wp-block-columns-is-layout-flex\">\n<div class=\"wp-block-column is-layout-flow wp-block-column-is-layout-flow\">\n<p class=\"has-text-align-center has-vivid-green-cyan-color has-text-color has-link-color has-medium-font-size wp-elements-e4eb0e0d9439eed8a151ad30c3b0504f\"><strong>\u00c9tape 1 : construction du projet et pr\u00e9paration de la saisie hors-ligne<\/strong><\/p>\n\n\n\n<p>Il est <strong>obligatoire de compl\u00e9ter un dossier en ligne pour candidater<\/strong>. Avant de d\u00e9buter cette saisie nous vous proposons de pr\u00e9parer votre dossier \u00e0 l&rsquo;aide <a href=\"https:\/\/sites.ac-nancy-metz.fr\/edd\/documentpreparatoire\/\">du document pr\u00e9paratoire \u00e0 la saisie qui est accessible ci-dessous.<\/a><\/p>\n\n\n\n<figure class=\"wp-block-image size-large\"><img loading=\"lazy\" decoding=\"async\" width=\"1024\" height=\"887\" src=\"https:\/\/sites.ac-nancy-metz.fr\/edd\/wp-content\/uploads\/doc_prepa-1-1024x887.jpg\" alt=\"\" class=\"wp-image-2455\" style=\"object-fit:cover\" srcset=\"https:\/\/sites.ac-nancy-metz.fr\/edd\/wp-content\/uploads\/doc_prepa-1-1024x887.jpg 1024w, https:\/\/sites.ac-nancy-metz.fr\/edd\/wp-content\/uploads\/doc_prepa-1-300x260.jpg 300w, https:\/\/sites.ac-nancy-metz.fr\/edd\/wp-content\/uploads\/doc_prepa-1-768x665.jpg 768w, https:\/\/sites.ac-nancy-metz.fr\/edd\/wp-content\/uploads\/doc_prepa-1-1536x1330.jpg 1536w, https:\/\/sites.ac-nancy-metz.fr\/edd\/wp-content\/uploads\/doc_prepa-1.jpg 2000w\" sizes=\"auto, (max-width: 1024px) 100vw, 1024px\" \/><\/figure>\n\n\n\n<div class=\"wp-block-buttons is-layout-flex wp-block-buttons-is-layout-flex\">\n<div class=\"wp-block-button has-custom-width wp-block-button__width-100 is-style-outline is-style-outline--1\"><a class=\"wp-block-button__link wp-element-button\" href=\"https:\/\/sites.ac-nancy-metz.fr\/edd\/documentpreparatoire\/\">Acc\u00e8s au document pr\u00e9paratoire \u00e0 la saisie<\/a><\/div>\n<\/div>\n<\/div>\n\n\n\n<div class=\"wp-block-column is-layout-flow wp-block-column-is-layout-flow\">\n<p class=\"has-text-align-center has-vivid-green-cyan-color has-text-color has-link-color has-medium-font-size wp-elements-a81d41d79629d5e15f1ce7ee0687a114\"><strong>\u00c9tape 2 : saisie finale du dossier, en ligne sur la plateforme Colibris<\/strong><\/p>\n\n\n\n<p>Lorsque ce document pr\u00e9paratoire \u00e0 la saisie est compl\u00e9t\u00e9, hors-ligne, il vous suffira de copier \/ coller les r\u00e9ponses aux diff\u00e9rents champs dans le <a href=\"https:\/\/demarches-nancy-metz.colibris.education.gouv.fr\/labellisation-academique-et-nationale-e3d\/\">formulaire en ligne Colibris<\/a> accessible ci-dessous. Cette \u00e9tape permettra de transmettre le dossier aux \u00e9quipes EDD.<\/p>\n\n\n<div class=\"wp-block-image\">\n<figure class=\"aligncenter size-large\"><a href=\"https:\/\/demarches-nancy-metz.colibris.education.gouv.fr\/labellisation-academique-et-nationale-e3d\/\" target=\"_blank\" rel=\"noreferrer noopener\"><img loading=\"lazy\" decoding=\"async\" width=\"1024\" height=\"887\" src=\"https:\/\/sites.ac-nancy-metz.fr\/edd\/wp-content\/uploads\/colibris-1024x887.jpg\" alt=\"\" class=\"wp-image-2273\" style=\"object-fit:cover\" srcset=\"https:\/\/sites.ac-nancy-metz.fr\/edd\/wp-content\/uploads\/colibris-1024x887.jpg 1024w, https:\/\/sites.ac-nancy-metz.fr\/edd\/wp-content\/uploads\/colibris-300x260.jpg 300w, https:\/\/sites.ac-nancy-metz.fr\/edd\/wp-content\/uploads\/colibris-768x665.jpg 768w, https:\/\/sites.ac-nancy-metz.fr\/edd\/wp-content\/uploads\/colibris-1536x1330.jpg 1536w, https:\/\/sites.ac-nancy-metz.fr\/edd\/wp-content\/uploads\/colibris.jpg 2000w\" sizes=\"auto, (max-width: 1024px) 100vw, 1024px\" \/><\/a><\/figure><\/div>\n\n\n<div class=\"wp-block-buttons is-layout-flex wp-block-buttons-is-layout-flex\">\n<div class=\"wp-block-button has-custom-width wp-block-button__width-100 is-style-outline is-style-outline--2\"><a class=\"wp-block-button__link wp-element-button\" href=\"https:\/\/demarches-nancy-metz.colibris.education.gouv.fr\/labellisation-academique-et-nationale-e3d\/\">Acc\u00e8s au formulaire Colibris<\/a><\/div>\n<\/div>\n<\/div>\n<\/div>\n\n\n\n<div style=\"height:100px\" aria-hidden=\"true\" class=\"wp-block-spacer\"><\/div>\n\n\n\n<p class=\"has-text-align-center has-medium-font-size\"><strong>CAS N\u00b02<\/strong> : pour les \u00e9coles, \u00e9tablissements et r\u00e9seaux au niveau 3 souhaitant solliciter un renouvellement<\/p>\n\n\n\n<hr class=\"wp-block-separator has-alpha-channel-opacity\"\/>\n\n\n\n<p class=\"has-text-align-center has-light-green-cyan-background-color has-background\"><strong>Deux solutions : <\/strong><br><br><strong>CHOIX 1 : <\/strong>contacter le <a href=\"mailto:secretariatedd@ac-nancy-metz.fr\" data-type=\"mailto\" data-id=\"mailto:secretariatedd@ac-nancy-metz.fr\">secr\u00e9tariat EDD<\/a> et programmer la visite d\u2019un charg\u00e9 de mission, qui se d\u00e9placera sur site et se prononcera sur le renouvellement du label apr\u00e8s une visite et des \u00e9changes avec des \u00e9l\u00e8ves et des personnels (demande \u00e0 faire\u00a0<strong>avant le 13 f\u00e9vrier 2026<\/strong>)\u00a0<br><br><strong>CHOIX 2 : <\/strong>cr\u00e9er une courte vid\u00e9o de 180 secondes, <strong>avant le 29 mai\u00a02026<\/strong>, mettant en lumi\u00e8re les actions et projets. Cette vid\u00e9o peut \u00eatre tourn\u00e9e par les \u00e9l\u00e8ves. Il conviendra de contacter le <a href=\"mailto:secretariatedd@ac-nancy-metz.fr\" data-type=\"mailto\" data-id=\"mailto:secretariatedd@ac-nancy-metz.fr\">secr\u00e9tariat EDD<\/a> pour obtenir les modalit\u00e9s de d\u00e9p\u00f4t du fichier.<\/p>\n\n\n\n<div style=\"height:50px\" aria-hidden=\"true\" class=\"wp-block-spacer\"><\/div>\n\n\n\n<p class=\"has-text-align-center has-medium-font-size\"><strong>CAS N\u00b03<\/strong> : pour les \u00e9coles et les \u00e9tablissements disposant d&rsquo;une <a href=\"https:\/\/www.eco-ecole.org\" target=\"_blank\" rel=\"noreferrer noopener\">labellisation \u00c9co-\u00c9cole<\/a> (d\u00e9livr\u00e9 par <a href=\"https:\/\/www.teragir.org\" target=\"_blank\" rel=\"noreferrer noopener\">Teragir<\/a>).<\/p>\n\n\n\n<hr class=\"wp-block-separator has-alpha-channel-opacity\"\/>\n\n\n<div class=\"wp-block-image\">\n<figure class=\"aligncenter size-full\"><img loading=\"lazy\" decoding=\"async\" width=\"272\" height=\"262\" src=\"https:\/\/sites.ac-nancy-metz.fr\/edd\/wp-content\/uploads\/apercu_logo_ecole.png\" alt=\"\" class=\"wp-image-1980\"\/><\/figure><\/div>\n\n\n<hr class=\"wp-block-separator has-css-opacity\"\/>\n\n\n\n<p class=\"has-text-align-center has-black-color has-light-green-cyan-background-color has-text-color has-background has-medium-font-size\">Nous contacter \u00e0 l&rsquo;adresse : <a href=\"mailto:secretariatEDD@ac-nancy-metz.fr\" target=\"_blank\" rel=\"noreferrer noopener\">secretariatEDD@ac-nancy-metz.fr<\/a> pour obtenir un dossier de labellisation simplifi\u00e9 permettant d&rsquo;obtenir un niveau 1 <\/p>\n\n\n\n<div style=\"height:100px\" aria-hidden=\"true\" class=\"wp-block-spacer\"><\/div>\n\n\n\n<h2 class=\"wp-block-heading has-text-align-center has-white-color has-cyan-bluish-gray-background-color has-text-color has-background has-medium-font-size\" id=\"3-transmettre-le-dossier-de-candidature\">3. Un outil d&rsquo;autopositionnement<\/h2>\n\n\n\n<hr class=\"wp-block-separator has-alpha-channel-opacity\"\/>\n\n\n\n<p>Afin d&rsquo;effectuer un diagnostic interne avant d\u00e9p\u00f4t nous proposons un outil \u00e0 disposition des \u00e9quipes. Les r\u00e9sultats de ce positionnement ne pr\u00e9jugent en rien du niveau de labellisation octroy\u00e9 par la commission acad\u00e9mique.<\/p>\n\n\n\n<p>La grille peut \u00e9galement servir au travail de diagnostic des \u00e9coles et EPLE dans le cadre de leur \u00e9valuation.<\/p>\n\n\n\n<hr class=\"wp-block-separator has-alpha-channel-opacity\"\/>\n\n\n\n<div class=\"wp-block-buttons is-layout-flex wp-block-buttons-is-layout-flex\">\n<div class=\"wp-block-button has-custom-width wp-block-button__width-100 has-custom-font-size has-medium-font-size\"><a class=\"wp-block-button__link has-white-color has-vivid-green-cyan-background-color has-text-color has-background wp-element-button\" href=\"https:\/\/sites.ac-nancy-metz.fr\/edd\/wp-content\/uploads\/Outil-dautopositionnement-labellisation-E3D.pdf\" target=\"_blank\" rel=\"noreferrer noopener\">T\u00e9l\u00e9chargez la grille d&rsquo;autopositionnement<\/a><\/div>\n<\/div>\n","protected":false},"excerpt":{"rendered":"<p>La labellisation E3D des \u00e9coles et \u00e9tablissements secondaires publics et priv\u00e9s sous contrat&nbsp;est&nbsp;soumise&nbsp;au&nbsp;r\u00e9f\u00e9rentiel&nbsp;de&nbsp;mise&nbsp;en \u0153uvre&nbsp;et&nbsp;aux&nbsp;crit\u00e8res&nbsp;de&nbsp;labellisation&nbsp;d\u00e9crits dans la circulaire du 24\/09\/2020, \u00ab\u00a0Renforcement de l\u2019EDD\u00a0\u00bb. La campagne&#8230;<\/p>\n","protected":false},"author":1,"featured_media":0,"parent":0,"menu_order":0,"comment_status":"closed","ping_status":"closed","template":"","meta":{"footnotes":""},"class_list":["post-2251","page","type-page","status-publish","hentry"],"_links":{"self":[{"href":"https:\/\/sites.ac-nancy-metz.fr\/edd\/wp-json\/wp\/v2\/pages\/2251","targetHints":{"allow":["GET"]}}],"collection":[{"href":"https:\/\/sites.ac-nancy-metz.fr\/edd\/wp-json\/wp\/v2\/pages"}],"about":[{"href":"https:\/\/sites.ac-nancy-metz.fr\/edd\/wp-json\/wp\/v2\/types\/page"}],"author":[{"embeddable":true,"href":"https:\/\/sites.ac-nancy-metz.fr\/edd\/wp-json\/wp\/v2\/users\/1"}],"replies":[{"embeddable":true,"href":"https:\/\/sites.ac-nancy-metz.fr\/edd\/wp-json\/wp\/v2\/comments?post=2251"}],"version-history":[{"count":47,"href":"https:\/\/sites.ac-nancy-metz.fr\/edd\/wp-json\/wp\/v2\/pages\/2251\/revisions"}],"predecessor-version":[{"id":2491,"href":"https:\/\/sites.ac-nancy-metz.fr\/edd\/wp-json\/wp\/v2\/pages\/2251\/revisions\/2491"}],"wp:attachment":[{"href":"https:\/\/sites.ac-nancy-metz.fr\/edd\/wp-json\/wp\/v2\/media?parent=2251"}],"curies":[{"name":"wp","href":"https:\/\/api.w.org\/{rel}","templated":true}]}}