{"id":2259,"date":"2024-10-08T17:57:47","date_gmt":"2024-10-08T16:57:47","guid":{"rendered":"https:\/\/sites.ac-nancy-metz.fr\/edd\/?page_id=2259"},"modified":"2025-09-06T08:37:10","modified_gmt":"2025-09-06T07:37:10","slug":"documentpreparatoire","status":"publish","type":"page","link":"https:\/\/sites.ac-nancy-metz.fr\/edd\/documentpreparatoire\/","title":{"rendered":"Document pr\u00e9paratoire \u00e0 la saisie d&rsquo;une demande de labellisation"},"content":{"rendered":"\n<figure class=\"wp-block-image alignfull size-full\"><img loading=\"lazy\" decoding=\"async\" width=\"1920\" height=\"303\" src=\"https:\/\/sites.ac-nancy-metz.fr\/edd\/wp-content\/uploads\/fonddoc.jpg\" alt=\"\" class=\"wp-image-2264\" srcset=\"https:\/\/sites.ac-nancy-metz.fr\/edd\/wp-content\/uploads\/fonddoc.jpg 1920w, https:\/\/sites.ac-nancy-metz.fr\/edd\/wp-content\/uploads\/fonddoc-300x47.jpg 300w, https:\/\/sites.ac-nancy-metz.fr\/edd\/wp-content\/uploads\/fonddoc-1024x162.jpg 1024w, https:\/\/sites.ac-nancy-metz.fr\/edd\/wp-content\/uploads\/fonddoc-768x121.jpg 768w, https:\/\/sites.ac-nancy-metz.fr\/edd\/wp-content\/uploads\/fonddoc-1536x242.jpg 1536w\" sizes=\"auto, (max-width: 1920px) 100vw, 1920px\" \/><\/figure>\n\n\n\n<p>\u00c0 compter de 2024 \/ 2025 la saisie des dossiers de labellisation se fait uniquement par le biais du formulaire Colibris.<\/p>\n\n\n\n<p>Avant de proc\u00e9der \u00e0 la saisie du dossier nous vous demandons de pr\u00e9parer celle-ci \u00e0 l\u2019aide du&nbsp;<strong>document suivant<\/strong>&nbsp;qui vous permet de d\u00e9couvrir ce qui vous est demand\u00e9 dans ce formulaire en ligne, de travailler cette demande en amont et en \u00e9quipe, et de disposer d\u2019un support de secours en cas de d\u00e9connexion.<\/p>\n\n\n\n<hr class=\"wp-block-separator has-alpha-channel-opacity\"\/>\n\n\n\n<div class=\"wp-block-buttons is-layout-flex wp-block-buttons-is-layout-flex\">\n<div class=\"wp-block-button has-custom-width wp-block-button__width-100 is-style-outline is-style-outline--1\"><a class=\"wp-block-button__link wp-element-button\" href=\"https:\/\/sites.ac-nancy-metz.fr\/edd\/wp-content\/uploads\/Document-preparatoire-a-la-saisie-dune-demande-de-labellisation.docx\">T\u00e9l\u00e9chargez le document pr\u00e9paratoire \u00e0 la saisie d&rsquo;une demande de labellisation (format .docx)<\/a><\/div>\n<\/div>\n\n\n\n<hr class=\"wp-block-separator has-alpha-channel-opacity\"\/>\n\n\n\n<p class=\"has-vivid-red-color has-text-color has-background has-link-color has-medium-font-size wp-elements-d510cbcffa43c3ba6309531648c44773\" style=\"background-color:#abb7c259\"><strong>Attention&nbsp;:&nbsp;<\/strong>ce document ne doit pas \u00eatre transmis, car il ne sera pas trait\u00e9. Il s&rsquo;agit uniquement d&rsquo;un support destin\u00e9 \u00e0 la pr\u00e9paration de la saisie du formulaire en ligne et \u00e0 la prise de connaissance des questions pos\u00e9es. Une fois ce support compl\u00e9t\u00e9, il vous suffira de copier\/coller les informations dans le formulaire Colibris. En cas de probl\u00e8me de connexion, vous disposerez ainsi d&rsquo;un support de secours.<\/p>\n\n\n\n<hr class=\"wp-block-separator has-alpha-channel-opacity\"\/>\n\n\n\n<div class=\"wp-block-buttons is-layout-flex wp-block-buttons-is-layout-flex\">\n<div class=\"wp-block-button has-custom-width wp-block-button__width-100\"><a class=\"wp-block-button__link has-white-color has-vivid-green-cyan-background-color has-text-color has-background has-link-color wp-element-button\" href=\"https:\/\/sites.ac-nancy-metz.fr\/edd\/labellisation2526\/\">Retrouvez la suite de la proc\u00e9dure (\u00e9tape 2) en cliquant-ici <\/a><\/div>\n<\/div>\n\n\n\n<p><\/p>\n","protected":false},"excerpt":{"rendered":"<p>\u00c0 compter de 2024 \/ 2025 la saisie des dossiers de labellisation se fait uniquement par le biais du formulaire Colibris. Avant de proc\u00e9der&#8230;<\/p>\n","protected":false},"author":1,"featured_media":0,"parent":0,"menu_order":0,"comment_status":"closed","ping_status":"closed","template":"","meta":{"footnotes":""},"class_list":["post-2259","page","type-page","status-publish","hentry"],"_links":{"self":[{"href":"https:\/\/sites.ac-nancy-metz.fr\/edd\/wp-json\/wp\/v2\/pages\/2259","targetHints":{"allow":["GET"]}}],"collection":[{"href":"https:\/\/sites.ac-nancy-metz.fr\/edd\/wp-json\/wp\/v2\/pages"}],"about":[{"href":"https:\/\/sites.ac-nancy-metz.fr\/edd\/wp-json\/wp\/v2\/types\/page"}],"author":[{"embeddable":true,"href":"https:\/\/sites.ac-nancy-metz.fr\/edd\/wp-json\/wp\/v2\/users\/1"}],"replies":[{"embeddable":true,"href":"https:\/\/sites.ac-nancy-metz.fr\/edd\/wp-json\/wp\/v2\/comments?post=2259"}],"version-history":[{"count":6,"href":"https:\/\/sites.ac-nancy-metz.fr\/edd\/wp-json\/wp\/v2\/pages\/2259\/revisions"}],"predecessor-version":[{"id":2454,"href":"https:\/\/sites.ac-nancy-metz.fr\/edd\/wp-json\/wp\/v2\/pages\/2259\/revisions\/2454"}],"wp:attachment":[{"href":"https:\/\/sites.ac-nancy-metz.fr\/edd\/wp-json\/wp\/v2\/media?parent=2259"}],"curies":[{"name":"wp","href":"https:\/\/api.w.org\/{rel}","templated":true}]}}