{"id":1014,"date":"2019-07-02T16:21:04","date_gmt":"2019-07-02T14:21:04","guid":{"rendered":"\/education-musicale\/chant-choral\/?page_id=1014"},"modified":"2019-07-02T16:28:41","modified_gmt":"2019-07-02T14:28:41","slug":"ecole-_-college-cycle-3","status":"publish","type":"page","link":"https:\/\/sites.ac-nancy-metz.fr\/education-musicale\/chant-choral\/ecole-_-college-cycle-3\/","title":{"rendered":"Ecole _ Coll\u00e8ge (Cycle 3)"},"content":{"rendered":"<p><strong>Libert\u00e9, Egalit\u00e9, Fraternit\u00e9.<br \/>\n<\/strong><br \/>\nMusique, expressions de la libert\u00e9 ? Comment aborder les valeurs de la R\u00e9publique en s\u2019int\u00e9ressant plus particuli\u00e8rement \u00e0 la libert\u00e9 dans la devise ?<\/p>\n<p>Le groupe de travail Arts et cycle 3, constitu\u00e9 de conseillers p\u00e9dagogiques en \u00e9ducation musicale, formateurs du second degr\u00e9 et inspecteurs de l\u2019acad\u00e9mie s\u2019est r\u00e9uni pour r\u00e9fl\u00e9chir \u00e0 la construction d\u2019une s\u00e9quence p\u00e9dagogique exploitable de la classe de CM1 \u00e0 la sixi\u00e8me.<\/p>\n<p><strong>Une carte mentale pour les quatre champs de comp\u00e9tence<\/strong><\/p>\n<p>Une carte mentale vous permettra de naviguer dans ces quatre champs. Cliquez sur chacune des pastilles de couleur et vous d\u00e9couvrirez de nombreuses ressources parmi lesquelles vous pourrez choisir pour construire votre s\u00e9quence.<br \/>\n<strong>Le groupe Arts et cycle 3 vous propose :<\/strong><br \/>\n\u2022 Des projets musicaux \u00e0 interpr\u00e9ter<br \/>\n\u2022 Des vid\u00e9os \u00e0 comparer<br \/>\n\u2022 Des d\u00e9marches p\u00e9dagogiques \u00e0 d\u00e9couvrir<br \/>\n\u2022 Des exemples d\u2019\u00e9valuation<br \/>\n\u2022 Des textes officiels<br \/>\n\u2022 Des partitions adapt\u00e9es pour le cycle 3<br \/>\n\u2022 Des liens pour aller plus loin<br \/>\n\u2022 Etc.<\/p>\n<p>Nous vous souhaitons une bonne exploitation de ces ressources en toute libert\u00e9 !<\/p>\n<p><a href=\"https:\/\/www.thinglink.com\/scene\/1039902413261111297\">https:\/\/www.thinglink.com\/scene\/1039902413261111297<\/a><\/p>\n<p>&nbsp;<\/p>\n<p>&nbsp;<\/p>\n","protected":false},"excerpt":{"rendered":"<p>Libert\u00e9, Egalit\u00e9, Fraternit\u00e9. Musique, expressions de la libert\u00e9 ? Comment aborder les valeurs de la R\u00e9publique en s\u2019int\u00e9ressant plus particuli\u00e8rement \u00e0 la libert\u00e9 dans la devise ? Le groupe de travail Arts et cycle 3, constitu\u00e9 de conseillers p\u00e9dagogiques en \u00e9ducation musicale, formateurs du second degr\u00e9 et inspecteurs de l\u2019acad\u00e9mie s\u2019est r\u00e9uni pour r\u00e9fl\u00e9chir \u00e0 [&hellip;]<\/p>\n","protected":false},"author":1,"featured_media":0,"parent":0,"menu_order":0,"comment_status":"closed","ping_status":"closed","template":"","meta":{"footnotes":""},"class_list":["post-1014","page","type-page","status-publish","hentry"],"yoast_head":"<!-- This site is optimized with the Yoast SEO plugin v27.3 - https:\/\/yoast.com\/product\/yoast-seo-wordpress\/ -->\n<title>Ecole _ Coll\u00e8ge (Cycle 3) - Education musicale et chant choral<\/title>\n<meta name=\"robots\" content=\"index, follow, max-snippet:-1, max-image-preview:large, max-video-preview:-1\" \/>\n<link rel=\"canonical\" href=\"https:\/\/sites.ac-nancy-metz.fr\/education-musicale\/chant-choral\/ecole-_-college-cycle-3\/\" \/>\n<meta property=\"og:locale\" content=\"fr_FR\" \/>\n<meta property=\"og:type\" content=\"article\" \/>\n<meta property=\"og:title\" content=\"Ecole _ Coll\u00e8ge (Cycle 3) - Education musicale et chant choral\" \/>\n<meta property=\"og:description\" content=\"Libert\u00e9, Egalit\u00e9, Fraternit\u00e9. Musique, expressions de la libert\u00e9 ? Comment aborder les valeurs de la R\u00e9publique en s\u2019int\u00e9ressant plus particuli\u00e8rement \u00e0 la libert\u00e9 dans la devise ? Le groupe de travail Arts et cycle 3, constitu\u00e9 de conseillers p\u00e9dagogiques en \u00e9ducation musicale, formateurs du second degr\u00e9 et inspecteurs de l\u2019acad\u00e9mie s\u2019est r\u00e9uni pour r\u00e9fl\u00e9chir \u00e0 [&hellip;]\" \/>\n<meta property=\"og:url\" content=\"https:\/\/sites.ac-nancy-metz.fr\/education-musicale\/chant-choral\/ecole-_-college-cycle-3\/\" \/>\n<meta property=\"og:site_name\" content=\"Education musicale et chant choral\" \/>\n<meta property=\"article:modified_time\" content=\"2019-07-02T14:28:41+00:00\" \/>\n<meta property=\"og:image\" content=\"https:\/\/sites.ac-nancy-metz.fr\/education-musicale\/chant-choral\/wp-content\/uploads\/2023\/05\/cropped-Logo2023.png\" \/>\n\t<meta property=\"og:image:width\" content=\"225\" \/>\n\t<meta property=\"og:image:height\" content=\"96\" \/>\n\t<meta property=\"og:image:type\" content=\"image\/png\" \/>\n<meta name=\"twitter:card\" content=\"summary_large_image\" \/>\n<meta name=\"twitter:label1\" content=\"Dur\u00e9e de lecture estim\u00e9e\" \/>\n\t<meta name=\"twitter:data1\" content=\"1 minute\" \/>\n<script type=\"application\/ld+json\" class=\"yoast-schema-graph\">{\"@context\":\"https:\\\/\\\/schema.org\",\"@graph\":[{\"@type\":\"WebPage\",\"@id\":\"https:\\\/\\\/sites.ac-nancy-metz.fr\\\/education-musicale\\\/chant-choral\\\/ecole-_-college-cycle-3\\\/\",\"url\":\"https:\\\/\\\/sites.ac-nancy-metz.fr\\\/education-musicale\\\/chant-choral\\\/ecole-_-college-cycle-3\\\/\",\"name\":\"Ecole _ Coll\u00e8ge (Cycle 3) - Education musicale et chant choral\",\"isPartOf\":{\"@id\":\"https:\\\/\\\/sites.ac-nancy-metz.fr\\\/education-musicale\\\/chant-choral\\\/#website\"},\"datePublished\":\"2019-07-02T14:21:04+00:00\",\"dateModified\":\"2019-07-02T14:28:41+00:00\",\"breadcrumb\":{\"@id\":\"https:\\\/\\\/sites.ac-nancy-metz.fr\\\/education-musicale\\\/chant-choral\\\/ecole-_-college-cycle-3\\\/#breadcrumb\"},\"inLanguage\":\"fr-FR\",\"potentialAction\":[{\"@type\":\"ReadAction\",\"target\":[\"https:\\\/\\\/sites.ac-nancy-metz.fr\\\/education-musicale\\\/chant-choral\\\/ecole-_-college-cycle-3\\\/\"]}]},{\"@type\":\"BreadcrumbList\",\"@id\":\"https:\\\/\\\/sites.ac-nancy-metz.fr\\\/education-musicale\\\/chant-choral\\\/ecole-_-college-cycle-3\\\/#breadcrumb\",\"itemListElement\":[{\"@type\":\"ListItem\",\"position\":1,\"name\":\"Accueil\",\"item\":\"https:\\\/\\\/sites.ac-nancy-metz.fr\\\/education-musicale\\\/chant-choral\\\/\"},{\"@type\":\"ListItem\",\"position\":2,\"name\":\"Ecole _ Coll\u00e8ge (Cycle 3)\"}]},{\"@type\":\"WebSite\",\"@id\":\"https:\\\/\\\/sites.ac-nancy-metz.fr\\\/education-musicale\\\/chant-choral\\\/#website\",\"url\":\"https:\\\/\\\/sites.ac-nancy-metz.fr\\\/education-musicale\\\/chant-choral\\\/\",\"name\":\"\u00c9ducation musicale et chant choral Acad\u00e9mie Nancy-Metz\",\"description\":\"Acad\u00e9mie de Nancy-Metz\",\"publisher\":{\"@id\":\"https:\\\/\\\/sites.ac-nancy-metz.fr\\\/education-musicale\\\/chant-choral\\\/#organization\"},\"potentialAction\":[{\"@type\":\"SearchAction\",\"target\":{\"@type\":\"EntryPoint\",\"urlTemplate\":\"https:\\\/\\\/sites.ac-nancy-metz.fr\\\/education-musicale\\\/chant-choral\\\/?s={search_term_string}\"},\"query-input\":{\"@type\":\"PropertyValueSpecification\",\"valueRequired\":true,\"valueName\":\"search_term_string\"}}],\"inLanguage\":\"fr-FR\"},{\"@type\":\"Organization\",\"@id\":\"https:\\\/\\\/sites.ac-nancy-metz.fr\\\/education-musicale\\\/chant-choral\\\/#organization\",\"name\":\"\u00c9ducation musicale et chant choral Acad\u00e9mie Nancy-Metz\",\"url\":\"https:\\\/\\\/sites.ac-nancy-metz.fr\\\/education-musicale\\\/chant-choral\\\/\",\"logo\":{\"@type\":\"ImageObject\",\"inLanguage\":\"fr-FR\",\"@id\":\"https:\\\/\\\/sites.ac-nancy-metz.fr\\\/education-musicale\\\/chant-choral\\\/#\\\/schema\\\/logo\\\/image\\\/\",\"url\":\"https:\\\/\\\/sites.ac-nancy-metz.fr\\\/education-musicale\\\/chant-choral\\\/wp-content\\\/uploads\\\/2023\\\/12\\\/cropped-cropped-Banniere-site.png\",\"contentUrl\":\"https:\\\/\\\/sites.ac-nancy-metz.fr\\\/education-musicale\\\/chant-choral\\\/wp-content\\\/uploads\\\/2023\\\/12\\\/cropped-cropped-Banniere-site.png\",\"width\":3146,\"height\":601,\"caption\":\"\u00c9ducation musicale et chant choral Acad\u00e9mie Nancy-Metz\"},\"image\":{\"@id\":\"https:\\\/\\\/sites.ac-nancy-metz.fr\\\/education-musicale\\\/chant-choral\\\/#\\\/schema\\\/logo\\\/image\\\/\"}}]}<\/script>\n<!-- \/ Yoast SEO plugin. -->","yoast_head_json":{"title":"Ecole _ Coll\u00e8ge (Cycle 3) - Education musicale et chant choral","robots":{"index":"index","follow":"follow","max-snippet":"max-snippet:-1","max-image-preview":"max-image-preview:large","max-video-preview":"max-video-preview:-1"},"canonical":"https:\/\/sites.ac-nancy-metz.fr\/education-musicale\/chant-choral\/ecole-_-college-cycle-3\/","og_locale":"fr_FR","og_type":"article","og_title":"Ecole _ Coll\u00e8ge (Cycle 3) - Education musicale et chant choral","og_description":"Libert\u00e9, Egalit\u00e9, Fraternit\u00e9. Musique, expressions de la libert\u00e9 ? Comment aborder les valeurs de la R\u00e9publique en s\u2019int\u00e9ressant plus particuli\u00e8rement \u00e0 la libert\u00e9 dans la devise ? Le groupe de travail Arts et cycle 3, constitu\u00e9 de conseillers p\u00e9dagogiques en \u00e9ducation musicale, formateurs du second degr\u00e9 et inspecteurs de l\u2019acad\u00e9mie s\u2019est r\u00e9uni pour r\u00e9fl\u00e9chir \u00e0 [&hellip;]","og_url":"https:\/\/sites.ac-nancy-metz.fr\/education-musicale\/chant-choral\/ecole-_-college-cycle-3\/","og_site_name":"Education musicale et chant choral","article_modified_time":"2019-07-02T14:28:41+00:00","og_image":[{"width":225,"height":96,"url":"https:\/\/sites.ac-nancy-metz.fr\/education-musicale\/chant-choral\/wp-content\/uploads\/2023\/05\/cropped-Logo2023.png","type":"image\/png"}],"twitter_card":"summary_large_image","twitter_misc":{"Dur\u00e9e de lecture estim\u00e9e":"1 minute"},"schema":{"@context":"https:\/\/schema.org","@graph":[{"@type":"WebPage","@id":"https:\/\/sites.ac-nancy-metz.fr\/education-musicale\/chant-choral\/ecole-_-college-cycle-3\/","url":"https:\/\/sites.ac-nancy-metz.fr\/education-musicale\/chant-choral\/ecole-_-college-cycle-3\/","name":"Ecole _ Coll\u00e8ge (Cycle 3) - Education musicale et chant choral","isPartOf":{"@id":"https:\/\/sites.ac-nancy-metz.fr\/education-musicale\/chant-choral\/#website"},"datePublished":"2019-07-02T14:21:04+00:00","dateModified":"2019-07-02T14:28:41+00:00","breadcrumb":{"@id":"https:\/\/sites.ac-nancy-metz.fr\/education-musicale\/chant-choral\/ecole-_-college-cycle-3\/#breadcrumb"},"inLanguage":"fr-FR","potentialAction":[{"@type":"ReadAction","target":["https:\/\/sites.ac-nancy-metz.fr\/education-musicale\/chant-choral\/ecole-_-college-cycle-3\/"]}]},{"@type":"BreadcrumbList","@id":"https:\/\/sites.ac-nancy-metz.fr\/education-musicale\/chant-choral\/ecole-_-college-cycle-3\/#breadcrumb","itemListElement":[{"@type":"ListItem","position":1,"name":"Accueil","item":"https:\/\/sites.ac-nancy-metz.fr\/education-musicale\/chant-choral\/"},{"@type":"ListItem","position":2,"name":"Ecole _ Coll\u00e8ge (Cycle 3)"}]},{"@type":"WebSite","@id":"https:\/\/sites.ac-nancy-metz.fr\/education-musicale\/chant-choral\/#website","url":"https:\/\/sites.ac-nancy-metz.fr\/education-musicale\/chant-choral\/","name":"\u00c9ducation musicale et chant choral Acad\u00e9mie Nancy-Metz","description":"Acad\u00e9mie de Nancy-Metz","publisher":{"@id":"https:\/\/sites.ac-nancy-metz.fr\/education-musicale\/chant-choral\/#organization"},"potentialAction":[{"@type":"SearchAction","target":{"@type":"EntryPoint","urlTemplate":"https:\/\/sites.ac-nancy-metz.fr\/education-musicale\/chant-choral\/?s={search_term_string}"},"query-input":{"@type":"PropertyValueSpecification","valueRequired":true,"valueName":"search_term_string"}}],"inLanguage":"fr-FR"},{"@type":"Organization","@id":"https:\/\/sites.ac-nancy-metz.fr\/education-musicale\/chant-choral\/#organization","name":"\u00c9ducation musicale et chant choral Acad\u00e9mie Nancy-Metz","url":"https:\/\/sites.ac-nancy-metz.fr\/education-musicale\/chant-choral\/","logo":{"@type":"ImageObject","inLanguage":"fr-FR","@id":"https:\/\/sites.ac-nancy-metz.fr\/education-musicale\/chant-choral\/#\/schema\/logo\/image\/","url":"https:\/\/sites.ac-nancy-metz.fr\/education-musicale\/chant-choral\/wp-content\/uploads\/2023\/12\/cropped-cropped-Banniere-site.png","contentUrl":"https:\/\/sites.ac-nancy-metz.fr\/education-musicale\/chant-choral\/wp-content\/uploads\/2023\/12\/cropped-cropped-Banniere-site.png","width":3146,"height":601,"caption":"\u00c9ducation musicale et chant choral Acad\u00e9mie Nancy-Metz"},"image":{"@id":"https:\/\/sites.ac-nancy-metz.fr\/education-musicale\/chant-choral\/#\/schema\/logo\/image\/"}}]}},"_links":{"self":[{"href":"https:\/\/sites.ac-nancy-metz.fr\/education-musicale\/chant-choral\/wp-json\/wp\/v2\/pages\/1014","targetHints":{"allow":["GET"]}}],"collection":[{"href":"https:\/\/sites.ac-nancy-metz.fr\/education-musicale\/chant-choral\/wp-json\/wp\/v2\/pages"}],"about":[{"href":"https:\/\/sites.ac-nancy-metz.fr\/education-musicale\/chant-choral\/wp-json\/wp\/v2\/types\/page"}],"author":[{"embeddable":true,"href":"https:\/\/sites.ac-nancy-metz.fr\/education-musicale\/chant-choral\/wp-json\/wp\/v2\/users\/1"}],"replies":[{"embeddable":true,"href":"https:\/\/sites.ac-nancy-metz.fr\/education-musicale\/chant-choral\/wp-json\/wp\/v2\/comments?post=1014"}],"version-history":[{"count":1,"href":"https:\/\/sites.ac-nancy-metz.fr\/education-musicale\/chant-choral\/wp-json\/wp\/v2\/pages\/1014\/revisions"}],"predecessor-version":[{"id":1016,"href":"https:\/\/sites.ac-nancy-metz.fr\/education-musicale\/chant-choral\/wp-json\/wp\/v2\/pages\/1014\/revisions\/1016"}],"wp:attachment":[{"href":"https:\/\/sites.ac-nancy-metz.fr\/education-musicale\/chant-choral\/wp-json\/wp\/v2\/media?parent=1014"}],"curies":[{"name":"wp","href":"https:\/\/api.w.org\/{rel}","templated":true}]}}