{"id":1126,"date":"2020-04-08T23:11:18","date_gmt":"2020-04-08T21:11:18","guid":{"rendered":"\/education-musicale\/chant-choral\/?page_id=1126"},"modified":"2020-06-07T17:18:43","modified_gmt":"2020-06-07T15:18:43","slug":"enseigner-a-distance","status":"publish","type":"page","link":"https:\/\/sites.ac-nancy-metz.fr\/education-musicale\/chant-choral\/enseigner-a-distance\/","title":{"rendered":"Enseigner \u00e0 distance"},"content":{"rendered":"<h3>Enseigner \u00e0 distance avec MonBureauNum\u00e9rique<\/h3>\n<p>&nbsp;<\/p>\n<h4>Communiquer avec ses \u00e9l\u00e8ves :<\/h4>\n<ul style=\"list-style-type: circle;\">\n<li>Diffuser une information par mail \u00e0 tous les \u00e9l\u00e8ves d&rsquo;une classe<\/li>\n<li>Communiquer par \u00e9crit et en direct avec ses \u00e9l\u00e8ves : cr\u00e9er un espace de discussion dans le chat<\/li>\n<li>Publier des informations : le blog<\/li>\n<\/ul>\n<h4>Des outils pour enseigner \u00e0 distance :<\/h4>\n<ul style=\"list-style-type: circle;\">\n<li>Distribuer des documents \u00e0 ses \u00e9l\u00e8ves \u00e0 travers les dossiers partag\u00e9s<\/li>\n<li>Concevoir une s\u00e9ance dans le classeur p\u00e9dagogique<\/li>\n<li>Cr\u00e9er des activit\u00e9s interactives avec l\u2019exerciseur<\/li>\n<li>Cr\u00e9er un exercice de r\u00e9daction en autonomie<\/li>\n<\/ul>\n<h4>Travailler en temps r\u00e9el avec ses \u00e9l\u00e8ves :<\/h4>\n<ul style=\"list-style-type: circle;\">\n<li>\u00c9crire en direct et \u00e0 plusieurs sur un document d&rsquo;\u00e9criture collaborative : le pad<\/li>\n<li>\u00c9changer en direct : le chat<\/li>\n<\/ul>\n<h4>\u00c9valuer ses \u00e9l\u00e8ves :<\/h4>\n<ul style=\"list-style-type: circle;\">\n<li>Donner un devoir \u00e0 tous les \u00e9l\u00e8ves d&rsquo;une classe et r\u00e9cup\u00e9rer leur travail<\/li>\n<li>Suivre le travail \u00e0 faire des \u00e9l\u00e8ves<\/li>\n<\/ul>\n<h4><em>Pour aller plus loin avec Mon Bureau Num\u00e9rique :<\/em><\/h4>\n<ul style=\"list-style-type: circle;\">\n<li>Cr\u00e9ation d\u2019une sous-rubrique disciplinaire<\/li>\n<li>Comprendre la logique de l\u2019espace des classes et des r\u00f4les dans les rubriques<\/li>\n<li>Retrouvez tous les tutoriels de Mon Bureau Num\u00e9rique<\/li>\n<li>https:\/\/ac-nancy-metz.monbureaunumerique.fr\/rubrique-mere\/ent-mode-d-emploi\/<\/li>\n<li>Les formations de la DANE<\/li>\n<\/ul>\n<p>&nbsp;<\/p>\n<p>Sources : <a href=\"https:\/\/dane.ac-nancy-metz.fr\/je-suis-enseignant-en-emcc\/\">Dane Nancy-Metz<\/a><\/p>\n","protected":false},"excerpt":{"rendered":"<p>Enseigner \u00e0 distance avec MonBureauNum\u00e9rique &nbsp; Communiquer avec ses \u00e9l\u00e8ves : Diffuser une information par mail \u00e0 tous les \u00e9l\u00e8ves d&rsquo;une classe Communiquer par \u00e9crit et en direct avec ses \u00e9l\u00e8ves : cr\u00e9er un espace de discussion dans le chat Publier des informations : le blog Des outils pour enseigner \u00e0 distance : Distribuer des [&hellip;]<\/p>\n","protected":false},"author":1,"featured_media":0,"parent":0,"menu_order":0,"comment_status":"closed","ping_status":"closed","template":"","meta":{"footnotes":""},"class_list":["post-1126","page","type-page","status-publish","hentry"],"yoast_head":"<!-- This site is optimized with the Yoast SEO plugin v27.3 - https:\/\/yoast.com\/product\/yoast-seo-wordpress\/ -->\n<title>Enseigner \u00e0 distance - Education musicale et chant choral<\/title>\n<meta name=\"robots\" content=\"index, follow, max-snippet:-1, max-image-preview:large, max-video-preview:-1\" \/>\n<link rel=\"canonical\" href=\"https:\/\/sites.ac-nancy-metz.fr\/education-musicale\/chant-choral\/enseigner-a-distance\/\" \/>\n<meta property=\"og:locale\" content=\"fr_FR\" \/>\n<meta property=\"og:type\" content=\"article\" \/>\n<meta property=\"og:title\" content=\"Enseigner \u00e0 distance - Education musicale et chant choral\" \/>\n<meta property=\"og:description\" content=\"Enseigner \u00e0 distance avec MonBureauNum\u00e9rique &nbsp; Communiquer avec ses \u00e9l\u00e8ves : Diffuser une information par mail \u00e0 tous les \u00e9l\u00e8ves d&rsquo;une classe Communiquer par \u00e9crit et en direct avec ses \u00e9l\u00e8ves : cr\u00e9er un espace de discussion dans le chat Publier des informations : le blog Des outils pour enseigner \u00e0 distance : Distribuer des [&hellip;]\" \/>\n<meta property=\"og:url\" content=\"https:\/\/sites.ac-nancy-metz.fr\/education-musicale\/chant-choral\/enseigner-a-distance\/\" \/>\n<meta property=\"og:site_name\" content=\"Education musicale et chant choral\" \/>\n<meta property=\"article:modified_time\" content=\"2020-06-07T15:18:43+00:00\" \/>\n<meta property=\"og:image\" content=\"https:\/\/sites.ac-nancy-metz.fr\/education-musicale\/chant-choral\/wp-content\/uploads\/2023\/05\/cropped-Logo2023.png\" \/>\n\t<meta property=\"og:image:width\" content=\"225\" \/>\n\t<meta property=\"og:image:height\" content=\"96\" \/>\n\t<meta property=\"og:image:type\" content=\"image\/png\" \/>\n<meta name=\"twitter:card\" content=\"summary_large_image\" \/>\n<meta name=\"twitter:label1\" content=\"Dur\u00e9e de lecture estim\u00e9e\" \/>\n\t<meta name=\"twitter:data1\" content=\"1 minute\" \/>\n<script type=\"application\/ld+json\" class=\"yoast-schema-graph\">{\"@context\":\"https:\\\/\\\/schema.org\",\"@graph\":[{\"@type\":\"WebPage\",\"@id\":\"https:\\\/\\\/sites.ac-nancy-metz.fr\\\/education-musicale\\\/chant-choral\\\/enseigner-a-distance\\\/\",\"url\":\"https:\\\/\\\/sites.ac-nancy-metz.fr\\\/education-musicale\\\/chant-choral\\\/enseigner-a-distance\\\/\",\"name\":\"Enseigner \u00e0 distance - Education musicale et chant choral\",\"isPartOf\":{\"@id\":\"https:\\\/\\\/sites.ac-nancy-metz.fr\\\/education-musicale\\\/chant-choral\\\/#website\"},\"datePublished\":\"2020-04-08T21:11:18+00:00\",\"dateModified\":\"2020-06-07T15:18:43+00:00\",\"breadcrumb\":{\"@id\":\"https:\\\/\\\/sites.ac-nancy-metz.fr\\\/education-musicale\\\/chant-choral\\\/enseigner-a-distance\\\/#breadcrumb\"},\"inLanguage\":\"fr-FR\",\"potentialAction\":[{\"@type\":\"ReadAction\",\"target\":[\"https:\\\/\\\/sites.ac-nancy-metz.fr\\\/education-musicale\\\/chant-choral\\\/enseigner-a-distance\\\/\"]}]},{\"@type\":\"BreadcrumbList\",\"@id\":\"https:\\\/\\\/sites.ac-nancy-metz.fr\\\/education-musicale\\\/chant-choral\\\/enseigner-a-distance\\\/#breadcrumb\",\"itemListElement\":[{\"@type\":\"ListItem\",\"position\":1,\"name\":\"Accueil\",\"item\":\"https:\\\/\\\/sites.ac-nancy-metz.fr\\\/education-musicale\\\/chant-choral\\\/\"},{\"@type\":\"ListItem\",\"position\":2,\"name\":\"Enseigner \u00e0 distance\"}]},{\"@type\":\"WebSite\",\"@id\":\"https:\\\/\\\/sites.ac-nancy-metz.fr\\\/education-musicale\\\/chant-choral\\\/#website\",\"url\":\"https:\\\/\\\/sites.ac-nancy-metz.fr\\\/education-musicale\\\/chant-choral\\\/\",\"name\":\"\u00c9ducation musicale et chant choral Acad\u00e9mie Nancy-Metz\",\"description\":\"Acad\u00e9mie de Nancy-Metz\",\"publisher\":{\"@id\":\"https:\\\/\\\/sites.ac-nancy-metz.fr\\\/education-musicale\\\/chant-choral\\\/#organization\"},\"potentialAction\":[{\"@type\":\"SearchAction\",\"target\":{\"@type\":\"EntryPoint\",\"urlTemplate\":\"https:\\\/\\\/sites.ac-nancy-metz.fr\\\/education-musicale\\\/chant-choral\\\/?s={search_term_string}\"},\"query-input\":{\"@type\":\"PropertyValueSpecification\",\"valueRequired\":true,\"valueName\":\"search_term_string\"}}],\"inLanguage\":\"fr-FR\"},{\"@type\":\"Organization\",\"@id\":\"https:\\\/\\\/sites.ac-nancy-metz.fr\\\/education-musicale\\\/chant-choral\\\/#organization\",\"name\":\"\u00c9ducation musicale et chant choral Acad\u00e9mie Nancy-Metz\",\"url\":\"https:\\\/\\\/sites.ac-nancy-metz.fr\\\/education-musicale\\\/chant-choral\\\/\",\"logo\":{\"@type\":\"ImageObject\",\"inLanguage\":\"fr-FR\",\"@id\":\"https:\\\/\\\/sites.ac-nancy-metz.fr\\\/education-musicale\\\/chant-choral\\\/#\\\/schema\\\/logo\\\/image\\\/\",\"url\":\"https:\\\/\\\/sites.ac-nancy-metz.fr\\\/education-musicale\\\/chant-choral\\\/wp-content\\\/uploads\\\/2023\\\/12\\\/cropped-cropped-Banniere-site.png\",\"contentUrl\":\"https:\\\/\\\/sites.ac-nancy-metz.fr\\\/education-musicale\\\/chant-choral\\\/wp-content\\\/uploads\\\/2023\\\/12\\\/cropped-cropped-Banniere-site.png\",\"width\":3146,\"height\":601,\"caption\":\"\u00c9ducation musicale et chant choral Acad\u00e9mie Nancy-Metz\"},\"image\":{\"@id\":\"https:\\\/\\\/sites.ac-nancy-metz.fr\\\/education-musicale\\\/chant-choral\\\/#\\\/schema\\\/logo\\\/image\\\/\"}}]}<\/script>\n<!-- \/ Yoast SEO plugin. -->","yoast_head_json":{"title":"Enseigner \u00e0 distance - Education musicale et chant choral","robots":{"index":"index","follow":"follow","max-snippet":"max-snippet:-1","max-image-preview":"max-image-preview:large","max-video-preview":"max-video-preview:-1"},"canonical":"https:\/\/sites.ac-nancy-metz.fr\/education-musicale\/chant-choral\/enseigner-a-distance\/","og_locale":"fr_FR","og_type":"article","og_title":"Enseigner \u00e0 distance - Education musicale et chant choral","og_description":"Enseigner \u00e0 distance avec MonBureauNum\u00e9rique &nbsp; Communiquer avec ses \u00e9l\u00e8ves : Diffuser une information par mail \u00e0 tous les \u00e9l\u00e8ves d&rsquo;une classe Communiquer par \u00e9crit et en direct avec ses \u00e9l\u00e8ves : cr\u00e9er un espace de discussion dans le chat Publier des informations : le blog Des outils pour enseigner \u00e0 distance : Distribuer des [&hellip;]","og_url":"https:\/\/sites.ac-nancy-metz.fr\/education-musicale\/chant-choral\/enseigner-a-distance\/","og_site_name":"Education musicale et chant choral","article_modified_time":"2020-06-07T15:18:43+00:00","og_image":[{"width":225,"height":96,"url":"https:\/\/sites.ac-nancy-metz.fr\/education-musicale\/chant-choral\/wp-content\/uploads\/2023\/05\/cropped-Logo2023.png","type":"image\/png"}],"twitter_card":"summary_large_image","twitter_misc":{"Dur\u00e9e de lecture estim\u00e9e":"1 minute"},"schema":{"@context":"https:\/\/schema.org","@graph":[{"@type":"WebPage","@id":"https:\/\/sites.ac-nancy-metz.fr\/education-musicale\/chant-choral\/enseigner-a-distance\/","url":"https:\/\/sites.ac-nancy-metz.fr\/education-musicale\/chant-choral\/enseigner-a-distance\/","name":"Enseigner \u00e0 distance - Education musicale et chant choral","isPartOf":{"@id":"https:\/\/sites.ac-nancy-metz.fr\/education-musicale\/chant-choral\/#website"},"datePublished":"2020-04-08T21:11:18+00:00","dateModified":"2020-06-07T15:18:43+00:00","breadcrumb":{"@id":"https:\/\/sites.ac-nancy-metz.fr\/education-musicale\/chant-choral\/enseigner-a-distance\/#breadcrumb"},"inLanguage":"fr-FR","potentialAction":[{"@type":"ReadAction","target":["https:\/\/sites.ac-nancy-metz.fr\/education-musicale\/chant-choral\/enseigner-a-distance\/"]}]},{"@type":"BreadcrumbList","@id":"https:\/\/sites.ac-nancy-metz.fr\/education-musicale\/chant-choral\/enseigner-a-distance\/#breadcrumb","itemListElement":[{"@type":"ListItem","position":1,"name":"Accueil","item":"https:\/\/sites.ac-nancy-metz.fr\/education-musicale\/chant-choral\/"},{"@type":"ListItem","position":2,"name":"Enseigner \u00e0 distance"}]},{"@type":"WebSite","@id":"https:\/\/sites.ac-nancy-metz.fr\/education-musicale\/chant-choral\/#website","url":"https:\/\/sites.ac-nancy-metz.fr\/education-musicale\/chant-choral\/","name":"\u00c9ducation musicale et chant choral Acad\u00e9mie Nancy-Metz","description":"Acad\u00e9mie de Nancy-Metz","publisher":{"@id":"https:\/\/sites.ac-nancy-metz.fr\/education-musicale\/chant-choral\/#organization"},"potentialAction":[{"@type":"SearchAction","target":{"@type":"EntryPoint","urlTemplate":"https:\/\/sites.ac-nancy-metz.fr\/education-musicale\/chant-choral\/?s={search_term_string}"},"query-input":{"@type":"PropertyValueSpecification","valueRequired":true,"valueName":"search_term_string"}}],"inLanguage":"fr-FR"},{"@type":"Organization","@id":"https:\/\/sites.ac-nancy-metz.fr\/education-musicale\/chant-choral\/#organization","name":"\u00c9ducation musicale et chant choral Acad\u00e9mie Nancy-Metz","url":"https:\/\/sites.ac-nancy-metz.fr\/education-musicale\/chant-choral\/","logo":{"@type":"ImageObject","inLanguage":"fr-FR","@id":"https:\/\/sites.ac-nancy-metz.fr\/education-musicale\/chant-choral\/#\/schema\/logo\/image\/","url":"https:\/\/sites.ac-nancy-metz.fr\/education-musicale\/chant-choral\/wp-content\/uploads\/2023\/12\/cropped-cropped-Banniere-site.png","contentUrl":"https:\/\/sites.ac-nancy-metz.fr\/education-musicale\/chant-choral\/wp-content\/uploads\/2023\/12\/cropped-cropped-Banniere-site.png","width":3146,"height":601,"caption":"\u00c9ducation musicale et chant choral Acad\u00e9mie Nancy-Metz"},"image":{"@id":"https:\/\/sites.ac-nancy-metz.fr\/education-musicale\/chant-choral\/#\/schema\/logo\/image\/"}}]}},"_links":{"self":[{"href":"https:\/\/sites.ac-nancy-metz.fr\/education-musicale\/chant-choral\/wp-json\/wp\/v2\/pages\/1126","targetHints":{"allow":["GET"]}}],"collection":[{"href":"https:\/\/sites.ac-nancy-metz.fr\/education-musicale\/chant-choral\/wp-json\/wp\/v2\/pages"}],"about":[{"href":"https:\/\/sites.ac-nancy-metz.fr\/education-musicale\/chant-choral\/wp-json\/wp\/v2\/types\/page"}],"author":[{"embeddable":true,"href":"https:\/\/sites.ac-nancy-metz.fr\/education-musicale\/chant-choral\/wp-json\/wp\/v2\/users\/1"}],"replies":[{"embeddable":true,"href":"https:\/\/sites.ac-nancy-metz.fr\/education-musicale\/chant-choral\/wp-json\/wp\/v2\/comments?post=1126"}],"version-history":[{"count":1,"href":"https:\/\/sites.ac-nancy-metz.fr\/education-musicale\/chant-choral\/wp-json\/wp\/v2\/pages\/1126\/revisions"}],"predecessor-version":[{"id":1132,"href":"https:\/\/sites.ac-nancy-metz.fr\/education-musicale\/chant-choral\/wp-json\/wp\/v2\/pages\/1126\/revisions\/1132"}],"wp:attachment":[{"href":"https:\/\/sites.ac-nancy-metz.fr\/education-musicale\/chant-choral\/wp-json\/wp\/v2\/media?parent=1126"}],"curies":[{"name":"wp","href":"https:\/\/api.w.org\/{rel}","templated":true}]}}